{"id":28829,"date":"2024-03-30T08:44:17","date_gmt":"2024-03-30T06:44:17","guid":{"rendered":"https:\/\/obender.eu\/?post_type=product&#038;p=28829"},"modified":"2026-04-22T10:00:27","modified_gmt":"2026-04-22T07:00:27","slug":"gas-cartridge-adapter-b-tools-red-kopeeri","status":"publish","type":"product","link":"https:\/\/obender.eu\/en\/toode\/gas-cartridge-adapter-b-tools-red-kopeeri\/","title":{"rendered":"Gas cartridge adapter B-Tools blue"},"content":{"rendered":"<p>Gas cartridge adapter B-Tools B35972<\/p>\n<p>EAN: 4250293359729<\/p>\n<p>From screw valve connection to bayonet connection.<\/p>\n<p>Suitable for gas cartridge 500g with 7\/16&#8243; EU screw valve<\/p>\n<p>Item size: 45 x 45 x 27 mm<\/p>\n<p>Weight: 46g<\/p>\n","protected":false},"excerpt":{"rendered":"<p>Gas cartridge adapter B-Tools B35972 EAN: 4250293359729 From screw valve connection to bayonet connection. Suitable for gas cartridge 500g with<\/p>\n","protected":false},"featured_media":28831,"template":"","meta":[],"product_brand":[],"product_cat":[373,1634,335],"product_tag":[502,726,1549],"class_list":{"0":"post-28829","1":"product","2":"type-product","3":"status-publish","4":"has-post-thumbnail","6":"product_cat-tooriistad-ja-ehitus","7":"product_cat-gas-and-appliances","8":"product_cat-sports-and-leisure","9":"product_tag-adapter-en","10":"product_tag-gaasiballoon-en","11":"product_tag-gas-cartridge-en","13":"first","14":"instock","15":"taxable","16":"shipping-taxable","17":"purchasable","18":"product-type-simple"},"yoast_head":"<!-- This site is optimized with the Yoast SEO Premium plugin v20.0 (Yoast SEO v27.4) - https:\/\/yoast.com\/product\/yoast-seo-premium-wordpress\/ -->\n<title>Gas cartridge adapter B-Tools blue - Obender<\/title>\n<meta name=\"robots\" content=\"index, follow, max-snippet:-1, max-image-preview:large, max-video-preview:-1\" \/>\n<link rel=\"canonical\" href=\"https:\/\/obender.eu\/toode\/gaasiballooni-adapter-b-tools-sinine\/\" \/>\n<meta property=\"og:locale\" content=\"en_US\" \/>\n<meta property=\"og:type\" content=\"article\" \/>\n<meta property=\"og:title\" content=\"Gas cartridge adapter B-Tools blue\" \/>\n<meta property=\"og:description\" content=\"Gas cartridge adapter B-Tools B35972 EAN: 4250293359729 From screw valve connection to bayonet connection. Suitable for gas cartridge 500g with\" \/>\n<meta property=\"og:url\" content=\"https:\/\/obender.eu\/toode\/gaasiballooni-adapter-b-tools-sinine\/\" \/>\n<meta property=\"og:site_name\" content=\"Obender\" \/>\n<meta property=\"article:modified_time\" content=\"2026-04-22T07:00:27+00:00\" \/>\n<meta property=\"og:image\" content=\"https:\/\/obender.eu\/wp-content\/uploads\/2024\/03\/4250293359729.jpg\" \/>\n\t<meta property=\"og:image:width\" content=\"800\" \/>\n\t<meta property=\"og:image:height\" content=\"800\" \/>\n\t<meta property=\"og:image:type\" content=\"image\/jpeg\" \/>\n<meta name=\"twitter:card\" content=\"summary_large_image\" \/>\n<meta name=\"twitter:label1\" content=\"Est. reading time\" \/>\n\t<meta name=\"twitter:data1\" content=\"1 minute\" \/>\n<script type=\"application\/ld+json\" class=\"yoast-schema-graph\">{\"@context\":\"https:\\\/\\\/schema.org\",\"@graph\":[{\"@type\":\"WebPage\",\"@id\":\"https:\\\/\\\/obender.eu\\\/toode\\\/gaasiballooni-adapter-b-tools-sinine\\\/\",\"url\":\"https:\\\/\\\/obender.eu\\\/toode\\\/gaasiballooni-adapter-b-tools-sinine\\\/\",\"name\":\"Gas cartridge adapter B-Tools blue - Obender\",\"isPartOf\":{\"@id\":\"https:\\\/\\\/www.obender.eu\\\/#website\"},\"primaryImageOfPage\":{\"@id\":\"https:\\\/\\\/obender.eu\\\/toode\\\/gaasiballooni-adapter-b-tools-sinine\\\/#primaryimage\"},\"image\":{\"@id\":\"https:\\\/\\\/obender.eu\\\/toode\\\/gaasiballooni-adapter-b-tools-sinine\\\/#primaryimage\"},\"thumbnailUrl\":\"https:\\\/\\\/obender.eu\\\/wp-content\\\/uploads\\\/2024\\\/03\\\/4250293359729.jpg\",\"datePublished\":\"2024-03-30T06:44:17+00:00\",\"dateModified\":\"2026-04-22T07:00:27+00:00\",\"breadcrumb\":{\"@id\":\"https:\\\/\\\/obender.eu\\\/toode\\\/gaasiballooni-adapter-b-tools-sinine\\\/#breadcrumb\"},\"inLanguage\":\"en-US\",\"potentialAction\":[{\"@type\":\"ReadAction\",\"target\":[\"https:\\\/\\\/obender.eu\\\/toode\\\/gaasiballooni-adapter-b-tools-sinine\\\/\"]}]},{\"@type\":\"ImageObject\",\"inLanguage\":\"en-US\",\"@id\":\"https:\\\/\\\/obender.eu\\\/toode\\\/gaasiballooni-adapter-b-tools-sinine\\\/#primaryimage\",\"url\":\"https:\\\/\\\/obender.eu\\\/wp-content\\\/uploads\\\/2024\\\/03\\\/4250293359729.jpg\",\"contentUrl\":\"https:\\\/\\\/obender.eu\\\/wp-content\\\/uploads\\\/2024\\\/03\\\/4250293359729.jpg\",\"width\":800,\"height\":800},{\"@type\":\"BreadcrumbList\",\"@id\":\"https:\\\/\\\/obender.eu\\\/toode\\\/gaasiballooni-adapter-b-tools-sinine\\\/#breadcrumb\",\"itemListElement\":[{\"@type\":\"ListItem\",\"position\":1,\"name\":\"Home\",\"item\":\"https:\\\/\\\/obender.eu\\\/en\\\/\"},{\"@type\":\"ListItem\",\"position\":2,\"name\":\"Tooted\",\"item\":\"https:\\\/\\\/www.obender.eu\\\/tooted\\\/\"},{\"@type\":\"ListItem\",\"position\":3,\"name\":\"Gas cartridge adapter B-Tools blue\"}]},{\"@type\":\"WebSite\",\"@id\":\"https:\\\/\\\/www.obender.eu\\\/#website\",\"url\":\"https:\\\/\\\/www.obender.eu\\\/\",\"name\":\"Obender\",\"description\":\"T\u00f6\u00f6stuskaupade hulgim\u00fc\u00fck\",\"potentialAction\":[{\"@type\":\"SearchAction\",\"target\":{\"@type\":\"EntryPoint\",\"urlTemplate\":\"https:\\\/\\\/www.obender.eu\\\/?s={search_term_string}\"},\"query-input\":{\"@type\":\"PropertyValueSpecification\",\"valueRequired\":true,\"valueName\":\"search_term_string\"}}],\"inLanguage\":\"en-US\"}]}<\/script>\n<!-- \/ Yoast SEO Premium plugin. -->","yoast_head_json":{"title":"Gas cartridge adapter B-Tools blue - Obender","robots":{"index":"index","follow":"follow","max-snippet":"max-snippet:-1","max-image-preview":"max-image-preview:large","max-video-preview":"max-video-preview:-1"},"canonical":"https:\/\/obender.eu\/toode\/gaasiballooni-adapter-b-tools-sinine\/","og_locale":"en_US","og_type":"article","og_title":"Gas cartridge adapter B-Tools blue","og_description":"Gas cartridge adapter B-Tools B35972 EAN: 4250293359729 From screw valve connection to bayonet connection. Suitable for gas cartridge 500g with","og_url":"https:\/\/obender.eu\/toode\/gaasiballooni-adapter-b-tools-sinine\/","og_site_name":"Obender","article_modified_time":"2026-04-22T07:00:27+00:00","og_image":[{"width":800,"height":800,"url":"https:\/\/obender.eu\/wp-content\/uploads\/2024\/03\/4250293359729.jpg","type":"image\/jpeg"}],"twitter_card":"summary_large_image","twitter_misc":{"Est. reading time":"1 minute"},"schema":{"@context":"https:\/\/schema.org","@graph":[{"@type":"WebPage","@id":"https:\/\/obender.eu\/toode\/gaasiballooni-adapter-b-tools-sinine\/","url":"https:\/\/obender.eu\/toode\/gaasiballooni-adapter-b-tools-sinine\/","name":"Gas cartridge adapter B-Tools blue - Obender","isPartOf":{"@id":"https:\/\/www.obender.eu\/#website"},"primaryImageOfPage":{"@id":"https:\/\/obender.eu\/toode\/gaasiballooni-adapter-b-tools-sinine\/#primaryimage"},"image":{"@id":"https:\/\/obender.eu\/toode\/gaasiballooni-adapter-b-tools-sinine\/#primaryimage"},"thumbnailUrl":"https:\/\/obender.eu\/wp-content\/uploads\/2024\/03\/4250293359729.jpg","datePublished":"2024-03-30T06:44:17+00:00","dateModified":"2026-04-22T07:00:27+00:00","breadcrumb":{"@id":"https:\/\/obender.eu\/toode\/gaasiballooni-adapter-b-tools-sinine\/#breadcrumb"},"inLanguage":"en-US","potentialAction":[{"@type":"ReadAction","target":["https:\/\/obender.eu\/toode\/gaasiballooni-adapter-b-tools-sinine\/"]}]},{"@type":"ImageObject","inLanguage":"en-US","@id":"https:\/\/obender.eu\/toode\/gaasiballooni-adapter-b-tools-sinine\/#primaryimage","url":"https:\/\/obender.eu\/wp-content\/uploads\/2024\/03\/4250293359729.jpg","contentUrl":"https:\/\/obender.eu\/wp-content\/uploads\/2024\/03\/4250293359729.jpg","width":800,"height":800},{"@type":"BreadcrumbList","@id":"https:\/\/obender.eu\/toode\/gaasiballooni-adapter-b-tools-sinine\/#breadcrumb","itemListElement":[{"@type":"ListItem","position":1,"name":"Home","item":"https:\/\/obender.eu\/en\/"},{"@type":"ListItem","position":2,"name":"Tooted","item":"https:\/\/www.obender.eu\/tooted\/"},{"@type":"ListItem","position":3,"name":"Gas cartridge adapter B-Tools blue"}]},{"@type":"WebSite","@id":"https:\/\/www.obender.eu\/#website","url":"https:\/\/www.obender.eu\/","name":"Obender","description":"T\u00f6\u00f6stuskaupade hulgim\u00fc\u00fck","potentialAction":[{"@type":"SearchAction","target":{"@type":"EntryPoint","urlTemplate":"https:\/\/www.obender.eu\/?s={search_term_string}"},"query-input":{"@type":"PropertyValueSpecification","valueRequired":true,"valueName":"search_term_string"}}],"inLanguage":"en-US"}]}},"_links":{"self":[{"href":"https:\/\/obender.eu\/en\/wp-json\/wp\/v2\/product\/28829","targetHints":{"allow":["GET"]}}],"collection":[{"href":"https:\/\/obender.eu\/en\/wp-json\/wp\/v2\/product"}],"about":[{"href":"https:\/\/obender.eu\/en\/wp-json\/wp\/v2\/types\/product"}],"version-history":[{"count":1,"href":"https:\/\/obender.eu\/en\/wp-json\/wp\/v2\/product\/28829\/revisions"}],"predecessor-version":[{"id":28835,"href":"https:\/\/obender.eu\/en\/wp-json\/wp\/v2\/product\/28829\/revisions\/28835"}],"wp:featuredmedia":[{"embeddable":true,"href":"https:\/\/obender.eu\/en\/wp-json\/wp\/v2\/media\/28831"}],"wp:attachment":[{"href":"https:\/\/obender.eu\/en\/wp-json\/wp\/v2\/media?parent=28829"}],"wp:term":[{"taxonomy":"product_brand","embeddable":true,"href":"https:\/\/obender.eu\/en\/wp-json\/wp\/v2\/product_brand?post=28829"},{"taxonomy":"product_cat","embeddable":true,"href":"https:\/\/obender.eu\/en\/wp-json\/wp\/v2\/product_cat?post=28829"},{"taxonomy":"product_tag","embeddable":true,"href":"https:\/\/obender.eu\/en\/wp-json\/wp\/v2\/product_tag?post=28829"}],"curies":[{"name":"wp","href":"https:\/\/api.w.org\/{rel}","templated":true}]}}