{"id":28857,"date":"2024-03-30T09:28:52","date_gmt":"2024-03-30T07:28:53","guid":{"rendered":"https:\/\/obender.eu\/?post_type=product&#038;p=28857"},"modified":"2026-05-13T23:00:19","modified_gmt":"2026-05-13T20:00:19","slug":"gas-torch-b-tools-190g-kopeeri","status":"publish","type":"product","link":"https:\/\/obender.eu\/en\/toode\/gas-torch-b-tools-190g-kopeeri\/","title":{"rendered":"Gas torch B-Tools for lighter gas cartridge"},"content":{"rendered":"<p>Gas torch B-Tools B36065<\/p>\n<p>EAN: 4250293360657<\/p>\n<p>Integreted electrical ignition (piezo)<\/p>\n<p>Suitable for lighter gas cartridge<\/p>\n<p>Practical kitchen burner for flamb\u00e9ing, browning or caramelizing various dishes. The flame intensity can be adjusted, and thanks to the continuous function, the flame can remain active even without permanently operating the trigger.<br \/>\nRefillable with commercially available butane gas for burners and lighters (e.g. Art. 35187).<br \/>\nMax. temperature of up to 1300 \u00b0C.<\/p>\n<p>For caramelization, flamb\u00e9ing or browning<\/p>\n<p>Ccontinuous flame mode<\/p>\n<p>Refillable with commercially available lighter gas<\/p>\n<p>Permanent burning time of up to 5 minutes recommended<\/p>\n<p>Blowtorch<\/p>\n","protected":false},"excerpt":{"rendered":"<p>Gas torch B-Tools B36065 EAN: 4250293360657 Integreted electrical ignition (piezo) Suitable for lighter gas cartridge Practical kitchen burner for flamb\u00e9ing,<\/p>\n","protected":false},"featured_media":28859,"template":"","meta":[],"product_brand":[],"product_cat":[373,1634,335],"product_tag":[730,1551],"class_list":{"0":"post-28857","1":"product","2":"type-product","3":"status-publish","4":"has-post-thumbnail","6":"product_cat-tooriistad-ja-ehitus","7":"product_cat-gas-and-appliances","8":"product_cat-sports-and-leisure","9":"product_tag-gaasipoleti-en","10":"product_tag-leeklamp-en","12":"first","13":"instock","14":"taxable","15":"shipping-taxable","16":"purchasable","17":"product-type-simple"},"yoast_head":"<!-- This site is optimized with the Yoast SEO Premium plugin v20.0 (Yoast SEO v27.6) - https:\/\/yoast.com\/product\/yoast-seo-premium-wordpress\/ -->\n<title>Gas torch B-Tools for lighter gas cartridge - Obender<\/title>\n<meta name=\"robots\" content=\"index, follow, max-snippet:-1, max-image-preview:large, max-video-preview:-1\" \/>\n<link rel=\"canonical\" href=\"https:\/\/obender.eu\/toode\/gaasipoleti-b-tools-tulemasina-gaasiballoonile\/\" \/>\n<meta property=\"og:locale\" content=\"en_US\" \/>\n<meta property=\"og:type\" content=\"article\" \/>\n<meta property=\"og:title\" content=\"Gas torch B-Tools for lighter gas cartridge\" \/>\n<meta property=\"og:description\" content=\"Gas torch B-Tools B36065 EAN: 4250293360657 Integreted electrical ignition (piezo) Suitable for lighter gas cartridge Practical kitchen burner for flamb\u00e9ing,\" \/>\n<meta property=\"og:url\" content=\"https:\/\/obender.eu\/toode\/gaasipoleti-b-tools-tulemasina-gaasiballoonile\/\" \/>\n<meta property=\"og:site_name\" content=\"Obender\" \/>\n<meta property=\"article:modified_time\" content=\"2026-05-13T20:00:19+00:00\" \/>\n<meta property=\"og:image\" content=\"https:\/\/obender.eu\/wp-content\/uploads\/2024\/03\/4250293360657-1.jpg\" \/>\n\t<meta property=\"og:image:width\" content=\"800\" \/>\n\t<meta property=\"og:image:height\" content=\"800\" \/>\n\t<meta property=\"og:image:type\" content=\"image\/jpeg\" \/>\n<meta name=\"twitter:card\" content=\"summary_large_image\" \/>\n<meta name=\"twitter:label1\" content=\"Est. reading time\" \/>\n\t<meta name=\"twitter:data1\" content=\"1 minute\" \/>\n<script type=\"application\/ld+json\" class=\"yoast-schema-graph\">{\"@context\":\"https:\\\/\\\/schema.org\",\"@graph\":[{\"@type\":\"WebPage\",\"@id\":\"https:\\\/\\\/obender.eu\\\/toode\\\/gaasipoleti-b-tools-tulemasina-gaasiballoonile\\\/\",\"url\":\"https:\\\/\\\/obender.eu\\\/toode\\\/gaasipoleti-b-tools-tulemasina-gaasiballoonile\\\/\",\"name\":\"Gas torch B-Tools for lighter gas cartridge - Obender\",\"isPartOf\":{\"@id\":\"https:\\\/\\\/www.obender.eu\\\/#website\"},\"primaryImageOfPage\":{\"@id\":\"https:\\\/\\\/obender.eu\\\/toode\\\/gaasipoleti-b-tools-tulemasina-gaasiballoonile\\\/#primaryimage\"},\"image\":{\"@id\":\"https:\\\/\\\/obender.eu\\\/toode\\\/gaasipoleti-b-tools-tulemasina-gaasiballoonile\\\/#primaryimage\"},\"thumbnailUrl\":\"https:\\\/\\\/obender.eu\\\/wp-content\\\/uploads\\\/2024\\\/03\\\/4250293360657-1.jpg\",\"datePublished\":\"2024-03-30T07:28:53+00:00\",\"dateModified\":\"2026-05-13T20:00:19+00:00\",\"breadcrumb\":{\"@id\":\"https:\\\/\\\/obender.eu\\\/toode\\\/gaasipoleti-b-tools-tulemasina-gaasiballoonile\\\/#breadcrumb\"},\"inLanguage\":\"en-US\",\"potentialAction\":[{\"@type\":\"ReadAction\",\"target\":[\"https:\\\/\\\/obender.eu\\\/toode\\\/gaasipoleti-b-tools-tulemasina-gaasiballoonile\\\/\"]}]},{\"@type\":\"ImageObject\",\"inLanguage\":\"en-US\",\"@id\":\"https:\\\/\\\/obender.eu\\\/toode\\\/gaasipoleti-b-tools-tulemasina-gaasiballoonile\\\/#primaryimage\",\"url\":\"https:\\\/\\\/obender.eu\\\/wp-content\\\/uploads\\\/2024\\\/03\\\/4250293360657-1.jpg\",\"contentUrl\":\"https:\\\/\\\/obender.eu\\\/wp-content\\\/uploads\\\/2024\\\/03\\\/4250293360657-1.jpg\",\"width\":800,\"height\":800},{\"@type\":\"BreadcrumbList\",\"@id\":\"https:\\\/\\\/obender.eu\\\/toode\\\/gaasipoleti-b-tools-tulemasina-gaasiballoonile\\\/#breadcrumb\",\"itemListElement\":[{\"@type\":\"ListItem\",\"position\":1,\"name\":\"Home\",\"item\":\"https:\\\/\\\/obender.eu\\\/en\\\/\"},{\"@type\":\"ListItem\",\"position\":2,\"name\":\"Tooted\",\"item\":\"https:\\\/\\\/www.obender.eu\\\/tooted\\\/\"},{\"@type\":\"ListItem\",\"position\":3,\"name\":\"Gas torch B-Tools for lighter gas cartridge\"}]},{\"@type\":\"WebSite\",\"@id\":\"https:\\\/\\\/www.obender.eu\\\/#website\",\"url\":\"https:\\\/\\\/www.obender.eu\\\/\",\"name\":\"Obender\",\"description\":\"T\u00f6\u00f6stuskaupade hulgim\u00fc\u00fck\",\"potentialAction\":[{\"@type\":\"SearchAction\",\"target\":{\"@type\":\"EntryPoint\",\"urlTemplate\":\"https:\\\/\\\/www.obender.eu\\\/?s={search_term_string}\"},\"query-input\":{\"@type\":\"PropertyValueSpecification\",\"valueRequired\":true,\"valueName\":\"search_term_string\"}}],\"inLanguage\":\"en-US\"}]}<\/script>\n<!-- \/ Yoast SEO Premium plugin. -->","yoast_head_json":{"title":"Gas torch B-Tools for lighter gas cartridge - Obender","robots":{"index":"index","follow":"follow","max-snippet":"max-snippet:-1","max-image-preview":"max-image-preview:large","max-video-preview":"max-video-preview:-1"},"canonical":"https:\/\/obender.eu\/toode\/gaasipoleti-b-tools-tulemasina-gaasiballoonile\/","og_locale":"en_US","og_type":"article","og_title":"Gas torch B-Tools for lighter gas cartridge","og_description":"Gas torch B-Tools B36065 EAN: 4250293360657 Integreted electrical ignition (piezo) Suitable for lighter gas cartridge Practical kitchen burner for flamb\u00e9ing,","og_url":"https:\/\/obender.eu\/toode\/gaasipoleti-b-tools-tulemasina-gaasiballoonile\/","og_site_name":"Obender","article_modified_time":"2026-05-13T20:00:19+00:00","og_image":[{"width":800,"height":800,"url":"https:\/\/obender.eu\/wp-content\/uploads\/2024\/03\/4250293360657-1.jpg","type":"image\/jpeg"}],"twitter_card":"summary_large_image","twitter_misc":{"Est. reading time":"1 minute"},"schema":{"@context":"https:\/\/schema.org","@graph":[{"@type":"WebPage","@id":"https:\/\/obender.eu\/toode\/gaasipoleti-b-tools-tulemasina-gaasiballoonile\/","url":"https:\/\/obender.eu\/toode\/gaasipoleti-b-tools-tulemasina-gaasiballoonile\/","name":"Gas torch B-Tools for lighter gas cartridge - Obender","isPartOf":{"@id":"https:\/\/www.obender.eu\/#website"},"primaryImageOfPage":{"@id":"https:\/\/obender.eu\/toode\/gaasipoleti-b-tools-tulemasina-gaasiballoonile\/#primaryimage"},"image":{"@id":"https:\/\/obender.eu\/toode\/gaasipoleti-b-tools-tulemasina-gaasiballoonile\/#primaryimage"},"thumbnailUrl":"https:\/\/obender.eu\/wp-content\/uploads\/2024\/03\/4250293360657-1.jpg","datePublished":"2024-03-30T07:28:53+00:00","dateModified":"2026-05-13T20:00:19+00:00","breadcrumb":{"@id":"https:\/\/obender.eu\/toode\/gaasipoleti-b-tools-tulemasina-gaasiballoonile\/#breadcrumb"},"inLanguage":"en-US","potentialAction":[{"@type":"ReadAction","target":["https:\/\/obender.eu\/toode\/gaasipoleti-b-tools-tulemasina-gaasiballoonile\/"]}]},{"@type":"ImageObject","inLanguage":"en-US","@id":"https:\/\/obender.eu\/toode\/gaasipoleti-b-tools-tulemasina-gaasiballoonile\/#primaryimage","url":"https:\/\/obender.eu\/wp-content\/uploads\/2024\/03\/4250293360657-1.jpg","contentUrl":"https:\/\/obender.eu\/wp-content\/uploads\/2024\/03\/4250293360657-1.jpg","width":800,"height":800},{"@type":"BreadcrumbList","@id":"https:\/\/obender.eu\/toode\/gaasipoleti-b-tools-tulemasina-gaasiballoonile\/#breadcrumb","itemListElement":[{"@type":"ListItem","position":1,"name":"Home","item":"https:\/\/obender.eu\/en\/"},{"@type":"ListItem","position":2,"name":"Tooted","item":"https:\/\/www.obender.eu\/tooted\/"},{"@type":"ListItem","position":3,"name":"Gas torch B-Tools for lighter gas cartridge"}]},{"@type":"WebSite","@id":"https:\/\/www.obender.eu\/#website","url":"https:\/\/www.obender.eu\/","name":"Obender","description":"T\u00f6\u00f6stuskaupade hulgim\u00fc\u00fck","potentialAction":[{"@type":"SearchAction","target":{"@type":"EntryPoint","urlTemplate":"https:\/\/www.obender.eu\/?s={search_term_string}"},"query-input":{"@type":"PropertyValueSpecification","valueRequired":true,"valueName":"search_term_string"}}],"inLanguage":"en-US"}]}},"_links":{"self":[{"href":"https:\/\/obender.eu\/en\/wp-json\/wp\/v2\/product\/28857","targetHints":{"allow":["GET"]}}],"collection":[{"href":"https:\/\/obender.eu\/en\/wp-json\/wp\/v2\/product"}],"about":[{"href":"https:\/\/obender.eu\/en\/wp-json\/wp\/v2\/types\/product"}],"version-history":[{"count":3,"href":"https:\/\/obender.eu\/en\/wp-json\/wp\/v2\/product\/28857\/revisions"}],"predecessor-version":[{"id":28867,"href":"https:\/\/obender.eu\/en\/wp-json\/wp\/v2\/product\/28857\/revisions\/28867"}],"wp:featuredmedia":[{"embeddable":true,"href":"https:\/\/obender.eu\/en\/wp-json\/wp\/v2\/media\/28859"}],"wp:attachment":[{"href":"https:\/\/obender.eu\/en\/wp-json\/wp\/v2\/media?parent=28857"}],"wp:term":[{"taxonomy":"product_brand","embeddable":true,"href":"https:\/\/obender.eu\/en\/wp-json\/wp\/v2\/product_brand?post=28857"},{"taxonomy":"product_cat","embeddable":true,"href":"https:\/\/obender.eu\/en\/wp-json\/wp\/v2\/product_cat?post=28857"},{"taxonomy":"product_tag","embeddable":true,"href":"https:\/\/obender.eu\/en\/wp-json\/wp\/v2\/product_tag?post=28857"}],"curies":[{"name":"wp","href":"https:\/\/api.w.org\/{rel}","templated":true}]}}