{"id":28874,"date":"2024-03-30T09:58:44","date_gmt":"2024-03-30T07:58:44","guid":{"rendered":"https:\/\/obender.eu\/toode\/leeklamp-b-tools-227g-balloonile\/"},"modified":"2026-05-13T22:00:23","modified_gmt":"2026-05-13T19:00:23","slug":"leeklamp-b-tools-227g-balloonile","status":"publish","type":"product","link":"https:\/\/obender.eu\/en\/toode\/leeklamp-b-tools-227g-balloonile\/","title":{"rendered":"Soldering torch B-Tools for 227g cartridge"},"content":{"rendered":"<p>Soldering torch B-Tools B35921<\/p>\n<p>EAN: 4250293359217<\/p>\n<p>Suitable for 227g bayonet\u00a0 gas cartridge<\/p>\n<p>Integreted electrical ignition (piezo)<\/p>\n<p>Regulated power max 1,3kW<\/p>\n<p>Max consumption 95g\/h<\/p>\n<p>Max temperature 1300\u00baC<\/p>\n<p>Neto weight 103g<\/p>\n<p>Size: 16.5 x 4 x 6.2 cm<\/p>\n<p>blowtorch, gas torch<\/p>\n","protected":false},"excerpt":{"rendered":"<p>Soldering torch B-Tools B35921 EAN: 4250293359217 Suitable for 227g bayonet\u00a0 gas cartridge Integreted electrical ignition (piezo) Regulated power max 1,3kW<\/p>\n","protected":false},"featured_media":28870,"template":"","meta":[],"product_brand":[],"product_cat":[373,1634,380,335],"product_tag":[730,1551],"class_list":{"0":"post-28874","1":"product","2":"type-product","3":"status-publish","4":"has-post-thumbnail","6":"product_cat-tooriistad-ja-ehitus","7":"product_cat-gas-and-appliances","8":"product_cat-home-and-office-equipment","9":"product_cat-sports-and-leisure","10":"product_tag-gaasipoleti-en","11":"product_tag-leeklamp-en","13":"first","14":"instock","15":"taxable","16":"shipping-taxable","17":"purchasable","18":"product-type-simple"},"yoast_head":"<!-- This site is optimized with the Yoast SEO Premium plugin v20.0 (Yoast SEO v27.6) - https:\/\/yoast.com\/product\/yoast-seo-premium-wordpress\/ -->\n<title>Soldering torch B-Tools for 227g cartridge - Obender<\/title>\n<meta name=\"robots\" content=\"index, follow, max-snippet:-1, max-image-preview:large, max-video-preview:-1\" \/>\n<link rel=\"canonical\" href=\"https:\/\/obender.eu\/toode\/leeklamp-b-tools-227g-balloonile\/\" \/>\n<meta property=\"og:locale\" content=\"en_US\" \/>\n<meta property=\"og:type\" content=\"article\" \/>\n<meta property=\"og:title\" content=\"Soldering torch B-Tools for 227g cartridge\" \/>\n<meta property=\"og:description\" content=\"Soldering torch B-Tools B35921 EAN: 4250293359217 Suitable for 227g bayonet\u00a0 gas cartridge Integreted electrical ignition (piezo) Regulated power max 1,3kW\" \/>\n<meta property=\"og:url\" content=\"https:\/\/obender.eu\/toode\/leeklamp-b-tools-227g-balloonile\/\" \/>\n<meta property=\"og:site_name\" content=\"Obender\" \/>\n<meta property=\"article:modified_time\" content=\"2026-05-13T19:00:23+00:00\" \/>\n<meta property=\"og:image\" content=\"https:\/\/obender.eu\/wp-content\/uploads\/2024\/03\/4250293359217.jpg\" \/>\n\t<meta property=\"og:image:width\" content=\"800\" \/>\n\t<meta property=\"og:image:height\" content=\"800\" \/>\n\t<meta property=\"og:image:type\" content=\"image\/jpeg\" \/>\n<meta name=\"twitter:card\" content=\"summary_large_image\" \/>\n<meta name=\"twitter:label1\" content=\"Est. reading time\" \/>\n\t<meta name=\"twitter:data1\" content=\"1 minute\" \/>\n<script type=\"application\/ld+json\" class=\"yoast-schema-graph\">{\"@context\":\"https:\\\/\\\/schema.org\",\"@graph\":[{\"@type\":\"WebPage\",\"@id\":\"https:\\\/\\\/obender.eu\\\/toode\\\/leeklamp-b-tools-227g-balloonile\\\/\",\"url\":\"https:\\\/\\\/obender.eu\\\/toode\\\/leeklamp-b-tools-227g-balloonile\\\/\",\"name\":\"Soldering torch B-Tools for 227g cartridge - Obender\",\"isPartOf\":{\"@id\":\"https:\\\/\\\/www.obender.eu\\\/#website\"},\"primaryImageOfPage\":{\"@id\":\"https:\\\/\\\/obender.eu\\\/toode\\\/leeklamp-b-tools-227g-balloonile\\\/#primaryimage\"},\"image\":{\"@id\":\"https:\\\/\\\/obender.eu\\\/toode\\\/leeklamp-b-tools-227g-balloonile\\\/#primaryimage\"},\"thumbnailUrl\":\"https:\\\/\\\/obender.eu\\\/wp-content\\\/uploads\\\/2024\\\/03\\\/4250293359217.jpg\",\"datePublished\":\"2024-03-30T07:58:44+00:00\",\"dateModified\":\"2026-05-13T19:00:23+00:00\",\"breadcrumb\":{\"@id\":\"https:\\\/\\\/obender.eu\\\/toode\\\/leeklamp-b-tools-227g-balloonile\\\/#breadcrumb\"},\"inLanguage\":\"en-US\",\"potentialAction\":[{\"@type\":\"ReadAction\",\"target\":[\"https:\\\/\\\/obender.eu\\\/toode\\\/leeklamp-b-tools-227g-balloonile\\\/\"]}]},{\"@type\":\"ImageObject\",\"inLanguage\":\"en-US\",\"@id\":\"https:\\\/\\\/obender.eu\\\/toode\\\/leeklamp-b-tools-227g-balloonile\\\/#primaryimage\",\"url\":\"https:\\\/\\\/obender.eu\\\/wp-content\\\/uploads\\\/2024\\\/03\\\/4250293359217.jpg\",\"contentUrl\":\"https:\\\/\\\/obender.eu\\\/wp-content\\\/uploads\\\/2024\\\/03\\\/4250293359217.jpg\",\"width\":800,\"height\":800},{\"@type\":\"BreadcrumbList\",\"@id\":\"https:\\\/\\\/obender.eu\\\/toode\\\/leeklamp-b-tools-227g-balloonile\\\/#breadcrumb\",\"itemListElement\":[{\"@type\":\"ListItem\",\"position\":1,\"name\":\"Home\",\"item\":\"https:\\\/\\\/obender.eu\\\/en\\\/\"},{\"@type\":\"ListItem\",\"position\":2,\"name\":\"Tooted\",\"item\":\"https:\\\/\\\/www.obender.eu\\\/tooted\\\/\"},{\"@type\":\"ListItem\",\"position\":3,\"name\":\"Soldering torch B-Tools for 227g cartridge\"}]},{\"@type\":\"WebSite\",\"@id\":\"https:\\\/\\\/www.obender.eu\\\/#website\",\"url\":\"https:\\\/\\\/www.obender.eu\\\/\",\"name\":\"Obender\",\"description\":\"T\u00f6\u00f6stuskaupade hulgim\u00fc\u00fck\",\"potentialAction\":[{\"@type\":\"SearchAction\",\"target\":{\"@type\":\"EntryPoint\",\"urlTemplate\":\"https:\\\/\\\/www.obender.eu\\\/?s={search_term_string}\"},\"query-input\":{\"@type\":\"PropertyValueSpecification\",\"valueRequired\":true,\"valueName\":\"search_term_string\"}}],\"inLanguage\":\"en-US\"}]}<\/script>\n<!-- \/ Yoast SEO Premium plugin. -->","yoast_head_json":{"title":"Soldering torch B-Tools for 227g cartridge - Obender","robots":{"index":"index","follow":"follow","max-snippet":"max-snippet:-1","max-image-preview":"max-image-preview:large","max-video-preview":"max-video-preview:-1"},"canonical":"https:\/\/obender.eu\/toode\/leeklamp-b-tools-227g-balloonile\/","og_locale":"en_US","og_type":"article","og_title":"Soldering torch B-Tools for 227g cartridge","og_description":"Soldering torch B-Tools B35921 EAN: 4250293359217 Suitable for 227g bayonet\u00a0 gas cartridge Integreted electrical ignition (piezo) Regulated power max 1,3kW","og_url":"https:\/\/obender.eu\/toode\/leeklamp-b-tools-227g-balloonile\/","og_site_name":"Obender","article_modified_time":"2026-05-13T19:00:23+00:00","og_image":[{"width":800,"height":800,"url":"https:\/\/obender.eu\/wp-content\/uploads\/2024\/03\/4250293359217.jpg","type":"image\/jpeg"}],"twitter_card":"summary_large_image","twitter_misc":{"Est. reading time":"1 minute"},"schema":{"@context":"https:\/\/schema.org","@graph":[{"@type":"WebPage","@id":"https:\/\/obender.eu\/toode\/leeklamp-b-tools-227g-balloonile\/","url":"https:\/\/obender.eu\/toode\/leeklamp-b-tools-227g-balloonile\/","name":"Soldering torch B-Tools for 227g cartridge - Obender","isPartOf":{"@id":"https:\/\/www.obender.eu\/#website"},"primaryImageOfPage":{"@id":"https:\/\/obender.eu\/toode\/leeklamp-b-tools-227g-balloonile\/#primaryimage"},"image":{"@id":"https:\/\/obender.eu\/toode\/leeklamp-b-tools-227g-balloonile\/#primaryimage"},"thumbnailUrl":"https:\/\/obender.eu\/wp-content\/uploads\/2024\/03\/4250293359217.jpg","datePublished":"2024-03-30T07:58:44+00:00","dateModified":"2026-05-13T19:00:23+00:00","breadcrumb":{"@id":"https:\/\/obender.eu\/toode\/leeklamp-b-tools-227g-balloonile\/#breadcrumb"},"inLanguage":"en-US","potentialAction":[{"@type":"ReadAction","target":["https:\/\/obender.eu\/toode\/leeklamp-b-tools-227g-balloonile\/"]}]},{"@type":"ImageObject","inLanguage":"en-US","@id":"https:\/\/obender.eu\/toode\/leeklamp-b-tools-227g-balloonile\/#primaryimage","url":"https:\/\/obender.eu\/wp-content\/uploads\/2024\/03\/4250293359217.jpg","contentUrl":"https:\/\/obender.eu\/wp-content\/uploads\/2024\/03\/4250293359217.jpg","width":800,"height":800},{"@type":"BreadcrumbList","@id":"https:\/\/obender.eu\/toode\/leeklamp-b-tools-227g-balloonile\/#breadcrumb","itemListElement":[{"@type":"ListItem","position":1,"name":"Home","item":"https:\/\/obender.eu\/en\/"},{"@type":"ListItem","position":2,"name":"Tooted","item":"https:\/\/www.obender.eu\/tooted\/"},{"@type":"ListItem","position":3,"name":"Soldering torch B-Tools for 227g cartridge"}]},{"@type":"WebSite","@id":"https:\/\/www.obender.eu\/#website","url":"https:\/\/www.obender.eu\/","name":"Obender","description":"T\u00f6\u00f6stuskaupade hulgim\u00fc\u00fck","potentialAction":[{"@type":"SearchAction","target":{"@type":"EntryPoint","urlTemplate":"https:\/\/www.obender.eu\/?s={search_term_string}"},"query-input":{"@type":"PropertyValueSpecification","valueRequired":true,"valueName":"search_term_string"}}],"inLanguage":"en-US"}]}},"_links":{"self":[{"href":"https:\/\/obender.eu\/en\/wp-json\/wp\/v2\/product\/28874","targetHints":{"allow":["GET"]}}],"collection":[{"href":"https:\/\/obender.eu\/en\/wp-json\/wp\/v2\/product"}],"about":[{"href":"https:\/\/obender.eu\/en\/wp-json\/wp\/v2\/types\/product"}],"version-history":[{"count":1,"href":"https:\/\/obender.eu\/en\/wp-json\/wp\/v2\/product\/28874\/revisions"}],"predecessor-version":[{"id":28875,"href":"https:\/\/obender.eu\/en\/wp-json\/wp\/v2\/product\/28874\/revisions\/28875"}],"wp:featuredmedia":[{"embeddable":true,"href":"https:\/\/obender.eu\/en\/wp-json\/wp\/v2\/media\/28870"}],"wp:attachment":[{"href":"https:\/\/obender.eu\/en\/wp-json\/wp\/v2\/media?parent=28874"}],"wp:term":[{"taxonomy":"product_brand","embeddable":true,"href":"https:\/\/obender.eu\/en\/wp-json\/wp\/v2\/product_brand?post=28874"},{"taxonomy":"product_cat","embeddable":true,"href":"https:\/\/obender.eu\/en\/wp-json\/wp\/v2\/product_cat?post=28874"},{"taxonomy":"product_tag","embeddable":true,"href":"https:\/\/obender.eu\/en\/wp-json\/wp\/v2\/product_tag?post=28874"}],"curies":[{"name":"wp","href":"https:\/\/api.w.org\/{rel}","templated":true}]}}