{"id":28890,"date":"2024-03-30T10:20:43","date_gmt":"2024-03-30T08:20:43","guid":{"rendered":"https:\/\/obender.eu\/toode\/gaasireduktor-b-tools-50mbar\/"},"modified":"2026-04-29T06:00:12","modified_gmt":"2026-04-29T03:00:12","slug":"gaasireduktor-b-tools-50mbar","status":"publish","type":"product","link":"https:\/\/obender.eu\/en\/toode\/gaasireduktor-b-tools-50mbar\/","title":{"rendered":"Gas regulator B-Tools 50mbar"},"content":{"rendered":"<p>Gas regulator B-Tools B36056<\/p>\n<p>EAN: 4250293360565<\/p>\n<p style=\"font-weight: 400;\">Universally applicable gas regulator for the operation of liquefied petroleum gas (butane \/ propane).<\/p>\n<p style=\"font-weight: 400;\">e.g. for the operation of barbecues, gas grills, camping stoves or even flame retardants and soldering torches.<\/p>\n<p style=\"font-weight: 400;\">Input: W21.8&#215;1\/14&#8243; left-hand\u00a0thread<\/p>\n<p>Output: G1\/4&#8243; left-hand\u00a0thread<\/p>\n<p style=\"font-weight: 400;\">Max. pressure: 50 mbar (1.5 kg\/h)<\/p>\n<p style=\"font-weight: 400;\">Tested according to EN 16129<\/p>\n<p style=\"font-weight: 400;\">DIN 4811-C1<\/p>\n","protected":false},"excerpt":{"rendered":"<p>Gas regulator B-Tools B36056 EAN: 4250293360565 Universally applicable gas regulator for the operation of liquefied petroleum gas (butane \/ propane).<\/p>\n","protected":false},"featured_media":28886,"template":"","meta":[],"product_brand":[],"product_cat":[373,1634,380,335],"product_tag":[1557,1558],"class_list":{"0":"post-28890","1":"product","2":"type-product","3":"status-publish","4":"has-post-thumbnail","6":"product_cat-tooriistad-ja-ehitus","7":"product_cat-gas-and-appliances","8":"product_cat-home-and-office-equipment","9":"product_cat-sports-and-leisure","10":"product_tag-gaasi-regulaator-en","11":"product_tag-gaasireduktor-en","13":"first","14":"instock","15":"taxable","16":"shipping-taxable","17":"purchasable","18":"product-type-simple"},"yoast_head":"<!-- This site is optimized with the Yoast SEO Premium plugin v20.0 (Yoast SEO v27.5) - https:\/\/yoast.com\/product\/yoast-seo-premium-wordpress\/ -->\n<title>Gas regulator B-Tools 50mbar - Obender<\/title>\n<meta name=\"robots\" content=\"index, follow, max-snippet:-1, max-image-preview:large, max-video-preview:-1\" \/>\n<link rel=\"canonical\" href=\"https:\/\/obender.eu\/toode\/gaasireduktor-b-tools-50mbar\/\" \/>\n<meta property=\"og:locale\" content=\"en_US\" \/>\n<meta property=\"og:type\" content=\"article\" \/>\n<meta property=\"og:title\" content=\"Gas regulator B-Tools 50mbar\" \/>\n<meta property=\"og:description\" content=\"Gas regulator B-Tools B36056 EAN: 4250293360565 Universally applicable gas regulator for the operation of liquefied petroleum gas (butane \/ propane).\" \/>\n<meta property=\"og:url\" content=\"https:\/\/obender.eu\/toode\/gaasireduktor-b-tools-50mbar\/\" \/>\n<meta property=\"og:site_name\" content=\"Obender\" \/>\n<meta property=\"article:modified_time\" content=\"2026-04-29T03:00:12+00:00\" \/>\n<meta property=\"og:image\" content=\"https:\/\/obender.eu\/wp-content\/uploads\/2024\/03\/4250293360565-1.jpg\" \/>\n\t<meta property=\"og:image:width\" content=\"800\" \/>\n\t<meta property=\"og:image:height\" content=\"800\" \/>\n\t<meta property=\"og:image:type\" content=\"image\/jpeg\" \/>\n<meta name=\"twitter:card\" content=\"summary_large_image\" \/>\n<meta name=\"twitter:label1\" content=\"Est. reading time\" \/>\n\t<meta name=\"twitter:data1\" content=\"1 minute\" \/>\n<script type=\"application\/ld+json\" class=\"yoast-schema-graph\">{\"@context\":\"https:\\\/\\\/schema.org\",\"@graph\":[{\"@type\":\"WebPage\",\"@id\":\"https:\\\/\\\/obender.eu\\\/toode\\\/gaasireduktor-b-tools-50mbar\\\/\",\"url\":\"https:\\\/\\\/obender.eu\\\/toode\\\/gaasireduktor-b-tools-50mbar\\\/\",\"name\":\"Gas regulator B-Tools 50mbar - Obender\",\"isPartOf\":{\"@id\":\"https:\\\/\\\/www.obender.eu\\\/#website\"},\"primaryImageOfPage\":{\"@id\":\"https:\\\/\\\/obender.eu\\\/toode\\\/gaasireduktor-b-tools-50mbar\\\/#primaryimage\"},\"image\":{\"@id\":\"https:\\\/\\\/obender.eu\\\/toode\\\/gaasireduktor-b-tools-50mbar\\\/#primaryimage\"},\"thumbnailUrl\":\"https:\\\/\\\/obender.eu\\\/wp-content\\\/uploads\\\/2024\\\/03\\\/4250293360565-1.jpg\",\"datePublished\":\"2024-03-30T08:20:43+00:00\",\"dateModified\":\"2026-04-29T03:00:12+00:00\",\"breadcrumb\":{\"@id\":\"https:\\\/\\\/obender.eu\\\/toode\\\/gaasireduktor-b-tools-50mbar\\\/#breadcrumb\"},\"inLanguage\":\"en-US\",\"potentialAction\":[{\"@type\":\"ReadAction\",\"target\":[\"https:\\\/\\\/obender.eu\\\/toode\\\/gaasireduktor-b-tools-50mbar\\\/\"]}]},{\"@type\":\"ImageObject\",\"inLanguage\":\"en-US\",\"@id\":\"https:\\\/\\\/obender.eu\\\/toode\\\/gaasireduktor-b-tools-50mbar\\\/#primaryimage\",\"url\":\"https:\\\/\\\/obender.eu\\\/wp-content\\\/uploads\\\/2024\\\/03\\\/4250293360565-1.jpg\",\"contentUrl\":\"https:\\\/\\\/obender.eu\\\/wp-content\\\/uploads\\\/2024\\\/03\\\/4250293360565-1.jpg\",\"width\":800,\"height\":800},{\"@type\":\"BreadcrumbList\",\"@id\":\"https:\\\/\\\/obender.eu\\\/toode\\\/gaasireduktor-b-tools-50mbar\\\/#breadcrumb\",\"itemListElement\":[{\"@type\":\"ListItem\",\"position\":1,\"name\":\"Home\",\"item\":\"https:\\\/\\\/obender.eu\\\/en\\\/\"},{\"@type\":\"ListItem\",\"position\":2,\"name\":\"Tooted\",\"item\":\"https:\\\/\\\/www.obender.eu\\\/tooted\\\/\"},{\"@type\":\"ListItem\",\"position\":3,\"name\":\"Gas regulator B-Tools 50mbar\"}]},{\"@type\":\"WebSite\",\"@id\":\"https:\\\/\\\/www.obender.eu\\\/#website\",\"url\":\"https:\\\/\\\/www.obender.eu\\\/\",\"name\":\"Obender\",\"description\":\"T\u00f6\u00f6stuskaupade hulgim\u00fc\u00fck\",\"potentialAction\":[{\"@type\":\"SearchAction\",\"target\":{\"@type\":\"EntryPoint\",\"urlTemplate\":\"https:\\\/\\\/www.obender.eu\\\/?s={search_term_string}\"},\"query-input\":{\"@type\":\"PropertyValueSpecification\",\"valueRequired\":true,\"valueName\":\"search_term_string\"}}],\"inLanguage\":\"en-US\"}]}<\/script>\n<!-- \/ Yoast SEO Premium plugin. -->","yoast_head_json":{"title":"Gas regulator B-Tools 50mbar - Obender","robots":{"index":"index","follow":"follow","max-snippet":"max-snippet:-1","max-image-preview":"max-image-preview:large","max-video-preview":"max-video-preview:-1"},"canonical":"https:\/\/obender.eu\/toode\/gaasireduktor-b-tools-50mbar\/","og_locale":"en_US","og_type":"article","og_title":"Gas regulator B-Tools 50mbar","og_description":"Gas regulator B-Tools B36056 EAN: 4250293360565 Universally applicable gas regulator for the operation of liquefied petroleum gas (butane \/ propane).","og_url":"https:\/\/obender.eu\/toode\/gaasireduktor-b-tools-50mbar\/","og_site_name":"Obender","article_modified_time":"2026-04-29T03:00:12+00:00","og_image":[{"width":800,"height":800,"url":"https:\/\/obender.eu\/wp-content\/uploads\/2024\/03\/4250293360565-1.jpg","type":"image\/jpeg"}],"twitter_card":"summary_large_image","twitter_misc":{"Est. reading time":"1 minute"},"schema":{"@context":"https:\/\/schema.org","@graph":[{"@type":"WebPage","@id":"https:\/\/obender.eu\/toode\/gaasireduktor-b-tools-50mbar\/","url":"https:\/\/obender.eu\/toode\/gaasireduktor-b-tools-50mbar\/","name":"Gas regulator B-Tools 50mbar - Obender","isPartOf":{"@id":"https:\/\/www.obender.eu\/#website"},"primaryImageOfPage":{"@id":"https:\/\/obender.eu\/toode\/gaasireduktor-b-tools-50mbar\/#primaryimage"},"image":{"@id":"https:\/\/obender.eu\/toode\/gaasireduktor-b-tools-50mbar\/#primaryimage"},"thumbnailUrl":"https:\/\/obender.eu\/wp-content\/uploads\/2024\/03\/4250293360565-1.jpg","datePublished":"2024-03-30T08:20:43+00:00","dateModified":"2026-04-29T03:00:12+00:00","breadcrumb":{"@id":"https:\/\/obender.eu\/toode\/gaasireduktor-b-tools-50mbar\/#breadcrumb"},"inLanguage":"en-US","potentialAction":[{"@type":"ReadAction","target":["https:\/\/obender.eu\/toode\/gaasireduktor-b-tools-50mbar\/"]}]},{"@type":"ImageObject","inLanguage":"en-US","@id":"https:\/\/obender.eu\/toode\/gaasireduktor-b-tools-50mbar\/#primaryimage","url":"https:\/\/obender.eu\/wp-content\/uploads\/2024\/03\/4250293360565-1.jpg","contentUrl":"https:\/\/obender.eu\/wp-content\/uploads\/2024\/03\/4250293360565-1.jpg","width":800,"height":800},{"@type":"BreadcrumbList","@id":"https:\/\/obender.eu\/toode\/gaasireduktor-b-tools-50mbar\/#breadcrumb","itemListElement":[{"@type":"ListItem","position":1,"name":"Home","item":"https:\/\/obender.eu\/en\/"},{"@type":"ListItem","position":2,"name":"Tooted","item":"https:\/\/www.obender.eu\/tooted\/"},{"@type":"ListItem","position":3,"name":"Gas regulator B-Tools 50mbar"}]},{"@type":"WebSite","@id":"https:\/\/www.obender.eu\/#website","url":"https:\/\/www.obender.eu\/","name":"Obender","description":"T\u00f6\u00f6stuskaupade hulgim\u00fc\u00fck","potentialAction":[{"@type":"SearchAction","target":{"@type":"EntryPoint","urlTemplate":"https:\/\/www.obender.eu\/?s={search_term_string}"},"query-input":{"@type":"PropertyValueSpecification","valueRequired":true,"valueName":"search_term_string"}}],"inLanguage":"en-US"}]}},"_links":{"self":[{"href":"https:\/\/obender.eu\/en\/wp-json\/wp\/v2\/product\/28890","targetHints":{"allow":["GET"]}}],"collection":[{"href":"https:\/\/obender.eu\/en\/wp-json\/wp\/v2\/product"}],"about":[{"href":"https:\/\/obender.eu\/en\/wp-json\/wp\/v2\/types\/product"}],"version-history":[{"count":1,"href":"https:\/\/obender.eu\/en\/wp-json\/wp\/v2\/product\/28890\/revisions"}],"predecessor-version":[{"id":28891,"href":"https:\/\/obender.eu\/en\/wp-json\/wp\/v2\/product\/28890\/revisions\/28891"}],"wp:featuredmedia":[{"embeddable":true,"href":"https:\/\/obender.eu\/en\/wp-json\/wp\/v2\/media\/28886"}],"wp:attachment":[{"href":"https:\/\/obender.eu\/en\/wp-json\/wp\/v2\/media?parent=28890"}],"wp:term":[{"taxonomy":"product_brand","embeddable":true,"href":"https:\/\/obender.eu\/en\/wp-json\/wp\/v2\/product_brand?post=28890"},{"taxonomy":"product_cat","embeddable":true,"href":"https:\/\/obender.eu\/en\/wp-json\/wp\/v2\/product_cat?post=28890"},{"taxonomy":"product_tag","embeddable":true,"href":"https:\/\/obender.eu\/en\/wp-json\/wp\/v2\/product_tag?post=28890"}],"curies":[{"name":"wp","href":"https:\/\/api.w.org\/{rel}","templated":true}]}}