{"id":28902,"date":"2024-03-30T10:33:15","date_gmt":"2024-03-30T08:33:15","guid":{"rendered":"https:\/\/obender.eu\/toode\/pocket-knifeb-camping-15-part-stainless\/"},"modified":"2026-04-13T08:00:18","modified_gmt":"2026-04-13T05:00:18","slug":"pocket-knifeb-camping-15-part-stainless","status":"publish","type":"product","link":"https:\/\/obender.eu\/en\/toode\/pocket-knifeb-camping-15-part-stainless\/","title":{"rendered":"Pocket knife B-Camping, 15 part, stainless"},"content":{"rendered":"<p>Pocket knife B-Camping B36054<\/p>\n<p>EAN: 4250293360541<\/p>\n<p style=\"font-weight: 400;\">Stainless steel knife with 15 functions<\/p>\n<ul style=\"font-weight: 400;\">\n<li>Scissors<\/li>\n<li>Knife blade<\/li>\n<li>Wood Saw<\/li>\n<li>Fish scaler<\/li>\n<li>Can opener<\/li>\n<li>Phillips screwdriver<\/li>\n<li>Slotted screwdriver<\/li>\n<li>Leathermandrel<\/li>\n<li>Nail file<\/li>\n<li>Sail needle<\/li>\n<li>Corkscrew<\/li>\n<li>Keyring<\/li>\n<li>Engraver<\/li>\n<li>Ruler<\/li>\n<li>Hook remover<\/li>\n<\/ul>\n<p style=\"font-weight: 400;\">\u00a0Item Dimensions:<\/p>\n<ul style=\"font-weight: 400;\">\n<li>Length, folded: approx. 9.6 cm<\/li>\n<li>Length, unfolded: approx. 16 cm<\/li>\n<li>Width: approx. 2.6 cm<\/li>\n<\/ul>\n<p style=\"font-weight: 400;\">Weight: 110 g<\/p>\n","protected":false},"excerpt":{"rendered":"<p>Pocket knife B-Camping B36054 EAN: 4250293360541 Stainless steel knife with 15 functions Scissors Knife blade Wood Saw Fish scaler Can<\/p>\n","protected":false},"featured_media":28894,"template":"","meta":[],"product_brand":[],"product_cat":[380,335],"product_tag":[1560],"class_list":{"0":"post-28902","1":"product","2":"type-product","3":"status-publish","4":"has-post-thumbnail","6":"product_cat-home-and-office-equipment","7":"product_cat-sports-and-leisure","8":"product_tag-pocket-knife","10":"first","11":"instock","12":"taxable","13":"shipping-taxable","14":"purchasable","15":"product-type-simple"},"yoast_head":"<!-- This site is optimized with the Yoast SEO Premium plugin v20.0 (Yoast SEO v27.3) - https:\/\/yoast.com\/product\/yoast-seo-premium-wordpress\/ -->\n<title>Pocket knife B-Camping, 15 part, stainless - Obender<\/title>\n<meta name=\"robots\" content=\"index, follow, max-snippet:-1, max-image-preview:large, max-video-preview:-1\" \/>\n<link rel=\"canonical\" href=\"https:\/\/obender.eu\/en\/toode\/pocket-knifeb-camping-15-part-stainless\/\" \/>\n<meta property=\"og:locale\" content=\"en_US\" \/>\n<meta property=\"og:type\" content=\"article\" \/>\n<meta property=\"og:title\" content=\"Pocket knife B-Camping, 15 part, stainless\" \/>\n<meta property=\"og:description\" content=\"Pocket knife B-Camping B36054 EAN: 4250293360541 Stainless steel knife with 15 functions Scissors Knife blade Wood Saw Fish scaler Can\" \/>\n<meta property=\"og:url\" content=\"https:\/\/obender.eu\/en\/toode\/pocket-knifeb-camping-15-part-stainless\/\" \/>\n<meta property=\"og:site_name\" content=\"Obender\" \/>\n<meta property=\"article:modified_time\" content=\"2026-04-13T05:00:18+00:00\" \/>\n<meta property=\"og:image\" content=\"https:\/\/obender.eu\/wp-content\/uploads\/2024\/03\/4250293360541.jpg\" \/>\n\t<meta property=\"og:image:width\" content=\"800\" \/>\n\t<meta property=\"og:image:height\" content=\"800\" \/>\n\t<meta property=\"og:image:type\" content=\"image\/jpeg\" \/>\n<meta name=\"twitter:card\" content=\"summary_large_image\" \/>\n<meta name=\"twitter:label1\" content=\"Est. reading time\" \/>\n\t<meta name=\"twitter:data1\" content=\"1 minute\" \/>\n<script type=\"application\/ld+json\" class=\"yoast-schema-graph\">{\"@context\":\"https:\\\/\\\/schema.org\",\"@graph\":[{\"@type\":\"WebPage\",\"@id\":\"https:\\\/\\\/obender.eu\\\/en\\\/toode\\\/pocket-knifeb-camping-15-part-stainless\\\/\",\"url\":\"https:\\\/\\\/obender.eu\\\/en\\\/toode\\\/pocket-knifeb-camping-15-part-stainless\\\/\",\"name\":\"Pocket knife B-Camping, 15 part, stainless - Obender\",\"isPartOf\":{\"@id\":\"https:\\\/\\\/www.obender.eu\\\/#website\"},\"primaryImageOfPage\":{\"@id\":\"https:\\\/\\\/obender.eu\\\/en\\\/toode\\\/pocket-knifeb-camping-15-part-stainless\\\/#primaryimage\"},\"image\":{\"@id\":\"https:\\\/\\\/obender.eu\\\/en\\\/toode\\\/pocket-knifeb-camping-15-part-stainless\\\/#primaryimage\"},\"thumbnailUrl\":\"https:\\\/\\\/obender.eu\\\/wp-content\\\/uploads\\\/2024\\\/03\\\/4250293360541.jpg\",\"datePublished\":\"2024-03-30T08:33:15+00:00\",\"dateModified\":\"2026-04-13T05:00:18+00:00\",\"breadcrumb\":{\"@id\":\"https:\\\/\\\/obender.eu\\\/en\\\/toode\\\/pocket-knifeb-camping-15-part-stainless\\\/#breadcrumb\"},\"inLanguage\":\"en-US\",\"potentialAction\":[{\"@type\":\"ReadAction\",\"target\":[\"https:\\\/\\\/obender.eu\\\/en\\\/toode\\\/pocket-knifeb-camping-15-part-stainless\\\/\"]}]},{\"@type\":\"ImageObject\",\"inLanguage\":\"en-US\",\"@id\":\"https:\\\/\\\/obender.eu\\\/en\\\/toode\\\/pocket-knifeb-camping-15-part-stainless\\\/#primaryimage\",\"url\":\"https:\\\/\\\/obender.eu\\\/wp-content\\\/uploads\\\/2024\\\/03\\\/4250293360541.jpg\",\"contentUrl\":\"https:\\\/\\\/obender.eu\\\/wp-content\\\/uploads\\\/2024\\\/03\\\/4250293360541.jpg\",\"width\":800,\"height\":800},{\"@type\":\"BreadcrumbList\",\"@id\":\"https:\\\/\\\/obender.eu\\\/en\\\/toode\\\/pocket-knifeb-camping-15-part-stainless\\\/#breadcrumb\",\"itemListElement\":[{\"@type\":\"ListItem\",\"position\":1,\"name\":\"Home\",\"item\":\"https:\\\/\\\/obender.eu\\\/en\\\/\"},{\"@type\":\"ListItem\",\"position\":2,\"name\":\"Tooted\",\"item\":\"https:\\\/\\\/www.obender.eu\\\/tooted\\\/\"},{\"@type\":\"ListItem\",\"position\":3,\"name\":\"Pocket knife B-Camping, 15 part, stainless\"}]},{\"@type\":\"WebSite\",\"@id\":\"https:\\\/\\\/www.obender.eu\\\/#website\",\"url\":\"https:\\\/\\\/www.obender.eu\\\/\",\"name\":\"Obender\",\"description\":\"T\u00f6\u00f6stuskaupade hulgim\u00fc\u00fck\",\"potentialAction\":[{\"@type\":\"SearchAction\",\"target\":{\"@type\":\"EntryPoint\",\"urlTemplate\":\"https:\\\/\\\/www.obender.eu\\\/?s={search_term_string}\"},\"query-input\":{\"@type\":\"PropertyValueSpecification\",\"valueRequired\":true,\"valueName\":\"search_term_string\"}}],\"inLanguage\":\"en-US\"}]}<\/script>\n<!-- \/ Yoast SEO Premium plugin. -->","yoast_head_json":{"title":"Pocket knife B-Camping, 15 part, stainless - Obender","robots":{"index":"index","follow":"follow","max-snippet":"max-snippet:-1","max-image-preview":"max-image-preview:large","max-video-preview":"max-video-preview:-1"},"canonical":"https:\/\/obender.eu\/en\/toode\/pocket-knifeb-camping-15-part-stainless\/","og_locale":"en_US","og_type":"article","og_title":"Pocket knife B-Camping, 15 part, stainless","og_description":"Pocket knife B-Camping B36054 EAN: 4250293360541 Stainless steel knife with 15 functions Scissors Knife blade Wood Saw Fish scaler Can","og_url":"https:\/\/obender.eu\/en\/toode\/pocket-knifeb-camping-15-part-stainless\/","og_site_name":"Obender","article_modified_time":"2026-04-13T05:00:18+00:00","og_image":[{"width":800,"height":800,"url":"https:\/\/obender.eu\/wp-content\/uploads\/2024\/03\/4250293360541.jpg","type":"image\/jpeg"}],"twitter_card":"summary_large_image","twitter_misc":{"Est. reading time":"1 minute"},"schema":{"@context":"https:\/\/schema.org","@graph":[{"@type":"WebPage","@id":"https:\/\/obender.eu\/en\/toode\/pocket-knifeb-camping-15-part-stainless\/","url":"https:\/\/obender.eu\/en\/toode\/pocket-knifeb-camping-15-part-stainless\/","name":"Pocket knife B-Camping, 15 part, stainless - Obender","isPartOf":{"@id":"https:\/\/www.obender.eu\/#website"},"primaryImageOfPage":{"@id":"https:\/\/obender.eu\/en\/toode\/pocket-knifeb-camping-15-part-stainless\/#primaryimage"},"image":{"@id":"https:\/\/obender.eu\/en\/toode\/pocket-knifeb-camping-15-part-stainless\/#primaryimage"},"thumbnailUrl":"https:\/\/obender.eu\/wp-content\/uploads\/2024\/03\/4250293360541.jpg","datePublished":"2024-03-30T08:33:15+00:00","dateModified":"2026-04-13T05:00:18+00:00","breadcrumb":{"@id":"https:\/\/obender.eu\/en\/toode\/pocket-knifeb-camping-15-part-stainless\/#breadcrumb"},"inLanguage":"en-US","potentialAction":[{"@type":"ReadAction","target":["https:\/\/obender.eu\/en\/toode\/pocket-knifeb-camping-15-part-stainless\/"]}]},{"@type":"ImageObject","inLanguage":"en-US","@id":"https:\/\/obender.eu\/en\/toode\/pocket-knifeb-camping-15-part-stainless\/#primaryimage","url":"https:\/\/obender.eu\/wp-content\/uploads\/2024\/03\/4250293360541.jpg","contentUrl":"https:\/\/obender.eu\/wp-content\/uploads\/2024\/03\/4250293360541.jpg","width":800,"height":800},{"@type":"BreadcrumbList","@id":"https:\/\/obender.eu\/en\/toode\/pocket-knifeb-camping-15-part-stainless\/#breadcrumb","itemListElement":[{"@type":"ListItem","position":1,"name":"Home","item":"https:\/\/obender.eu\/en\/"},{"@type":"ListItem","position":2,"name":"Tooted","item":"https:\/\/www.obender.eu\/tooted\/"},{"@type":"ListItem","position":3,"name":"Pocket knife B-Camping, 15 part, stainless"}]},{"@type":"WebSite","@id":"https:\/\/www.obender.eu\/#website","url":"https:\/\/www.obender.eu\/","name":"Obender","description":"T\u00f6\u00f6stuskaupade hulgim\u00fc\u00fck","potentialAction":[{"@type":"SearchAction","target":{"@type":"EntryPoint","urlTemplate":"https:\/\/www.obender.eu\/?s={search_term_string}"},"query-input":{"@type":"PropertyValueSpecification","valueRequired":true,"valueName":"search_term_string"}}],"inLanguage":"en-US"}]}},"_links":{"self":[{"href":"https:\/\/obender.eu\/en\/wp-json\/wp\/v2\/product\/28902","targetHints":{"allow":["GET"]}}],"collection":[{"href":"https:\/\/obender.eu\/en\/wp-json\/wp\/v2\/product"}],"about":[{"href":"https:\/\/obender.eu\/en\/wp-json\/wp\/v2\/types\/product"}],"version-history":[{"count":2,"href":"https:\/\/obender.eu\/en\/wp-json\/wp\/v2\/product\/28902\/revisions"}],"predecessor-version":[{"id":28904,"href":"https:\/\/obender.eu\/en\/wp-json\/wp\/v2\/product\/28902\/revisions\/28904"}],"wp:featuredmedia":[{"embeddable":true,"href":"https:\/\/obender.eu\/en\/wp-json\/wp\/v2\/media\/28894"}],"wp:attachment":[{"href":"https:\/\/obender.eu\/en\/wp-json\/wp\/v2\/media?parent=28902"}],"wp:term":[{"taxonomy":"product_brand","embeddable":true,"href":"https:\/\/obender.eu\/en\/wp-json\/wp\/v2\/product_brand?post=28902"},{"taxonomy":"product_cat","embeddable":true,"href":"https:\/\/obender.eu\/en\/wp-json\/wp\/v2\/product_cat?post=28902"},{"taxonomy":"product_tag","embeddable":true,"href":"https:\/\/obender.eu\/en\/wp-json\/wp\/v2\/product_tag?post=28902"}],"curies":[{"name":"wp","href":"https:\/\/api.w.org\/{rel}","templated":true}]}}