{"id":28943,"date":"2024-03-30T12:58:59","date_gmt":"2024-03-30T10:58:59","guid":{"rendered":"https:\/\/obender.eu\/toode\/bicycle-light-set-b-bike-5led3led\/"},"modified":"2026-04-20T03:00:26","modified_gmt":"2026-04-20T00:00:26","slug":"bicycle-light-set-b-bike-5led3led","status":"publish","type":"product","link":"https:\/\/obender.eu\/en\/toode\/bicycle-light-set-b-bike-5led3led\/","title":{"rendered":"Bicycle light set B-Bike 5LED+3LED"},"content":{"rendered":"<p>Bicycle light set B-Bike B35935<\/p>\n<p>EAN: 4250293359354<\/p>\n<p>Front light 5x 5mm LED<\/p>\n<p>&#8211; Functions: steady 100% up to 60h, blinking up to 120h.<\/p>\n<p>&#8211; Power: 4x AAA LR03 batteries (included)<\/p>\n<p>&#8211; Bracket is compatible with poles\/tubes between \u00f822.2 and 25.4mm<\/p>\n<p>&#8211; Water-repellent design<\/p>\n<p>Back light 5x 5mm LED<\/p>\n<p>&#8211; Functions: steady 100% up to 150h, blinking up to 200h.<\/p>\n<p>&#8211; Power: 2x AAA LR03 batteries (included)<\/p>\n<p>&#8211; Holder is compatible with rods\/tubes between \u00f825.4 and 31.8mm<\/p>\n<p>&#8211; Water-repellent design<\/p>\n<p>Bicycle lamp<\/p>\n","protected":false},"excerpt":{"rendered":"<p>Bicycle light set B-Bike B35935 EAN: 4250293359354 Front light 5x 5mm LED &#8211; Functions: steady 100% up to 60h, blinking<\/p>\n","protected":false},"featured_media":28939,"template":"","meta":[],"product_brand":[],"product_cat":[306,307,335],"product_tag":[1569,629],"class_list":{"0":"post-28943","1":"product","2":"type-product","3":"status-publish","4":"has-post-thumbnail","6":"product_cat-bicycle-lights","7":"product_cat-flashlights","8":"product_cat-sports-and-leisure","9":"product_tag-bicycle-lamp-en-2","10":"product_tag-rattalamp-en","12":"first","13":"instock","14":"taxable","15":"shipping-taxable","16":"purchasable","17":"product-type-simple"},"yoast_head":"<!-- This site is optimized with the Yoast SEO Premium plugin v20.0 (Yoast SEO v27.4) - https:\/\/yoast.com\/product\/yoast-seo-premium-wordpress\/ -->\n<title>Bicycle light set B-Bike 5LED+3LED - Obender<\/title>\n<meta name=\"robots\" content=\"index, follow, max-snippet:-1, max-image-preview:large, max-video-preview:-1\" \/>\n<link rel=\"canonical\" href=\"https:\/\/obender.eu\/en\/toode\/bicycle-light-set-b-bike-5led3led\/\" \/>\n<meta property=\"og:locale\" content=\"en_US\" \/>\n<meta property=\"og:type\" content=\"article\" \/>\n<meta property=\"og:title\" content=\"Bicycle light set B-Bike 5LED+3LED\" \/>\n<meta property=\"og:description\" content=\"Bicycle light set B-Bike B35935 EAN: 4250293359354 Front light 5x 5mm LED &#8211; Functions: steady 100% up to 60h, blinking\" \/>\n<meta property=\"og:url\" content=\"https:\/\/obender.eu\/en\/toode\/bicycle-light-set-b-bike-5led3led\/\" \/>\n<meta property=\"og:site_name\" content=\"Obender\" \/>\n<meta property=\"article:modified_time\" content=\"2026-04-20T00:00:26+00:00\" \/>\n<meta property=\"og:image\" content=\"https:\/\/obender.eu\/wp-content\/uploads\/2024\/03\/4250293359354-1.jpg\" \/>\n\t<meta property=\"og:image:width\" content=\"800\" \/>\n\t<meta property=\"og:image:height\" content=\"800\" \/>\n\t<meta property=\"og:image:type\" content=\"image\/jpeg\" \/>\n<meta name=\"twitter:card\" content=\"summary_large_image\" \/>\n<meta name=\"twitter:label1\" content=\"Est. reading time\" \/>\n\t<meta name=\"twitter:data1\" content=\"1 minute\" \/>\n<script type=\"application\/ld+json\" class=\"yoast-schema-graph\">{\"@context\":\"https:\\\/\\\/schema.org\",\"@graph\":[{\"@type\":\"WebPage\",\"@id\":\"https:\\\/\\\/obender.eu\\\/en\\\/toode\\\/bicycle-light-set-b-bike-5led3led\\\/\",\"url\":\"https:\\\/\\\/obender.eu\\\/en\\\/toode\\\/bicycle-light-set-b-bike-5led3led\\\/\",\"name\":\"Bicycle light set B-Bike 5LED+3LED - Obender\",\"isPartOf\":{\"@id\":\"https:\\\/\\\/www.obender.eu\\\/#website\"},\"primaryImageOfPage\":{\"@id\":\"https:\\\/\\\/obender.eu\\\/en\\\/toode\\\/bicycle-light-set-b-bike-5led3led\\\/#primaryimage\"},\"image\":{\"@id\":\"https:\\\/\\\/obender.eu\\\/en\\\/toode\\\/bicycle-light-set-b-bike-5led3led\\\/#primaryimage\"},\"thumbnailUrl\":\"https:\\\/\\\/obender.eu\\\/wp-content\\\/uploads\\\/2024\\\/03\\\/4250293359354-1.jpg\",\"datePublished\":\"2024-03-30T10:58:59+00:00\",\"dateModified\":\"2026-04-20T00:00:26+00:00\",\"breadcrumb\":{\"@id\":\"https:\\\/\\\/obender.eu\\\/en\\\/toode\\\/bicycle-light-set-b-bike-5led3led\\\/#breadcrumb\"},\"inLanguage\":\"en-US\",\"potentialAction\":[{\"@type\":\"ReadAction\",\"target\":[\"https:\\\/\\\/obender.eu\\\/en\\\/toode\\\/bicycle-light-set-b-bike-5led3led\\\/\"]}]},{\"@type\":\"ImageObject\",\"inLanguage\":\"en-US\",\"@id\":\"https:\\\/\\\/obender.eu\\\/en\\\/toode\\\/bicycle-light-set-b-bike-5led3led\\\/#primaryimage\",\"url\":\"https:\\\/\\\/obender.eu\\\/wp-content\\\/uploads\\\/2024\\\/03\\\/4250293359354-1.jpg\",\"contentUrl\":\"https:\\\/\\\/obender.eu\\\/wp-content\\\/uploads\\\/2024\\\/03\\\/4250293359354-1.jpg\",\"width\":800,\"height\":800},{\"@type\":\"BreadcrumbList\",\"@id\":\"https:\\\/\\\/obender.eu\\\/en\\\/toode\\\/bicycle-light-set-b-bike-5led3led\\\/#breadcrumb\",\"itemListElement\":[{\"@type\":\"ListItem\",\"position\":1,\"name\":\"Home\",\"item\":\"https:\\\/\\\/obender.eu\\\/en\\\/\"},{\"@type\":\"ListItem\",\"position\":2,\"name\":\"Tooted\",\"item\":\"https:\\\/\\\/www.obender.eu\\\/tooted\\\/\"},{\"@type\":\"ListItem\",\"position\":3,\"name\":\"Bicycle light set B-Bike 5LED+3LED\"}]},{\"@type\":\"WebSite\",\"@id\":\"https:\\\/\\\/www.obender.eu\\\/#website\",\"url\":\"https:\\\/\\\/www.obender.eu\\\/\",\"name\":\"Obender\",\"description\":\"T\u00f6\u00f6stuskaupade hulgim\u00fc\u00fck\",\"potentialAction\":[{\"@type\":\"SearchAction\",\"target\":{\"@type\":\"EntryPoint\",\"urlTemplate\":\"https:\\\/\\\/www.obender.eu\\\/?s={search_term_string}\"},\"query-input\":{\"@type\":\"PropertyValueSpecification\",\"valueRequired\":true,\"valueName\":\"search_term_string\"}}],\"inLanguage\":\"en-US\"}]}<\/script>\n<!-- \/ Yoast SEO Premium plugin. -->","yoast_head_json":{"title":"Bicycle light set B-Bike 5LED+3LED - Obender","robots":{"index":"index","follow":"follow","max-snippet":"max-snippet:-1","max-image-preview":"max-image-preview:large","max-video-preview":"max-video-preview:-1"},"canonical":"https:\/\/obender.eu\/en\/toode\/bicycle-light-set-b-bike-5led3led\/","og_locale":"en_US","og_type":"article","og_title":"Bicycle light set B-Bike 5LED+3LED","og_description":"Bicycle light set B-Bike B35935 EAN: 4250293359354 Front light 5x 5mm LED &#8211; Functions: steady 100% up to 60h, blinking","og_url":"https:\/\/obender.eu\/en\/toode\/bicycle-light-set-b-bike-5led3led\/","og_site_name":"Obender","article_modified_time":"2026-04-20T00:00:26+00:00","og_image":[{"width":800,"height":800,"url":"https:\/\/obender.eu\/wp-content\/uploads\/2024\/03\/4250293359354-1.jpg","type":"image\/jpeg"}],"twitter_card":"summary_large_image","twitter_misc":{"Est. reading time":"1 minute"},"schema":{"@context":"https:\/\/schema.org","@graph":[{"@type":"WebPage","@id":"https:\/\/obender.eu\/en\/toode\/bicycle-light-set-b-bike-5led3led\/","url":"https:\/\/obender.eu\/en\/toode\/bicycle-light-set-b-bike-5led3led\/","name":"Bicycle light set B-Bike 5LED+3LED - Obender","isPartOf":{"@id":"https:\/\/www.obender.eu\/#website"},"primaryImageOfPage":{"@id":"https:\/\/obender.eu\/en\/toode\/bicycle-light-set-b-bike-5led3led\/#primaryimage"},"image":{"@id":"https:\/\/obender.eu\/en\/toode\/bicycle-light-set-b-bike-5led3led\/#primaryimage"},"thumbnailUrl":"https:\/\/obender.eu\/wp-content\/uploads\/2024\/03\/4250293359354-1.jpg","datePublished":"2024-03-30T10:58:59+00:00","dateModified":"2026-04-20T00:00:26+00:00","breadcrumb":{"@id":"https:\/\/obender.eu\/en\/toode\/bicycle-light-set-b-bike-5led3led\/#breadcrumb"},"inLanguage":"en-US","potentialAction":[{"@type":"ReadAction","target":["https:\/\/obender.eu\/en\/toode\/bicycle-light-set-b-bike-5led3led\/"]}]},{"@type":"ImageObject","inLanguage":"en-US","@id":"https:\/\/obender.eu\/en\/toode\/bicycle-light-set-b-bike-5led3led\/#primaryimage","url":"https:\/\/obender.eu\/wp-content\/uploads\/2024\/03\/4250293359354-1.jpg","contentUrl":"https:\/\/obender.eu\/wp-content\/uploads\/2024\/03\/4250293359354-1.jpg","width":800,"height":800},{"@type":"BreadcrumbList","@id":"https:\/\/obender.eu\/en\/toode\/bicycle-light-set-b-bike-5led3led\/#breadcrumb","itemListElement":[{"@type":"ListItem","position":1,"name":"Home","item":"https:\/\/obender.eu\/en\/"},{"@type":"ListItem","position":2,"name":"Tooted","item":"https:\/\/www.obender.eu\/tooted\/"},{"@type":"ListItem","position":3,"name":"Bicycle light set B-Bike 5LED+3LED"}]},{"@type":"WebSite","@id":"https:\/\/www.obender.eu\/#website","url":"https:\/\/www.obender.eu\/","name":"Obender","description":"T\u00f6\u00f6stuskaupade hulgim\u00fc\u00fck","potentialAction":[{"@type":"SearchAction","target":{"@type":"EntryPoint","urlTemplate":"https:\/\/www.obender.eu\/?s={search_term_string}"},"query-input":{"@type":"PropertyValueSpecification","valueRequired":true,"valueName":"search_term_string"}}],"inLanguage":"en-US"}]}},"_links":{"self":[{"href":"https:\/\/obender.eu\/en\/wp-json\/wp\/v2\/product\/28943","targetHints":{"allow":["GET"]}}],"collection":[{"href":"https:\/\/obender.eu\/en\/wp-json\/wp\/v2\/product"}],"about":[{"href":"https:\/\/obender.eu\/en\/wp-json\/wp\/v2\/types\/product"}],"version-history":[{"count":1,"href":"https:\/\/obender.eu\/en\/wp-json\/wp\/v2\/product\/28943\/revisions"}],"predecessor-version":[{"id":28944,"href":"https:\/\/obender.eu\/en\/wp-json\/wp\/v2\/product\/28943\/revisions\/28944"}],"wp:featuredmedia":[{"embeddable":true,"href":"https:\/\/obender.eu\/en\/wp-json\/wp\/v2\/media\/28939"}],"wp:attachment":[{"href":"https:\/\/obender.eu\/en\/wp-json\/wp\/v2\/media?parent=28943"}],"wp:term":[{"taxonomy":"product_brand","embeddable":true,"href":"https:\/\/obender.eu\/en\/wp-json\/wp\/v2\/product_brand?post=28943"},{"taxonomy":"product_cat","embeddable":true,"href":"https:\/\/obender.eu\/en\/wp-json\/wp\/v2\/product_cat?post=28943"},{"taxonomy":"product_tag","embeddable":true,"href":"https:\/\/obender.eu\/en\/wp-json\/wp\/v2\/product_tag?post=28943"}],"curies":[{"name":"wp","href":"https:\/\/api.w.org\/{rel}","templated":true}]}}