{"id":29016,"date":"2024-04-16T17:57:22","date_gmt":"2024-04-16T14:57:22","guid":{"rendered":"https:\/\/obender.eu\/?post_type=product&#038;p=29016"},"modified":"2026-04-20T10:01:03","modified_gmt":"2026-04-20T07:01:03","slug":"kitchen-scale-esperanza-lemon-white-kopeeri-2","status":"publish","type":"product","link":"https:\/\/obender.eu\/en\/toode\/kitchen-scale-esperanza-lemon-white-kopeeri-2\/","title":{"rendered":"Kitchen scale Esperanza Lemon green 5kg"},"content":{"rendered":"<p>Kitchen scale Esperanza Lemon EKS002G<\/p>\n<p>EAN: 5901299914144<\/p>\n<p>Max. weight 5,0kg, precision 1g.<\/p>\n<p>Display size 53*22 mm<\/p>\n<p>Units: kg, lb, oz, g<\/p>\n<p>Tare function, overweight indicator, low battery indicator.<\/p>\n<p>Power: 1x CR2032<\/p>\n","protected":false},"excerpt":{"rendered":"<p>Kitchen scale Esperanza Lemon EKS002G EAN: 5901299914144 Max. weight 5,0kg, precision 1g. Display size 53*22 mm Units: kg, lb, oz,<\/p>\n","protected":false},"featured_media":29018,"template":"","meta":[],"product_brand":[],"product_cat":[380,383],"product_tag":[461,660,659],"class_list":{"0":"post-29016","1":"product","2":"type-product","3":"status-publish","4":"has-post-thumbnail","6":"product_cat-home-and-office-equipment","7":"product_cat-kitchen-scales","8":"product_tag-esperanza-en","9":"product_tag-kitchen-scale-en","10":"product_tag-koogikaal-en","12":"first","13":"instock","14":"taxable","15":"shipping-taxable","16":"purchasable","17":"product-type-simple"},"yoast_head":"<!-- This site is optimized with the Yoast SEO Premium plugin v20.0 (Yoast SEO v27.4) - https:\/\/yoast.com\/product\/yoast-seo-premium-wordpress\/ -->\n<title>Kitchen scale Esperanza Lemon green 5kg - Obender<\/title>\n<meta name=\"robots\" content=\"index, follow, max-snippet:-1, max-image-preview:large, max-video-preview:-1\" \/>\n<link rel=\"canonical\" href=\"https:\/\/obender.eu\/en\/toode\/kitchen-scale-esperanza-lemon-white-kopeeri-2\/\" \/>\n<meta property=\"og:locale\" content=\"en_US\" \/>\n<meta property=\"og:type\" content=\"article\" \/>\n<meta property=\"og:title\" content=\"Kitchen scale Esperanza Lemon green 5kg\" \/>\n<meta property=\"og:description\" content=\"Kitchen scale Esperanza Lemon EKS002G EAN: 5901299914144 Max. weight 5,0kg, precision 1g. Display size 53*22 mm Units: kg, lb, oz,\" \/>\n<meta property=\"og:url\" content=\"https:\/\/obender.eu\/en\/toode\/kitchen-scale-esperanza-lemon-white-kopeeri-2\/\" \/>\n<meta property=\"og:site_name\" content=\"Obender\" \/>\n<meta property=\"article:modified_time\" content=\"2026-04-20T07:01:03+00:00\" \/>\n<meta property=\"og:image\" content=\"https:\/\/obender.eu\/wp-content\/uploads\/2024\/04\/EKS002G.jpg\" \/>\n\t<meta property=\"og:image:width\" content=\"686\" \/>\n\t<meta property=\"og:image:height\" content=\"686\" \/>\n\t<meta property=\"og:image:type\" content=\"image\/jpeg\" \/>\n<meta name=\"twitter:card\" content=\"summary_large_image\" \/>\n<meta name=\"twitter:label1\" content=\"Est. reading time\" \/>\n\t<meta name=\"twitter:data1\" content=\"1 minute\" \/>\n<script type=\"application\/ld+json\" class=\"yoast-schema-graph\">{\"@context\":\"https:\\\/\\\/schema.org\",\"@graph\":[{\"@type\":\"WebPage\",\"@id\":\"https:\\\/\\\/obender.eu\\\/en\\\/toode\\\/kitchen-scale-esperanza-lemon-white-kopeeri-2\\\/\",\"url\":\"https:\\\/\\\/obender.eu\\\/en\\\/toode\\\/kitchen-scale-esperanza-lemon-white-kopeeri-2\\\/\",\"name\":\"Kitchen scale Esperanza Lemon green 5kg - Obender\",\"isPartOf\":{\"@id\":\"https:\\\/\\\/www.obender.eu\\\/#website\"},\"primaryImageOfPage\":{\"@id\":\"https:\\\/\\\/obender.eu\\\/en\\\/toode\\\/kitchen-scale-esperanza-lemon-white-kopeeri-2\\\/#primaryimage\"},\"image\":{\"@id\":\"https:\\\/\\\/obender.eu\\\/en\\\/toode\\\/kitchen-scale-esperanza-lemon-white-kopeeri-2\\\/#primaryimage\"},\"thumbnailUrl\":\"https:\\\/\\\/obender.eu\\\/wp-content\\\/uploads\\\/2024\\\/04\\\/EKS002G.jpg\",\"datePublished\":\"2024-04-16T14:57:22+00:00\",\"dateModified\":\"2026-04-20T07:01:03+00:00\",\"breadcrumb\":{\"@id\":\"https:\\\/\\\/obender.eu\\\/en\\\/toode\\\/kitchen-scale-esperanza-lemon-white-kopeeri-2\\\/#breadcrumb\"},\"inLanguage\":\"en-US\",\"potentialAction\":[{\"@type\":\"ReadAction\",\"target\":[\"https:\\\/\\\/obender.eu\\\/en\\\/toode\\\/kitchen-scale-esperanza-lemon-white-kopeeri-2\\\/\"]}]},{\"@type\":\"ImageObject\",\"inLanguage\":\"en-US\",\"@id\":\"https:\\\/\\\/obender.eu\\\/en\\\/toode\\\/kitchen-scale-esperanza-lemon-white-kopeeri-2\\\/#primaryimage\",\"url\":\"https:\\\/\\\/obender.eu\\\/wp-content\\\/uploads\\\/2024\\\/04\\\/EKS002G.jpg\",\"contentUrl\":\"https:\\\/\\\/obender.eu\\\/wp-content\\\/uploads\\\/2024\\\/04\\\/EKS002G.jpg\",\"width\":686,\"height\":686},{\"@type\":\"BreadcrumbList\",\"@id\":\"https:\\\/\\\/obender.eu\\\/en\\\/toode\\\/kitchen-scale-esperanza-lemon-white-kopeeri-2\\\/#breadcrumb\",\"itemListElement\":[{\"@type\":\"ListItem\",\"position\":1,\"name\":\"Home\",\"item\":\"https:\\\/\\\/obender.eu\\\/en\\\/\"},{\"@type\":\"ListItem\",\"position\":2,\"name\":\"Tooted\",\"item\":\"https:\\\/\\\/www.obender.eu\\\/tooted\\\/\"},{\"@type\":\"ListItem\",\"position\":3,\"name\":\"Kitchen scale Esperanza Lemon green 5kg\"}]},{\"@type\":\"WebSite\",\"@id\":\"https:\\\/\\\/www.obender.eu\\\/#website\",\"url\":\"https:\\\/\\\/www.obender.eu\\\/\",\"name\":\"Obender\",\"description\":\"T\u00f6\u00f6stuskaupade hulgim\u00fc\u00fck\",\"potentialAction\":[{\"@type\":\"SearchAction\",\"target\":{\"@type\":\"EntryPoint\",\"urlTemplate\":\"https:\\\/\\\/www.obender.eu\\\/?s={search_term_string}\"},\"query-input\":{\"@type\":\"PropertyValueSpecification\",\"valueRequired\":true,\"valueName\":\"search_term_string\"}}],\"inLanguage\":\"en-US\"}]}<\/script>\n<!-- \/ Yoast SEO Premium plugin. -->","yoast_head_json":{"title":"Kitchen scale Esperanza Lemon green 5kg - Obender","robots":{"index":"index","follow":"follow","max-snippet":"max-snippet:-1","max-image-preview":"max-image-preview:large","max-video-preview":"max-video-preview:-1"},"canonical":"https:\/\/obender.eu\/en\/toode\/kitchen-scale-esperanza-lemon-white-kopeeri-2\/","og_locale":"en_US","og_type":"article","og_title":"Kitchen scale Esperanza Lemon green 5kg","og_description":"Kitchen scale Esperanza Lemon EKS002G EAN: 5901299914144 Max. weight 5,0kg, precision 1g. Display size 53*22 mm Units: kg, lb, oz,","og_url":"https:\/\/obender.eu\/en\/toode\/kitchen-scale-esperanza-lemon-white-kopeeri-2\/","og_site_name":"Obender","article_modified_time":"2026-04-20T07:01:03+00:00","og_image":[{"width":686,"height":686,"url":"https:\/\/obender.eu\/wp-content\/uploads\/2024\/04\/EKS002G.jpg","type":"image\/jpeg"}],"twitter_card":"summary_large_image","twitter_misc":{"Est. reading time":"1 minute"},"schema":{"@context":"https:\/\/schema.org","@graph":[{"@type":"WebPage","@id":"https:\/\/obender.eu\/en\/toode\/kitchen-scale-esperanza-lemon-white-kopeeri-2\/","url":"https:\/\/obender.eu\/en\/toode\/kitchen-scale-esperanza-lemon-white-kopeeri-2\/","name":"Kitchen scale Esperanza Lemon green 5kg - Obender","isPartOf":{"@id":"https:\/\/www.obender.eu\/#website"},"primaryImageOfPage":{"@id":"https:\/\/obender.eu\/en\/toode\/kitchen-scale-esperanza-lemon-white-kopeeri-2\/#primaryimage"},"image":{"@id":"https:\/\/obender.eu\/en\/toode\/kitchen-scale-esperanza-lemon-white-kopeeri-2\/#primaryimage"},"thumbnailUrl":"https:\/\/obender.eu\/wp-content\/uploads\/2024\/04\/EKS002G.jpg","datePublished":"2024-04-16T14:57:22+00:00","dateModified":"2026-04-20T07:01:03+00:00","breadcrumb":{"@id":"https:\/\/obender.eu\/en\/toode\/kitchen-scale-esperanza-lemon-white-kopeeri-2\/#breadcrumb"},"inLanguage":"en-US","potentialAction":[{"@type":"ReadAction","target":["https:\/\/obender.eu\/en\/toode\/kitchen-scale-esperanza-lemon-white-kopeeri-2\/"]}]},{"@type":"ImageObject","inLanguage":"en-US","@id":"https:\/\/obender.eu\/en\/toode\/kitchen-scale-esperanza-lemon-white-kopeeri-2\/#primaryimage","url":"https:\/\/obender.eu\/wp-content\/uploads\/2024\/04\/EKS002G.jpg","contentUrl":"https:\/\/obender.eu\/wp-content\/uploads\/2024\/04\/EKS002G.jpg","width":686,"height":686},{"@type":"BreadcrumbList","@id":"https:\/\/obender.eu\/en\/toode\/kitchen-scale-esperanza-lemon-white-kopeeri-2\/#breadcrumb","itemListElement":[{"@type":"ListItem","position":1,"name":"Home","item":"https:\/\/obender.eu\/en\/"},{"@type":"ListItem","position":2,"name":"Tooted","item":"https:\/\/www.obender.eu\/tooted\/"},{"@type":"ListItem","position":3,"name":"Kitchen scale Esperanza Lemon green 5kg"}]},{"@type":"WebSite","@id":"https:\/\/www.obender.eu\/#website","url":"https:\/\/www.obender.eu\/","name":"Obender","description":"T\u00f6\u00f6stuskaupade hulgim\u00fc\u00fck","potentialAction":[{"@type":"SearchAction","target":{"@type":"EntryPoint","urlTemplate":"https:\/\/www.obender.eu\/?s={search_term_string}"},"query-input":{"@type":"PropertyValueSpecification","valueRequired":true,"valueName":"search_term_string"}}],"inLanguage":"en-US"}]}},"_links":{"self":[{"href":"https:\/\/obender.eu\/en\/wp-json\/wp\/v2\/product\/29016","targetHints":{"allow":["GET"]}}],"collection":[{"href":"https:\/\/obender.eu\/en\/wp-json\/wp\/v2\/product"}],"about":[{"href":"https:\/\/obender.eu\/en\/wp-json\/wp\/v2\/types\/product"}],"version-history":[{"count":1,"href":"https:\/\/obender.eu\/en\/wp-json\/wp\/v2\/product\/29016\/revisions"}],"predecessor-version":[{"id":29022,"href":"https:\/\/obender.eu\/en\/wp-json\/wp\/v2\/product\/29016\/revisions\/29022"}],"wp:featuredmedia":[{"embeddable":true,"href":"https:\/\/obender.eu\/en\/wp-json\/wp\/v2\/media\/29018"}],"wp:attachment":[{"href":"https:\/\/obender.eu\/en\/wp-json\/wp\/v2\/media?parent=29016"}],"wp:term":[{"taxonomy":"product_brand","embeddable":true,"href":"https:\/\/obender.eu\/en\/wp-json\/wp\/v2\/product_brand?post=29016"},{"taxonomy":"product_cat","embeddable":true,"href":"https:\/\/obender.eu\/en\/wp-json\/wp\/v2\/product_cat?post=29016"},{"taxonomy":"product_tag","embeddable":true,"href":"https:\/\/obender.eu\/en\/wp-json\/wp\/v2\/product_tag?post=29016"}],"curies":[{"name":"wp","href":"https:\/\/api.w.org\/{rel}","templated":true}]}}