{"id":29051,"date":"2024-04-18T14:33:10","date_gmt":"2024-04-18T11:33:10","guid":{"rendered":"https:\/\/obender.eu\/?post_type=product&#038;p=29051"},"modified":"2026-04-18T17:00:45","modified_gmt":"2026-04-18T14:00:45","slug":"hearing-aid-battery-camelion-312-bl6-kopeeri","status":"publish","type":"product","link":"https:\/\/obender.eu\/en\/toode\/hearing-aid-battery-camelion-312-bl6-kopeeri\/","title":{"rendered":"Hearing aid battery Camelion 13 BL6"},"content":{"rendered":"<p>Hearing aid battery Camelion 13<\/p>\n<p>SKU: 15056013<\/p>\n<p>EAN: 4260030253975<\/p>\n<p>Special battery Zinc Air 1,44V 280mAh PR48<\/p>\n<p>Package includes 6 pieces<\/p>\n<p>paristo<\/p>\n<p>Made in Germany !<\/p>\n","protected":false},"excerpt":{"rendered":"<p>Hearing aid battery Camelion 13 SKU: 15056013 EAN: 4260030253975 Special battery Zinc Air 1,44V 280mAh PR48 Package includes 6 pieces<\/p>\n","protected":false},"featured_media":29053,"template":"","meta":[],"product_brand":[],"product_cat":[286,291],"product_tag":[631,776,775,1416,774],"class_list":{"0":"post-29051","1":"product","2":"type-product","3":"status-publish","4":"has-post-thumbnail","6":"product_cat-batteries","7":"product_cat-for-a-hearing-aid","8":"product_tag-camelion-en","9":"product_tag-hearing-aid-en","10":"product_tag-kuuldeaparaat-en","11":"product_tag-paristo-en","12":"product_tag-rayovac-en","14":"first","15":"instock","16":"taxable","17":"shipping-taxable","18":"purchasable","19":"product-type-simple"},"yoast_head":"<!-- This site is optimized with the Yoast SEO Premium plugin v20.0 (Yoast SEO v27.4) - https:\/\/yoast.com\/product\/yoast-seo-premium-wordpress\/ -->\n<title>Hearing aid battery Camelion 13 BL6 - Obender<\/title>\n<meta name=\"robots\" content=\"index, follow, max-snippet:-1, max-image-preview:large, max-video-preview:-1\" \/>\n<link rel=\"canonical\" href=\"https:\/\/obender.eu\/en\/toode\/hearing-aid-battery-camelion-312-bl6-kopeeri\/\" \/>\n<meta property=\"og:locale\" content=\"en_US\" \/>\n<meta property=\"og:type\" content=\"article\" \/>\n<meta property=\"og:title\" content=\"Hearing aid battery Camelion 13 BL6\" \/>\n<meta property=\"og:description\" content=\"Hearing aid battery Camelion 13 SKU: 15056013 EAN: 4260030253975 Special battery Zinc Air 1,44V 280mAh PR48 Package includes 6 pieces\" \/>\n<meta property=\"og:url\" content=\"https:\/\/obender.eu\/en\/toode\/hearing-aid-battery-camelion-312-bl6-kopeeri\/\" \/>\n<meta property=\"og:site_name\" content=\"Obender\" \/>\n<meta property=\"article:modified_time\" content=\"2026-04-18T14:00:45+00:00\" \/>\n<meta property=\"og:image\" content=\"https:\/\/obender.eu\/wp-content\/uploads\/2024\/04\/4260030253975.jpg\" \/>\n\t<meta property=\"og:image:width\" content=\"1120\" \/>\n\t<meta property=\"og:image:height\" content=\"1120\" \/>\n\t<meta property=\"og:image:type\" content=\"image\/jpeg\" \/>\n<meta name=\"twitter:card\" content=\"summary_large_image\" \/>\n<meta name=\"twitter:label1\" content=\"Est. reading time\" \/>\n\t<meta name=\"twitter:data1\" content=\"1 minute\" \/>\n<script type=\"application\/ld+json\" class=\"yoast-schema-graph\">{\"@context\":\"https:\\\/\\\/schema.org\",\"@graph\":[{\"@type\":\"WebPage\",\"@id\":\"https:\\\/\\\/obender.eu\\\/en\\\/toode\\\/hearing-aid-battery-camelion-312-bl6-kopeeri\\\/\",\"url\":\"https:\\\/\\\/obender.eu\\\/en\\\/toode\\\/hearing-aid-battery-camelion-312-bl6-kopeeri\\\/\",\"name\":\"Hearing aid battery Camelion 13 BL6 - Obender\",\"isPartOf\":{\"@id\":\"https:\\\/\\\/www.obender.eu\\\/#website\"},\"primaryImageOfPage\":{\"@id\":\"https:\\\/\\\/obender.eu\\\/en\\\/toode\\\/hearing-aid-battery-camelion-312-bl6-kopeeri\\\/#primaryimage\"},\"image\":{\"@id\":\"https:\\\/\\\/obender.eu\\\/en\\\/toode\\\/hearing-aid-battery-camelion-312-bl6-kopeeri\\\/#primaryimage\"},\"thumbnailUrl\":\"https:\\\/\\\/obender.eu\\\/wp-content\\\/uploads\\\/2024\\\/04\\\/4260030253975.jpg\",\"datePublished\":\"2024-04-18T11:33:10+00:00\",\"dateModified\":\"2026-04-18T14:00:45+00:00\",\"breadcrumb\":{\"@id\":\"https:\\\/\\\/obender.eu\\\/en\\\/toode\\\/hearing-aid-battery-camelion-312-bl6-kopeeri\\\/#breadcrumb\"},\"inLanguage\":\"en-US\",\"potentialAction\":[{\"@type\":\"ReadAction\",\"target\":[\"https:\\\/\\\/obender.eu\\\/en\\\/toode\\\/hearing-aid-battery-camelion-312-bl6-kopeeri\\\/\"]}]},{\"@type\":\"ImageObject\",\"inLanguage\":\"en-US\",\"@id\":\"https:\\\/\\\/obender.eu\\\/en\\\/toode\\\/hearing-aid-battery-camelion-312-bl6-kopeeri\\\/#primaryimage\",\"url\":\"https:\\\/\\\/obender.eu\\\/wp-content\\\/uploads\\\/2024\\\/04\\\/4260030253975.jpg\",\"contentUrl\":\"https:\\\/\\\/obender.eu\\\/wp-content\\\/uploads\\\/2024\\\/04\\\/4260030253975.jpg\",\"width\":1120,\"height\":1120},{\"@type\":\"BreadcrumbList\",\"@id\":\"https:\\\/\\\/obender.eu\\\/en\\\/toode\\\/hearing-aid-battery-camelion-312-bl6-kopeeri\\\/#breadcrumb\",\"itemListElement\":[{\"@type\":\"ListItem\",\"position\":1,\"name\":\"Home\",\"item\":\"https:\\\/\\\/obender.eu\\\/en\\\/\"},{\"@type\":\"ListItem\",\"position\":2,\"name\":\"Tooted\",\"item\":\"https:\\\/\\\/www.obender.eu\\\/tooted\\\/\"},{\"@type\":\"ListItem\",\"position\":3,\"name\":\"Hearing aid battery Camelion 13 BL6\"}]},{\"@type\":\"WebSite\",\"@id\":\"https:\\\/\\\/www.obender.eu\\\/#website\",\"url\":\"https:\\\/\\\/www.obender.eu\\\/\",\"name\":\"Obender\",\"description\":\"T\u00f6\u00f6stuskaupade hulgim\u00fc\u00fck\",\"potentialAction\":[{\"@type\":\"SearchAction\",\"target\":{\"@type\":\"EntryPoint\",\"urlTemplate\":\"https:\\\/\\\/www.obender.eu\\\/?s={search_term_string}\"},\"query-input\":{\"@type\":\"PropertyValueSpecification\",\"valueRequired\":true,\"valueName\":\"search_term_string\"}}],\"inLanguage\":\"en-US\"}]}<\/script>\n<!-- \/ Yoast SEO Premium plugin. -->","yoast_head_json":{"title":"Hearing aid battery Camelion 13 BL6 - Obender","robots":{"index":"index","follow":"follow","max-snippet":"max-snippet:-1","max-image-preview":"max-image-preview:large","max-video-preview":"max-video-preview:-1"},"canonical":"https:\/\/obender.eu\/en\/toode\/hearing-aid-battery-camelion-312-bl6-kopeeri\/","og_locale":"en_US","og_type":"article","og_title":"Hearing aid battery Camelion 13 BL6","og_description":"Hearing aid battery Camelion 13 SKU: 15056013 EAN: 4260030253975 Special battery Zinc Air 1,44V 280mAh PR48 Package includes 6 pieces","og_url":"https:\/\/obender.eu\/en\/toode\/hearing-aid-battery-camelion-312-bl6-kopeeri\/","og_site_name":"Obender","article_modified_time":"2026-04-18T14:00:45+00:00","og_image":[{"width":1120,"height":1120,"url":"https:\/\/obender.eu\/wp-content\/uploads\/2024\/04\/4260030253975.jpg","type":"image\/jpeg"}],"twitter_card":"summary_large_image","twitter_misc":{"Est. reading time":"1 minute"},"schema":{"@context":"https:\/\/schema.org","@graph":[{"@type":"WebPage","@id":"https:\/\/obender.eu\/en\/toode\/hearing-aid-battery-camelion-312-bl6-kopeeri\/","url":"https:\/\/obender.eu\/en\/toode\/hearing-aid-battery-camelion-312-bl6-kopeeri\/","name":"Hearing aid battery Camelion 13 BL6 - Obender","isPartOf":{"@id":"https:\/\/www.obender.eu\/#website"},"primaryImageOfPage":{"@id":"https:\/\/obender.eu\/en\/toode\/hearing-aid-battery-camelion-312-bl6-kopeeri\/#primaryimage"},"image":{"@id":"https:\/\/obender.eu\/en\/toode\/hearing-aid-battery-camelion-312-bl6-kopeeri\/#primaryimage"},"thumbnailUrl":"https:\/\/obender.eu\/wp-content\/uploads\/2024\/04\/4260030253975.jpg","datePublished":"2024-04-18T11:33:10+00:00","dateModified":"2026-04-18T14:00:45+00:00","breadcrumb":{"@id":"https:\/\/obender.eu\/en\/toode\/hearing-aid-battery-camelion-312-bl6-kopeeri\/#breadcrumb"},"inLanguage":"en-US","potentialAction":[{"@type":"ReadAction","target":["https:\/\/obender.eu\/en\/toode\/hearing-aid-battery-camelion-312-bl6-kopeeri\/"]}]},{"@type":"ImageObject","inLanguage":"en-US","@id":"https:\/\/obender.eu\/en\/toode\/hearing-aid-battery-camelion-312-bl6-kopeeri\/#primaryimage","url":"https:\/\/obender.eu\/wp-content\/uploads\/2024\/04\/4260030253975.jpg","contentUrl":"https:\/\/obender.eu\/wp-content\/uploads\/2024\/04\/4260030253975.jpg","width":1120,"height":1120},{"@type":"BreadcrumbList","@id":"https:\/\/obender.eu\/en\/toode\/hearing-aid-battery-camelion-312-bl6-kopeeri\/#breadcrumb","itemListElement":[{"@type":"ListItem","position":1,"name":"Home","item":"https:\/\/obender.eu\/en\/"},{"@type":"ListItem","position":2,"name":"Tooted","item":"https:\/\/www.obender.eu\/tooted\/"},{"@type":"ListItem","position":3,"name":"Hearing aid battery Camelion 13 BL6"}]},{"@type":"WebSite","@id":"https:\/\/www.obender.eu\/#website","url":"https:\/\/www.obender.eu\/","name":"Obender","description":"T\u00f6\u00f6stuskaupade hulgim\u00fc\u00fck","potentialAction":[{"@type":"SearchAction","target":{"@type":"EntryPoint","urlTemplate":"https:\/\/www.obender.eu\/?s={search_term_string}"},"query-input":{"@type":"PropertyValueSpecification","valueRequired":true,"valueName":"search_term_string"}}],"inLanguage":"en-US"}]}},"_links":{"self":[{"href":"https:\/\/obender.eu\/en\/wp-json\/wp\/v2\/product\/29051","targetHints":{"allow":["GET"]}}],"collection":[{"href":"https:\/\/obender.eu\/en\/wp-json\/wp\/v2\/product"}],"about":[{"href":"https:\/\/obender.eu\/en\/wp-json\/wp\/v2\/types\/product"}],"version-history":[{"count":1,"href":"https:\/\/obender.eu\/en\/wp-json\/wp\/v2\/product\/29051\/revisions"}],"predecessor-version":[{"id":29055,"href":"https:\/\/obender.eu\/en\/wp-json\/wp\/v2\/product\/29051\/revisions\/29055"}],"wp:featuredmedia":[{"embeddable":true,"href":"https:\/\/obender.eu\/en\/wp-json\/wp\/v2\/media\/29053"}],"wp:attachment":[{"href":"https:\/\/obender.eu\/en\/wp-json\/wp\/v2\/media?parent=29051"}],"wp:term":[{"taxonomy":"product_brand","embeddable":true,"href":"https:\/\/obender.eu\/en\/wp-json\/wp\/v2\/product_brand?post=29051"},{"taxonomy":"product_cat","embeddable":true,"href":"https:\/\/obender.eu\/en\/wp-json\/wp\/v2\/product_cat?post=29051"},{"taxonomy":"product_tag","embeddable":true,"href":"https:\/\/obender.eu\/en\/wp-json\/wp\/v2\/product_tag?post=29051"}],"curies":[{"name":"wp","href":"https:\/\/api.w.org\/{rel}","templated":true}]}}