{"id":29225,"date":"2024-04-19T01:23:05","date_gmt":"2024-04-18T22:23:05","guid":{"rendered":"https:\/\/obender.eu\/toode\/vererohuaparaat-esperanza-ardor\/"},"modified":"2026-04-10T00:01:51","modified_gmt":"2026-04-09T21:01:51","slug":"vererohuaparaat-esperanza-ardor","status":"publish","type":"product","link":"https:\/\/obender.eu\/en\/toode\/vererohuaparaat-esperanza-ardor\/","title":{"rendered":"Blood pressure monitor Esperanza Ardor"},"content":{"rendered":"<p>Blood pressure monitor Esperanza Ardor<\/p>\n<p>EAN: 5901299964262<\/p>\n<h2>Description<\/h2>\n<p>The stored records with date and time could help you monitor your blood pressure changes. This monitor is featured with the ultra slim design and large LCD display with accurate measurement display. Specialized in the function of detection of irregular heartbeat, Esperanza blood pressure monitor is your best daily family doctor.<\/p>\n<ul>\n<li>LCD Display size: 52\u00a0x 70 [mm]<\/li>\n<li>Product size: 126\u00a0x 130\u00a0x 50 [mm]<\/li>\n<li>Operating temperature: 5\u2103 ~ 40\u2103<\/li>\n<li>Operating humidity: 15% ~ 80% [RH]<\/li>\n<li>Storage and shipping temperature: -25\u2103 ~ 55\u2103<\/li>\n<li>Storage and shipping humidity: 10%\u00a0~ 93% [RH]<\/li>\n<li>Atmospheric pressure range\uff1a86 ~ 106 [kPa]<\/li>\n<li>Measuring method: oscillometric<\/li>\n<li>Pressure sensor: resistive<\/li>\n<li>Measuring range:\n<ul>\n<li>DIA: 40~ 190 [mmHg]<\/li>\n<li>SYS: 60~ 250 [mmHg]<\/li>\n<\/ul>\n<\/li>\n<li>Pulse: 40\u00a0~ 180 per minute<\/li>\n<li>Cuff pressure display range:290 mmHg<\/li>\n<li>Memory: automatically stores 90 measurements for 2 users (total 180 measurements)<\/li>\n<li>Measuring resolution: 1 mmHg<\/li>\n<li>Accuracy: pressure within &amp;plusmn; 3 mmHg \/ pulse &amp;plusmn; 5 % of the reading<\/li>\n<li>Power:\n<ul>\n<li>source A: 4 x AA batteries, 1.5 V (not included)<\/li>\n<li>source B: AC adapter (not included): Input: 220-240V, 50\/60 Hz &#8211;\u00a0Output: 5V DC 1A<\/li>\n<\/ul>\n<\/li>\n<li>USB &#8211; USB C cable 50 cm<\/li>\n<li>Cuff: 22~ 32 [cm]<\/li>\n<li>Automatically power off: after 60 seconds without operation<\/li>\n<\/ul>\n","protected":false},"excerpt":{"rendered":"<p>Blood pressure monitor Esperanza Ardor EAN: 5901299964262 Description The stored records with date and time could help you monitor your<\/p>\n","protected":false},"featured_media":29218,"template":"","meta":[],"product_brand":[],"product_cat":[380],"product_tag":[1574,461,1575],"class_list":{"0":"post-29225","1":"product","2":"type-product","3":"status-publish","4":"has-post-thumbnail","6":"product_cat-home-and-office-equipment","7":"product_tag-blood-pressure-en","8":"product_tag-esperanza-en","9":"product_tag-vererohuaparaat-en","11":"first","12":"instock","13":"taxable","14":"shipping-taxable","15":"purchasable","16":"product-type-simple"},"yoast_head":"<!-- This site is optimized with the Yoast SEO Premium plugin v20.0 (Yoast SEO v27.3) - https:\/\/yoast.com\/product\/yoast-seo-premium-wordpress\/ -->\n<title>Blood pressure monitor Esperanza Ardor - Obender<\/title>\n<meta name=\"robots\" content=\"index, follow, max-snippet:-1, max-image-preview:large, max-video-preview:-1\" \/>\n<link rel=\"canonical\" href=\"https:\/\/obender.eu\/toode\/vererohuaparaat-esperanza-ardor\/\" \/>\n<meta property=\"og:locale\" content=\"en_US\" \/>\n<meta property=\"og:type\" content=\"article\" \/>\n<meta property=\"og:title\" content=\"Blood pressure monitor Esperanza Ardor\" \/>\n<meta property=\"og:description\" content=\"Blood pressure monitor Esperanza Ardor EAN: 5901299964262 Description The stored records with date and time could help you monitor your\" \/>\n<meta property=\"og:url\" content=\"https:\/\/obender.eu\/toode\/vererohuaparaat-esperanza-ardor\/\" \/>\n<meta property=\"og:site_name\" content=\"Obender\" \/>\n<meta property=\"article:modified_time\" content=\"2026-04-09T21:01:51+00:00\" \/>\n<meta property=\"og:image\" content=\"https:\/\/obender.eu\/wp-content\/uploads\/2024\/04\/ECB004.jpg\" \/>\n\t<meta property=\"og:image:width\" content=\"800\" \/>\n\t<meta property=\"og:image:height\" content=\"800\" \/>\n\t<meta property=\"og:image:type\" content=\"image\/jpeg\" \/>\n<meta name=\"twitter:card\" content=\"summary_large_image\" \/>\n<meta name=\"twitter:label1\" content=\"Est. reading time\" \/>\n\t<meta name=\"twitter:data1\" content=\"2 minutes\" \/>\n<script type=\"application\/ld+json\" class=\"yoast-schema-graph\">{\"@context\":\"https:\\\/\\\/schema.org\",\"@graph\":[{\"@type\":\"WebPage\",\"@id\":\"https:\\\/\\\/obender.eu\\\/toode\\\/vererohuaparaat-esperanza-ardor\\\/\",\"url\":\"https:\\\/\\\/obender.eu\\\/toode\\\/vererohuaparaat-esperanza-ardor\\\/\",\"name\":\"Blood pressure monitor Esperanza Ardor - Obender\",\"isPartOf\":{\"@id\":\"https:\\\/\\\/www.obender.eu\\\/#website\"},\"primaryImageOfPage\":{\"@id\":\"https:\\\/\\\/obender.eu\\\/toode\\\/vererohuaparaat-esperanza-ardor\\\/#primaryimage\"},\"image\":{\"@id\":\"https:\\\/\\\/obender.eu\\\/toode\\\/vererohuaparaat-esperanza-ardor\\\/#primaryimage\"},\"thumbnailUrl\":\"https:\\\/\\\/obender.eu\\\/wp-content\\\/uploads\\\/2024\\\/04\\\/ECB004.jpg\",\"datePublished\":\"2024-04-18T22:23:05+00:00\",\"dateModified\":\"2026-04-09T21:01:51+00:00\",\"breadcrumb\":{\"@id\":\"https:\\\/\\\/obender.eu\\\/toode\\\/vererohuaparaat-esperanza-ardor\\\/#breadcrumb\"},\"inLanguage\":\"en-US\",\"potentialAction\":[{\"@type\":\"ReadAction\",\"target\":[\"https:\\\/\\\/obender.eu\\\/toode\\\/vererohuaparaat-esperanza-ardor\\\/\"]}]},{\"@type\":\"ImageObject\",\"inLanguage\":\"en-US\",\"@id\":\"https:\\\/\\\/obender.eu\\\/toode\\\/vererohuaparaat-esperanza-ardor\\\/#primaryimage\",\"url\":\"https:\\\/\\\/obender.eu\\\/wp-content\\\/uploads\\\/2024\\\/04\\\/ECB004.jpg\",\"contentUrl\":\"https:\\\/\\\/obender.eu\\\/wp-content\\\/uploads\\\/2024\\\/04\\\/ECB004.jpg\",\"width\":800,\"height\":800},{\"@type\":\"BreadcrumbList\",\"@id\":\"https:\\\/\\\/obender.eu\\\/toode\\\/vererohuaparaat-esperanza-ardor\\\/#breadcrumb\",\"itemListElement\":[{\"@type\":\"ListItem\",\"position\":1,\"name\":\"Home\",\"item\":\"https:\\\/\\\/obender.eu\\\/en\\\/\"},{\"@type\":\"ListItem\",\"position\":2,\"name\":\"Tooted\",\"item\":\"https:\\\/\\\/www.obender.eu\\\/tooted\\\/\"},{\"@type\":\"ListItem\",\"position\":3,\"name\":\"Blood pressure monitor Esperanza Ardor\"}]},{\"@type\":\"WebSite\",\"@id\":\"https:\\\/\\\/www.obender.eu\\\/#website\",\"url\":\"https:\\\/\\\/www.obender.eu\\\/\",\"name\":\"Obender\",\"description\":\"T\u00f6\u00f6stuskaupade hulgim\u00fc\u00fck\",\"potentialAction\":[{\"@type\":\"SearchAction\",\"target\":{\"@type\":\"EntryPoint\",\"urlTemplate\":\"https:\\\/\\\/www.obender.eu\\\/?s={search_term_string}\"},\"query-input\":{\"@type\":\"PropertyValueSpecification\",\"valueRequired\":true,\"valueName\":\"search_term_string\"}}],\"inLanguage\":\"en-US\"}]}<\/script>\n<!-- \/ Yoast SEO Premium plugin. -->","yoast_head_json":{"title":"Blood pressure monitor Esperanza Ardor - Obender","robots":{"index":"index","follow":"follow","max-snippet":"max-snippet:-1","max-image-preview":"max-image-preview:large","max-video-preview":"max-video-preview:-1"},"canonical":"https:\/\/obender.eu\/toode\/vererohuaparaat-esperanza-ardor\/","og_locale":"en_US","og_type":"article","og_title":"Blood pressure monitor Esperanza Ardor","og_description":"Blood pressure monitor Esperanza Ardor EAN: 5901299964262 Description The stored records with date and time could help you monitor your","og_url":"https:\/\/obender.eu\/toode\/vererohuaparaat-esperanza-ardor\/","og_site_name":"Obender","article_modified_time":"2026-04-09T21:01:51+00:00","og_image":[{"width":800,"height":800,"url":"https:\/\/obender.eu\/wp-content\/uploads\/2024\/04\/ECB004.jpg","type":"image\/jpeg"}],"twitter_card":"summary_large_image","twitter_misc":{"Est. reading time":"2 minutes"},"schema":{"@context":"https:\/\/schema.org","@graph":[{"@type":"WebPage","@id":"https:\/\/obender.eu\/toode\/vererohuaparaat-esperanza-ardor\/","url":"https:\/\/obender.eu\/toode\/vererohuaparaat-esperanza-ardor\/","name":"Blood pressure monitor Esperanza Ardor - Obender","isPartOf":{"@id":"https:\/\/www.obender.eu\/#website"},"primaryImageOfPage":{"@id":"https:\/\/obender.eu\/toode\/vererohuaparaat-esperanza-ardor\/#primaryimage"},"image":{"@id":"https:\/\/obender.eu\/toode\/vererohuaparaat-esperanza-ardor\/#primaryimage"},"thumbnailUrl":"https:\/\/obender.eu\/wp-content\/uploads\/2024\/04\/ECB004.jpg","datePublished":"2024-04-18T22:23:05+00:00","dateModified":"2026-04-09T21:01:51+00:00","breadcrumb":{"@id":"https:\/\/obender.eu\/toode\/vererohuaparaat-esperanza-ardor\/#breadcrumb"},"inLanguage":"en-US","potentialAction":[{"@type":"ReadAction","target":["https:\/\/obender.eu\/toode\/vererohuaparaat-esperanza-ardor\/"]}]},{"@type":"ImageObject","inLanguage":"en-US","@id":"https:\/\/obender.eu\/toode\/vererohuaparaat-esperanza-ardor\/#primaryimage","url":"https:\/\/obender.eu\/wp-content\/uploads\/2024\/04\/ECB004.jpg","contentUrl":"https:\/\/obender.eu\/wp-content\/uploads\/2024\/04\/ECB004.jpg","width":800,"height":800},{"@type":"BreadcrumbList","@id":"https:\/\/obender.eu\/toode\/vererohuaparaat-esperanza-ardor\/#breadcrumb","itemListElement":[{"@type":"ListItem","position":1,"name":"Home","item":"https:\/\/obender.eu\/en\/"},{"@type":"ListItem","position":2,"name":"Tooted","item":"https:\/\/www.obender.eu\/tooted\/"},{"@type":"ListItem","position":3,"name":"Blood pressure monitor Esperanza Ardor"}]},{"@type":"WebSite","@id":"https:\/\/www.obender.eu\/#website","url":"https:\/\/www.obender.eu\/","name":"Obender","description":"T\u00f6\u00f6stuskaupade hulgim\u00fc\u00fck","potentialAction":[{"@type":"SearchAction","target":{"@type":"EntryPoint","urlTemplate":"https:\/\/www.obender.eu\/?s={search_term_string}"},"query-input":{"@type":"PropertyValueSpecification","valueRequired":true,"valueName":"search_term_string"}}],"inLanguage":"en-US"}]}},"_links":{"self":[{"href":"https:\/\/obender.eu\/en\/wp-json\/wp\/v2\/product\/29225","targetHints":{"allow":["GET"]}}],"collection":[{"href":"https:\/\/obender.eu\/en\/wp-json\/wp\/v2\/product"}],"about":[{"href":"https:\/\/obender.eu\/en\/wp-json\/wp\/v2\/types\/product"}],"version-history":[{"count":1,"href":"https:\/\/obender.eu\/en\/wp-json\/wp\/v2\/product\/29225\/revisions"}],"predecessor-version":[{"id":29226,"href":"https:\/\/obender.eu\/en\/wp-json\/wp\/v2\/product\/29225\/revisions\/29226"}],"wp:featuredmedia":[{"embeddable":true,"href":"https:\/\/obender.eu\/en\/wp-json\/wp\/v2\/media\/29218"}],"wp:attachment":[{"href":"https:\/\/obender.eu\/en\/wp-json\/wp\/v2\/media?parent=29225"}],"wp:term":[{"taxonomy":"product_brand","embeddable":true,"href":"https:\/\/obender.eu\/en\/wp-json\/wp\/v2\/product_brand?post=29225"},{"taxonomy":"product_cat","embeddable":true,"href":"https:\/\/obender.eu\/en\/wp-json\/wp\/v2\/product_cat?post=29225"},{"taxonomy":"product_tag","embeddable":true,"href":"https:\/\/obender.eu\/en\/wp-json\/wp\/v2\/product_tag?post=29225"}],"curies":[{"name":"wp","href":"https:\/\/api.w.org\/{rel}","templated":true}]}}