{"id":29238,"date":"2024-04-19T01:36:37","date_gmt":"2024-04-18T22:36:37","guid":{"rendered":"https:\/\/obender.eu\/?post_type=product&#038;p=29238"},"modified":"2026-04-09T21:02:10","modified_gmt":"2026-04-09T18:02:10","slug":"blood-pressure-monitor-esperanza-stamina-kopeeri","status":"publish","type":"product","link":"https:\/\/obender.eu\/en\/toode\/blood-pressure-monitor-esperanza-stamina-kopeeri\/","title":{"rendered":"Blood pressure monitor Platinet"},"content":{"rendered":"<p>Blood pressure monitor Platinet PBPMKD558<\/p>\n<p>EAN: 5907595421706<\/p>\n<h2 class=\"section-title\">Description<\/h2>\n<div class=\"inner-clear\">\n<p>The PLATINET PBPMKD558 arm blood pressure monitor is a modern, fully automatic device using advanced technology, which makes the measurements very precise.<\/p>\n<p><b>MOST IMPORTANT FUNCTIONS<\/b><\/p>\n<p>Detection of arrhythmia symptoms<br \/>\nFast, blood pressure and pulse measurement<br \/>\nTwo measuring channels for two people<br \/>\nMemory of 2&#215;60 results along with the time and date of measurement<br \/>\nGuaranteed accuracy thanks to advanced technology<br \/>\nEasy to read results visible on the large LCD display<br \/>\nSimple measurement at the touch of a button<br \/>\nCuff with a circumference of 30-42 cm (11 13\/16 &#8220;~ 16 17\/32)<br \/>\nBatteries included<b><\/b><\/p>\n<p>INTUITIVE SERVICE<\/p>\n<p>The ease of use of the PBPMKD558 pressure gauge makes it a device dedicated to both older and younger members of the family &#8211; everyone can handle it.<b><\/b><\/p>\n<p>PRESSURE ANALYSIS AND MEMORY OF RESULTS<\/p>\n<p>The pressure gauge has two independent measuring channels, thanks to which it is possible to register 60 results separately for two people once with the time and date of measurement.<br \/>\nThe device analyzes the measurement and informs you whether the pressure is correct, too low or elevated.<b><\/b><\/p>\n<p>QUICK START<\/p>\n<p>Rest for 5 minutes before measuring your blood pressure<br \/>\nSit down and put your left hand in front of you on a flat surface such as a desk or table<br \/>\nPut on the arm cuff, 1-2 cm above the elbow joint<br \/>\nPlace the cuff on the same level as the heart<br \/>\nFasten the cuff around the arm tightly<br \/>\nDo not move your arm when measuring pressure<br \/>\nMeasure blood pressure on the same arm<br \/>\nMeasure blood pressure at a constant time each day.<b><\/b><\/p>\n<p><em>Guidelines from the Blood Pressure Classification Chart issued by the World Health Organization (WHO).<\/em><\/p>\n<\/div>\n","protected":false},"excerpt":{"rendered":"<p>Blood pressure monitor Platinet PBPMKD558 EAN: 5907595421706 Description The PLATINET PBPMKD558 arm blood pressure monitor is a modern, fully automatic<\/p>\n","protected":false},"featured_media":29240,"template":"","meta":[],"product_brand":[],"product_cat":[380],"product_tag":[1574,461,1575],"class_list":{"0":"post-29238","1":"product","2":"type-product","3":"status-publish","4":"has-post-thumbnail","6":"product_cat-home-and-office-equipment","7":"product_tag-blood-pressure-en","8":"product_tag-esperanza-en","9":"product_tag-vererohuaparaat-en","11":"first","12":"instock","13":"taxable","14":"shipping-taxable","15":"purchasable","16":"product-type-simple"},"yoast_head":"<!-- This site is optimized with the Yoast SEO Premium plugin v20.0 (Yoast SEO v27.3) - https:\/\/yoast.com\/product\/yoast-seo-premium-wordpress\/ -->\n<title>Blood pressure monitor Platinet - Obender<\/title>\n<meta name=\"robots\" content=\"index, follow, max-snippet:-1, max-image-preview:large, max-video-preview:-1\" \/>\n<link rel=\"canonical\" href=\"https:\/\/obender.eu\/toode\/vererohuaparaat-platinet\/\" \/>\n<meta property=\"og:locale\" content=\"en_US\" \/>\n<meta property=\"og:type\" content=\"article\" \/>\n<meta property=\"og:title\" content=\"Blood pressure monitor Platinet\" \/>\n<meta property=\"og:description\" content=\"Blood pressure monitor Platinet PBPMKD558 EAN: 5907595421706 Description The PLATINET PBPMKD558 arm blood pressure monitor is a modern, fully automatic\" \/>\n<meta property=\"og:url\" content=\"https:\/\/obender.eu\/toode\/vererohuaparaat-platinet\/\" \/>\n<meta property=\"og:site_name\" content=\"Obender\" \/>\n<meta property=\"article:modified_time\" content=\"2026-04-09T18:02:10+00:00\" \/>\n<meta property=\"og:image\" content=\"https:\/\/obender.eu\/wp-content\/uploads\/2024\/04\/PBPMKD558.jpg\" \/>\n\t<meta property=\"og:image:width\" content=\"500\" \/>\n\t<meta property=\"og:image:height\" content=\"500\" \/>\n\t<meta property=\"og:image:type\" content=\"image\/jpeg\" \/>\n<meta name=\"twitter:card\" content=\"summary_large_image\" \/>\n<meta name=\"twitter:label1\" content=\"Est. reading time\" \/>\n\t<meta name=\"twitter:data1\" content=\"2 minutes\" \/>\n<script type=\"application\/ld+json\" class=\"yoast-schema-graph\">{\"@context\":\"https:\\\/\\\/schema.org\",\"@graph\":[{\"@type\":\"WebPage\",\"@id\":\"https:\\\/\\\/obender.eu\\\/toode\\\/vererohuaparaat-platinet\\\/\",\"url\":\"https:\\\/\\\/obender.eu\\\/toode\\\/vererohuaparaat-platinet\\\/\",\"name\":\"Blood pressure monitor Platinet - Obender\",\"isPartOf\":{\"@id\":\"https:\\\/\\\/www.obender.eu\\\/#website\"},\"primaryImageOfPage\":{\"@id\":\"https:\\\/\\\/obender.eu\\\/toode\\\/vererohuaparaat-platinet\\\/#primaryimage\"},\"image\":{\"@id\":\"https:\\\/\\\/obender.eu\\\/toode\\\/vererohuaparaat-platinet\\\/#primaryimage\"},\"thumbnailUrl\":\"https:\\\/\\\/obender.eu\\\/wp-content\\\/uploads\\\/2024\\\/04\\\/PBPMKD558.jpg\",\"datePublished\":\"2024-04-18T22:36:37+00:00\",\"dateModified\":\"2026-04-09T18:02:10+00:00\",\"breadcrumb\":{\"@id\":\"https:\\\/\\\/obender.eu\\\/toode\\\/vererohuaparaat-platinet\\\/#breadcrumb\"},\"inLanguage\":\"en-US\",\"potentialAction\":[{\"@type\":\"ReadAction\",\"target\":[\"https:\\\/\\\/obender.eu\\\/toode\\\/vererohuaparaat-platinet\\\/\"]}]},{\"@type\":\"ImageObject\",\"inLanguage\":\"en-US\",\"@id\":\"https:\\\/\\\/obender.eu\\\/toode\\\/vererohuaparaat-platinet\\\/#primaryimage\",\"url\":\"https:\\\/\\\/obender.eu\\\/wp-content\\\/uploads\\\/2024\\\/04\\\/PBPMKD558.jpg\",\"contentUrl\":\"https:\\\/\\\/obender.eu\\\/wp-content\\\/uploads\\\/2024\\\/04\\\/PBPMKD558.jpg\",\"width\":500,\"height\":500},{\"@type\":\"BreadcrumbList\",\"@id\":\"https:\\\/\\\/obender.eu\\\/toode\\\/vererohuaparaat-platinet\\\/#breadcrumb\",\"itemListElement\":[{\"@type\":\"ListItem\",\"position\":1,\"name\":\"Home\",\"item\":\"https:\\\/\\\/obender.eu\\\/en\\\/\"},{\"@type\":\"ListItem\",\"position\":2,\"name\":\"Tooted\",\"item\":\"https:\\\/\\\/www.obender.eu\\\/tooted\\\/\"},{\"@type\":\"ListItem\",\"position\":3,\"name\":\"Blood pressure monitor Platinet\"}]},{\"@type\":\"WebSite\",\"@id\":\"https:\\\/\\\/www.obender.eu\\\/#website\",\"url\":\"https:\\\/\\\/www.obender.eu\\\/\",\"name\":\"Obender\",\"description\":\"T\u00f6\u00f6stuskaupade hulgim\u00fc\u00fck\",\"potentialAction\":[{\"@type\":\"SearchAction\",\"target\":{\"@type\":\"EntryPoint\",\"urlTemplate\":\"https:\\\/\\\/www.obender.eu\\\/?s={search_term_string}\"},\"query-input\":{\"@type\":\"PropertyValueSpecification\",\"valueRequired\":true,\"valueName\":\"search_term_string\"}}],\"inLanguage\":\"en-US\"}]}<\/script>\n<!-- \/ Yoast SEO Premium plugin. -->","yoast_head_json":{"title":"Blood pressure monitor Platinet - Obender","robots":{"index":"index","follow":"follow","max-snippet":"max-snippet:-1","max-image-preview":"max-image-preview:large","max-video-preview":"max-video-preview:-1"},"canonical":"https:\/\/obender.eu\/toode\/vererohuaparaat-platinet\/","og_locale":"en_US","og_type":"article","og_title":"Blood pressure monitor Platinet","og_description":"Blood pressure monitor Platinet PBPMKD558 EAN: 5907595421706 Description The PLATINET PBPMKD558 arm blood pressure monitor is a modern, fully automatic","og_url":"https:\/\/obender.eu\/toode\/vererohuaparaat-platinet\/","og_site_name":"Obender","article_modified_time":"2026-04-09T18:02:10+00:00","og_image":[{"width":500,"height":500,"url":"https:\/\/obender.eu\/wp-content\/uploads\/2024\/04\/PBPMKD558.jpg","type":"image\/jpeg"}],"twitter_card":"summary_large_image","twitter_misc":{"Est. reading time":"2 minutes"},"schema":{"@context":"https:\/\/schema.org","@graph":[{"@type":"WebPage","@id":"https:\/\/obender.eu\/toode\/vererohuaparaat-platinet\/","url":"https:\/\/obender.eu\/toode\/vererohuaparaat-platinet\/","name":"Blood pressure monitor Platinet - Obender","isPartOf":{"@id":"https:\/\/www.obender.eu\/#website"},"primaryImageOfPage":{"@id":"https:\/\/obender.eu\/toode\/vererohuaparaat-platinet\/#primaryimage"},"image":{"@id":"https:\/\/obender.eu\/toode\/vererohuaparaat-platinet\/#primaryimage"},"thumbnailUrl":"https:\/\/obender.eu\/wp-content\/uploads\/2024\/04\/PBPMKD558.jpg","datePublished":"2024-04-18T22:36:37+00:00","dateModified":"2026-04-09T18:02:10+00:00","breadcrumb":{"@id":"https:\/\/obender.eu\/toode\/vererohuaparaat-platinet\/#breadcrumb"},"inLanguage":"en-US","potentialAction":[{"@type":"ReadAction","target":["https:\/\/obender.eu\/toode\/vererohuaparaat-platinet\/"]}]},{"@type":"ImageObject","inLanguage":"en-US","@id":"https:\/\/obender.eu\/toode\/vererohuaparaat-platinet\/#primaryimage","url":"https:\/\/obender.eu\/wp-content\/uploads\/2024\/04\/PBPMKD558.jpg","contentUrl":"https:\/\/obender.eu\/wp-content\/uploads\/2024\/04\/PBPMKD558.jpg","width":500,"height":500},{"@type":"BreadcrumbList","@id":"https:\/\/obender.eu\/toode\/vererohuaparaat-platinet\/#breadcrumb","itemListElement":[{"@type":"ListItem","position":1,"name":"Home","item":"https:\/\/obender.eu\/en\/"},{"@type":"ListItem","position":2,"name":"Tooted","item":"https:\/\/www.obender.eu\/tooted\/"},{"@type":"ListItem","position":3,"name":"Blood pressure monitor Platinet"}]},{"@type":"WebSite","@id":"https:\/\/www.obender.eu\/#website","url":"https:\/\/www.obender.eu\/","name":"Obender","description":"T\u00f6\u00f6stuskaupade hulgim\u00fc\u00fck","potentialAction":[{"@type":"SearchAction","target":{"@type":"EntryPoint","urlTemplate":"https:\/\/www.obender.eu\/?s={search_term_string}"},"query-input":{"@type":"PropertyValueSpecification","valueRequired":true,"valueName":"search_term_string"}}],"inLanguage":"en-US"}]}},"_links":{"self":[{"href":"https:\/\/obender.eu\/en\/wp-json\/wp\/v2\/product\/29238","targetHints":{"allow":["GET"]}}],"collection":[{"href":"https:\/\/obender.eu\/en\/wp-json\/wp\/v2\/product"}],"about":[{"href":"https:\/\/obender.eu\/en\/wp-json\/wp\/v2\/types\/product"}],"version-history":[{"count":1,"href":"https:\/\/obender.eu\/en\/wp-json\/wp\/v2\/product\/29238\/revisions"}],"predecessor-version":[{"id":29244,"href":"https:\/\/obender.eu\/en\/wp-json\/wp\/v2\/product\/29238\/revisions\/29244"}],"wp:featuredmedia":[{"embeddable":true,"href":"https:\/\/obender.eu\/en\/wp-json\/wp\/v2\/media\/29240"}],"wp:attachment":[{"href":"https:\/\/obender.eu\/en\/wp-json\/wp\/v2\/media?parent=29238"}],"wp:term":[{"taxonomy":"product_brand","embeddable":true,"href":"https:\/\/obender.eu\/en\/wp-json\/wp\/v2\/product_brand?post=29238"},{"taxonomy":"product_cat","embeddable":true,"href":"https:\/\/obender.eu\/en\/wp-json\/wp\/v2\/product_cat?post=29238"},{"taxonomy":"product_tag","embeddable":true,"href":"https:\/\/obender.eu\/en\/wp-json\/wp\/v2\/product_tag?post=29238"}],"curies":[{"name":"wp","href":"https:\/\/api.w.org\/{rel}","templated":true}]}}