{"id":29299,"date":"2024-04-26T22:16:57","date_gmt":"2024-04-26T19:16:58","guid":{"rendered":"https:\/\/obender.eu\/?post_type=product&#038;p=29299"},"modified":"2026-04-09T22:00:39","modified_gmt":"2026-04-09T19:00:39","slug":"cylinder-lock-euro-60mm-with-5-keys-kopeeri","status":"publish","type":"product","link":"https:\/\/obender.eu\/en\/toode\/cylinder-lock-euro-60mm-with-5-keys-kopeeri\/","title":{"rendered":"Cylinder lock Euro 60mm with knob and 5 keys"},"content":{"rendered":"<p>Cylinder lock Euro 30\/30<\/p>\n<p>B-Safe B34911<\/p>\n<p>EAN: 4250293349119<\/p>\n<p>5 keys included<\/p>\n<p>German standard<\/p>\n<p>Suitable for indoor and outdoor use<\/p>\n<p>Lock opening from inside with knob<\/p>\n","protected":false},"excerpt":{"rendered":"<p>Cylinder lock Euro 30\/30 B-Safe B34911 EAN: 4250293349119 5 keys included German standard Suitable for indoor and outdoor use Lock<\/p>\n","protected":false},"featured_media":29303,"template":"","meta":[],"product_brand":[],"product_cat":[279,277],"product_tag":[1588,1586],"class_list":{"0":"post-29299","1":"product","2":"type-product","3":"status-publish","4":"has-post-thumbnail","6":"product_cat-lock-cores","7":"product_cat-locks","8":"product_tag-cylinder-lock-en","9":"product_tag-lukusudamik-en","11":"first","12":"instock","13":"taxable","14":"shipping-taxable","15":"purchasable","16":"product-type-simple"},"yoast_head":"<!-- This site is optimized with the Yoast SEO Premium plugin v20.0 (Yoast SEO v27.3) - https:\/\/yoast.com\/product\/yoast-seo-premium-wordpress\/ -->\n<title>Cylinder lock Euro 60mm with knob and 5 keys - Obender<\/title>\n<meta name=\"robots\" content=\"index, follow, max-snippet:-1, max-image-preview:large, max-video-preview:-1\" \/>\n<link rel=\"canonical\" href=\"https:\/\/obender.eu\/toode\/lukusudamik-euro-60mm-liblikaga-5-votmega\/\" \/>\n<meta property=\"og:locale\" content=\"en_US\" \/>\n<meta property=\"og:type\" content=\"article\" \/>\n<meta property=\"og:title\" content=\"Cylinder lock Euro 60mm with knob and 5 keys\" \/>\n<meta property=\"og:description\" content=\"Cylinder lock Euro 30\/30 B-Safe B34911 EAN: 4250293349119 5 keys included German standard Suitable for indoor and outdoor use Lock\" \/>\n<meta property=\"og:url\" content=\"https:\/\/obender.eu\/toode\/lukusudamik-euro-60mm-liblikaga-5-votmega\/\" \/>\n<meta property=\"og:site_name\" content=\"Obender\" \/>\n<meta property=\"article:modified_time\" content=\"2026-04-09T19:00:39+00:00\" \/>\n<meta property=\"og:image\" content=\"https:\/\/obender.eu\/wp-content\/uploads\/2024\/04\/B34911.jpg\" \/>\n\t<meta property=\"og:image:width\" content=\"800\" \/>\n\t<meta property=\"og:image:height\" content=\"800\" \/>\n\t<meta property=\"og:image:type\" content=\"image\/jpeg\" \/>\n<meta name=\"twitter:card\" content=\"summary_large_image\" \/>\n<meta name=\"twitter:label1\" content=\"Est. reading time\" \/>\n\t<meta name=\"twitter:data1\" content=\"1 minute\" \/>\n<script type=\"application\/ld+json\" class=\"yoast-schema-graph\">{\"@context\":\"https:\\\/\\\/schema.org\",\"@graph\":[{\"@type\":\"WebPage\",\"@id\":\"https:\\\/\\\/obender.eu\\\/toode\\\/lukusudamik-euro-60mm-liblikaga-5-votmega\\\/\",\"url\":\"https:\\\/\\\/obender.eu\\\/toode\\\/lukusudamik-euro-60mm-liblikaga-5-votmega\\\/\",\"name\":\"Cylinder lock Euro 60mm with knob and 5 keys - Obender\",\"isPartOf\":{\"@id\":\"https:\\\/\\\/www.obender.eu\\\/#website\"},\"primaryImageOfPage\":{\"@id\":\"https:\\\/\\\/obender.eu\\\/toode\\\/lukusudamik-euro-60mm-liblikaga-5-votmega\\\/#primaryimage\"},\"image\":{\"@id\":\"https:\\\/\\\/obender.eu\\\/toode\\\/lukusudamik-euro-60mm-liblikaga-5-votmega\\\/#primaryimage\"},\"thumbnailUrl\":\"https:\\\/\\\/obender.eu\\\/wp-content\\\/uploads\\\/2024\\\/04\\\/B34911.jpg\",\"datePublished\":\"2024-04-26T19:16:58+00:00\",\"dateModified\":\"2026-04-09T19:00:39+00:00\",\"breadcrumb\":{\"@id\":\"https:\\\/\\\/obender.eu\\\/toode\\\/lukusudamik-euro-60mm-liblikaga-5-votmega\\\/#breadcrumb\"},\"inLanguage\":\"en-US\",\"potentialAction\":[{\"@type\":\"ReadAction\",\"target\":[\"https:\\\/\\\/obender.eu\\\/toode\\\/lukusudamik-euro-60mm-liblikaga-5-votmega\\\/\"]}]},{\"@type\":\"ImageObject\",\"inLanguage\":\"en-US\",\"@id\":\"https:\\\/\\\/obender.eu\\\/toode\\\/lukusudamik-euro-60mm-liblikaga-5-votmega\\\/#primaryimage\",\"url\":\"https:\\\/\\\/obender.eu\\\/wp-content\\\/uploads\\\/2024\\\/04\\\/B34911.jpg\",\"contentUrl\":\"https:\\\/\\\/obender.eu\\\/wp-content\\\/uploads\\\/2024\\\/04\\\/B34911.jpg\",\"width\":800,\"height\":800},{\"@type\":\"BreadcrumbList\",\"@id\":\"https:\\\/\\\/obender.eu\\\/toode\\\/lukusudamik-euro-60mm-liblikaga-5-votmega\\\/#breadcrumb\",\"itemListElement\":[{\"@type\":\"ListItem\",\"position\":1,\"name\":\"Home\",\"item\":\"https:\\\/\\\/obender.eu\\\/en\\\/\"},{\"@type\":\"ListItem\",\"position\":2,\"name\":\"Tooted\",\"item\":\"https:\\\/\\\/www.obender.eu\\\/tooted\\\/\"},{\"@type\":\"ListItem\",\"position\":3,\"name\":\"Cylinder lock Euro 60mm with knob and 5 keys\"}]},{\"@type\":\"WebSite\",\"@id\":\"https:\\\/\\\/www.obender.eu\\\/#website\",\"url\":\"https:\\\/\\\/www.obender.eu\\\/\",\"name\":\"Obender\",\"description\":\"T\u00f6\u00f6stuskaupade hulgim\u00fc\u00fck\",\"potentialAction\":[{\"@type\":\"SearchAction\",\"target\":{\"@type\":\"EntryPoint\",\"urlTemplate\":\"https:\\\/\\\/www.obender.eu\\\/?s={search_term_string}\"},\"query-input\":{\"@type\":\"PropertyValueSpecification\",\"valueRequired\":true,\"valueName\":\"search_term_string\"}}],\"inLanguage\":\"en-US\"}]}<\/script>\n<!-- \/ Yoast SEO Premium plugin. -->","yoast_head_json":{"title":"Cylinder lock Euro 60mm with knob and 5 keys - Obender","robots":{"index":"index","follow":"follow","max-snippet":"max-snippet:-1","max-image-preview":"max-image-preview:large","max-video-preview":"max-video-preview:-1"},"canonical":"https:\/\/obender.eu\/toode\/lukusudamik-euro-60mm-liblikaga-5-votmega\/","og_locale":"en_US","og_type":"article","og_title":"Cylinder lock Euro 60mm with knob and 5 keys","og_description":"Cylinder lock Euro 30\/30 B-Safe B34911 EAN: 4250293349119 5 keys included German standard Suitable for indoor and outdoor use Lock","og_url":"https:\/\/obender.eu\/toode\/lukusudamik-euro-60mm-liblikaga-5-votmega\/","og_site_name":"Obender","article_modified_time":"2026-04-09T19:00:39+00:00","og_image":[{"width":800,"height":800,"url":"https:\/\/obender.eu\/wp-content\/uploads\/2024\/04\/B34911.jpg","type":"image\/jpeg"}],"twitter_card":"summary_large_image","twitter_misc":{"Est. reading time":"1 minute"},"schema":{"@context":"https:\/\/schema.org","@graph":[{"@type":"WebPage","@id":"https:\/\/obender.eu\/toode\/lukusudamik-euro-60mm-liblikaga-5-votmega\/","url":"https:\/\/obender.eu\/toode\/lukusudamik-euro-60mm-liblikaga-5-votmega\/","name":"Cylinder lock Euro 60mm with knob and 5 keys - Obender","isPartOf":{"@id":"https:\/\/www.obender.eu\/#website"},"primaryImageOfPage":{"@id":"https:\/\/obender.eu\/toode\/lukusudamik-euro-60mm-liblikaga-5-votmega\/#primaryimage"},"image":{"@id":"https:\/\/obender.eu\/toode\/lukusudamik-euro-60mm-liblikaga-5-votmega\/#primaryimage"},"thumbnailUrl":"https:\/\/obender.eu\/wp-content\/uploads\/2024\/04\/B34911.jpg","datePublished":"2024-04-26T19:16:58+00:00","dateModified":"2026-04-09T19:00:39+00:00","breadcrumb":{"@id":"https:\/\/obender.eu\/toode\/lukusudamik-euro-60mm-liblikaga-5-votmega\/#breadcrumb"},"inLanguage":"en-US","potentialAction":[{"@type":"ReadAction","target":["https:\/\/obender.eu\/toode\/lukusudamik-euro-60mm-liblikaga-5-votmega\/"]}]},{"@type":"ImageObject","inLanguage":"en-US","@id":"https:\/\/obender.eu\/toode\/lukusudamik-euro-60mm-liblikaga-5-votmega\/#primaryimage","url":"https:\/\/obender.eu\/wp-content\/uploads\/2024\/04\/B34911.jpg","contentUrl":"https:\/\/obender.eu\/wp-content\/uploads\/2024\/04\/B34911.jpg","width":800,"height":800},{"@type":"BreadcrumbList","@id":"https:\/\/obender.eu\/toode\/lukusudamik-euro-60mm-liblikaga-5-votmega\/#breadcrumb","itemListElement":[{"@type":"ListItem","position":1,"name":"Home","item":"https:\/\/obender.eu\/en\/"},{"@type":"ListItem","position":2,"name":"Tooted","item":"https:\/\/www.obender.eu\/tooted\/"},{"@type":"ListItem","position":3,"name":"Cylinder lock Euro 60mm with knob and 5 keys"}]},{"@type":"WebSite","@id":"https:\/\/www.obender.eu\/#website","url":"https:\/\/www.obender.eu\/","name":"Obender","description":"T\u00f6\u00f6stuskaupade hulgim\u00fc\u00fck","potentialAction":[{"@type":"SearchAction","target":{"@type":"EntryPoint","urlTemplate":"https:\/\/www.obender.eu\/?s={search_term_string}"},"query-input":{"@type":"PropertyValueSpecification","valueRequired":true,"valueName":"search_term_string"}}],"inLanguage":"en-US"}]}},"_links":{"self":[{"href":"https:\/\/obender.eu\/en\/wp-json\/wp\/v2\/product\/29299","targetHints":{"allow":["GET"]}}],"collection":[{"href":"https:\/\/obender.eu\/en\/wp-json\/wp\/v2\/product"}],"about":[{"href":"https:\/\/obender.eu\/en\/wp-json\/wp\/v2\/types\/product"}],"version-history":[{"count":1,"href":"https:\/\/obender.eu\/en\/wp-json\/wp\/v2\/product\/29299\/revisions"}],"predecessor-version":[{"id":29307,"href":"https:\/\/obender.eu\/en\/wp-json\/wp\/v2\/product\/29299\/revisions\/29307"}],"wp:featuredmedia":[{"embeddable":true,"href":"https:\/\/obender.eu\/en\/wp-json\/wp\/v2\/media\/29303"}],"wp:attachment":[{"href":"https:\/\/obender.eu\/en\/wp-json\/wp\/v2\/media?parent=29299"}],"wp:term":[{"taxonomy":"product_brand","embeddable":true,"href":"https:\/\/obender.eu\/en\/wp-json\/wp\/v2\/product_brand?post=29299"},{"taxonomy":"product_cat","embeddable":true,"href":"https:\/\/obender.eu\/en\/wp-json\/wp\/v2\/product_cat?post=29299"},{"taxonomy":"product_tag","embeddable":true,"href":"https:\/\/obender.eu\/en\/wp-json\/wp\/v2\/product_tag?post=29299"}],"curies":[{"name":"wp","href":"https:\/\/api.w.org\/{rel}","templated":true}]}}