{"id":29365,"date":"2024-05-08T11:30:00","date_gmt":"2024-05-08T08:30:00","guid":{"rendered":"https:\/\/obender.eu\/?post_type=product&#038;p=29365"},"modified":"2026-04-21T23:01:37","modified_gmt":"2026-04-21T20:01:37","slug":"dragon-contact-power-gel-glue-20ml-kopeeri","status":"publish","type":"product","link":"https:\/\/obender.eu\/en\/toode\/dragon-contact-power-gel-glue-20ml-kopeeri\/","title":{"rendered":"Dragon Enamel Fix 25ml"},"content":{"rendered":"<p>Dragon Enamel Fix DEZ025<\/p>\n<p>EAN: 5903649076663, 5903649091697<\/p>\n<p>Color: white.<\/p>\n<p><span class=\"fontstyle0\">Enamel Fix able to repair and restore damaged baths, sanitaryware and kitchen appliances by making near invisible and permanent repairs to chips and scratches.<\/span><\/p>\n<p><span class=\"fontstyle0\">This white enamel paint has been specially designed to give a durable and long-lasting gloss finish on a range of surfaces.<\/span><\/p>\n<p><span class=\"fontstyle0\">Product designed to repair small defects and cracks on enamel surfaces: bathtubs <\/span><span class=\"fontstyle0\">| <\/span><span class=\"fontstyle0\">paddling pools <\/span><span class=\"fontstyle0\">| <\/span><span class=\"fontstyle0\">washing machines <\/span><span class=\"fontstyle0\">| <\/span><span class=\"fontstyle0\">refrigerator <\/span><span class=\"fontstyle0\">stoves and etc.<\/span><\/p>\n","protected":false},"excerpt":{"rendered":"<p>Dragon Enamel Fix DEZ025 EAN: 5903649076663, 5903649091697 Color: white. Enamel Fix able to repair and restore damaged baths, sanitaryware and<\/p>\n","protected":false},"featured_media":29368,"template":"","meta":[],"product_brand":[],"product_cat":[275,270,380],"product_tag":[1601,1607,1608,1759],"class_list":{"0":"post-29365","1":"product","2":"type-product","3":"status-publish","4":"has-post-thumbnail","6":"product_cat-adhesives","7":"product_cat-chemical-products","8":"product_cat-home-and-office-equipment","9":"product_tag-dragon-en","10":"product_tag-email-en","11":"product_tag-enamel-en","12":"product_tag-enamel-fixator","14":"first","15":"instock","16":"taxable","17":"shipping-taxable","18":"purchasable","19":"product-type-simple"},"yoast_head":"<!-- This site is optimized with the Yoast SEO Premium plugin v20.0 (Yoast SEO v27.4) - https:\/\/yoast.com\/product\/yoast-seo-premium-wordpress\/ -->\n<title>Dragon Enamel Fix 25ml Enamel Fix - Obender Dragon Enamel Fix<\/title>\n<meta name=\"description\" content=\"Obender Dragon Enamel Fix Dragon Enamel Fix 25ml Dragon Enamel Fix Dragon Enamel Fix 25ml Dragon Enamel Fix DEZ025 - DEZ025\" \/>\n<meta name=\"robots\" content=\"index, follow, max-snippet:-1, max-image-preview:large, max-video-preview:-1\" \/>\n<link rel=\"canonical\" href=\"https:\/\/obender.eu\/en\/toode\/dragon-contact-power-gel-glue-20ml-kopeeri\/\" \/>\n<meta property=\"og:locale\" content=\"en_US\" \/>\n<meta property=\"og:type\" content=\"article\" \/>\n<meta property=\"og:title\" content=\"Dragon Enamel Fix 25ml\" \/>\n<meta property=\"og:description\" content=\"Obender Dragon Enamel Fix Dragon Enamel Fix 25ml Dragon Enamel Fix Dragon Enamel Fix 25ml Dragon Enamel Fix DEZ025 - DEZ025\" \/>\n<meta property=\"og:url\" content=\"https:\/\/obender.eu\/en\/toode\/dragon-contact-power-gel-glue-20ml-kopeeri\/\" \/>\n<meta property=\"og:site_name\" content=\"Obender\" \/>\n<meta property=\"article:modified_time\" content=\"2026-04-21T20:01:37+00:00\" \/>\n<meta property=\"og:image\" content=\"https:\/\/obender.eu\/wp-content\/uploads\/2024\/05\/DEZ025.jpg\" \/>\n\t<meta property=\"og:image:width\" content=\"800\" \/>\n\t<meta property=\"og:image:height\" content=\"800\" \/>\n\t<meta property=\"og:image:type\" content=\"image\/jpeg\" \/>\n<meta name=\"twitter:card\" content=\"summary_large_image\" \/>\n<meta name=\"twitter:label1\" content=\"Est. reading time\" \/>\n\t<meta name=\"twitter:data1\" content=\"1 minute\" \/>\n<script type=\"application\/ld+json\" class=\"yoast-schema-graph\">{\"@context\":\"https:\\\/\\\/schema.org\",\"@graph\":[{\"@type\":\"WebPage\",\"@id\":\"https:\\\/\\\/obender.eu\\\/en\\\/toode\\\/dragon-contact-power-gel-glue-20ml-kopeeri\\\/\",\"url\":\"https:\\\/\\\/obender.eu\\\/en\\\/toode\\\/dragon-contact-power-gel-glue-20ml-kopeeri\\\/\",\"name\":\"Dragon Enamel Fix 25ml Enamel Fix - Obender Dragon Enamel Fix\",\"isPartOf\":{\"@id\":\"https:\\\/\\\/www.obender.eu\\\/#website\"},\"primaryImageOfPage\":{\"@id\":\"https:\\\/\\\/obender.eu\\\/en\\\/toode\\\/dragon-contact-power-gel-glue-20ml-kopeeri\\\/#primaryimage\"},\"image\":{\"@id\":\"https:\\\/\\\/obender.eu\\\/en\\\/toode\\\/dragon-contact-power-gel-glue-20ml-kopeeri\\\/#primaryimage\"},\"thumbnailUrl\":\"https:\\\/\\\/obender.eu\\\/wp-content\\\/uploads\\\/2024\\\/05\\\/DEZ025.jpg\",\"datePublished\":\"2024-05-08T08:30:00+00:00\",\"dateModified\":\"2026-04-21T20:01:37+00:00\",\"description\":\"Obender Dragon Enamel Fix Dragon Enamel Fix 25ml Dragon Enamel Fix Dragon Enamel Fix 25ml Dragon Enamel Fix DEZ025 - DEZ025\",\"breadcrumb\":{\"@id\":\"https:\\\/\\\/obender.eu\\\/en\\\/toode\\\/dragon-contact-power-gel-glue-20ml-kopeeri\\\/#breadcrumb\"},\"inLanguage\":\"en-US\",\"potentialAction\":[{\"@type\":\"ReadAction\",\"target\":[\"https:\\\/\\\/obender.eu\\\/en\\\/toode\\\/dragon-contact-power-gel-glue-20ml-kopeeri\\\/\"]}]},{\"@type\":\"ImageObject\",\"inLanguage\":\"en-US\",\"@id\":\"https:\\\/\\\/obender.eu\\\/en\\\/toode\\\/dragon-contact-power-gel-glue-20ml-kopeeri\\\/#primaryimage\",\"url\":\"https:\\\/\\\/obender.eu\\\/wp-content\\\/uploads\\\/2024\\\/05\\\/DEZ025.jpg\",\"contentUrl\":\"https:\\\/\\\/obender.eu\\\/wp-content\\\/uploads\\\/2024\\\/05\\\/DEZ025.jpg\",\"width\":800,\"height\":800},{\"@type\":\"BreadcrumbList\",\"@id\":\"https:\\\/\\\/obender.eu\\\/en\\\/toode\\\/dragon-contact-power-gel-glue-20ml-kopeeri\\\/#breadcrumb\",\"itemListElement\":[{\"@type\":\"ListItem\",\"position\":1,\"name\":\"Home\",\"item\":\"https:\\\/\\\/obender.eu\\\/en\\\/\"},{\"@type\":\"ListItem\",\"position\":2,\"name\":\"Tooted\",\"item\":\"https:\\\/\\\/www.obender.eu\\\/tooted\\\/\"},{\"@type\":\"ListItem\",\"position\":3,\"name\":\"Dragon Enamel Fix 25ml\"}]},{\"@type\":\"WebSite\",\"@id\":\"https:\\\/\\\/www.obender.eu\\\/#website\",\"url\":\"https:\\\/\\\/www.obender.eu\\\/\",\"name\":\"Obender\",\"description\":\"T\u00f6\u00f6stuskaupade hulgim\u00fc\u00fck\",\"potentialAction\":[{\"@type\":\"SearchAction\",\"target\":{\"@type\":\"EntryPoint\",\"urlTemplate\":\"https:\\\/\\\/www.obender.eu\\\/?s={search_term_string}\"},\"query-input\":{\"@type\":\"PropertyValueSpecification\",\"valueRequired\":true,\"valueName\":\"search_term_string\"}}],\"inLanguage\":\"en-US\"}]}<\/script>\n<!-- \/ Yoast SEO Premium plugin. -->","yoast_head_json":{"title":"Dragon Enamel Fix 25ml Enamel Fix - Obender Dragon Enamel Fix","description":"Obender Dragon Enamel Fix Dragon Enamel Fix 25ml Dragon Enamel Fix Dragon Enamel Fix 25ml Dragon Enamel Fix DEZ025 - DEZ025","robots":{"index":"index","follow":"follow","max-snippet":"max-snippet:-1","max-image-preview":"max-image-preview:large","max-video-preview":"max-video-preview:-1"},"canonical":"https:\/\/obender.eu\/en\/toode\/dragon-contact-power-gel-glue-20ml-kopeeri\/","og_locale":"en_US","og_type":"article","og_title":"Dragon Enamel Fix 25ml","og_description":"Obender Dragon Enamel Fix Dragon Enamel Fix 25ml Dragon Enamel Fix Dragon Enamel Fix 25ml Dragon Enamel Fix DEZ025 - DEZ025","og_url":"https:\/\/obender.eu\/en\/toode\/dragon-contact-power-gel-glue-20ml-kopeeri\/","og_site_name":"Obender","article_modified_time":"2026-04-21T20:01:37+00:00","og_image":[{"width":800,"height":800,"url":"https:\/\/obender.eu\/wp-content\/uploads\/2024\/05\/DEZ025.jpg","type":"image\/jpeg"}],"twitter_card":"summary_large_image","twitter_misc":{"Est. reading time":"1 minute"},"schema":{"@context":"https:\/\/schema.org","@graph":[{"@type":"WebPage","@id":"https:\/\/obender.eu\/en\/toode\/dragon-contact-power-gel-glue-20ml-kopeeri\/","url":"https:\/\/obender.eu\/en\/toode\/dragon-contact-power-gel-glue-20ml-kopeeri\/","name":"Dragon Enamel Fix 25ml Enamel Fix - Obender Dragon Enamel Fix","isPartOf":{"@id":"https:\/\/www.obender.eu\/#website"},"primaryImageOfPage":{"@id":"https:\/\/obender.eu\/en\/toode\/dragon-contact-power-gel-glue-20ml-kopeeri\/#primaryimage"},"image":{"@id":"https:\/\/obender.eu\/en\/toode\/dragon-contact-power-gel-glue-20ml-kopeeri\/#primaryimage"},"thumbnailUrl":"https:\/\/obender.eu\/wp-content\/uploads\/2024\/05\/DEZ025.jpg","datePublished":"2024-05-08T08:30:00+00:00","dateModified":"2026-04-21T20:01:37+00:00","description":"Obender Dragon Enamel Fix Dragon Enamel Fix 25ml Dragon Enamel Fix Dragon Enamel Fix 25ml Dragon Enamel Fix DEZ025 - DEZ025","breadcrumb":{"@id":"https:\/\/obender.eu\/en\/toode\/dragon-contact-power-gel-glue-20ml-kopeeri\/#breadcrumb"},"inLanguage":"en-US","potentialAction":[{"@type":"ReadAction","target":["https:\/\/obender.eu\/en\/toode\/dragon-contact-power-gel-glue-20ml-kopeeri\/"]}]},{"@type":"ImageObject","inLanguage":"en-US","@id":"https:\/\/obender.eu\/en\/toode\/dragon-contact-power-gel-glue-20ml-kopeeri\/#primaryimage","url":"https:\/\/obender.eu\/wp-content\/uploads\/2024\/05\/DEZ025.jpg","contentUrl":"https:\/\/obender.eu\/wp-content\/uploads\/2024\/05\/DEZ025.jpg","width":800,"height":800},{"@type":"BreadcrumbList","@id":"https:\/\/obender.eu\/en\/toode\/dragon-contact-power-gel-glue-20ml-kopeeri\/#breadcrumb","itemListElement":[{"@type":"ListItem","position":1,"name":"Home","item":"https:\/\/obender.eu\/en\/"},{"@type":"ListItem","position":2,"name":"Tooted","item":"https:\/\/www.obender.eu\/tooted\/"},{"@type":"ListItem","position":3,"name":"Dragon Enamel Fix 25ml"}]},{"@type":"WebSite","@id":"https:\/\/www.obender.eu\/#website","url":"https:\/\/www.obender.eu\/","name":"Obender","description":"T\u00f6\u00f6stuskaupade hulgim\u00fc\u00fck","potentialAction":[{"@type":"SearchAction","target":{"@type":"EntryPoint","urlTemplate":"https:\/\/www.obender.eu\/?s={search_term_string}"},"query-input":{"@type":"PropertyValueSpecification","valueRequired":true,"valueName":"search_term_string"}}],"inLanguage":"en-US"}]}},"_links":{"self":[{"href":"https:\/\/obender.eu\/en\/wp-json\/wp\/v2\/product\/29365","targetHints":{"allow":["GET"]}}],"collection":[{"href":"https:\/\/obender.eu\/en\/wp-json\/wp\/v2\/product"}],"about":[{"href":"https:\/\/obender.eu\/en\/wp-json\/wp\/v2\/types\/product"}],"version-history":[{"count":4,"href":"https:\/\/obender.eu\/en\/wp-json\/wp\/v2\/product\/29365\/revisions"}],"predecessor-version":[{"id":31449,"href":"https:\/\/obender.eu\/en\/wp-json\/wp\/v2\/product\/29365\/revisions\/31449"}],"wp:featuredmedia":[{"embeddable":true,"href":"https:\/\/obender.eu\/en\/wp-json\/wp\/v2\/media\/29368"}],"wp:attachment":[{"href":"https:\/\/obender.eu\/en\/wp-json\/wp\/v2\/media?parent=29365"}],"wp:term":[{"taxonomy":"product_brand","embeddable":true,"href":"https:\/\/obender.eu\/en\/wp-json\/wp\/v2\/product_brand?post=29365"},{"taxonomy":"product_cat","embeddable":true,"href":"https:\/\/obender.eu\/en\/wp-json\/wp\/v2\/product_cat?post=29365"},{"taxonomy":"product_tag","embeddable":true,"href":"https:\/\/obender.eu\/en\/wp-json\/wp\/v2\/product_tag?post=29365"}],"curies":[{"name":"wp","href":"https:\/\/api.w.org\/{rel}","templated":true}]}}