{"id":29383,"date":"2024-05-08T14:43:51","date_gmt":"2024-05-08T11:43:51","guid":{"rendered":"https:\/\/obender.eu\/?post_type=product&#038;p=29383"},"modified":"2026-04-21T23:01:31","modified_gmt":"2026-04-21T20:01:31","slug":"dragon-epoxy-glue-2x15ml-kopeeri","status":"publish","type":"product","link":"https:\/\/obender.eu\/en\/toode\/dragon-epoxy-glue-2x15ml-kopeeri\/","title":{"rendered":"Dragon Epoxy glue 5min. syringe 2x3ml"},"content":{"rendered":"<p>Dragon Epoxy DKEUM003<\/p>\n<p>EAN: 5903649056245, 5903649091741, 5903649076632<\/p>\n<p>Color: transparent after drying.<\/p>\n<p><span class=\"fontstyle0\">Super strong two-component adhesive. Creates hard welds<br \/>\nthat do not shrink, stretch or deform. After hardening, it can<br \/>\nbe processed mechanically.<\/span><\/p>\n<p>Thermal resistance from -20\u00b0C to +100\u00b0C.<\/p>\n<p><span class=\"fontstyle0\">Product intended for gluing:<br \/>\nmetal <\/span><span class=\"fontstyle0\">| <\/span><span class=\"fontstyle0\">ceramics <\/span><span class=\"fontstyle0\">| <\/span><span class=\"fontstyle0\">wood <\/span><span class=\"fontstyle0\">| <\/span><span class=\"fontstyle0\">porcelain <\/span><span class=\"fontstyle0\">| <\/span><span class=\"fontstyle0\">rock minerals <\/span><span class=\"fontstyle0\">| <\/span><span class=\"fontstyle0\">concrete<br \/>\nelements <\/span><span class=\"fontstyle0\">| <\/span><span class=\"fontstyle0\">polystyrene <\/span><span class=\"fontstyle0\">| <\/span><span class=\"fontstyle0\">rubber <\/span><span class=\"fontstyle0\">| <\/span><span class=\"fontstyle0\">synthetic materials<\/span><\/p>\n<p><span class=\"fontstyle0\">Useful when repairing fixtures and sanitary equipment,<br \/>\nrepairing jewelry and decorations, attaching glass holders,<br \/>\ngluing advertisements, inscriptions, blends, etc.<\/span><\/p>\n<p>After drying can be mechanically processed, drying time approx. 5 minutes, indoor-outdoor use.<\/p>\n","protected":false},"excerpt":{"rendered":"<p>Dragon Epoxy DKEUM003 EAN: 5903649056245, 5903649091741, 5903649076632 Color: transparent after drying. Super strong two-component adhesive. Creates hard welds that do<\/p>\n","protected":false},"featured_media":29385,"template":"","meta":[],"product_brand":[],"product_cat":[275,270],"product_tag":[1601,1611,1612],"class_list":{"0":"post-29383","1":"product","2":"type-product","3":"status-publish","4":"has-post-thumbnail","6":"product_cat-adhesives","7":"product_cat-chemical-products","8":"product_tag-dragon-en","9":"product_tag-epoksiidliim-en","10":"product_tag-epoxy-en","12":"first","13":"instock","14":"taxable","15":"shipping-taxable","16":"purchasable","17":"product-type-simple"},"yoast_head":"<!-- This site is optimized with the Yoast SEO Premium plugin v20.0 (Yoast SEO v27.4) - https:\/\/yoast.com\/product\/yoast-seo-premium-wordpress\/ -->\n<title>Dragon Epoxy glue 5min. syringe 2x3ml Dragon Epoxy glue - Obender<\/title>\n<meta name=\"description\" content=\"Obender Dragon Epoxy glue 5min. syringe 2x3ml Dragon Epoxy glue 5min. syringe 2x3ml Dragon Epoxy glue 5min. syringe 2x3ml\" \/>\n<meta name=\"robots\" content=\"index, follow, max-snippet:-1, max-image-preview:large, max-video-preview:-1\" \/>\n<link rel=\"canonical\" href=\"https:\/\/obender.eu\/en\/toode\/dragon-epoxy-glue-2x15ml-kopeeri\/\" \/>\n<meta property=\"og:locale\" content=\"en_US\" \/>\n<meta property=\"og:type\" content=\"article\" \/>\n<meta property=\"og:title\" content=\"Dragon Epoxy glue 5min. syringe 2x3ml\" \/>\n<meta property=\"og:description\" content=\"Obender Dragon Epoxy glue 5min. syringe 2x3ml Dragon Epoxy glue 5min. syringe 2x3ml Dragon Epoxy glue 5min. syringe 2x3ml\" \/>\n<meta property=\"og:url\" content=\"https:\/\/obender.eu\/en\/toode\/dragon-epoxy-glue-2x15ml-kopeeri\/\" \/>\n<meta property=\"og:site_name\" content=\"Obender\" \/>\n<meta property=\"article:modified_time\" content=\"2026-04-21T20:01:31+00:00\" \/>\n<meta property=\"og:image\" content=\"https:\/\/obender.eu\/wp-content\/uploads\/2024\/05\/DKEUM003.jpg\" \/>\n\t<meta property=\"og:image:width\" content=\"800\" \/>\n\t<meta property=\"og:image:height\" content=\"800\" \/>\n\t<meta property=\"og:image:type\" content=\"image\/jpeg\" \/>\n<meta name=\"twitter:card\" content=\"summary_large_image\" \/>\n<meta name=\"twitter:label1\" content=\"Est. reading time\" \/>\n\t<meta name=\"twitter:data1\" content=\"1 minute\" \/>\n<script type=\"application\/ld+json\" class=\"yoast-schema-graph\">{\"@context\":\"https:\\\/\\\/schema.org\",\"@graph\":[{\"@type\":\"WebPage\",\"@id\":\"https:\\\/\\\/obender.eu\\\/en\\\/toode\\\/dragon-epoxy-glue-2x15ml-kopeeri\\\/\",\"url\":\"https:\\\/\\\/obender.eu\\\/en\\\/toode\\\/dragon-epoxy-glue-2x15ml-kopeeri\\\/\",\"name\":\"Dragon Epoxy glue 5min. syringe 2x3ml Dragon Epoxy glue - Obender\",\"isPartOf\":{\"@id\":\"https:\\\/\\\/www.obender.eu\\\/#website\"},\"primaryImageOfPage\":{\"@id\":\"https:\\\/\\\/obender.eu\\\/en\\\/toode\\\/dragon-epoxy-glue-2x15ml-kopeeri\\\/#primaryimage\"},\"image\":{\"@id\":\"https:\\\/\\\/obender.eu\\\/en\\\/toode\\\/dragon-epoxy-glue-2x15ml-kopeeri\\\/#primaryimage\"},\"thumbnailUrl\":\"https:\\\/\\\/obender.eu\\\/wp-content\\\/uploads\\\/2024\\\/05\\\/DKEUM003.jpg\",\"datePublished\":\"2024-05-08T11:43:51+00:00\",\"dateModified\":\"2026-04-21T20:01:31+00:00\",\"description\":\"Obender Dragon Epoxy glue 5min. syringe 2x3ml Dragon Epoxy glue 5min. syringe 2x3ml Dragon Epoxy glue 5min. syringe 2x3ml\",\"breadcrumb\":{\"@id\":\"https:\\\/\\\/obender.eu\\\/en\\\/toode\\\/dragon-epoxy-glue-2x15ml-kopeeri\\\/#breadcrumb\"},\"inLanguage\":\"en-US\",\"potentialAction\":[{\"@type\":\"ReadAction\",\"target\":[\"https:\\\/\\\/obender.eu\\\/en\\\/toode\\\/dragon-epoxy-glue-2x15ml-kopeeri\\\/\"]}]},{\"@type\":\"ImageObject\",\"inLanguage\":\"en-US\",\"@id\":\"https:\\\/\\\/obender.eu\\\/en\\\/toode\\\/dragon-epoxy-glue-2x15ml-kopeeri\\\/#primaryimage\",\"url\":\"https:\\\/\\\/obender.eu\\\/wp-content\\\/uploads\\\/2024\\\/05\\\/DKEUM003.jpg\",\"contentUrl\":\"https:\\\/\\\/obender.eu\\\/wp-content\\\/uploads\\\/2024\\\/05\\\/DKEUM003.jpg\",\"width\":800,\"height\":800},{\"@type\":\"BreadcrumbList\",\"@id\":\"https:\\\/\\\/obender.eu\\\/en\\\/toode\\\/dragon-epoxy-glue-2x15ml-kopeeri\\\/#breadcrumb\",\"itemListElement\":[{\"@type\":\"ListItem\",\"position\":1,\"name\":\"Home\",\"item\":\"https:\\\/\\\/obender.eu\\\/en\\\/\"},{\"@type\":\"ListItem\",\"position\":2,\"name\":\"Tooted\",\"item\":\"https:\\\/\\\/www.obender.eu\\\/tooted\\\/\"},{\"@type\":\"ListItem\",\"position\":3,\"name\":\"Dragon Epoxy glue 5min. syringe 2x3ml\"}]},{\"@type\":\"WebSite\",\"@id\":\"https:\\\/\\\/www.obender.eu\\\/#website\",\"url\":\"https:\\\/\\\/www.obender.eu\\\/\",\"name\":\"Obender\",\"description\":\"T\u00f6\u00f6stuskaupade hulgim\u00fc\u00fck\",\"potentialAction\":[{\"@type\":\"SearchAction\",\"target\":{\"@type\":\"EntryPoint\",\"urlTemplate\":\"https:\\\/\\\/www.obender.eu\\\/?s={search_term_string}\"},\"query-input\":{\"@type\":\"PropertyValueSpecification\",\"valueRequired\":true,\"valueName\":\"search_term_string\"}}],\"inLanguage\":\"en-US\"}]}<\/script>\n<!-- \/ Yoast SEO Premium plugin. -->","yoast_head_json":{"title":"Dragon Epoxy glue 5min. syringe 2x3ml Dragon Epoxy glue - Obender","description":"Obender Dragon Epoxy glue 5min. syringe 2x3ml Dragon Epoxy glue 5min. syringe 2x3ml Dragon Epoxy glue 5min. syringe 2x3ml","robots":{"index":"index","follow":"follow","max-snippet":"max-snippet:-1","max-image-preview":"max-image-preview:large","max-video-preview":"max-video-preview:-1"},"canonical":"https:\/\/obender.eu\/en\/toode\/dragon-epoxy-glue-2x15ml-kopeeri\/","og_locale":"en_US","og_type":"article","og_title":"Dragon Epoxy glue 5min. syringe 2x3ml","og_description":"Obender Dragon Epoxy glue 5min. syringe 2x3ml Dragon Epoxy glue 5min. syringe 2x3ml Dragon Epoxy glue 5min. syringe 2x3ml","og_url":"https:\/\/obender.eu\/en\/toode\/dragon-epoxy-glue-2x15ml-kopeeri\/","og_site_name":"Obender","article_modified_time":"2026-04-21T20:01:31+00:00","og_image":[{"width":800,"height":800,"url":"https:\/\/obender.eu\/wp-content\/uploads\/2024\/05\/DKEUM003.jpg","type":"image\/jpeg"}],"twitter_card":"summary_large_image","twitter_misc":{"Est. reading time":"1 minute"},"schema":{"@context":"https:\/\/schema.org","@graph":[{"@type":"WebPage","@id":"https:\/\/obender.eu\/en\/toode\/dragon-epoxy-glue-2x15ml-kopeeri\/","url":"https:\/\/obender.eu\/en\/toode\/dragon-epoxy-glue-2x15ml-kopeeri\/","name":"Dragon Epoxy glue 5min. syringe 2x3ml Dragon Epoxy glue - Obender","isPartOf":{"@id":"https:\/\/www.obender.eu\/#website"},"primaryImageOfPage":{"@id":"https:\/\/obender.eu\/en\/toode\/dragon-epoxy-glue-2x15ml-kopeeri\/#primaryimage"},"image":{"@id":"https:\/\/obender.eu\/en\/toode\/dragon-epoxy-glue-2x15ml-kopeeri\/#primaryimage"},"thumbnailUrl":"https:\/\/obender.eu\/wp-content\/uploads\/2024\/05\/DKEUM003.jpg","datePublished":"2024-05-08T11:43:51+00:00","dateModified":"2026-04-21T20:01:31+00:00","description":"Obender Dragon Epoxy glue 5min. syringe 2x3ml Dragon Epoxy glue 5min. syringe 2x3ml Dragon Epoxy glue 5min. syringe 2x3ml","breadcrumb":{"@id":"https:\/\/obender.eu\/en\/toode\/dragon-epoxy-glue-2x15ml-kopeeri\/#breadcrumb"},"inLanguage":"en-US","potentialAction":[{"@type":"ReadAction","target":["https:\/\/obender.eu\/en\/toode\/dragon-epoxy-glue-2x15ml-kopeeri\/"]}]},{"@type":"ImageObject","inLanguage":"en-US","@id":"https:\/\/obender.eu\/en\/toode\/dragon-epoxy-glue-2x15ml-kopeeri\/#primaryimage","url":"https:\/\/obender.eu\/wp-content\/uploads\/2024\/05\/DKEUM003.jpg","contentUrl":"https:\/\/obender.eu\/wp-content\/uploads\/2024\/05\/DKEUM003.jpg","width":800,"height":800},{"@type":"BreadcrumbList","@id":"https:\/\/obender.eu\/en\/toode\/dragon-epoxy-glue-2x15ml-kopeeri\/#breadcrumb","itemListElement":[{"@type":"ListItem","position":1,"name":"Home","item":"https:\/\/obender.eu\/en\/"},{"@type":"ListItem","position":2,"name":"Tooted","item":"https:\/\/www.obender.eu\/tooted\/"},{"@type":"ListItem","position":3,"name":"Dragon Epoxy glue 5min. syringe 2x3ml"}]},{"@type":"WebSite","@id":"https:\/\/www.obender.eu\/#website","url":"https:\/\/www.obender.eu\/","name":"Obender","description":"T\u00f6\u00f6stuskaupade hulgim\u00fc\u00fck","potentialAction":[{"@type":"SearchAction","target":{"@type":"EntryPoint","urlTemplate":"https:\/\/www.obender.eu\/?s={search_term_string}"},"query-input":{"@type":"PropertyValueSpecification","valueRequired":true,"valueName":"search_term_string"}}],"inLanguage":"en-US"}]}},"_links":{"self":[{"href":"https:\/\/obender.eu\/en\/wp-json\/wp\/v2\/product\/29383","targetHints":{"allow":["GET"]}}],"collection":[{"href":"https:\/\/obender.eu\/en\/wp-json\/wp\/v2\/product"}],"about":[{"href":"https:\/\/obender.eu\/en\/wp-json\/wp\/v2\/types\/product"}],"version-history":[{"count":3,"href":"https:\/\/obender.eu\/en\/wp-json\/wp\/v2\/product\/29383\/revisions"}],"predecessor-version":[{"id":31432,"href":"https:\/\/obender.eu\/en\/wp-json\/wp\/v2\/product\/29383\/revisions\/31432"}],"wp:featuredmedia":[{"embeddable":true,"href":"https:\/\/obender.eu\/en\/wp-json\/wp\/v2\/media\/29385"}],"wp:attachment":[{"href":"https:\/\/obender.eu\/en\/wp-json\/wp\/v2\/media?parent=29383"}],"wp:term":[{"taxonomy":"product_brand","embeddable":true,"href":"https:\/\/obender.eu\/en\/wp-json\/wp\/v2\/product_brand?post=29383"},{"taxonomy":"product_cat","embeddable":true,"href":"https:\/\/obender.eu\/en\/wp-json\/wp\/v2\/product_cat?post=29383"},{"taxonomy":"product_tag","embeddable":true,"href":"https:\/\/obender.eu\/en\/wp-json\/wp\/v2\/product_tag?post=29383"}],"curies":[{"name":"wp","href":"https:\/\/api.w.org\/{rel}","templated":true}]}}