{"id":29445,"date":"2024-05-09T19:54:31","date_gmt":"2024-05-09T16:54:32","guid":{"rendered":"https:\/\/obender.eu\/?post_type=product&#038;p=29445"},"modified":"2026-04-22T01:01:23","modified_gmt":"2026-04-21T22:01:23","slug":"dragon-wood-d4-adhesive-40ml-kopeeri","status":"publish","type":"product","link":"https:\/\/obender.eu\/en\/toode\/dragon-wood-d4-adhesive-40ml-kopeeri\/","title":{"rendered":"Dragon Leather contact glue 20ml"},"content":{"rendered":"<p>Dragon Leather contact glue 20ml<\/p>\n<p>Product code DKSK020<\/p>\n<p>EAN: 5903649056429, 5903649091635, 5903649076571<\/p>\n<p>V\u00e4rv: yellow.<\/p>\n<p><span class=\"fontstyle0\">Professional glue, easy to use, very flexible, fast-acting,<br \/>\nbased on natural rubber and solvent.<\/span><\/p>\n<p><span class=\"fontstyle0\">Provides a flexible and weatherproof bond.<\/span><\/p>\n<p><span class=\"fontstyle0\">It is ideal for making long lasting and flexible repairs to leather or imitation leather items.<\/span><\/p>\n<p><span class=\"fontstyle0\">It can be used to glue footwear.<\/span><\/p>\n<p>Indoor-outdoor use.<\/p>\n<p><span class=\"fontstyle0\">Product intended for cold gluing: leather (e.g. belt, handbag, saddle) <\/span><span class=\"fontstyle0\">| <\/span><span class=\"fontstyle0\">rubber <\/span><span class=\"fontstyle0\">| <\/span><span class=\"fontstyle0\">felt<\/span><\/p>\n<p>Pre-setting time 60 minutes.<\/p>\n","protected":false},"excerpt":{"rendered":"<p>Dragon Leather contact glue 20ml Product code DKSK020 EAN: 5903649056429, 5903649091635, 5903649076571 V\u00e4rv: yellow. Professional glue, easy to use, very<\/p>\n","protected":false},"featured_media":29447,"template":"","meta":[],"product_brand":[],"product_cat":[275,270,380,335],"product_tag":[1602,1601,1583,1729],"class_list":{"0":"post-29445","1":"product","2":"type-product","3":"status-publish","4":"has-post-thumbnail","6":"product_cat-adhesives","7":"product_cat-chemical-products","8":"product_cat-home-and-office-equipment","9":"product_cat-sports-and-leisure","10":"product_tag-contact-glue","11":"product_tag-dragon-en","12":"product_tag-kontaktliim-en","13":"product_tag-leather-glue","15":"first","16":"instock","17":"taxable","18":"shipping-taxable","19":"purchasable","20":"product-type-simple"},"yoast_head":"<!-- This site is optimized with the Yoast SEO Premium plugin v20.0 (Yoast SEO v27.4) - https:\/\/yoast.com\/product\/yoast-seo-premium-wordpress\/ -->\n<title>Dragon Leather contact glue 20ml Dragon Leather contact glue - Obender<\/title>\n<meta name=\"description\" content=\"Obender Dragon Leather contact glue 20ml Dragon Leather contact glue 20ml Dragon Leather contact glue Dragon Leather contact glue 20ml 20ml\" \/>\n<meta name=\"robots\" content=\"index, follow, max-snippet:-1, max-image-preview:large, max-video-preview:-1\" \/>\n<link rel=\"canonical\" href=\"https:\/\/obender.eu\/en\/toode\/dragon-wood-d4-adhesive-40ml-kopeeri\/\" \/>\n<meta property=\"og:locale\" content=\"en_US\" \/>\n<meta property=\"og:type\" content=\"article\" \/>\n<meta property=\"og:title\" content=\"Dragon Leather contact glue 20ml\" \/>\n<meta property=\"og:description\" content=\"Obender Dragon Leather contact glue 20ml Dragon Leather contact glue 20ml Dragon Leather contact glue Dragon Leather contact glue 20ml 20ml\" \/>\n<meta property=\"og:url\" content=\"https:\/\/obender.eu\/en\/toode\/dragon-wood-d4-adhesive-40ml-kopeeri\/\" \/>\n<meta property=\"og:site_name\" content=\"Obender\" \/>\n<meta property=\"article:modified_time\" content=\"2026-04-21T22:01:23+00:00\" \/>\n<meta property=\"og:image\" content=\"https:\/\/obender.eu\/wp-content\/uploads\/2024\/05\/DKSK020.jpg\" \/>\n\t<meta property=\"og:image:width\" content=\"768\" \/>\n\t<meta property=\"og:image:height\" content=\"768\" \/>\n\t<meta property=\"og:image:type\" content=\"image\/jpeg\" \/>\n<meta name=\"twitter:card\" content=\"summary_large_image\" \/>\n<meta name=\"twitter:label1\" content=\"Est. reading time\" \/>\n\t<meta name=\"twitter:data1\" content=\"1 minute\" \/>\n<script type=\"application\/ld+json\" class=\"yoast-schema-graph\">{\"@context\":\"https:\\\/\\\/schema.org\",\"@graph\":[{\"@type\":\"WebPage\",\"@id\":\"https:\\\/\\\/obender.eu\\\/en\\\/toode\\\/dragon-wood-d4-adhesive-40ml-kopeeri\\\/\",\"url\":\"https:\\\/\\\/obender.eu\\\/en\\\/toode\\\/dragon-wood-d4-adhesive-40ml-kopeeri\\\/\",\"name\":\"Dragon Leather contact glue 20ml Dragon Leather contact glue - Obender\",\"isPartOf\":{\"@id\":\"https:\\\/\\\/www.obender.eu\\\/#website\"},\"primaryImageOfPage\":{\"@id\":\"https:\\\/\\\/obender.eu\\\/en\\\/toode\\\/dragon-wood-d4-adhesive-40ml-kopeeri\\\/#primaryimage\"},\"image\":{\"@id\":\"https:\\\/\\\/obender.eu\\\/en\\\/toode\\\/dragon-wood-d4-adhesive-40ml-kopeeri\\\/#primaryimage\"},\"thumbnailUrl\":\"https:\\\/\\\/obender.eu\\\/wp-content\\\/uploads\\\/2024\\\/05\\\/DKSK020.jpg\",\"datePublished\":\"2024-05-09T16:54:32+00:00\",\"dateModified\":\"2026-04-21T22:01:23+00:00\",\"description\":\"Obender Dragon Leather contact glue 20ml Dragon Leather contact glue 20ml Dragon Leather contact glue Dragon Leather contact glue 20ml 20ml\",\"breadcrumb\":{\"@id\":\"https:\\\/\\\/obender.eu\\\/en\\\/toode\\\/dragon-wood-d4-adhesive-40ml-kopeeri\\\/#breadcrumb\"},\"inLanguage\":\"en-US\",\"potentialAction\":[{\"@type\":\"ReadAction\",\"target\":[\"https:\\\/\\\/obender.eu\\\/en\\\/toode\\\/dragon-wood-d4-adhesive-40ml-kopeeri\\\/\"]}]},{\"@type\":\"ImageObject\",\"inLanguage\":\"en-US\",\"@id\":\"https:\\\/\\\/obender.eu\\\/en\\\/toode\\\/dragon-wood-d4-adhesive-40ml-kopeeri\\\/#primaryimage\",\"url\":\"https:\\\/\\\/obender.eu\\\/wp-content\\\/uploads\\\/2024\\\/05\\\/DKSK020.jpg\",\"contentUrl\":\"https:\\\/\\\/obender.eu\\\/wp-content\\\/uploads\\\/2024\\\/05\\\/DKSK020.jpg\",\"width\":768,\"height\":768},{\"@type\":\"BreadcrumbList\",\"@id\":\"https:\\\/\\\/obender.eu\\\/en\\\/toode\\\/dragon-wood-d4-adhesive-40ml-kopeeri\\\/#breadcrumb\",\"itemListElement\":[{\"@type\":\"ListItem\",\"position\":1,\"name\":\"Home\",\"item\":\"https:\\\/\\\/obender.eu\\\/en\\\/\"},{\"@type\":\"ListItem\",\"position\":2,\"name\":\"Tooted\",\"item\":\"https:\\\/\\\/www.obender.eu\\\/tooted\\\/\"},{\"@type\":\"ListItem\",\"position\":3,\"name\":\"Dragon Leather contact glue 20ml\"}]},{\"@type\":\"WebSite\",\"@id\":\"https:\\\/\\\/www.obender.eu\\\/#website\",\"url\":\"https:\\\/\\\/www.obender.eu\\\/\",\"name\":\"Obender\",\"description\":\"T\u00f6\u00f6stuskaupade hulgim\u00fc\u00fck\",\"potentialAction\":[{\"@type\":\"SearchAction\",\"target\":{\"@type\":\"EntryPoint\",\"urlTemplate\":\"https:\\\/\\\/www.obender.eu\\\/?s={search_term_string}\"},\"query-input\":{\"@type\":\"PropertyValueSpecification\",\"valueRequired\":true,\"valueName\":\"search_term_string\"}}],\"inLanguage\":\"en-US\"}]}<\/script>\n<!-- \/ Yoast SEO Premium plugin. -->","yoast_head_json":{"title":"Dragon Leather contact glue 20ml Dragon Leather contact glue - Obender","description":"Obender Dragon Leather contact glue 20ml Dragon Leather contact glue 20ml Dragon Leather contact glue Dragon Leather contact glue 20ml 20ml","robots":{"index":"index","follow":"follow","max-snippet":"max-snippet:-1","max-image-preview":"max-image-preview:large","max-video-preview":"max-video-preview:-1"},"canonical":"https:\/\/obender.eu\/en\/toode\/dragon-wood-d4-adhesive-40ml-kopeeri\/","og_locale":"en_US","og_type":"article","og_title":"Dragon Leather contact glue 20ml","og_description":"Obender Dragon Leather contact glue 20ml Dragon Leather contact glue 20ml Dragon Leather contact glue Dragon Leather contact glue 20ml 20ml","og_url":"https:\/\/obender.eu\/en\/toode\/dragon-wood-d4-adhesive-40ml-kopeeri\/","og_site_name":"Obender","article_modified_time":"2026-04-21T22:01:23+00:00","og_image":[{"width":768,"height":768,"url":"https:\/\/obender.eu\/wp-content\/uploads\/2024\/05\/DKSK020.jpg","type":"image\/jpeg"}],"twitter_card":"summary_large_image","twitter_misc":{"Est. reading time":"1 minute"},"schema":{"@context":"https:\/\/schema.org","@graph":[{"@type":"WebPage","@id":"https:\/\/obender.eu\/en\/toode\/dragon-wood-d4-adhesive-40ml-kopeeri\/","url":"https:\/\/obender.eu\/en\/toode\/dragon-wood-d4-adhesive-40ml-kopeeri\/","name":"Dragon Leather contact glue 20ml Dragon Leather contact glue - Obender","isPartOf":{"@id":"https:\/\/www.obender.eu\/#website"},"primaryImageOfPage":{"@id":"https:\/\/obender.eu\/en\/toode\/dragon-wood-d4-adhesive-40ml-kopeeri\/#primaryimage"},"image":{"@id":"https:\/\/obender.eu\/en\/toode\/dragon-wood-d4-adhesive-40ml-kopeeri\/#primaryimage"},"thumbnailUrl":"https:\/\/obender.eu\/wp-content\/uploads\/2024\/05\/DKSK020.jpg","datePublished":"2024-05-09T16:54:32+00:00","dateModified":"2026-04-21T22:01:23+00:00","description":"Obender Dragon Leather contact glue 20ml Dragon Leather contact glue 20ml Dragon Leather contact glue Dragon Leather contact glue 20ml 20ml","breadcrumb":{"@id":"https:\/\/obender.eu\/en\/toode\/dragon-wood-d4-adhesive-40ml-kopeeri\/#breadcrumb"},"inLanguage":"en-US","potentialAction":[{"@type":"ReadAction","target":["https:\/\/obender.eu\/en\/toode\/dragon-wood-d4-adhesive-40ml-kopeeri\/"]}]},{"@type":"ImageObject","inLanguage":"en-US","@id":"https:\/\/obender.eu\/en\/toode\/dragon-wood-d4-adhesive-40ml-kopeeri\/#primaryimage","url":"https:\/\/obender.eu\/wp-content\/uploads\/2024\/05\/DKSK020.jpg","contentUrl":"https:\/\/obender.eu\/wp-content\/uploads\/2024\/05\/DKSK020.jpg","width":768,"height":768},{"@type":"BreadcrumbList","@id":"https:\/\/obender.eu\/en\/toode\/dragon-wood-d4-adhesive-40ml-kopeeri\/#breadcrumb","itemListElement":[{"@type":"ListItem","position":1,"name":"Home","item":"https:\/\/obender.eu\/en\/"},{"@type":"ListItem","position":2,"name":"Tooted","item":"https:\/\/www.obender.eu\/tooted\/"},{"@type":"ListItem","position":3,"name":"Dragon Leather contact glue 20ml"}]},{"@type":"WebSite","@id":"https:\/\/www.obender.eu\/#website","url":"https:\/\/www.obender.eu\/","name":"Obender","description":"T\u00f6\u00f6stuskaupade hulgim\u00fc\u00fck","potentialAction":[{"@type":"SearchAction","target":{"@type":"EntryPoint","urlTemplate":"https:\/\/www.obender.eu\/?s={search_term_string}"},"query-input":{"@type":"PropertyValueSpecification","valueRequired":true,"valueName":"search_term_string"}}],"inLanguage":"en-US"}]}},"_links":{"self":[{"href":"https:\/\/obender.eu\/en\/wp-json\/wp\/v2\/product\/29445","targetHints":{"allow":["GET"]}}],"collection":[{"href":"https:\/\/obender.eu\/en\/wp-json\/wp\/v2\/product"}],"about":[{"href":"https:\/\/obender.eu\/en\/wp-json\/wp\/v2\/types\/product"}],"version-history":[{"count":3,"href":"https:\/\/obender.eu\/en\/wp-json\/wp\/v2\/product\/29445\/revisions"}],"predecessor-version":[{"id":31093,"href":"https:\/\/obender.eu\/en\/wp-json\/wp\/v2\/product\/29445\/revisions\/31093"}],"wp:featuredmedia":[{"embeddable":true,"href":"https:\/\/obender.eu\/en\/wp-json\/wp\/v2\/media\/29447"}],"wp:attachment":[{"href":"https:\/\/obender.eu\/en\/wp-json\/wp\/v2\/media?parent=29445"}],"wp:term":[{"taxonomy":"product_brand","embeddable":true,"href":"https:\/\/obender.eu\/en\/wp-json\/wp\/v2\/product_brand?post=29445"},{"taxonomy":"product_cat","embeddable":true,"href":"https:\/\/obender.eu\/en\/wp-json\/wp\/v2\/product_cat?post=29445"},{"taxonomy":"product_tag","embeddable":true,"href":"https:\/\/obender.eu\/en\/wp-json\/wp\/v2\/product_tag?post=29445"}],"curies":[{"name":"wp","href":"https:\/\/api.w.org\/{rel}","templated":true}]}}