{"id":29760,"date":"2024-08-23T09:08:07","date_gmt":"2024-08-23T06:08:07","guid":{"rendered":"https:\/\/obender.eu\/toode\/ezc104k-esperanza-usb-c-wall-charger-20w-black\/"},"modified":"2026-04-28T20:00:31","modified_gmt":"2026-04-28T17:00:31","slug":"ezc104k-esperanza-usb-c-wall-charger-20w-black","status":"publish","type":"product","link":"https:\/\/obender.eu\/en\/toode\/ezc104k-esperanza-usb-c-wall-charger-20w-black\/","title":{"rendered":"EZC104K Esperanza USB-C wall charger 20W black"},"content":{"rendered":"<p>EZC104K Esperanza USB-C wall charger<\/p>\n<p>Power: 20W<\/p>\n<p>Product code: EZC104K<\/p>\n<p>EAN: 5901299960547<\/p>\n<p>Fast charger with a power of up to 20 W. It allows you to charge devices up to three times faster than using traditional devices. The charger is compatible with most smartphones, tablets and other devices powered by a USB-C cable. It is equipped with numerous protections, thanks to which both the charger and your devices are protected against damage. Due to the wide range of input voltages (110-240 V), the charger can be used in many countries. Its small size makes it the perfect accessory to take with you when traveling. Advanced protection systems against overheating, short circuit and overload are used to protect the charged devices, as well as the charger itself. The intelligent chip automatically selects the level of current needed for effective charging of devices connected to the charger.<\/p>\n<ul>\n<li>Output: USB-C<\/li>\n<li>Supported charging standards: Power Delivery 20 W<\/li>\n<li>Input voltage: AC 110-240 V \/ 50-60 Hz<\/li>\n<li>Input Current: Max 0.6 A<\/li>\n<li>Output current and voltage: 5V\/3A, 9V\/2.22A, 12V\/1.67A<\/li>\n<li>Output Power: Max. 20 W<\/li>\n<li>Built-in automatic current adjustment system depending on the device being charged<\/li>\n<li>Built-in protection against overvoltage, short circuit and overheating<\/li>\n<\/ul>\n","protected":false},"excerpt":{"rendered":"<p>EZC104K Esperanza USB-C wall charger Power: 20W Product code: EZC104K EAN: 5901299960547 Fast charger with a power of up to<\/p>\n","protected":false},"featured_media":29756,"template":"","meta":[],"product_brand":[],"product_cat":[299,390],"product_tag":[461,1638,1637],"class_list":{"0":"post-29760","1":"product","2":"type-product","3":"status-publish","4":"has-post-thumbnail","6":"product_cat-phone-holders-and-chargers","7":"product_cat-smartphone-chargers-12v-240v","8":"product_tag-esperanza-en","9":"product_tag-ezc104k-en","10":"product_tag-wall-charger","12":"first","13":"instock","14":"taxable","15":"shipping-taxable","16":"purchasable","17":"product-type-simple"},"yoast_head":"<!-- This site is optimized with the Yoast SEO Premium plugin v20.0 (Yoast SEO v27.4) - https:\/\/yoast.com\/product\/yoast-seo-premium-wordpress\/ -->\n<title>EZC104K Esperanza USB-C wall charger 20W black - Obender<\/title>\n<meta name=\"robots\" content=\"index, follow, max-snippet:-1, max-image-preview:large, max-video-preview:-1\" \/>\n<link rel=\"canonical\" href=\"https:\/\/obender.eu\/en\/toode\/ezc104k-esperanza-usb-c-wall-charger-20w-black\/\" \/>\n<meta property=\"og:locale\" content=\"en_US\" \/>\n<meta property=\"og:type\" content=\"article\" \/>\n<meta property=\"og:title\" content=\"EZC104K Esperanza USB-C wall charger 20W black\" \/>\n<meta property=\"og:description\" content=\"EZC104K Esperanza USB-C wall charger Power: 20W Product code: EZC104K EAN: 5901299960547 Fast charger with a power of up to\" \/>\n<meta property=\"og:url\" content=\"https:\/\/obender.eu\/en\/toode\/ezc104k-esperanza-usb-c-wall-charger-20w-black\/\" \/>\n<meta property=\"og:site_name\" content=\"Obender\" \/>\n<meta property=\"article:modified_time\" content=\"2026-04-28T17:00:31+00:00\" \/>\n<meta property=\"og:image\" content=\"https:\/\/obender.eu\/wp-content\/uploads\/2024\/08\/EZC104K.jpg\" \/>\n\t<meta property=\"og:image:width\" content=\"1000\" \/>\n\t<meta property=\"og:image:height\" content=\"1000\" \/>\n\t<meta property=\"og:image:type\" content=\"image\/jpeg\" \/>\n<meta name=\"twitter:card\" content=\"summary_large_image\" \/>\n<meta name=\"twitter:label1\" content=\"Est. reading time\" \/>\n\t<meta name=\"twitter:data1\" content=\"2 minutes\" \/>\n<script type=\"application\/ld+json\" class=\"yoast-schema-graph\">{\"@context\":\"https:\\\/\\\/schema.org\",\"@graph\":[{\"@type\":\"WebPage\",\"@id\":\"https:\\\/\\\/obender.eu\\\/en\\\/toode\\\/ezc104k-esperanza-usb-c-wall-charger-20w-black\\\/\",\"url\":\"https:\\\/\\\/obender.eu\\\/en\\\/toode\\\/ezc104k-esperanza-usb-c-wall-charger-20w-black\\\/\",\"name\":\"EZC104K Esperanza USB-C wall charger 20W black - Obender\",\"isPartOf\":{\"@id\":\"https:\\\/\\\/www.obender.eu\\\/#website\"},\"primaryImageOfPage\":{\"@id\":\"https:\\\/\\\/obender.eu\\\/en\\\/toode\\\/ezc104k-esperanza-usb-c-wall-charger-20w-black\\\/#primaryimage\"},\"image\":{\"@id\":\"https:\\\/\\\/obender.eu\\\/en\\\/toode\\\/ezc104k-esperanza-usb-c-wall-charger-20w-black\\\/#primaryimage\"},\"thumbnailUrl\":\"https:\\\/\\\/www.obender.eu\\\/wp-content\\\/uploads\\\/2024\\\/08\\\/EZC104K.jpg\",\"datePublished\":\"2024-08-23T06:08:07+00:00\",\"dateModified\":\"2026-04-28T17:00:31+00:00\",\"breadcrumb\":{\"@id\":\"https:\\\/\\\/obender.eu\\\/en\\\/toode\\\/ezc104k-esperanza-usb-c-wall-charger-20w-black\\\/#breadcrumb\"},\"inLanguage\":\"en-US\",\"potentialAction\":[{\"@type\":\"ReadAction\",\"target\":[\"https:\\\/\\\/obender.eu\\\/en\\\/toode\\\/ezc104k-esperanza-usb-c-wall-charger-20w-black\\\/\"]}]},{\"@type\":\"ImageObject\",\"inLanguage\":\"en-US\",\"@id\":\"https:\\\/\\\/obender.eu\\\/en\\\/toode\\\/ezc104k-esperanza-usb-c-wall-charger-20w-black\\\/#primaryimage\",\"url\":\"https:\\\/\\\/www.obender.eu\\\/wp-content\\\/uploads\\\/2024\\\/08\\\/EZC104K.jpg\",\"contentUrl\":\"https:\\\/\\\/www.obender.eu\\\/wp-content\\\/uploads\\\/2024\\\/08\\\/EZC104K.jpg\",\"width\":1000,\"height\":1000},{\"@type\":\"BreadcrumbList\",\"@id\":\"https:\\\/\\\/obender.eu\\\/en\\\/toode\\\/ezc104k-esperanza-usb-c-wall-charger-20w-black\\\/#breadcrumb\",\"itemListElement\":[{\"@type\":\"ListItem\",\"position\":1,\"name\":\"Home\",\"item\":\"https:\\\/\\\/obender.eu\\\/en\\\/\"},{\"@type\":\"ListItem\",\"position\":2,\"name\":\"Tooted\",\"item\":\"https:\\\/\\\/www.obender.eu\\\/tooted\\\/\"},{\"@type\":\"ListItem\",\"position\":3,\"name\":\"EZC104K Esperanza USB-C wall charger 20W black\"}]},{\"@type\":\"WebSite\",\"@id\":\"https:\\\/\\\/www.obender.eu\\\/#website\",\"url\":\"https:\\\/\\\/www.obender.eu\\\/\",\"name\":\"Obender\",\"description\":\"T\u00f6\u00f6stuskaupade hulgim\u00fc\u00fck\",\"potentialAction\":[{\"@type\":\"SearchAction\",\"target\":{\"@type\":\"EntryPoint\",\"urlTemplate\":\"https:\\\/\\\/www.obender.eu\\\/?s={search_term_string}\"},\"query-input\":{\"@type\":\"PropertyValueSpecification\",\"valueRequired\":true,\"valueName\":\"search_term_string\"}}],\"inLanguage\":\"en-US\"}]}<\/script>\n<!-- \/ Yoast SEO Premium plugin. -->","yoast_head_json":{"title":"EZC104K Esperanza USB-C wall charger 20W black - Obender","robots":{"index":"index","follow":"follow","max-snippet":"max-snippet:-1","max-image-preview":"max-image-preview:large","max-video-preview":"max-video-preview:-1"},"canonical":"https:\/\/obender.eu\/en\/toode\/ezc104k-esperanza-usb-c-wall-charger-20w-black\/","og_locale":"en_US","og_type":"article","og_title":"EZC104K Esperanza USB-C wall charger 20W black","og_description":"EZC104K Esperanza USB-C wall charger Power: 20W Product code: EZC104K EAN: 5901299960547 Fast charger with a power of up to","og_url":"https:\/\/obender.eu\/en\/toode\/ezc104k-esperanza-usb-c-wall-charger-20w-black\/","og_site_name":"Obender","article_modified_time":"2026-04-28T17:00:31+00:00","og_image":[{"width":1000,"height":1000,"url":"https:\/\/obender.eu\/wp-content\/uploads\/2024\/08\/EZC104K.jpg","type":"image\/jpeg"}],"twitter_card":"summary_large_image","twitter_misc":{"Est. reading time":"2 minutes"},"schema":{"@context":"https:\/\/schema.org","@graph":[{"@type":"WebPage","@id":"https:\/\/obender.eu\/en\/toode\/ezc104k-esperanza-usb-c-wall-charger-20w-black\/","url":"https:\/\/obender.eu\/en\/toode\/ezc104k-esperanza-usb-c-wall-charger-20w-black\/","name":"EZC104K Esperanza USB-C wall charger 20W black - Obender","isPartOf":{"@id":"https:\/\/www.obender.eu\/#website"},"primaryImageOfPage":{"@id":"https:\/\/obender.eu\/en\/toode\/ezc104k-esperanza-usb-c-wall-charger-20w-black\/#primaryimage"},"image":{"@id":"https:\/\/obender.eu\/en\/toode\/ezc104k-esperanza-usb-c-wall-charger-20w-black\/#primaryimage"},"thumbnailUrl":"https:\/\/www.obender.eu\/wp-content\/uploads\/2024\/08\/EZC104K.jpg","datePublished":"2024-08-23T06:08:07+00:00","dateModified":"2026-04-28T17:00:31+00:00","breadcrumb":{"@id":"https:\/\/obender.eu\/en\/toode\/ezc104k-esperanza-usb-c-wall-charger-20w-black\/#breadcrumb"},"inLanguage":"en-US","potentialAction":[{"@type":"ReadAction","target":["https:\/\/obender.eu\/en\/toode\/ezc104k-esperanza-usb-c-wall-charger-20w-black\/"]}]},{"@type":"ImageObject","inLanguage":"en-US","@id":"https:\/\/obender.eu\/en\/toode\/ezc104k-esperanza-usb-c-wall-charger-20w-black\/#primaryimage","url":"https:\/\/www.obender.eu\/wp-content\/uploads\/2024\/08\/EZC104K.jpg","contentUrl":"https:\/\/www.obender.eu\/wp-content\/uploads\/2024\/08\/EZC104K.jpg","width":1000,"height":1000},{"@type":"BreadcrumbList","@id":"https:\/\/obender.eu\/en\/toode\/ezc104k-esperanza-usb-c-wall-charger-20w-black\/#breadcrumb","itemListElement":[{"@type":"ListItem","position":1,"name":"Home","item":"https:\/\/obender.eu\/en\/"},{"@type":"ListItem","position":2,"name":"Tooted","item":"https:\/\/www.obender.eu\/tooted\/"},{"@type":"ListItem","position":3,"name":"EZC104K Esperanza USB-C wall charger 20W black"}]},{"@type":"WebSite","@id":"https:\/\/www.obender.eu\/#website","url":"https:\/\/www.obender.eu\/","name":"Obender","description":"T\u00f6\u00f6stuskaupade hulgim\u00fc\u00fck","potentialAction":[{"@type":"SearchAction","target":{"@type":"EntryPoint","urlTemplate":"https:\/\/www.obender.eu\/?s={search_term_string}"},"query-input":{"@type":"PropertyValueSpecification","valueRequired":true,"valueName":"search_term_string"}}],"inLanguage":"en-US"}]}},"_links":{"self":[{"href":"https:\/\/obender.eu\/en\/wp-json\/wp\/v2\/product\/29760","targetHints":{"allow":["GET"]}}],"collection":[{"href":"https:\/\/obender.eu\/en\/wp-json\/wp\/v2\/product"}],"about":[{"href":"https:\/\/obender.eu\/en\/wp-json\/wp\/v2\/types\/product"}],"version-history":[{"count":1,"href":"https:\/\/obender.eu\/en\/wp-json\/wp\/v2\/product\/29760\/revisions"}],"predecessor-version":[{"id":29770,"href":"https:\/\/obender.eu\/en\/wp-json\/wp\/v2\/product\/29760\/revisions\/29770"}],"wp:featuredmedia":[{"embeddable":true,"href":"https:\/\/obender.eu\/en\/wp-json\/wp\/v2\/media\/29756"}],"wp:attachment":[{"href":"https:\/\/obender.eu\/en\/wp-json\/wp\/v2\/media?parent=29760"}],"wp:term":[{"taxonomy":"product_brand","embeddable":true,"href":"https:\/\/obender.eu\/en\/wp-json\/wp\/v2\/product_brand?post=29760"},{"taxonomy":"product_cat","embeddable":true,"href":"https:\/\/obender.eu\/en\/wp-json\/wp\/v2\/product_cat?post=29760"},{"taxonomy":"product_tag","embeddable":true,"href":"https:\/\/obender.eu\/en\/wp-json\/wp\/v2\/product_tag?post=29760"}],"curies":[{"name":"wp","href":"https:\/\/api.w.org\/{rel}","templated":true}]}}