{"id":29786,"date":"2024-08-29T10:05:07","date_gmt":"2024-08-29T07:05:07","guid":{"rendered":"https:\/\/obender.eu\/toode\/audio-cable-b-tools-35mm-1m\/"},"modified":"2026-04-18T17:00:21","modified_gmt":"2026-04-18T14:00:21","slug":"audio-cable-b-tools-35mm-1m","status":"publish","type":"product","link":"https:\/\/obender.eu\/en\/toode\/audio-cable-b-tools-35mm-1m\/","title":{"rendered":"Audio cable B-Tools 3,5mm 1m"},"content":{"rendered":"<p>Audio cable B-Tools 3,5mm 1m<\/p>\n<p>AUX cable 4-PIN (L+R+mic)<\/p>\n<p>Product code: B35950<\/p>\n<p>EAN: <span class=\"fontstyle0\">4250293359507<\/span><\/p>\n<p>Item is not suitable for some 3-PIN devices<\/p>\n","protected":false},"excerpt":{"rendered":"<p>Audio cable B-Tools 3,5mm 1m AUX cable 4-PIN (L+R+mic) Product code: B35950 EAN: 4250293359507 Item is not suitable for some<\/p>\n","protected":false},"featured_media":29782,"template":"","meta":[],"product_brand":[],"product_cat":[299,393],"product_tag":[1642,750],"class_list":{"0":"post-29786","1":"product","2":"type-product","3":"status-publish","4":"has-post-thumbnail","6":"product_cat-phone-holders-and-chargers","7":"product_cat-smartphone-cables","8":"product_tag-audio-cable","9":"product_tag-aux-en","11":"first","12":"instock","13":"taxable","14":"shipping-taxable","15":"purchasable","16":"product-type-simple"},"yoast_head":"<!-- This site is optimized with the Yoast SEO Premium plugin v20.0 (Yoast SEO v27.4) - https:\/\/yoast.com\/product\/yoast-seo-premium-wordpress\/ -->\n<title>Audio cable B-Tools 3,5mm 1m - Obender<\/title>\n<meta name=\"robots\" content=\"index, follow, max-snippet:-1, max-image-preview:large, max-video-preview:-1\" \/>\n<link rel=\"canonical\" href=\"https:\/\/obender.eu\/en\/toode\/audio-cable-b-tools-35mm-1m\/\" \/>\n<meta property=\"og:locale\" content=\"en_US\" \/>\n<meta property=\"og:type\" content=\"article\" \/>\n<meta property=\"og:title\" content=\"Audio cable B-Tools 3,5mm 1m\" \/>\n<meta property=\"og:description\" content=\"Audio cable B-Tools 3,5mm 1m AUX cable 4-PIN (L+R+mic) Product code: B35950 EAN: 4250293359507 Item is not suitable for some\" \/>\n<meta property=\"og:url\" content=\"https:\/\/obender.eu\/en\/toode\/audio-cable-b-tools-35mm-1m\/\" \/>\n<meta property=\"og:site_name\" content=\"Obender\" \/>\n<meta property=\"article:modified_time\" content=\"2026-04-18T14:00:21+00:00\" \/>\n<meta property=\"og:image\" content=\"https:\/\/obender.eu\/wp-content\/uploads\/2024\/08\/B35950.jpg\" \/>\n\t<meta property=\"og:image:width\" content=\"800\" \/>\n\t<meta property=\"og:image:height\" content=\"800\" \/>\n\t<meta property=\"og:image:type\" content=\"image\/jpeg\" \/>\n<meta name=\"twitter:card\" content=\"summary_large_image\" \/>\n<meta name=\"twitter:label1\" content=\"Est. reading time\" \/>\n\t<meta name=\"twitter:data1\" content=\"1 minute\" \/>\n<script type=\"application\/ld+json\" class=\"yoast-schema-graph\">{\"@context\":\"https:\\\/\\\/schema.org\",\"@graph\":[{\"@type\":\"WebPage\",\"@id\":\"https:\\\/\\\/obender.eu\\\/en\\\/toode\\\/audio-cable-b-tools-35mm-1m\\\/\",\"url\":\"https:\\\/\\\/obender.eu\\\/en\\\/toode\\\/audio-cable-b-tools-35mm-1m\\\/\",\"name\":\"Audio cable B-Tools 3,5mm 1m - Obender\",\"isPartOf\":{\"@id\":\"https:\\\/\\\/www.obender.eu\\\/#website\"},\"primaryImageOfPage\":{\"@id\":\"https:\\\/\\\/obender.eu\\\/en\\\/toode\\\/audio-cable-b-tools-35mm-1m\\\/#primaryimage\"},\"image\":{\"@id\":\"https:\\\/\\\/obender.eu\\\/en\\\/toode\\\/audio-cable-b-tools-35mm-1m\\\/#primaryimage\"},\"thumbnailUrl\":\"https:\\\/\\\/obender.eu\\\/wp-content\\\/uploads\\\/2024\\\/08\\\/B35950.jpg\",\"datePublished\":\"2024-08-29T07:05:07+00:00\",\"dateModified\":\"2026-04-18T14:00:21+00:00\",\"breadcrumb\":{\"@id\":\"https:\\\/\\\/obender.eu\\\/en\\\/toode\\\/audio-cable-b-tools-35mm-1m\\\/#breadcrumb\"},\"inLanguage\":\"en-US\",\"potentialAction\":[{\"@type\":\"ReadAction\",\"target\":[\"https:\\\/\\\/obender.eu\\\/en\\\/toode\\\/audio-cable-b-tools-35mm-1m\\\/\"]}]},{\"@type\":\"ImageObject\",\"inLanguage\":\"en-US\",\"@id\":\"https:\\\/\\\/obender.eu\\\/en\\\/toode\\\/audio-cable-b-tools-35mm-1m\\\/#primaryimage\",\"url\":\"https:\\\/\\\/obender.eu\\\/wp-content\\\/uploads\\\/2024\\\/08\\\/B35950.jpg\",\"contentUrl\":\"https:\\\/\\\/obender.eu\\\/wp-content\\\/uploads\\\/2024\\\/08\\\/B35950.jpg\",\"width\":800,\"height\":800},{\"@type\":\"BreadcrumbList\",\"@id\":\"https:\\\/\\\/obender.eu\\\/en\\\/toode\\\/audio-cable-b-tools-35mm-1m\\\/#breadcrumb\",\"itemListElement\":[{\"@type\":\"ListItem\",\"position\":1,\"name\":\"Home\",\"item\":\"https:\\\/\\\/obender.eu\\\/en\\\/\"},{\"@type\":\"ListItem\",\"position\":2,\"name\":\"Tooted\",\"item\":\"https:\\\/\\\/www.obender.eu\\\/tooted\\\/\"},{\"@type\":\"ListItem\",\"position\":3,\"name\":\"Audio cable B-Tools 3,5mm 1m\"}]},{\"@type\":\"WebSite\",\"@id\":\"https:\\\/\\\/www.obender.eu\\\/#website\",\"url\":\"https:\\\/\\\/www.obender.eu\\\/\",\"name\":\"Obender\",\"description\":\"T\u00f6\u00f6stuskaupade hulgim\u00fc\u00fck\",\"potentialAction\":[{\"@type\":\"SearchAction\",\"target\":{\"@type\":\"EntryPoint\",\"urlTemplate\":\"https:\\\/\\\/www.obender.eu\\\/?s={search_term_string}\"},\"query-input\":{\"@type\":\"PropertyValueSpecification\",\"valueRequired\":true,\"valueName\":\"search_term_string\"}}],\"inLanguage\":\"en-US\"}]}<\/script>\n<!-- \/ Yoast SEO Premium plugin. -->","yoast_head_json":{"title":"Audio cable B-Tools 3,5mm 1m - Obender","robots":{"index":"index","follow":"follow","max-snippet":"max-snippet:-1","max-image-preview":"max-image-preview:large","max-video-preview":"max-video-preview:-1"},"canonical":"https:\/\/obender.eu\/en\/toode\/audio-cable-b-tools-35mm-1m\/","og_locale":"en_US","og_type":"article","og_title":"Audio cable B-Tools 3,5mm 1m","og_description":"Audio cable B-Tools 3,5mm 1m AUX cable 4-PIN (L+R+mic) Product code: B35950 EAN: 4250293359507 Item is not suitable for some","og_url":"https:\/\/obender.eu\/en\/toode\/audio-cable-b-tools-35mm-1m\/","og_site_name":"Obender","article_modified_time":"2026-04-18T14:00:21+00:00","og_image":[{"width":800,"height":800,"url":"https:\/\/obender.eu\/wp-content\/uploads\/2024\/08\/B35950.jpg","type":"image\/jpeg"}],"twitter_card":"summary_large_image","twitter_misc":{"Est. reading time":"1 minute"},"schema":{"@context":"https:\/\/schema.org","@graph":[{"@type":"WebPage","@id":"https:\/\/obender.eu\/en\/toode\/audio-cable-b-tools-35mm-1m\/","url":"https:\/\/obender.eu\/en\/toode\/audio-cable-b-tools-35mm-1m\/","name":"Audio cable B-Tools 3,5mm 1m - Obender","isPartOf":{"@id":"https:\/\/www.obender.eu\/#website"},"primaryImageOfPage":{"@id":"https:\/\/obender.eu\/en\/toode\/audio-cable-b-tools-35mm-1m\/#primaryimage"},"image":{"@id":"https:\/\/obender.eu\/en\/toode\/audio-cable-b-tools-35mm-1m\/#primaryimage"},"thumbnailUrl":"https:\/\/obender.eu\/wp-content\/uploads\/2024\/08\/B35950.jpg","datePublished":"2024-08-29T07:05:07+00:00","dateModified":"2026-04-18T14:00:21+00:00","breadcrumb":{"@id":"https:\/\/obender.eu\/en\/toode\/audio-cable-b-tools-35mm-1m\/#breadcrumb"},"inLanguage":"en-US","potentialAction":[{"@type":"ReadAction","target":["https:\/\/obender.eu\/en\/toode\/audio-cable-b-tools-35mm-1m\/"]}]},{"@type":"ImageObject","inLanguage":"en-US","@id":"https:\/\/obender.eu\/en\/toode\/audio-cable-b-tools-35mm-1m\/#primaryimage","url":"https:\/\/obender.eu\/wp-content\/uploads\/2024\/08\/B35950.jpg","contentUrl":"https:\/\/obender.eu\/wp-content\/uploads\/2024\/08\/B35950.jpg","width":800,"height":800},{"@type":"BreadcrumbList","@id":"https:\/\/obender.eu\/en\/toode\/audio-cable-b-tools-35mm-1m\/#breadcrumb","itemListElement":[{"@type":"ListItem","position":1,"name":"Home","item":"https:\/\/obender.eu\/en\/"},{"@type":"ListItem","position":2,"name":"Tooted","item":"https:\/\/www.obender.eu\/tooted\/"},{"@type":"ListItem","position":3,"name":"Audio cable B-Tools 3,5mm 1m"}]},{"@type":"WebSite","@id":"https:\/\/www.obender.eu\/#website","url":"https:\/\/www.obender.eu\/","name":"Obender","description":"T\u00f6\u00f6stuskaupade hulgim\u00fc\u00fck","potentialAction":[{"@type":"SearchAction","target":{"@type":"EntryPoint","urlTemplate":"https:\/\/www.obender.eu\/?s={search_term_string}"},"query-input":{"@type":"PropertyValueSpecification","valueRequired":true,"valueName":"search_term_string"}}],"inLanguage":"en-US"}]}},"_links":{"self":[{"href":"https:\/\/obender.eu\/en\/wp-json\/wp\/v2\/product\/29786","targetHints":{"allow":["GET"]}}],"collection":[{"href":"https:\/\/obender.eu\/en\/wp-json\/wp\/v2\/product"}],"about":[{"href":"https:\/\/obender.eu\/en\/wp-json\/wp\/v2\/types\/product"}],"version-history":[{"count":1,"href":"https:\/\/obender.eu\/en\/wp-json\/wp\/v2\/product\/29786\/revisions"}],"predecessor-version":[{"id":29787,"href":"https:\/\/obender.eu\/en\/wp-json\/wp\/v2\/product\/29786\/revisions\/29787"}],"wp:featuredmedia":[{"embeddable":true,"href":"https:\/\/obender.eu\/en\/wp-json\/wp\/v2\/media\/29782"}],"wp:attachment":[{"href":"https:\/\/obender.eu\/en\/wp-json\/wp\/v2\/media?parent=29786"}],"wp:term":[{"taxonomy":"product_brand","embeddable":true,"href":"https:\/\/obender.eu\/en\/wp-json\/wp\/v2\/product_brand?post=29786"},{"taxonomy":"product_cat","embeddable":true,"href":"https:\/\/obender.eu\/en\/wp-json\/wp\/v2\/product_cat?post=29786"},{"taxonomy":"product_tag","embeddable":true,"href":"https:\/\/obender.eu\/en\/wp-json\/wp\/v2\/product_tag?post=29786"}],"curies":[{"name":"wp","href":"https:\/\/api.w.org\/{rel}","templated":true}]}}