{"id":29877,"date":"2024-09-06T12:14:13","date_gmt":"2024-09-06T09:14:13","guid":{"rendered":"https:\/\/obender.eu\/?post_type=product&#038;p=29877"},"modified":"2026-04-13T08:00:25","modified_gmt":"2026-04-13T05:00:25","slug":"multi-tool-b-tools-mini-11cm-kopeeri","status":"publish","type":"product","link":"https:\/\/obender.eu\/en\/toode\/multi-tool-b-tools-mini-11cm-kopeeri\/","title":{"rendered":"Multi tool B-Tools XL 16cm"},"content":{"rendered":"<p>Multi tool B-Tools B34484<\/p>\n<p>EAN: 4250293344848<\/p>\n<p>9 different tools:<\/p>\n<ul>\n<li>tongs<\/li>\n<li>knife<\/li>\n<li>saw<\/li>\n<li>file<\/li>\n<li>wire cutter<\/li>\n<li>can opener<\/li>\n<li>bittle opener<\/li>\n<li>PH screwdriver<\/li>\n<li>slotted screwdriver<\/li>\n<\/ul>\n<p>Length max 15,8cm, folded 10cm.<\/p>\n<p>Width max 7,0cm, folded 4,5cm.<\/p>\n<p>Material stainless steel<\/p>\n<p>Net weight 210g<\/p>\n","protected":false},"excerpt":{"rendered":"<p>Multi tool B-Tools B34484 EAN: 4250293344848 9 different tools: tongs knife saw file wire cutter can opener bittle opener PH<\/p>\n","protected":false},"featured_media":29879,"template":"","meta":[],"product_brand":[],"product_cat":[373,380,335],"product_tag":[1646,1645],"class_list":{"0":"post-29877","1":"product","2":"type-product","3":"status-publish","4":"has-post-thumbnail","6":"product_cat-tooriistad-ja-ehitus","7":"product_cat-home-and-office-equipment","8":"product_cat-sports-and-leisure","9":"product_tag-b-tools-en","10":"product_tag-multi-tool","12":"first","13":"instock","14":"taxable","15":"shipping-taxable","16":"purchasable","17":"product-type-simple"},"yoast_head":"<!-- This site is optimized with the Yoast SEO Premium plugin v20.0 (Yoast SEO v27.3) - https:\/\/yoast.com\/product\/yoast-seo-premium-wordpress\/ -->\n<title>Multi tool B-Tools XL 16cm - Obender<\/title>\n<meta name=\"robots\" content=\"index, follow, max-snippet:-1, max-image-preview:large, max-video-preview:-1\" \/>\n<link rel=\"canonical\" href=\"https:\/\/obender.eu\/en\/toode\/multi-tool-b-tools-mini-11cm-kopeeri\/\" \/>\n<meta property=\"og:locale\" content=\"en_US\" \/>\n<meta property=\"og:type\" content=\"article\" \/>\n<meta property=\"og:title\" content=\"Multi tool B-Tools XL 16cm\" \/>\n<meta property=\"og:description\" content=\"Multi tool B-Tools B34484 EAN: 4250293344848 9 different tools: tongs knife saw file wire cutter can opener bittle opener PH\" \/>\n<meta property=\"og:url\" content=\"https:\/\/obender.eu\/en\/toode\/multi-tool-b-tools-mini-11cm-kopeeri\/\" \/>\n<meta property=\"og:site_name\" content=\"Obender\" \/>\n<meta property=\"article:modified_time\" content=\"2026-04-13T05:00:25+00:00\" \/>\n<meta property=\"og:image\" content=\"https:\/\/obender.eu\/wp-content\/uploads\/2024\/09\/B34484-3.jpg\" \/>\n\t<meta property=\"og:image:width\" content=\"800\" \/>\n\t<meta property=\"og:image:height\" content=\"800\" \/>\n\t<meta property=\"og:image:type\" content=\"image\/jpeg\" \/>\n<meta name=\"twitter:card\" content=\"summary_large_image\" \/>\n<meta name=\"twitter:label1\" content=\"Est. reading time\" \/>\n\t<meta name=\"twitter:data1\" content=\"1 minute\" \/>\n<script type=\"application\/ld+json\" class=\"yoast-schema-graph\">{\"@context\":\"https:\\\/\\\/schema.org\",\"@graph\":[{\"@type\":\"WebPage\",\"@id\":\"https:\\\/\\\/obender.eu\\\/en\\\/toode\\\/multi-tool-b-tools-mini-11cm-kopeeri\\\/\",\"url\":\"https:\\\/\\\/obender.eu\\\/en\\\/toode\\\/multi-tool-b-tools-mini-11cm-kopeeri\\\/\",\"name\":\"Multi tool B-Tools XL 16cm - Obender\",\"isPartOf\":{\"@id\":\"https:\\\/\\\/www.obender.eu\\\/#website\"},\"primaryImageOfPage\":{\"@id\":\"https:\\\/\\\/obender.eu\\\/en\\\/toode\\\/multi-tool-b-tools-mini-11cm-kopeeri\\\/#primaryimage\"},\"image\":{\"@id\":\"https:\\\/\\\/obender.eu\\\/en\\\/toode\\\/multi-tool-b-tools-mini-11cm-kopeeri\\\/#primaryimage\"},\"thumbnailUrl\":\"https:\\\/\\\/obender.eu\\\/wp-content\\\/uploads\\\/2024\\\/09\\\/B34484-3.jpg\",\"datePublished\":\"2024-09-06T09:14:13+00:00\",\"dateModified\":\"2026-04-13T05:00:25+00:00\",\"breadcrumb\":{\"@id\":\"https:\\\/\\\/obender.eu\\\/en\\\/toode\\\/multi-tool-b-tools-mini-11cm-kopeeri\\\/#breadcrumb\"},\"inLanguage\":\"en-US\",\"potentialAction\":[{\"@type\":\"ReadAction\",\"target\":[\"https:\\\/\\\/obender.eu\\\/en\\\/toode\\\/multi-tool-b-tools-mini-11cm-kopeeri\\\/\"]}]},{\"@type\":\"ImageObject\",\"inLanguage\":\"en-US\",\"@id\":\"https:\\\/\\\/obender.eu\\\/en\\\/toode\\\/multi-tool-b-tools-mini-11cm-kopeeri\\\/#primaryimage\",\"url\":\"https:\\\/\\\/obender.eu\\\/wp-content\\\/uploads\\\/2024\\\/09\\\/B34484-3.jpg\",\"contentUrl\":\"https:\\\/\\\/obender.eu\\\/wp-content\\\/uploads\\\/2024\\\/09\\\/B34484-3.jpg\",\"width\":800,\"height\":800},{\"@type\":\"BreadcrumbList\",\"@id\":\"https:\\\/\\\/obender.eu\\\/en\\\/toode\\\/multi-tool-b-tools-mini-11cm-kopeeri\\\/#breadcrumb\",\"itemListElement\":[{\"@type\":\"ListItem\",\"position\":1,\"name\":\"Home\",\"item\":\"https:\\\/\\\/obender.eu\\\/en\\\/\"},{\"@type\":\"ListItem\",\"position\":2,\"name\":\"Tooted\",\"item\":\"https:\\\/\\\/www.obender.eu\\\/tooted\\\/\"},{\"@type\":\"ListItem\",\"position\":3,\"name\":\"Multi tool B-Tools XL 16cm\"}]},{\"@type\":\"WebSite\",\"@id\":\"https:\\\/\\\/www.obender.eu\\\/#website\",\"url\":\"https:\\\/\\\/www.obender.eu\\\/\",\"name\":\"Obender\",\"description\":\"T\u00f6\u00f6stuskaupade hulgim\u00fc\u00fck\",\"potentialAction\":[{\"@type\":\"SearchAction\",\"target\":{\"@type\":\"EntryPoint\",\"urlTemplate\":\"https:\\\/\\\/www.obender.eu\\\/?s={search_term_string}\"},\"query-input\":{\"@type\":\"PropertyValueSpecification\",\"valueRequired\":true,\"valueName\":\"search_term_string\"}}],\"inLanguage\":\"en-US\"}]}<\/script>\n<!-- \/ Yoast SEO Premium plugin. -->","yoast_head_json":{"title":"Multi tool B-Tools XL 16cm - Obender","robots":{"index":"index","follow":"follow","max-snippet":"max-snippet:-1","max-image-preview":"max-image-preview:large","max-video-preview":"max-video-preview:-1"},"canonical":"https:\/\/obender.eu\/en\/toode\/multi-tool-b-tools-mini-11cm-kopeeri\/","og_locale":"en_US","og_type":"article","og_title":"Multi tool B-Tools XL 16cm","og_description":"Multi tool B-Tools B34484 EAN: 4250293344848 9 different tools: tongs knife saw file wire cutter can opener bittle opener PH","og_url":"https:\/\/obender.eu\/en\/toode\/multi-tool-b-tools-mini-11cm-kopeeri\/","og_site_name":"Obender","article_modified_time":"2026-04-13T05:00:25+00:00","og_image":[{"width":800,"height":800,"url":"https:\/\/obender.eu\/wp-content\/uploads\/2024\/09\/B34484-3.jpg","type":"image\/jpeg"}],"twitter_card":"summary_large_image","twitter_misc":{"Est. reading time":"1 minute"},"schema":{"@context":"https:\/\/schema.org","@graph":[{"@type":"WebPage","@id":"https:\/\/obender.eu\/en\/toode\/multi-tool-b-tools-mini-11cm-kopeeri\/","url":"https:\/\/obender.eu\/en\/toode\/multi-tool-b-tools-mini-11cm-kopeeri\/","name":"Multi tool B-Tools XL 16cm - Obender","isPartOf":{"@id":"https:\/\/www.obender.eu\/#website"},"primaryImageOfPage":{"@id":"https:\/\/obender.eu\/en\/toode\/multi-tool-b-tools-mini-11cm-kopeeri\/#primaryimage"},"image":{"@id":"https:\/\/obender.eu\/en\/toode\/multi-tool-b-tools-mini-11cm-kopeeri\/#primaryimage"},"thumbnailUrl":"https:\/\/obender.eu\/wp-content\/uploads\/2024\/09\/B34484-3.jpg","datePublished":"2024-09-06T09:14:13+00:00","dateModified":"2026-04-13T05:00:25+00:00","breadcrumb":{"@id":"https:\/\/obender.eu\/en\/toode\/multi-tool-b-tools-mini-11cm-kopeeri\/#breadcrumb"},"inLanguage":"en-US","potentialAction":[{"@type":"ReadAction","target":["https:\/\/obender.eu\/en\/toode\/multi-tool-b-tools-mini-11cm-kopeeri\/"]}]},{"@type":"ImageObject","inLanguage":"en-US","@id":"https:\/\/obender.eu\/en\/toode\/multi-tool-b-tools-mini-11cm-kopeeri\/#primaryimage","url":"https:\/\/obender.eu\/wp-content\/uploads\/2024\/09\/B34484-3.jpg","contentUrl":"https:\/\/obender.eu\/wp-content\/uploads\/2024\/09\/B34484-3.jpg","width":800,"height":800},{"@type":"BreadcrumbList","@id":"https:\/\/obender.eu\/en\/toode\/multi-tool-b-tools-mini-11cm-kopeeri\/#breadcrumb","itemListElement":[{"@type":"ListItem","position":1,"name":"Home","item":"https:\/\/obender.eu\/en\/"},{"@type":"ListItem","position":2,"name":"Tooted","item":"https:\/\/www.obender.eu\/tooted\/"},{"@type":"ListItem","position":3,"name":"Multi tool B-Tools XL 16cm"}]},{"@type":"WebSite","@id":"https:\/\/www.obender.eu\/#website","url":"https:\/\/www.obender.eu\/","name":"Obender","description":"T\u00f6\u00f6stuskaupade hulgim\u00fc\u00fck","potentialAction":[{"@type":"SearchAction","target":{"@type":"EntryPoint","urlTemplate":"https:\/\/www.obender.eu\/?s={search_term_string}"},"query-input":{"@type":"PropertyValueSpecification","valueRequired":true,"valueName":"search_term_string"}}],"inLanguage":"en-US"}]}},"_links":{"self":[{"href":"https:\/\/obender.eu\/en\/wp-json\/wp\/v2\/product\/29877","targetHints":{"allow":["GET"]}}],"collection":[{"href":"https:\/\/obender.eu\/en\/wp-json\/wp\/v2\/product"}],"about":[{"href":"https:\/\/obender.eu\/en\/wp-json\/wp\/v2\/types\/product"}],"version-history":[{"count":1,"href":"https:\/\/obender.eu\/en\/wp-json\/wp\/v2\/product\/29877\/revisions"}],"predecessor-version":[{"id":29887,"href":"https:\/\/obender.eu\/en\/wp-json\/wp\/v2\/product\/29877\/revisions\/29887"}],"wp:featuredmedia":[{"embeddable":true,"href":"https:\/\/obender.eu\/en\/wp-json\/wp\/v2\/media\/29879"}],"wp:attachment":[{"href":"https:\/\/obender.eu\/en\/wp-json\/wp\/v2\/media?parent=29877"}],"wp:term":[{"taxonomy":"product_brand","embeddable":true,"href":"https:\/\/obender.eu\/en\/wp-json\/wp\/v2\/product_brand?post=29877"},{"taxonomy":"product_cat","embeddable":true,"href":"https:\/\/obender.eu\/en\/wp-json\/wp\/v2\/product_cat?post=29877"},{"taxonomy":"product_tag","embeddable":true,"href":"https:\/\/obender.eu\/en\/wp-json\/wp\/v2\/product_tag?post=29877"}],"curies":[{"name":"wp","href":"https:\/\/api.w.org\/{rel}","templated":true}]}}