{"id":29938,"date":"2024-09-08T09:39:05","date_gmt":"2024-09-08T06:39:05","guid":{"rendered":"https:\/\/obender.eu\/?post_type=product&#038;p=29938"},"modified":"2026-04-12T23:01:19","modified_gmt":"2026-04-12T20:01:19","slug":"data-cable-benson-usb-a-lightning-10m-kopeeri-2","status":"publish","type":"product","link":"https:\/\/obender.eu\/en\/toode\/data-cable-benson-usb-a-lightning-10m-kopeeri-2\/","title":{"rendered":"Data cable Benson USB-A USB-C 1,0m"},"content":{"rendered":"<p><strong>Benson data cable USB-A &#8211; USB-C<\/strong><\/p>\n<p>EAN: 8720195791614<\/p>\n<p>Technical: 5V, 2A<\/p>\n<p>For charging and data syncing<\/p>\n","protected":false},"excerpt":{"rendered":"<p>Benson data cable USB-A &#8211; USB-C EAN: 8720195791614 Technical: 5V, 2A For charging and data syncing<\/p>\n","protected":false},"featured_media":21383,"template":"","meta":[],"product_brand":[],"product_cat":[299,393],"product_tag":[505,1330,1248],"class_list":{"0":"post-29938","1":"product","2":"type-product","3":"status-publish","4":"has-post-thumbnail","6":"product_cat-phone-holders-and-chargers","7":"product_cat-smartphone-cables","8":"product_tag-benson-en","9":"product_tag-data-cable-en","10":"product_tag-datakaabel-en","12":"first","13":"instock","14":"taxable","15":"shipping-taxable","16":"purchasable","17":"product-type-simple"},"yoast_head":"<!-- This site is optimized with the Yoast SEO Premium plugin v20.0 (Yoast SEO v27.3) - https:\/\/yoast.com\/product\/yoast-seo-premium-wordpress\/ -->\n<title>Data cable Benson USB-A USB-C 1,0m - Obender<\/title>\n<meta name=\"robots\" content=\"index, follow, max-snippet:-1, max-image-preview:large, max-video-preview:-1\" \/>\n<link rel=\"canonical\" href=\"https:\/\/obender.eu\/toode\/datakaabel-benson-usb-a-usb-c-10m\/\" \/>\n<meta property=\"og:locale\" content=\"en_US\" \/>\n<meta property=\"og:type\" content=\"article\" \/>\n<meta property=\"og:title\" content=\"Data cable Benson USB-A USB-C 1,0m\" \/>\n<meta property=\"og:description\" content=\"Benson data cable USB-A &#8211; USB-C EAN: 8720195791614 Technical: 5V, 2A For charging and data syncing\" \/>\n<meta property=\"og:url\" content=\"https:\/\/obender.eu\/toode\/datakaabel-benson-usb-a-usb-c-10m\/\" \/>\n<meta property=\"og:site_name\" content=\"Obender\" \/>\n<meta property=\"article:modified_time\" content=\"2026-04-12T20:01:19+00:00\" \/>\n<meta property=\"og:image\" content=\"https:\/\/obender.eu\/wp-content\/uploads\/2023\/03\/8720195791614-1.jpg\" \/>\n\t<meta property=\"og:image:width\" content=\"1000\" \/>\n\t<meta property=\"og:image:height\" content=\"1000\" \/>\n\t<meta property=\"og:image:type\" content=\"image\/jpeg\" \/>\n<meta name=\"twitter:card\" content=\"summary_large_image\" \/>\n<meta name=\"twitter:label1\" content=\"Est. reading time\" \/>\n\t<meta name=\"twitter:data1\" content=\"1 minute\" \/>\n<script type=\"application\/ld+json\" class=\"yoast-schema-graph\">{\"@context\":\"https:\\\/\\\/schema.org\",\"@graph\":[{\"@type\":\"WebPage\",\"@id\":\"https:\\\/\\\/obender.eu\\\/toode\\\/datakaabel-benson-usb-a-usb-c-10m\\\/\",\"url\":\"https:\\\/\\\/obender.eu\\\/toode\\\/datakaabel-benson-usb-a-usb-c-10m\\\/\",\"name\":\"Data cable Benson USB-A USB-C 1,0m - Obender\",\"isPartOf\":{\"@id\":\"https:\\\/\\\/www.obender.eu\\\/#website\"},\"primaryImageOfPage\":{\"@id\":\"https:\\\/\\\/obender.eu\\\/toode\\\/datakaabel-benson-usb-a-usb-c-10m\\\/#primaryimage\"},\"image\":{\"@id\":\"https:\\\/\\\/obender.eu\\\/toode\\\/datakaabel-benson-usb-a-usb-c-10m\\\/#primaryimage\"},\"thumbnailUrl\":\"https:\\\/\\\/obender.eu\\\/wp-content\\\/uploads\\\/2023\\\/03\\\/8720195791614-1.jpg\",\"datePublished\":\"2024-09-08T06:39:05+00:00\",\"dateModified\":\"2026-04-12T20:01:19+00:00\",\"breadcrumb\":{\"@id\":\"https:\\\/\\\/obender.eu\\\/toode\\\/datakaabel-benson-usb-a-usb-c-10m\\\/#breadcrumb\"},\"inLanguage\":\"en-US\",\"potentialAction\":[{\"@type\":\"ReadAction\",\"target\":[\"https:\\\/\\\/obender.eu\\\/toode\\\/datakaabel-benson-usb-a-usb-c-10m\\\/\"]}]},{\"@type\":\"ImageObject\",\"inLanguage\":\"en-US\",\"@id\":\"https:\\\/\\\/obender.eu\\\/toode\\\/datakaabel-benson-usb-a-usb-c-10m\\\/#primaryimage\",\"url\":\"https:\\\/\\\/obender.eu\\\/wp-content\\\/uploads\\\/2023\\\/03\\\/8720195791614-1.jpg\",\"contentUrl\":\"https:\\\/\\\/obender.eu\\\/wp-content\\\/uploads\\\/2023\\\/03\\\/8720195791614-1.jpg\",\"width\":1000,\"height\":1000},{\"@type\":\"BreadcrumbList\",\"@id\":\"https:\\\/\\\/obender.eu\\\/toode\\\/datakaabel-benson-usb-a-usb-c-10m\\\/#breadcrumb\",\"itemListElement\":[{\"@type\":\"ListItem\",\"position\":1,\"name\":\"Home\",\"item\":\"https:\\\/\\\/obender.eu\\\/en\\\/\"},{\"@type\":\"ListItem\",\"position\":2,\"name\":\"Tooted\",\"item\":\"https:\\\/\\\/www.obender.eu\\\/tooted\\\/\"},{\"@type\":\"ListItem\",\"position\":3,\"name\":\"Data cable Benson USB-A USB-C 1,0m\"}]},{\"@type\":\"WebSite\",\"@id\":\"https:\\\/\\\/www.obender.eu\\\/#website\",\"url\":\"https:\\\/\\\/www.obender.eu\\\/\",\"name\":\"Obender\",\"description\":\"T\u00f6\u00f6stuskaupade hulgim\u00fc\u00fck\",\"potentialAction\":[{\"@type\":\"SearchAction\",\"target\":{\"@type\":\"EntryPoint\",\"urlTemplate\":\"https:\\\/\\\/www.obender.eu\\\/?s={search_term_string}\"},\"query-input\":{\"@type\":\"PropertyValueSpecification\",\"valueRequired\":true,\"valueName\":\"search_term_string\"}}],\"inLanguage\":\"en-US\"}]}<\/script>\n<!-- \/ Yoast SEO Premium plugin. -->","yoast_head_json":{"title":"Data cable Benson USB-A USB-C 1,0m - Obender","robots":{"index":"index","follow":"follow","max-snippet":"max-snippet:-1","max-image-preview":"max-image-preview:large","max-video-preview":"max-video-preview:-1"},"canonical":"https:\/\/obender.eu\/toode\/datakaabel-benson-usb-a-usb-c-10m\/","og_locale":"en_US","og_type":"article","og_title":"Data cable Benson USB-A USB-C 1,0m","og_description":"Benson data cable USB-A &#8211; USB-C EAN: 8720195791614 Technical: 5V, 2A For charging and data syncing","og_url":"https:\/\/obender.eu\/toode\/datakaabel-benson-usb-a-usb-c-10m\/","og_site_name":"Obender","article_modified_time":"2026-04-12T20:01:19+00:00","og_image":[{"width":1000,"height":1000,"url":"https:\/\/obender.eu\/wp-content\/uploads\/2023\/03\/8720195791614-1.jpg","type":"image\/jpeg"}],"twitter_card":"summary_large_image","twitter_misc":{"Est. reading time":"1 minute"},"schema":{"@context":"https:\/\/schema.org","@graph":[{"@type":"WebPage","@id":"https:\/\/obender.eu\/toode\/datakaabel-benson-usb-a-usb-c-10m\/","url":"https:\/\/obender.eu\/toode\/datakaabel-benson-usb-a-usb-c-10m\/","name":"Data cable Benson USB-A USB-C 1,0m - Obender","isPartOf":{"@id":"https:\/\/www.obender.eu\/#website"},"primaryImageOfPage":{"@id":"https:\/\/obender.eu\/toode\/datakaabel-benson-usb-a-usb-c-10m\/#primaryimage"},"image":{"@id":"https:\/\/obender.eu\/toode\/datakaabel-benson-usb-a-usb-c-10m\/#primaryimage"},"thumbnailUrl":"https:\/\/obender.eu\/wp-content\/uploads\/2023\/03\/8720195791614-1.jpg","datePublished":"2024-09-08T06:39:05+00:00","dateModified":"2026-04-12T20:01:19+00:00","breadcrumb":{"@id":"https:\/\/obender.eu\/toode\/datakaabel-benson-usb-a-usb-c-10m\/#breadcrumb"},"inLanguage":"en-US","potentialAction":[{"@type":"ReadAction","target":["https:\/\/obender.eu\/toode\/datakaabel-benson-usb-a-usb-c-10m\/"]}]},{"@type":"ImageObject","inLanguage":"en-US","@id":"https:\/\/obender.eu\/toode\/datakaabel-benson-usb-a-usb-c-10m\/#primaryimage","url":"https:\/\/obender.eu\/wp-content\/uploads\/2023\/03\/8720195791614-1.jpg","contentUrl":"https:\/\/obender.eu\/wp-content\/uploads\/2023\/03\/8720195791614-1.jpg","width":1000,"height":1000},{"@type":"BreadcrumbList","@id":"https:\/\/obender.eu\/toode\/datakaabel-benson-usb-a-usb-c-10m\/#breadcrumb","itemListElement":[{"@type":"ListItem","position":1,"name":"Home","item":"https:\/\/obender.eu\/en\/"},{"@type":"ListItem","position":2,"name":"Tooted","item":"https:\/\/www.obender.eu\/tooted\/"},{"@type":"ListItem","position":3,"name":"Data cable Benson USB-A USB-C 1,0m"}]},{"@type":"WebSite","@id":"https:\/\/www.obender.eu\/#website","url":"https:\/\/www.obender.eu\/","name":"Obender","description":"T\u00f6\u00f6stuskaupade hulgim\u00fc\u00fck","potentialAction":[{"@type":"SearchAction","target":{"@type":"EntryPoint","urlTemplate":"https:\/\/www.obender.eu\/?s={search_term_string}"},"query-input":{"@type":"PropertyValueSpecification","valueRequired":true,"valueName":"search_term_string"}}],"inLanguage":"en-US"}]}},"_links":{"self":[{"href":"https:\/\/obender.eu\/en\/wp-json\/wp\/v2\/product\/29938","targetHints":{"allow":["GET"]}}],"collection":[{"href":"https:\/\/obender.eu\/en\/wp-json\/wp\/v2\/product"}],"about":[{"href":"https:\/\/obender.eu\/en\/wp-json\/wp\/v2\/types\/product"}],"version-history":[{"count":1,"href":"https:\/\/obender.eu\/en\/wp-json\/wp\/v2\/product\/29938\/revisions"}],"predecessor-version":[{"id":29940,"href":"https:\/\/obender.eu\/en\/wp-json\/wp\/v2\/product\/29938\/revisions\/29940"}],"wp:featuredmedia":[{"embeddable":true,"href":"https:\/\/obender.eu\/en\/wp-json\/wp\/v2\/media\/21383"}],"wp:attachment":[{"href":"https:\/\/obender.eu\/en\/wp-json\/wp\/v2\/media?parent=29938"}],"wp:term":[{"taxonomy":"product_brand","embeddable":true,"href":"https:\/\/obender.eu\/en\/wp-json\/wp\/v2\/product_brand?post=29938"},{"taxonomy":"product_cat","embeddable":true,"href":"https:\/\/obender.eu\/en\/wp-json\/wp\/v2\/product_cat?post=29938"},{"taxonomy":"product_tag","embeddable":true,"href":"https:\/\/obender.eu\/en\/wp-json\/wp\/v2\/product_tag?post=29938"}],"curies":[{"name":"wp","href":"https:\/\/api.w.org\/{rel}","templated":true}]}}