{"id":30273,"date":"2024-10-27T12:26:38","date_gmt":"2024-10-27T10:26:38","guid":{"rendered":"https:\/\/obender.eu\/?post_type=product&#038;p=30273"},"modified":"2026-04-28T21:00:31","modified_gmt":"2026-04-28T18:00:31","slug":"kitchen-and-appliances-cleaning-nefy-500ml-kopeeri","status":"publish","type":"product","link":"https:\/\/obender.eu\/en\/toode\/kitchen-and-appliances-cleaning-nefy-500ml-kopeeri\/","title":{"rendered":"Floor surface cleaning NEFY 1L"},"content":{"rendered":"<p>Floor surface cleaning NEFY 1L<\/p>\n<p>Product code: NPP01<\/p>\n<p>EAN: 5903649068729<\/p>\n<p>Highly effective floor and panel cleaner. Its innovative formula allows easy removal of dirt and grease. It does not leave smudges and makes cleaned surfaces shiny. It has antistatic properties that prevent dust from settling.<\/p>\n<p>Designed for care of floor panels, varnished parquet, varnished wooden floors.<\/p>\n<p>Dosing: 3 cups with 5L warm water.<\/p>\n<p>Instructions, safety and ingredients are shown on the package.<\/p>\n","protected":false},"excerpt":{"rendered":"<p>Floor surface cleaning NEFY 1L Product code: NPP01 EAN: 5903649068729 Highly effective floor and panel cleaner. Its innovative formula allows<\/p>\n","protected":false},"featured_media":30275,"template":"","meta":[],"product_brand":[],"product_cat":[1673],"product_tag":[1678,1677,1337],"class_list":{"0":"post-30273","1":"product","2":"type-product","3":"status-publish","4":"has-post-thumbnail","6":"product_cat-household-cleaners","7":"product_tag-household","8":"product_tag-nefy-en","9":"product_tag-puhastus-en","11":"first","12":"instock","13":"taxable","14":"shipping-taxable","15":"purchasable","16":"product-type-simple"},"yoast_head":"<!-- This site is optimized with the Yoast SEO Premium plugin v20.0 (Yoast SEO v27.4) - https:\/\/yoast.com\/product\/yoast-seo-premium-wordpress\/ -->\n<title>Floor surface cleaning NEFY 1L - Obender<\/title>\n<meta name=\"robots\" content=\"index, follow, max-snippet:-1, max-image-preview:large, max-video-preview:-1\" \/>\n<link rel=\"canonical\" href=\"https:\/\/obender.eu\/en\/toode\/kitchen-and-appliances-cleaning-nefy-500ml-kopeeri\/\" \/>\n<meta property=\"og:locale\" content=\"en_US\" \/>\n<meta property=\"og:type\" content=\"article\" \/>\n<meta property=\"og:title\" content=\"Floor surface cleaning NEFY 1L\" \/>\n<meta property=\"og:description\" content=\"Floor surface cleaning NEFY 1L Product code: NPP01 EAN: 5903649068729 Highly effective floor and panel cleaner. Its innovative formula allows\" \/>\n<meta property=\"og:url\" content=\"https:\/\/obender.eu\/en\/toode\/kitchen-and-appliances-cleaning-nefy-500ml-kopeeri\/\" \/>\n<meta property=\"og:site_name\" content=\"Obender\" \/>\n<meta property=\"article:modified_time\" content=\"2026-04-28T18:00:31+00:00\" \/>\n<meta property=\"og:image\" content=\"https:\/\/obender.eu\/wp-content\/uploads\/2024\/10\/NPP01.jpg\" \/>\n\t<meta property=\"og:image:width\" content=\"700\" \/>\n\t<meta property=\"og:image:height\" content=\"700\" \/>\n\t<meta property=\"og:image:type\" content=\"image\/jpeg\" \/>\n<meta name=\"twitter:card\" content=\"summary_large_image\" \/>\n<meta name=\"twitter:label1\" content=\"Est. reading time\" \/>\n\t<meta name=\"twitter:data1\" content=\"1 minute\" \/>\n<script type=\"application\/ld+json\" class=\"yoast-schema-graph\">{\"@context\":\"https:\\\/\\\/schema.org\",\"@graph\":[{\"@type\":\"WebPage\",\"@id\":\"https:\\\/\\\/obender.eu\\\/en\\\/toode\\\/kitchen-and-appliances-cleaning-nefy-500ml-kopeeri\\\/\",\"url\":\"https:\\\/\\\/obender.eu\\\/en\\\/toode\\\/kitchen-and-appliances-cleaning-nefy-500ml-kopeeri\\\/\",\"name\":\"Floor surface cleaning NEFY 1L - Obender\",\"isPartOf\":{\"@id\":\"https:\\\/\\\/www.obender.eu\\\/#website\"},\"primaryImageOfPage\":{\"@id\":\"https:\\\/\\\/obender.eu\\\/en\\\/toode\\\/kitchen-and-appliances-cleaning-nefy-500ml-kopeeri\\\/#primaryimage\"},\"image\":{\"@id\":\"https:\\\/\\\/obender.eu\\\/en\\\/toode\\\/kitchen-and-appliances-cleaning-nefy-500ml-kopeeri\\\/#primaryimage\"},\"thumbnailUrl\":\"https:\\\/\\\/obender.eu\\\/wp-content\\\/uploads\\\/2024\\\/10\\\/NPP01.jpg\",\"datePublished\":\"2024-10-27T10:26:38+00:00\",\"dateModified\":\"2026-04-28T18:00:31+00:00\",\"breadcrumb\":{\"@id\":\"https:\\\/\\\/obender.eu\\\/en\\\/toode\\\/kitchen-and-appliances-cleaning-nefy-500ml-kopeeri\\\/#breadcrumb\"},\"inLanguage\":\"en-US\",\"potentialAction\":[{\"@type\":\"ReadAction\",\"target\":[\"https:\\\/\\\/obender.eu\\\/en\\\/toode\\\/kitchen-and-appliances-cleaning-nefy-500ml-kopeeri\\\/\"]}]},{\"@type\":\"ImageObject\",\"inLanguage\":\"en-US\",\"@id\":\"https:\\\/\\\/obender.eu\\\/en\\\/toode\\\/kitchen-and-appliances-cleaning-nefy-500ml-kopeeri\\\/#primaryimage\",\"url\":\"https:\\\/\\\/obender.eu\\\/wp-content\\\/uploads\\\/2024\\\/10\\\/NPP01.jpg\",\"contentUrl\":\"https:\\\/\\\/obender.eu\\\/wp-content\\\/uploads\\\/2024\\\/10\\\/NPP01.jpg\",\"width\":700,\"height\":700},{\"@type\":\"BreadcrumbList\",\"@id\":\"https:\\\/\\\/obender.eu\\\/en\\\/toode\\\/kitchen-and-appliances-cleaning-nefy-500ml-kopeeri\\\/#breadcrumb\",\"itemListElement\":[{\"@type\":\"ListItem\",\"position\":1,\"name\":\"Home\",\"item\":\"https:\\\/\\\/obender.eu\\\/en\\\/\"},{\"@type\":\"ListItem\",\"position\":2,\"name\":\"Tooted\",\"item\":\"https:\\\/\\\/www.obender.eu\\\/tooted\\\/\"},{\"@type\":\"ListItem\",\"position\":3,\"name\":\"Floor surface cleaning NEFY 1L\"}]},{\"@type\":\"WebSite\",\"@id\":\"https:\\\/\\\/www.obender.eu\\\/#website\",\"url\":\"https:\\\/\\\/www.obender.eu\\\/\",\"name\":\"Obender\",\"description\":\"T\u00f6\u00f6stuskaupade hulgim\u00fc\u00fck\",\"potentialAction\":[{\"@type\":\"SearchAction\",\"target\":{\"@type\":\"EntryPoint\",\"urlTemplate\":\"https:\\\/\\\/www.obender.eu\\\/?s={search_term_string}\"},\"query-input\":{\"@type\":\"PropertyValueSpecification\",\"valueRequired\":true,\"valueName\":\"search_term_string\"}}],\"inLanguage\":\"en-US\"}]}<\/script>\n<!-- \/ Yoast SEO Premium plugin. -->","yoast_head_json":{"title":"Floor surface cleaning NEFY 1L - Obender","robots":{"index":"index","follow":"follow","max-snippet":"max-snippet:-1","max-image-preview":"max-image-preview:large","max-video-preview":"max-video-preview:-1"},"canonical":"https:\/\/obender.eu\/en\/toode\/kitchen-and-appliances-cleaning-nefy-500ml-kopeeri\/","og_locale":"en_US","og_type":"article","og_title":"Floor surface cleaning NEFY 1L","og_description":"Floor surface cleaning NEFY 1L Product code: NPP01 EAN: 5903649068729 Highly effective floor and panel cleaner. Its innovative formula allows","og_url":"https:\/\/obender.eu\/en\/toode\/kitchen-and-appliances-cleaning-nefy-500ml-kopeeri\/","og_site_name":"Obender","article_modified_time":"2026-04-28T18:00:31+00:00","og_image":[{"width":700,"height":700,"url":"https:\/\/obender.eu\/wp-content\/uploads\/2024\/10\/NPP01.jpg","type":"image\/jpeg"}],"twitter_card":"summary_large_image","twitter_misc":{"Est. reading time":"1 minute"},"schema":{"@context":"https:\/\/schema.org","@graph":[{"@type":"WebPage","@id":"https:\/\/obender.eu\/en\/toode\/kitchen-and-appliances-cleaning-nefy-500ml-kopeeri\/","url":"https:\/\/obender.eu\/en\/toode\/kitchen-and-appliances-cleaning-nefy-500ml-kopeeri\/","name":"Floor surface cleaning NEFY 1L - Obender","isPartOf":{"@id":"https:\/\/www.obender.eu\/#website"},"primaryImageOfPage":{"@id":"https:\/\/obender.eu\/en\/toode\/kitchen-and-appliances-cleaning-nefy-500ml-kopeeri\/#primaryimage"},"image":{"@id":"https:\/\/obender.eu\/en\/toode\/kitchen-and-appliances-cleaning-nefy-500ml-kopeeri\/#primaryimage"},"thumbnailUrl":"https:\/\/obender.eu\/wp-content\/uploads\/2024\/10\/NPP01.jpg","datePublished":"2024-10-27T10:26:38+00:00","dateModified":"2026-04-28T18:00:31+00:00","breadcrumb":{"@id":"https:\/\/obender.eu\/en\/toode\/kitchen-and-appliances-cleaning-nefy-500ml-kopeeri\/#breadcrumb"},"inLanguage":"en-US","potentialAction":[{"@type":"ReadAction","target":["https:\/\/obender.eu\/en\/toode\/kitchen-and-appliances-cleaning-nefy-500ml-kopeeri\/"]}]},{"@type":"ImageObject","inLanguage":"en-US","@id":"https:\/\/obender.eu\/en\/toode\/kitchen-and-appliances-cleaning-nefy-500ml-kopeeri\/#primaryimage","url":"https:\/\/obender.eu\/wp-content\/uploads\/2024\/10\/NPP01.jpg","contentUrl":"https:\/\/obender.eu\/wp-content\/uploads\/2024\/10\/NPP01.jpg","width":700,"height":700},{"@type":"BreadcrumbList","@id":"https:\/\/obender.eu\/en\/toode\/kitchen-and-appliances-cleaning-nefy-500ml-kopeeri\/#breadcrumb","itemListElement":[{"@type":"ListItem","position":1,"name":"Home","item":"https:\/\/obender.eu\/en\/"},{"@type":"ListItem","position":2,"name":"Tooted","item":"https:\/\/www.obender.eu\/tooted\/"},{"@type":"ListItem","position":3,"name":"Floor surface cleaning NEFY 1L"}]},{"@type":"WebSite","@id":"https:\/\/www.obender.eu\/#website","url":"https:\/\/www.obender.eu\/","name":"Obender","description":"T\u00f6\u00f6stuskaupade hulgim\u00fc\u00fck","potentialAction":[{"@type":"SearchAction","target":{"@type":"EntryPoint","urlTemplate":"https:\/\/www.obender.eu\/?s={search_term_string}"},"query-input":{"@type":"PropertyValueSpecification","valueRequired":true,"valueName":"search_term_string"}}],"inLanguage":"en-US"}]}},"_links":{"self":[{"href":"https:\/\/obender.eu\/en\/wp-json\/wp\/v2\/product\/30273","targetHints":{"allow":["GET"]}}],"collection":[{"href":"https:\/\/obender.eu\/en\/wp-json\/wp\/v2\/product"}],"about":[{"href":"https:\/\/obender.eu\/en\/wp-json\/wp\/v2\/types\/product"}],"version-history":[{"count":1,"href":"https:\/\/obender.eu\/en\/wp-json\/wp\/v2\/product\/30273\/revisions"}],"predecessor-version":[{"id":30277,"href":"https:\/\/obender.eu\/en\/wp-json\/wp\/v2\/product\/30273\/revisions\/30277"}],"wp:featuredmedia":[{"embeddable":true,"href":"https:\/\/obender.eu\/en\/wp-json\/wp\/v2\/media\/30275"}],"wp:attachment":[{"href":"https:\/\/obender.eu\/en\/wp-json\/wp\/v2\/media?parent=30273"}],"wp:term":[{"taxonomy":"product_brand","embeddable":true,"href":"https:\/\/obender.eu\/en\/wp-json\/wp\/v2\/product_brand?post=30273"},{"taxonomy":"product_cat","embeddable":true,"href":"https:\/\/obender.eu\/en\/wp-json\/wp\/v2\/product_cat?post=30273"},{"taxonomy":"product_tag","embeddable":true,"href":"https:\/\/obender.eu\/en\/wp-json\/wp\/v2\/product_tag?post=30273"}],"curies":[{"name":"wp","href":"https:\/\/api.w.org\/{rel}","templated":true}]}}