{"id":30293,"date":"2024-10-27T13:24:00","date_gmt":"2024-10-27T11:24:00","guid":{"rendered":"https:\/\/obender.eu\/?post_type=product&#038;p=30293"},"modified":"2026-04-28T21:00:32","modified_gmt":"2026-04-28T18:00:32","slug":"glass-and-mirror-cleaning-nefy-500ml-kopeeri","status":"publish","type":"product","link":"https:\/\/obender.eu\/en\/toode\/glass-and-mirror-cleaning-nefy-500ml-kopeeri\/","title":{"rendered":"Grease and grime cleaning NEFY 500ml"},"content":{"rendered":"<p>Grease and grime cleaning NEFY 500ml<\/p>\n<p>Product code: NTB500<\/p>\n<p>EAN: 5903649068613<\/p>\n<p>A modern agent that guarantees effective fat removal without streaks. Perfectly removes old, difficult to clean greasy deposits and dirt. It does not scratch cleaned surface and restores its natural look. It leaves fresh, marine scent.<\/p>\n<p>Product designed to remove grease and dirt from gas and electric cookers, microwave oven interiors, hoods, kitchen cabinets, ceramic tiles, worktops, grates, sideboards. It is used to clean enamelled, ceramic and stainless steel surfaces.<\/p>\n<p>Instruction, safety and ingredients are shown on the package.<\/p>\n","protected":false},"excerpt":{"rendered":"<p>Grease and grime cleaning NEFY 500ml Product code: NTB500 EAN: 5903649068613 A modern agent that guarantees effective fat removal without<\/p>\n","protected":false},"featured_media":30295,"template":"","meta":[],"product_brand":[],"product_cat":[1673],"product_tag":[1684,1678,1677,1337],"class_list":{"0":"post-30293","1":"product","2":"type-product","3":"status-publish","4":"has-post-thumbnail","6":"product_cat-household-cleaners","7":"product_tag-grease","8":"product_tag-household","9":"product_tag-nefy-en","10":"product_tag-puhastus-en","12":"first","13":"instock","14":"taxable","15":"shipping-taxable","16":"purchasable","17":"product-type-simple"},"yoast_head":"<!-- This site is optimized with the Yoast SEO Premium plugin v20.0 (Yoast SEO v27.4) - https:\/\/yoast.com\/product\/yoast-seo-premium-wordpress\/ -->\n<title>Grease and grime cleaning NEFY 500ml - Obender<\/title>\n<meta name=\"robots\" content=\"index, follow, max-snippet:-1, max-image-preview:large, max-video-preview:-1\" \/>\n<link rel=\"canonical\" href=\"https:\/\/obender.eu\/en\/toode\/glass-and-mirror-cleaning-nefy-500ml-kopeeri\/\" \/>\n<meta property=\"og:locale\" content=\"en_US\" \/>\n<meta property=\"og:type\" content=\"article\" \/>\n<meta property=\"og:title\" content=\"Grease and grime cleaning NEFY 500ml\" \/>\n<meta property=\"og:description\" content=\"Grease and grime cleaning NEFY 500ml Product code: NTB500 EAN: 5903649068613 A modern agent that guarantees effective fat removal without\" \/>\n<meta property=\"og:url\" content=\"https:\/\/obender.eu\/en\/toode\/glass-and-mirror-cleaning-nefy-500ml-kopeeri\/\" \/>\n<meta property=\"og:site_name\" content=\"Obender\" \/>\n<meta property=\"article:modified_time\" content=\"2026-04-28T18:00:32+00:00\" \/>\n<meta property=\"og:image\" content=\"https:\/\/obender.eu\/wp-content\/uploads\/2024\/10\/NTB500.jpg\" \/>\n\t<meta property=\"og:image:width\" content=\"800\" \/>\n\t<meta property=\"og:image:height\" content=\"800\" \/>\n\t<meta property=\"og:image:type\" content=\"image\/jpeg\" \/>\n<meta name=\"twitter:card\" content=\"summary_large_image\" \/>\n<meta name=\"twitter:label1\" content=\"Est. reading time\" \/>\n\t<meta name=\"twitter:data1\" content=\"1 minute\" \/>\n<script type=\"application\/ld+json\" class=\"yoast-schema-graph\">{\"@context\":\"https:\\\/\\\/schema.org\",\"@graph\":[{\"@type\":\"WebPage\",\"@id\":\"https:\\\/\\\/obender.eu\\\/en\\\/toode\\\/glass-and-mirror-cleaning-nefy-500ml-kopeeri\\\/\",\"url\":\"https:\\\/\\\/obender.eu\\\/en\\\/toode\\\/glass-and-mirror-cleaning-nefy-500ml-kopeeri\\\/\",\"name\":\"Grease and grime cleaning NEFY 500ml - Obender\",\"isPartOf\":{\"@id\":\"https:\\\/\\\/www.obender.eu\\\/#website\"},\"primaryImageOfPage\":{\"@id\":\"https:\\\/\\\/obender.eu\\\/en\\\/toode\\\/glass-and-mirror-cleaning-nefy-500ml-kopeeri\\\/#primaryimage\"},\"image\":{\"@id\":\"https:\\\/\\\/obender.eu\\\/en\\\/toode\\\/glass-and-mirror-cleaning-nefy-500ml-kopeeri\\\/#primaryimage\"},\"thumbnailUrl\":\"https:\\\/\\\/obender.eu\\\/wp-content\\\/uploads\\\/2024\\\/10\\\/NTB500.jpg\",\"datePublished\":\"2024-10-27T11:24:00+00:00\",\"dateModified\":\"2026-04-28T18:00:32+00:00\",\"breadcrumb\":{\"@id\":\"https:\\\/\\\/obender.eu\\\/en\\\/toode\\\/glass-and-mirror-cleaning-nefy-500ml-kopeeri\\\/#breadcrumb\"},\"inLanguage\":\"en-US\",\"potentialAction\":[{\"@type\":\"ReadAction\",\"target\":[\"https:\\\/\\\/obender.eu\\\/en\\\/toode\\\/glass-and-mirror-cleaning-nefy-500ml-kopeeri\\\/\"]}]},{\"@type\":\"ImageObject\",\"inLanguage\":\"en-US\",\"@id\":\"https:\\\/\\\/obender.eu\\\/en\\\/toode\\\/glass-and-mirror-cleaning-nefy-500ml-kopeeri\\\/#primaryimage\",\"url\":\"https:\\\/\\\/obender.eu\\\/wp-content\\\/uploads\\\/2024\\\/10\\\/NTB500.jpg\",\"contentUrl\":\"https:\\\/\\\/obender.eu\\\/wp-content\\\/uploads\\\/2024\\\/10\\\/NTB500.jpg\",\"width\":800,\"height\":800},{\"@type\":\"BreadcrumbList\",\"@id\":\"https:\\\/\\\/obender.eu\\\/en\\\/toode\\\/glass-and-mirror-cleaning-nefy-500ml-kopeeri\\\/#breadcrumb\",\"itemListElement\":[{\"@type\":\"ListItem\",\"position\":1,\"name\":\"Home\",\"item\":\"https:\\\/\\\/obender.eu\\\/en\\\/\"},{\"@type\":\"ListItem\",\"position\":2,\"name\":\"Tooted\",\"item\":\"https:\\\/\\\/www.obender.eu\\\/tooted\\\/\"},{\"@type\":\"ListItem\",\"position\":3,\"name\":\"Grease and grime cleaning NEFY 500ml\"}]},{\"@type\":\"WebSite\",\"@id\":\"https:\\\/\\\/www.obender.eu\\\/#website\",\"url\":\"https:\\\/\\\/www.obender.eu\\\/\",\"name\":\"Obender\",\"description\":\"T\u00f6\u00f6stuskaupade hulgim\u00fc\u00fck\",\"potentialAction\":[{\"@type\":\"SearchAction\",\"target\":{\"@type\":\"EntryPoint\",\"urlTemplate\":\"https:\\\/\\\/www.obender.eu\\\/?s={search_term_string}\"},\"query-input\":{\"@type\":\"PropertyValueSpecification\",\"valueRequired\":true,\"valueName\":\"search_term_string\"}}],\"inLanguage\":\"en-US\"}]}<\/script>\n<!-- \/ Yoast SEO Premium plugin. -->","yoast_head_json":{"title":"Grease and grime cleaning NEFY 500ml - Obender","robots":{"index":"index","follow":"follow","max-snippet":"max-snippet:-1","max-image-preview":"max-image-preview:large","max-video-preview":"max-video-preview:-1"},"canonical":"https:\/\/obender.eu\/en\/toode\/glass-and-mirror-cleaning-nefy-500ml-kopeeri\/","og_locale":"en_US","og_type":"article","og_title":"Grease and grime cleaning NEFY 500ml","og_description":"Grease and grime cleaning NEFY 500ml Product code: NTB500 EAN: 5903649068613 A modern agent that guarantees effective fat removal without","og_url":"https:\/\/obender.eu\/en\/toode\/glass-and-mirror-cleaning-nefy-500ml-kopeeri\/","og_site_name":"Obender","article_modified_time":"2026-04-28T18:00:32+00:00","og_image":[{"width":800,"height":800,"url":"https:\/\/obender.eu\/wp-content\/uploads\/2024\/10\/NTB500.jpg","type":"image\/jpeg"}],"twitter_card":"summary_large_image","twitter_misc":{"Est. reading time":"1 minute"},"schema":{"@context":"https:\/\/schema.org","@graph":[{"@type":"WebPage","@id":"https:\/\/obender.eu\/en\/toode\/glass-and-mirror-cleaning-nefy-500ml-kopeeri\/","url":"https:\/\/obender.eu\/en\/toode\/glass-and-mirror-cleaning-nefy-500ml-kopeeri\/","name":"Grease and grime cleaning NEFY 500ml - Obender","isPartOf":{"@id":"https:\/\/www.obender.eu\/#website"},"primaryImageOfPage":{"@id":"https:\/\/obender.eu\/en\/toode\/glass-and-mirror-cleaning-nefy-500ml-kopeeri\/#primaryimage"},"image":{"@id":"https:\/\/obender.eu\/en\/toode\/glass-and-mirror-cleaning-nefy-500ml-kopeeri\/#primaryimage"},"thumbnailUrl":"https:\/\/obender.eu\/wp-content\/uploads\/2024\/10\/NTB500.jpg","datePublished":"2024-10-27T11:24:00+00:00","dateModified":"2026-04-28T18:00:32+00:00","breadcrumb":{"@id":"https:\/\/obender.eu\/en\/toode\/glass-and-mirror-cleaning-nefy-500ml-kopeeri\/#breadcrumb"},"inLanguage":"en-US","potentialAction":[{"@type":"ReadAction","target":["https:\/\/obender.eu\/en\/toode\/glass-and-mirror-cleaning-nefy-500ml-kopeeri\/"]}]},{"@type":"ImageObject","inLanguage":"en-US","@id":"https:\/\/obender.eu\/en\/toode\/glass-and-mirror-cleaning-nefy-500ml-kopeeri\/#primaryimage","url":"https:\/\/obender.eu\/wp-content\/uploads\/2024\/10\/NTB500.jpg","contentUrl":"https:\/\/obender.eu\/wp-content\/uploads\/2024\/10\/NTB500.jpg","width":800,"height":800},{"@type":"BreadcrumbList","@id":"https:\/\/obender.eu\/en\/toode\/glass-and-mirror-cleaning-nefy-500ml-kopeeri\/#breadcrumb","itemListElement":[{"@type":"ListItem","position":1,"name":"Home","item":"https:\/\/obender.eu\/en\/"},{"@type":"ListItem","position":2,"name":"Tooted","item":"https:\/\/www.obender.eu\/tooted\/"},{"@type":"ListItem","position":3,"name":"Grease and grime cleaning NEFY 500ml"}]},{"@type":"WebSite","@id":"https:\/\/www.obender.eu\/#website","url":"https:\/\/www.obender.eu\/","name":"Obender","description":"T\u00f6\u00f6stuskaupade hulgim\u00fc\u00fck","potentialAction":[{"@type":"SearchAction","target":{"@type":"EntryPoint","urlTemplate":"https:\/\/www.obender.eu\/?s={search_term_string}"},"query-input":{"@type":"PropertyValueSpecification","valueRequired":true,"valueName":"search_term_string"}}],"inLanguage":"en-US"}]}},"_links":{"self":[{"href":"https:\/\/obender.eu\/en\/wp-json\/wp\/v2\/product\/30293","targetHints":{"allow":["GET"]}}],"collection":[{"href":"https:\/\/obender.eu\/en\/wp-json\/wp\/v2\/product"}],"about":[{"href":"https:\/\/obender.eu\/en\/wp-json\/wp\/v2\/types\/product"}],"version-history":[{"count":1,"href":"https:\/\/obender.eu\/en\/wp-json\/wp\/v2\/product\/30293\/revisions"}],"predecessor-version":[{"id":30297,"href":"https:\/\/obender.eu\/en\/wp-json\/wp\/v2\/product\/30293\/revisions\/30297"}],"wp:featuredmedia":[{"embeddable":true,"href":"https:\/\/obender.eu\/en\/wp-json\/wp\/v2\/media\/30295"}],"wp:attachment":[{"href":"https:\/\/obender.eu\/en\/wp-json\/wp\/v2\/media?parent=30293"}],"wp:term":[{"taxonomy":"product_brand","embeddable":true,"href":"https:\/\/obender.eu\/en\/wp-json\/wp\/v2\/product_brand?post=30293"},{"taxonomy":"product_cat","embeddable":true,"href":"https:\/\/obender.eu\/en\/wp-json\/wp\/v2\/product_cat?post=30293"},{"taxonomy":"product_tag","embeddable":true,"href":"https:\/\/obender.eu\/en\/wp-json\/wp\/v2\/product_tag?post=30293"}],"curies":[{"name":"wp","href":"https:\/\/api.w.org\/{rel}","templated":true}]}}