{"id":30319,"date":"2024-10-27T15:12:29","date_gmt":"2024-10-27T13:12:29","guid":{"rendered":"https:\/\/obender.eu\/?post_type=product&#038;p=30319"},"modified":"2026-04-29T07:00:43","modified_gmt":"2026-04-29T04:00:43","slug":"upholstered-furniture-cleaner-nefy-500ml-kopeeri","status":"publish","type":"product","link":"https:\/\/obender.eu\/en\/toode\/upholstered-furniture-cleaner-nefy-500ml-kopeeri\/","title":{"rendered":"Fridge and microwave cleaner NEFY 500ml"},"content":{"rendered":"<p>Fridge and microwave cleaner NEFY 500ml<\/p>\n<p>Product code: NLM500<\/p>\n<p>EAN: 5903649068590<\/p>\n<p>Due to specifically developed recipe, it perfectly removes dirt from household appliances. It removes unpleasant smell, dried food residues, dirt and stains. It ensures hygienic cleanliness. Applied regularly, prevents against formation of unpleasant smells.<\/p>\n<p>This product is designed for cleaning internal and external surfaces of refrigerators, freezers, microwave ovens and other kitchen equipment.<\/p>\n<p>Instruction, safety and ingredients are shown on the package.<\/p>\n","protected":false},"excerpt":{"rendered":"<p>Fridge and microwave cleaner NEFY 500ml Product code: NLM500 EAN: 5903649068590 Due to specifically developed recipe, it perfectly removes dirt<\/p>\n","protected":false},"featured_media":30321,"template":"","meta":[],"product_brand":[],"product_cat":[1673],"product_tag":[1695,1694,1678,1677,1337],"class_list":{"0":"post-30319","1":"product","2":"type-product","3":"status-publish","4":"has-post-thumbnail","6":"product_cat-household-cleaners","7":"product_tag-fridge-en","8":"product_tag-fridge","9":"product_tag-household","10":"product_tag-nefy-en","11":"product_tag-puhastus-en","13":"first","14":"instock","15":"taxable","16":"shipping-taxable","17":"purchasable","18":"product-type-simple"},"yoast_head":"<!-- This site is optimized with the Yoast SEO Premium plugin v20.0 (Yoast SEO v27.5) - https:\/\/yoast.com\/product\/yoast-seo-premium-wordpress\/ -->\n<title>Fridge and microwave cleaner NEFY 500ml - Obender<\/title>\n<meta name=\"robots\" content=\"index, follow, max-snippet:-1, max-image-preview:large, max-video-preview:-1\" \/>\n<link rel=\"canonical\" href=\"https:\/\/obender.eu\/toode\/kulmikute-puhastusvahend-nefy-500ml\/\" \/>\n<meta property=\"og:locale\" content=\"en_US\" \/>\n<meta property=\"og:type\" content=\"article\" \/>\n<meta property=\"og:title\" content=\"Fridge and microwave cleaner NEFY 500ml\" \/>\n<meta property=\"og:description\" content=\"Fridge and microwave cleaner NEFY 500ml Product code: NLM500 EAN: 5903649068590 Due to specifically developed recipe, it perfectly removes dirt\" \/>\n<meta property=\"og:url\" content=\"https:\/\/obender.eu\/toode\/kulmikute-puhastusvahend-nefy-500ml\/\" \/>\n<meta property=\"og:site_name\" content=\"Obender\" \/>\n<meta property=\"article:modified_time\" content=\"2026-04-29T04:00:43+00:00\" \/>\n<meta property=\"og:image\" content=\"https:\/\/obender.eu\/wp-content\/uploads\/2024\/10\/NLM500.jpg\" \/>\n\t<meta property=\"og:image:width\" content=\"800\" \/>\n\t<meta property=\"og:image:height\" content=\"800\" \/>\n\t<meta property=\"og:image:type\" content=\"image\/jpeg\" \/>\n<meta name=\"twitter:card\" content=\"summary_large_image\" \/>\n<meta name=\"twitter:label1\" content=\"Est. reading time\" \/>\n\t<meta name=\"twitter:data1\" content=\"1 minute\" \/>\n<script type=\"application\/ld+json\" class=\"yoast-schema-graph\">{\"@context\":\"https:\\\/\\\/schema.org\",\"@graph\":[{\"@type\":\"WebPage\",\"@id\":\"https:\\\/\\\/obender.eu\\\/toode\\\/kulmikute-puhastusvahend-nefy-500ml\\\/\",\"url\":\"https:\\\/\\\/obender.eu\\\/toode\\\/kulmikute-puhastusvahend-nefy-500ml\\\/\",\"name\":\"Fridge and microwave cleaner NEFY 500ml - Obender\",\"isPartOf\":{\"@id\":\"https:\\\/\\\/www.obender.eu\\\/#website\"},\"primaryImageOfPage\":{\"@id\":\"https:\\\/\\\/obender.eu\\\/toode\\\/kulmikute-puhastusvahend-nefy-500ml\\\/#primaryimage\"},\"image\":{\"@id\":\"https:\\\/\\\/obender.eu\\\/toode\\\/kulmikute-puhastusvahend-nefy-500ml\\\/#primaryimage\"},\"thumbnailUrl\":\"https:\\\/\\\/obender.eu\\\/wp-content\\\/uploads\\\/2024\\\/10\\\/NLM500.jpg\",\"datePublished\":\"2024-10-27T13:12:29+00:00\",\"dateModified\":\"2026-04-29T04:00:43+00:00\",\"breadcrumb\":{\"@id\":\"https:\\\/\\\/obender.eu\\\/toode\\\/kulmikute-puhastusvahend-nefy-500ml\\\/#breadcrumb\"},\"inLanguage\":\"en-US\",\"potentialAction\":[{\"@type\":\"ReadAction\",\"target\":[\"https:\\\/\\\/obender.eu\\\/toode\\\/kulmikute-puhastusvahend-nefy-500ml\\\/\"]}]},{\"@type\":\"ImageObject\",\"inLanguage\":\"en-US\",\"@id\":\"https:\\\/\\\/obender.eu\\\/toode\\\/kulmikute-puhastusvahend-nefy-500ml\\\/#primaryimage\",\"url\":\"https:\\\/\\\/obender.eu\\\/wp-content\\\/uploads\\\/2024\\\/10\\\/NLM500.jpg\",\"contentUrl\":\"https:\\\/\\\/obender.eu\\\/wp-content\\\/uploads\\\/2024\\\/10\\\/NLM500.jpg\",\"width\":800,\"height\":800},{\"@type\":\"BreadcrumbList\",\"@id\":\"https:\\\/\\\/obender.eu\\\/toode\\\/kulmikute-puhastusvahend-nefy-500ml\\\/#breadcrumb\",\"itemListElement\":[{\"@type\":\"ListItem\",\"position\":1,\"name\":\"Home\",\"item\":\"https:\\\/\\\/obender.eu\\\/en\\\/\"},{\"@type\":\"ListItem\",\"position\":2,\"name\":\"Tooted\",\"item\":\"https:\\\/\\\/www.obender.eu\\\/tooted\\\/\"},{\"@type\":\"ListItem\",\"position\":3,\"name\":\"Fridge and microwave cleaner NEFY 500ml\"}]},{\"@type\":\"WebSite\",\"@id\":\"https:\\\/\\\/www.obender.eu\\\/#website\",\"url\":\"https:\\\/\\\/www.obender.eu\\\/\",\"name\":\"Obender\",\"description\":\"T\u00f6\u00f6stuskaupade hulgim\u00fc\u00fck\",\"potentialAction\":[{\"@type\":\"SearchAction\",\"target\":{\"@type\":\"EntryPoint\",\"urlTemplate\":\"https:\\\/\\\/www.obender.eu\\\/?s={search_term_string}\"},\"query-input\":{\"@type\":\"PropertyValueSpecification\",\"valueRequired\":true,\"valueName\":\"search_term_string\"}}],\"inLanguage\":\"en-US\"}]}<\/script>\n<!-- \/ Yoast SEO Premium plugin. -->","yoast_head_json":{"title":"Fridge and microwave cleaner NEFY 500ml - Obender","robots":{"index":"index","follow":"follow","max-snippet":"max-snippet:-1","max-image-preview":"max-image-preview:large","max-video-preview":"max-video-preview:-1"},"canonical":"https:\/\/obender.eu\/toode\/kulmikute-puhastusvahend-nefy-500ml\/","og_locale":"en_US","og_type":"article","og_title":"Fridge and microwave cleaner NEFY 500ml","og_description":"Fridge and microwave cleaner NEFY 500ml Product code: NLM500 EAN: 5903649068590 Due to specifically developed recipe, it perfectly removes dirt","og_url":"https:\/\/obender.eu\/toode\/kulmikute-puhastusvahend-nefy-500ml\/","og_site_name":"Obender","article_modified_time":"2026-04-29T04:00:43+00:00","og_image":[{"width":800,"height":800,"url":"https:\/\/obender.eu\/wp-content\/uploads\/2024\/10\/NLM500.jpg","type":"image\/jpeg"}],"twitter_card":"summary_large_image","twitter_misc":{"Est. reading time":"1 minute"},"schema":{"@context":"https:\/\/schema.org","@graph":[{"@type":"WebPage","@id":"https:\/\/obender.eu\/toode\/kulmikute-puhastusvahend-nefy-500ml\/","url":"https:\/\/obender.eu\/toode\/kulmikute-puhastusvahend-nefy-500ml\/","name":"Fridge and microwave cleaner NEFY 500ml - Obender","isPartOf":{"@id":"https:\/\/www.obender.eu\/#website"},"primaryImageOfPage":{"@id":"https:\/\/obender.eu\/toode\/kulmikute-puhastusvahend-nefy-500ml\/#primaryimage"},"image":{"@id":"https:\/\/obender.eu\/toode\/kulmikute-puhastusvahend-nefy-500ml\/#primaryimage"},"thumbnailUrl":"https:\/\/obender.eu\/wp-content\/uploads\/2024\/10\/NLM500.jpg","datePublished":"2024-10-27T13:12:29+00:00","dateModified":"2026-04-29T04:00:43+00:00","breadcrumb":{"@id":"https:\/\/obender.eu\/toode\/kulmikute-puhastusvahend-nefy-500ml\/#breadcrumb"},"inLanguage":"en-US","potentialAction":[{"@type":"ReadAction","target":["https:\/\/obender.eu\/toode\/kulmikute-puhastusvahend-nefy-500ml\/"]}]},{"@type":"ImageObject","inLanguage":"en-US","@id":"https:\/\/obender.eu\/toode\/kulmikute-puhastusvahend-nefy-500ml\/#primaryimage","url":"https:\/\/obender.eu\/wp-content\/uploads\/2024\/10\/NLM500.jpg","contentUrl":"https:\/\/obender.eu\/wp-content\/uploads\/2024\/10\/NLM500.jpg","width":800,"height":800},{"@type":"BreadcrumbList","@id":"https:\/\/obender.eu\/toode\/kulmikute-puhastusvahend-nefy-500ml\/#breadcrumb","itemListElement":[{"@type":"ListItem","position":1,"name":"Home","item":"https:\/\/obender.eu\/en\/"},{"@type":"ListItem","position":2,"name":"Tooted","item":"https:\/\/www.obender.eu\/tooted\/"},{"@type":"ListItem","position":3,"name":"Fridge and microwave cleaner NEFY 500ml"}]},{"@type":"WebSite","@id":"https:\/\/www.obender.eu\/#website","url":"https:\/\/www.obender.eu\/","name":"Obender","description":"T\u00f6\u00f6stuskaupade hulgim\u00fc\u00fck","potentialAction":[{"@type":"SearchAction","target":{"@type":"EntryPoint","urlTemplate":"https:\/\/www.obender.eu\/?s={search_term_string}"},"query-input":{"@type":"PropertyValueSpecification","valueRequired":true,"valueName":"search_term_string"}}],"inLanguage":"en-US"}]}},"_links":{"self":[{"href":"https:\/\/obender.eu\/en\/wp-json\/wp\/v2\/product\/30319","targetHints":{"allow":["GET"]}}],"collection":[{"href":"https:\/\/obender.eu\/en\/wp-json\/wp\/v2\/product"}],"about":[{"href":"https:\/\/obender.eu\/en\/wp-json\/wp\/v2\/types\/product"}],"version-history":[{"count":1,"href":"https:\/\/obender.eu\/en\/wp-json\/wp\/v2\/product\/30319\/revisions"}],"predecessor-version":[{"id":30323,"href":"https:\/\/obender.eu\/en\/wp-json\/wp\/v2\/product\/30319\/revisions\/30323"}],"wp:featuredmedia":[{"embeddable":true,"href":"https:\/\/obender.eu\/en\/wp-json\/wp\/v2\/media\/30321"}],"wp:attachment":[{"href":"https:\/\/obender.eu\/en\/wp-json\/wp\/v2\/media?parent=30319"}],"wp:term":[{"taxonomy":"product_brand","embeddable":true,"href":"https:\/\/obender.eu\/en\/wp-json\/wp\/v2\/product_brand?post=30319"},{"taxonomy":"product_cat","embeddable":true,"href":"https:\/\/obender.eu\/en\/wp-json\/wp\/v2\/product_cat?post=30319"},{"taxonomy":"product_tag","embeddable":true,"href":"https:\/\/obender.eu\/en\/wp-json\/wp\/v2\/product_tag?post=30319"}],"curies":[{"name":"wp","href":"https:\/\/api.w.org\/{rel}","templated":true}]}}