{"id":30345,"date":"2024-10-27T16:08:09","date_gmt":"2024-10-27T14:08:10","guid":{"rendered":"https:\/\/obender.eu\/?post_type=product&#038;p=30345"},"modified":"2026-04-28T20:00:33","modified_gmt":"2026-04-28T17:00:33","slug":"daily-shower-cleaner-nefy-500ml-kopeeri","status":"publish","type":"product","link":"https:\/\/obender.eu\/en\/toode\/daily-shower-cleaner-nefy-500ml-kopeeri\/","title":{"rendered":"Stainless steel cleaner NEFY 500ml"},"content":{"rendered":"<p>Stainless steel cleaner NEFY 500ml<\/p>\n<p>Product code: NIS500<\/p>\n<p>EAN: 5903649068576<\/p>\n<p>Easy to use, effective cleaning agent for everyday cleaning of stainless steel surfaces. It does not leave smudges and makes cleaned surfaces shiny. Removes fingerprints, limescale deposits, grease and other dirt. It leaves fresh, marine scent.<\/p>\n<p>Agent designed for cleaning hoods, cookers, ovens, sinks, refrigerator doors and other household appliances made of stainless steel.<\/p>\n<p>Instruction, safety and ingredients are shown on the package.<\/p>\n","protected":false},"excerpt":{"rendered":"<p>Stainless steel cleaner NEFY 500ml Product code: NIS500 EAN: 5903649068576 Easy to use, effective cleaning agent for everyday cleaning of<\/p>\n","protected":false},"featured_media":30347,"template":"","meta":[],"product_brand":[],"product_cat":[1673],"product_tag":[1678,1677,1337,1699],"class_list":{"0":"post-30345","1":"product","2":"type-product","3":"status-publish","4":"has-post-thumbnail","6":"product_cat-household-cleaners","7":"product_tag-household","8":"product_tag-nefy-en","9":"product_tag-puhastus-en","10":"product_tag-stainless","12":"first","13":"instock","14":"taxable","15":"shipping-taxable","16":"purchasable","17":"product-type-simple"},"yoast_head":"<!-- This site is optimized with the Yoast SEO Premium plugin v20.0 (Yoast SEO v27.4) - https:\/\/yoast.com\/product\/yoast-seo-premium-wordpress\/ -->\n<title>Stainless steel cleaner NEFY 500ml - Obender<\/title>\n<meta name=\"robots\" content=\"index, follow, max-snippet:-1, max-image-preview:large, max-video-preview:-1\" \/>\n<link rel=\"canonical\" href=\"https:\/\/obender.eu\/en\/toode\/daily-shower-cleaner-nefy-500ml-kopeeri\/\" \/>\n<meta property=\"og:locale\" content=\"en_US\" \/>\n<meta property=\"og:type\" content=\"article\" \/>\n<meta property=\"og:title\" content=\"Stainless steel cleaner NEFY 500ml\" \/>\n<meta property=\"og:description\" content=\"Stainless steel cleaner NEFY 500ml Product code: NIS500 EAN: 5903649068576 Easy to use, effective cleaning agent for everyday cleaning of\" \/>\n<meta property=\"og:url\" content=\"https:\/\/obender.eu\/en\/toode\/daily-shower-cleaner-nefy-500ml-kopeeri\/\" \/>\n<meta property=\"og:site_name\" content=\"Obender\" \/>\n<meta property=\"article:modified_time\" content=\"2026-04-28T17:00:33+00:00\" \/>\n<meta property=\"og:image\" content=\"https:\/\/obender.eu\/wp-content\/uploads\/2024\/10\/NIS500.jpg\" \/>\n\t<meta property=\"og:image:width\" content=\"800\" \/>\n\t<meta property=\"og:image:height\" content=\"800\" \/>\n\t<meta property=\"og:image:type\" content=\"image\/jpeg\" \/>\n<meta name=\"twitter:card\" content=\"summary_large_image\" \/>\n<meta name=\"twitter:label1\" content=\"Est. reading time\" \/>\n\t<meta name=\"twitter:data1\" content=\"1 minute\" \/>\n<script type=\"application\/ld+json\" class=\"yoast-schema-graph\">{\"@context\":\"https:\\\/\\\/schema.org\",\"@graph\":[{\"@type\":\"WebPage\",\"@id\":\"https:\\\/\\\/obender.eu\\\/en\\\/toode\\\/daily-shower-cleaner-nefy-500ml-kopeeri\\\/\",\"url\":\"https:\\\/\\\/obender.eu\\\/en\\\/toode\\\/daily-shower-cleaner-nefy-500ml-kopeeri\\\/\",\"name\":\"Stainless steel cleaner NEFY 500ml - Obender\",\"isPartOf\":{\"@id\":\"https:\\\/\\\/www.obender.eu\\\/#website\"},\"primaryImageOfPage\":{\"@id\":\"https:\\\/\\\/obender.eu\\\/en\\\/toode\\\/daily-shower-cleaner-nefy-500ml-kopeeri\\\/#primaryimage\"},\"image\":{\"@id\":\"https:\\\/\\\/obender.eu\\\/en\\\/toode\\\/daily-shower-cleaner-nefy-500ml-kopeeri\\\/#primaryimage\"},\"thumbnailUrl\":\"https:\\\/\\\/obender.eu\\\/wp-content\\\/uploads\\\/2024\\\/10\\\/NIS500.jpg\",\"datePublished\":\"2024-10-27T14:08:10+00:00\",\"dateModified\":\"2026-04-28T17:00:33+00:00\",\"breadcrumb\":{\"@id\":\"https:\\\/\\\/obender.eu\\\/en\\\/toode\\\/daily-shower-cleaner-nefy-500ml-kopeeri\\\/#breadcrumb\"},\"inLanguage\":\"en-US\",\"potentialAction\":[{\"@type\":\"ReadAction\",\"target\":[\"https:\\\/\\\/obender.eu\\\/en\\\/toode\\\/daily-shower-cleaner-nefy-500ml-kopeeri\\\/\"]}]},{\"@type\":\"ImageObject\",\"inLanguage\":\"en-US\",\"@id\":\"https:\\\/\\\/obender.eu\\\/en\\\/toode\\\/daily-shower-cleaner-nefy-500ml-kopeeri\\\/#primaryimage\",\"url\":\"https:\\\/\\\/obender.eu\\\/wp-content\\\/uploads\\\/2024\\\/10\\\/NIS500.jpg\",\"contentUrl\":\"https:\\\/\\\/obender.eu\\\/wp-content\\\/uploads\\\/2024\\\/10\\\/NIS500.jpg\",\"width\":800,\"height\":800},{\"@type\":\"BreadcrumbList\",\"@id\":\"https:\\\/\\\/obender.eu\\\/en\\\/toode\\\/daily-shower-cleaner-nefy-500ml-kopeeri\\\/#breadcrumb\",\"itemListElement\":[{\"@type\":\"ListItem\",\"position\":1,\"name\":\"Home\",\"item\":\"https:\\\/\\\/obender.eu\\\/en\\\/\"},{\"@type\":\"ListItem\",\"position\":2,\"name\":\"Tooted\",\"item\":\"https:\\\/\\\/www.obender.eu\\\/tooted\\\/\"},{\"@type\":\"ListItem\",\"position\":3,\"name\":\"Stainless steel cleaner NEFY 500ml\"}]},{\"@type\":\"WebSite\",\"@id\":\"https:\\\/\\\/www.obender.eu\\\/#website\",\"url\":\"https:\\\/\\\/www.obender.eu\\\/\",\"name\":\"Obender\",\"description\":\"T\u00f6\u00f6stuskaupade hulgim\u00fc\u00fck\",\"potentialAction\":[{\"@type\":\"SearchAction\",\"target\":{\"@type\":\"EntryPoint\",\"urlTemplate\":\"https:\\\/\\\/www.obender.eu\\\/?s={search_term_string}\"},\"query-input\":{\"@type\":\"PropertyValueSpecification\",\"valueRequired\":true,\"valueName\":\"search_term_string\"}}],\"inLanguage\":\"en-US\"}]}<\/script>\n<!-- \/ Yoast SEO Premium plugin. -->","yoast_head_json":{"title":"Stainless steel cleaner NEFY 500ml - Obender","robots":{"index":"index","follow":"follow","max-snippet":"max-snippet:-1","max-image-preview":"max-image-preview:large","max-video-preview":"max-video-preview:-1"},"canonical":"https:\/\/obender.eu\/en\/toode\/daily-shower-cleaner-nefy-500ml-kopeeri\/","og_locale":"en_US","og_type":"article","og_title":"Stainless steel cleaner NEFY 500ml","og_description":"Stainless steel cleaner NEFY 500ml Product code: NIS500 EAN: 5903649068576 Easy to use, effective cleaning agent for everyday cleaning of","og_url":"https:\/\/obender.eu\/en\/toode\/daily-shower-cleaner-nefy-500ml-kopeeri\/","og_site_name":"Obender","article_modified_time":"2026-04-28T17:00:33+00:00","og_image":[{"width":800,"height":800,"url":"https:\/\/obender.eu\/wp-content\/uploads\/2024\/10\/NIS500.jpg","type":"image\/jpeg"}],"twitter_card":"summary_large_image","twitter_misc":{"Est. reading time":"1 minute"},"schema":{"@context":"https:\/\/schema.org","@graph":[{"@type":"WebPage","@id":"https:\/\/obender.eu\/en\/toode\/daily-shower-cleaner-nefy-500ml-kopeeri\/","url":"https:\/\/obender.eu\/en\/toode\/daily-shower-cleaner-nefy-500ml-kopeeri\/","name":"Stainless steel cleaner NEFY 500ml - Obender","isPartOf":{"@id":"https:\/\/www.obender.eu\/#website"},"primaryImageOfPage":{"@id":"https:\/\/obender.eu\/en\/toode\/daily-shower-cleaner-nefy-500ml-kopeeri\/#primaryimage"},"image":{"@id":"https:\/\/obender.eu\/en\/toode\/daily-shower-cleaner-nefy-500ml-kopeeri\/#primaryimage"},"thumbnailUrl":"https:\/\/obender.eu\/wp-content\/uploads\/2024\/10\/NIS500.jpg","datePublished":"2024-10-27T14:08:10+00:00","dateModified":"2026-04-28T17:00:33+00:00","breadcrumb":{"@id":"https:\/\/obender.eu\/en\/toode\/daily-shower-cleaner-nefy-500ml-kopeeri\/#breadcrumb"},"inLanguage":"en-US","potentialAction":[{"@type":"ReadAction","target":["https:\/\/obender.eu\/en\/toode\/daily-shower-cleaner-nefy-500ml-kopeeri\/"]}]},{"@type":"ImageObject","inLanguage":"en-US","@id":"https:\/\/obender.eu\/en\/toode\/daily-shower-cleaner-nefy-500ml-kopeeri\/#primaryimage","url":"https:\/\/obender.eu\/wp-content\/uploads\/2024\/10\/NIS500.jpg","contentUrl":"https:\/\/obender.eu\/wp-content\/uploads\/2024\/10\/NIS500.jpg","width":800,"height":800},{"@type":"BreadcrumbList","@id":"https:\/\/obender.eu\/en\/toode\/daily-shower-cleaner-nefy-500ml-kopeeri\/#breadcrumb","itemListElement":[{"@type":"ListItem","position":1,"name":"Home","item":"https:\/\/obender.eu\/en\/"},{"@type":"ListItem","position":2,"name":"Tooted","item":"https:\/\/www.obender.eu\/tooted\/"},{"@type":"ListItem","position":3,"name":"Stainless steel cleaner NEFY 500ml"}]},{"@type":"WebSite","@id":"https:\/\/www.obender.eu\/#website","url":"https:\/\/www.obender.eu\/","name":"Obender","description":"T\u00f6\u00f6stuskaupade hulgim\u00fc\u00fck","potentialAction":[{"@type":"SearchAction","target":{"@type":"EntryPoint","urlTemplate":"https:\/\/www.obender.eu\/?s={search_term_string}"},"query-input":{"@type":"PropertyValueSpecification","valueRequired":true,"valueName":"search_term_string"}}],"inLanguage":"en-US"}]}},"_links":{"self":[{"href":"https:\/\/obender.eu\/en\/wp-json\/wp\/v2\/product\/30345","targetHints":{"allow":["GET"]}}],"collection":[{"href":"https:\/\/obender.eu\/en\/wp-json\/wp\/v2\/product"}],"about":[{"href":"https:\/\/obender.eu\/en\/wp-json\/wp\/v2\/types\/product"}],"version-history":[{"count":1,"href":"https:\/\/obender.eu\/en\/wp-json\/wp\/v2\/product\/30345\/revisions"}],"predecessor-version":[{"id":30349,"href":"https:\/\/obender.eu\/en\/wp-json\/wp\/v2\/product\/30345\/revisions\/30349"}],"wp:featuredmedia":[{"embeddable":true,"href":"https:\/\/obender.eu\/en\/wp-json\/wp\/v2\/media\/30347"}],"wp:attachment":[{"href":"https:\/\/obender.eu\/en\/wp-json\/wp\/v2\/media?parent=30345"}],"wp:term":[{"taxonomy":"product_brand","embeddable":true,"href":"https:\/\/obender.eu\/en\/wp-json\/wp\/v2\/product_brand?post=30345"},{"taxonomy":"product_cat","embeddable":true,"href":"https:\/\/obender.eu\/en\/wp-json\/wp\/v2\/product_cat?post=30345"},{"taxonomy":"product_tag","embeddable":true,"href":"https:\/\/obender.eu\/en\/wp-json\/wp\/v2\/product_tag?post=30345"}],"curies":[{"name":"wp","href":"https:\/\/api.w.org\/{rel}","templated":true}]}}