{"id":30374,"date":"2024-10-27T17:17:44","date_gmt":"2024-10-27T15:17:44","guid":{"rendered":"https:\/\/obender.eu\/?post_type=product&#038;p=30374"},"modified":"2026-04-28T21:00:32","modified_gmt":"2026-04-28T18:00:32","slug":"cement-residue-remover-nefy-500ml-kopeeri","status":"publish","type":"product","link":"https:\/\/obender.eu\/en\/toode\/cement-residue-remover-nefy-500ml-kopeeri\/","title":{"rendered":"Plastic cleaner NEFY 500ml"},"content":{"rendered":"<p>Plastic cleaner NEFY 500ml<\/p>\n<p>Tootekood: NTS500<\/p>\n<p>EAN: 5903649068743<\/p>\n<p>Removes efficiently and easily dirt from plastic surfaces. Leaves pleasant scent. Removes grease, dirt, stains of nicotine and other stains from plastic surfaces like household appliances, window frames and sills, lockers, kitchen surfaces, window blinds, vehicle plastic details (like dashboard) and plastic garden furniture.<\/p>\n<p>Instructions, safety and ingredients are shown on the package.<\/p>\n","protected":false},"excerpt":{"rendered":"<p>Plastic cleaner NEFY 500ml Tootekood: NTS500 EAN: 5903649068743 Removes efficiently and easily dirt from plastic surfaces. Leaves pleasant scent. Removes<\/p>\n","protected":false},"featured_media":30376,"template":"","meta":[],"product_brand":[],"product_cat":[1673],"product_tag":[1678,1677,1337],"class_list":{"0":"post-30374","1":"product","2":"type-product","3":"status-publish","4":"has-post-thumbnail","6":"product_cat-household-cleaners","7":"product_tag-household","8":"product_tag-nefy-en","9":"product_tag-puhastus-en","11":"first","12":"instock","13":"taxable","14":"shipping-taxable","15":"purchasable","16":"product-type-simple"},"yoast_head":"<!-- This site is optimized with the Yoast SEO Premium plugin v20.0 (Yoast SEO v27.4) - https:\/\/yoast.com\/product\/yoast-seo-premium-wordpress\/ -->\n<title>Plastic cleaner NEFY 500ml - Obender<\/title>\n<meta name=\"robots\" content=\"index, follow, max-snippet:-1, max-image-preview:large, max-video-preview:-1\" \/>\n<link rel=\"canonical\" href=\"https:\/\/obender.eu\/toode\/plastikpindade-puhastusvahend-nefy-500ml\/\" \/>\n<meta property=\"og:locale\" content=\"en_US\" \/>\n<meta property=\"og:type\" content=\"article\" \/>\n<meta property=\"og:title\" content=\"Plastic cleaner NEFY 500ml\" \/>\n<meta property=\"og:description\" content=\"Plastic cleaner NEFY 500ml Tootekood: NTS500 EAN: 5903649068743 Removes efficiently and easily dirt from plastic surfaces. Leaves pleasant scent. Removes\" \/>\n<meta property=\"og:url\" content=\"https:\/\/obender.eu\/toode\/plastikpindade-puhastusvahend-nefy-500ml\/\" \/>\n<meta property=\"og:site_name\" content=\"Obender\" \/>\n<meta property=\"article:modified_time\" content=\"2026-04-28T18:00:32+00:00\" \/>\n<meta property=\"og:image\" content=\"https:\/\/obender.eu\/wp-content\/uploads\/2024\/10\/NTS500.jpg\" \/>\n\t<meta property=\"og:image:width\" content=\"800\" \/>\n\t<meta property=\"og:image:height\" content=\"800\" \/>\n\t<meta property=\"og:image:type\" content=\"image\/jpeg\" \/>\n<meta name=\"twitter:card\" content=\"summary_large_image\" \/>\n<meta name=\"twitter:label1\" content=\"Est. reading time\" \/>\n\t<meta name=\"twitter:data1\" content=\"1 minute\" \/>\n<script type=\"application\/ld+json\" class=\"yoast-schema-graph\">{\"@context\":\"https:\\\/\\\/schema.org\",\"@graph\":[{\"@type\":\"WebPage\",\"@id\":\"https:\\\/\\\/obender.eu\\\/toode\\\/plastikpindade-puhastusvahend-nefy-500ml\\\/\",\"url\":\"https:\\\/\\\/obender.eu\\\/toode\\\/plastikpindade-puhastusvahend-nefy-500ml\\\/\",\"name\":\"Plastic cleaner NEFY 500ml - Obender\",\"isPartOf\":{\"@id\":\"https:\\\/\\\/www.obender.eu\\\/#website\"},\"primaryImageOfPage\":{\"@id\":\"https:\\\/\\\/obender.eu\\\/toode\\\/plastikpindade-puhastusvahend-nefy-500ml\\\/#primaryimage\"},\"image\":{\"@id\":\"https:\\\/\\\/obender.eu\\\/toode\\\/plastikpindade-puhastusvahend-nefy-500ml\\\/#primaryimage\"},\"thumbnailUrl\":\"https:\\\/\\\/obender.eu\\\/wp-content\\\/uploads\\\/2024\\\/10\\\/NTS500.jpg\",\"datePublished\":\"2024-10-27T15:17:44+00:00\",\"dateModified\":\"2026-04-28T18:00:32+00:00\",\"breadcrumb\":{\"@id\":\"https:\\\/\\\/obender.eu\\\/toode\\\/plastikpindade-puhastusvahend-nefy-500ml\\\/#breadcrumb\"},\"inLanguage\":\"en-US\",\"potentialAction\":[{\"@type\":\"ReadAction\",\"target\":[\"https:\\\/\\\/obender.eu\\\/toode\\\/plastikpindade-puhastusvahend-nefy-500ml\\\/\"]}]},{\"@type\":\"ImageObject\",\"inLanguage\":\"en-US\",\"@id\":\"https:\\\/\\\/obender.eu\\\/toode\\\/plastikpindade-puhastusvahend-nefy-500ml\\\/#primaryimage\",\"url\":\"https:\\\/\\\/obender.eu\\\/wp-content\\\/uploads\\\/2024\\\/10\\\/NTS500.jpg\",\"contentUrl\":\"https:\\\/\\\/obender.eu\\\/wp-content\\\/uploads\\\/2024\\\/10\\\/NTS500.jpg\",\"width\":800,\"height\":800},{\"@type\":\"BreadcrumbList\",\"@id\":\"https:\\\/\\\/obender.eu\\\/toode\\\/plastikpindade-puhastusvahend-nefy-500ml\\\/#breadcrumb\",\"itemListElement\":[{\"@type\":\"ListItem\",\"position\":1,\"name\":\"Home\",\"item\":\"https:\\\/\\\/obender.eu\\\/en\\\/\"},{\"@type\":\"ListItem\",\"position\":2,\"name\":\"Tooted\",\"item\":\"https:\\\/\\\/www.obender.eu\\\/tooted\\\/\"},{\"@type\":\"ListItem\",\"position\":3,\"name\":\"Plastic cleaner NEFY 500ml\"}]},{\"@type\":\"WebSite\",\"@id\":\"https:\\\/\\\/www.obender.eu\\\/#website\",\"url\":\"https:\\\/\\\/www.obender.eu\\\/\",\"name\":\"Obender\",\"description\":\"T\u00f6\u00f6stuskaupade hulgim\u00fc\u00fck\",\"potentialAction\":[{\"@type\":\"SearchAction\",\"target\":{\"@type\":\"EntryPoint\",\"urlTemplate\":\"https:\\\/\\\/www.obender.eu\\\/?s={search_term_string}\"},\"query-input\":{\"@type\":\"PropertyValueSpecification\",\"valueRequired\":true,\"valueName\":\"search_term_string\"}}],\"inLanguage\":\"en-US\"}]}<\/script>\n<!-- \/ Yoast SEO Premium plugin. -->","yoast_head_json":{"title":"Plastic cleaner NEFY 500ml - Obender","robots":{"index":"index","follow":"follow","max-snippet":"max-snippet:-1","max-image-preview":"max-image-preview:large","max-video-preview":"max-video-preview:-1"},"canonical":"https:\/\/obender.eu\/toode\/plastikpindade-puhastusvahend-nefy-500ml\/","og_locale":"en_US","og_type":"article","og_title":"Plastic cleaner NEFY 500ml","og_description":"Plastic cleaner NEFY 500ml Tootekood: NTS500 EAN: 5903649068743 Removes efficiently and easily dirt from plastic surfaces. Leaves pleasant scent. Removes","og_url":"https:\/\/obender.eu\/toode\/plastikpindade-puhastusvahend-nefy-500ml\/","og_site_name":"Obender","article_modified_time":"2026-04-28T18:00:32+00:00","og_image":[{"width":800,"height":800,"url":"https:\/\/obender.eu\/wp-content\/uploads\/2024\/10\/NTS500.jpg","type":"image\/jpeg"}],"twitter_card":"summary_large_image","twitter_misc":{"Est. reading time":"1 minute"},"schema":{"@context":"https:\/\/schema.org","@graph":[{"@type":"WebPage","@id":"https:\/\/obender.eu\/toode\/plastikpindade-puhastusvahend-nefy-500ml\/","url":"https:\/\/obender.eu\/toode\/plastikpindade-puhastusvahend-nefy-500ml\/","name":"Plastic cleaner NEFY 500ml - Obender","isPartOf":{"@id":"https:\/\/www.obender.eu\/#website"},"primaryImageOfPage":{"@id":"https:\/\/obender.eu\/toode\/plastikpindade-puhastusvahend-nefy-500ml\/#primaryimage"},"image":{"@id":"https:\/\/obender.eu\/toode\/plastikpindade-puhastusvahend-nefy-500ml\/#primaryimage"},"thumbnailUrl":"https:\/\/obender.eu\/wp-content\/uploads\/2024\/10\/NTS500.jpg","datePublished":"2024-10-27T15:17:44+00:00","dateModified":"2026-04-28T18:00:32+00:00","breadcrumb":{"@id":"https:\/\/obender.eu\/toode\/plastikpindade-puhastusvahend-nefy-500ml\/#breadcrumb"},"inLanguage":"en-US","potentialAction":[{"@type":"ReadAction","target":["https:\/\/obender.eu\/toode\/plastikpindade-puhastusvahend-nefy-500ml\/"]}]},{"@type":"ImageObject","inLanguage":"en-US","@id":"https:\/\/obender.eu\/toode\/plastikpindade-puhastusvahend-nefy-500ml\/#primaryimage","url":"https:\/\/obender.eu\/wp-content\/uploads\/2024\/10\/NTS500.jpg","contentUrl":"https:\/\/obender.eu\/wp-content\/uploads\/2024\/10\/NTS500.jpg","width":800,"height":800},{"@type":"BreadcrumbList","@id":"https:\/\/obender.eu\/toode\/plastikpindade-puhastusvahend-nefy-500ml\/#breadcrumb","itemListElement":[{"@type":"ListItem","position":1,"name":"Home","item":"https:\/\/obender.eu\/en\/"},{"@type":"ListItem","position":2,"name":"Tooted","item":"https:\/\/www.obender.eu\/tooted\/"},{"@type":"ListItem","position":3,"name":"Plastic cleaner NEFY 500ml"}]},{"@type":"WebSite","@id":"https:\/\/www.obender.eu\/#website","url":"https:\/\/www.obender.eu\/","name":"Obender","description":"T\u00f6\u00f6stuskaupade hulgim\u00fc\u00fck","potentialAction":[{"@type":"SearchAction","target":{"@type":"EntryPoint","urlTemplate":"https:\/\/www.obender.eu\/?s={search_term_string}"},"query-input":{"@type":"PropertyValueSpecification","valueRequired":true,"valueName":"search_term_string"}}],"inLanguage":"en-US"}]}},"_links":{"self":[{"href":"https:\/\/obender.eu\/en\/wp-json\/wp\/v2\/product\/30374","targetHints":{"allow":["GET"]}}],"collection":[{"href":"https:\/\/obender.eu\/en\/wp-json\/wp\/v2\/product"}],"about":[{"href":"https:\/\/obender.eu\/en\/wp-json\/wp\/v2\/types\/product"}],"version-history":[{"count":1,"href":"https:\/\/obender.eu\/en\/wp-json\/wp\/v2\/product\/30374\/revisions"}],"predecessor-version":[{"id":30378,"href":"https:\/\/obender.eu\/en\/wp-json\/wp\/v2\/product\/30374\/revisions\/30378"}],"wp:featuredmedia":[{"embeddable":true,"href":"https:\/\/obender.eu\/en\/wp-json\/wp\/v2\/media\/30376"}],"wp:attachment":[{"href":"https:\/\/obender.eu\/en\/wp-json\/wp\/v2\/media?parent=30374"}],"wp:term":[{"taxonomy":"product_brand","embeddable":true,"href":"https:\/\/obender.eu\/en\/wp-json\/wp\/v2\/product_brand?post=30374"},{"taxonomy":"product_cat","embeddable":true,"href":"https:\/\/obender.eu\/en\/wp-json\/wp\/v2\/product_cat?post=30374"},{"taxonomy":"product_tag","embeddable":true,"href":"https:\/\/obender.eu\/en\/wp-json\/wp\/v2\/product_tag?post=30374"}],"curies":[{"name":"wp","href":"https:\/\/api.w.org\/{rel}","templated":true}]}}