{"id":30384,"date":"2024-10-28T11:56:36","date_gmt":"2024-10-28T09:56:36","guid":{"rendered":"https:\/\/obender.eu\/toode\/montage-glue-dragon-wood-280ml\/"},"modified":"2026-04-21T23:01:36","modified_gmt":"2026-04-21T20:01:36","slug":"montage-glue-dragon-wood-280ml","status":"publish","type":"product","link":"https:\/\/obender.eu\/en\/toode\/montage-glue-dragon-wood-280ml\/","title":{"rendered":"Montage glue Dragon Wood 280ml"},"content":{"rendered":"<p>Montage glue Dragon Wood 280ml<\/p>\n<p>Product code: DKMDK280<\/p>\n<p>EAN: 5903649082756<\/p>\n<p>Suitable for screw- and nail-free fastening of wooden and cork skirting boards, window sills, thresholds, door trims and other decorative elements. Suitable for gluing details on concrete, cement lime, gypsum, plasterboard, chipboard, fiberboard and other porous and non-porous substrates. The product can be used both indoors and outdoors.<\/p>\n<p>Not suitable for PP, PE, PTFE materials.<\/p>\n<p>Instructions, safety information and ingredients are shown on the package.<\/p>\n","protected":false},"excerpt":{"rendered":"<p>Montage glue Dragon Wood 280ml Product code: DKMDK280 EAN: 5903649082756 Suitable for screw- and nail-free fastening of wooden and cork<\/p>\n","protected":false},"featured_media":30381,"template":"","meta":[],"product_brand":[],"product_cat":[275,270,373],"product_tag":[1601,1617,1756],"class_list":{"0":"post-30384","1":"product","2":"type-product","3":"status-publish","4":"has-post-thumbnail","6":"product_cat-adhesives","7":"product_cat-chemical-products","8":"product_cat-tooriistad-ja-ehitus","9":"product_tag-dragon-en","10":"product_tag-montaaziliim-en","11":"product_tag-montage-clue","13":"first","14":"instock","15":"taxable","16":"shipping-taxable","17":"purchasable","18":"product-type-simple"},"yoast_head":"<!-- This site is optimized with the Yoast SEO Premium plugin v20.0 (Yoast SEO v27.4) - https:\/\/yoast.com\/product\/yoast-seo-premium-wordpress\/ -->\n<title>Montage glue Dragon Wood 280ml Montage glue Dragon Wood - Obender<\/title>\n<meta name=\"description\" content=\"Obender Montage glue Dragon Montage glue Dragon Wood 280ml Dragon Wood Montage glue Dragon Wood 280ml 280ml\" \/>\n<meta name=\"robots\" content=\"index, follow, max-snippet:-1, max-image-preview:large, max-video-preview:-1\" \/>\n<link rel=\"canonical\" href=\"https:\/\/obender.eu\/en\/toode\/montage-glue-dragon-wood-280ml\/\" \/>\n<meta property=\"og:locale\" content=\"en_US\" \/>\n<meta property=\"og:type\" content=\"article\" \/>\n<meta property=\"og:title\" content=\"Montage glue Dragon Wood 280ml\" \/>\n<meta property=\"og:description\" content=\"Obender Montage glue Dragon Montage glue Dragon Wood 280ml Dragon Wood Montage glue Dragon Wood 280ml 280ml\" \/>\n<meta property=\"og:url\" content=\"https:\/\/obender.eu\/en\/toode\/montage-glue-dragon-wood-280ml\/\" \/>\n<meta property=\"og:site_name\" content=\"Obender\" \/>\n<meta property=\"article:modified_time\" content=\"2026-04-21T20:01:36+00:00\" \/>\n<meta property=\"og:image\" content=\"https:\/\/obender.eu\/wp-content\/uploads\/2024\/10\/DKMDK280.jpg\" \/>\n\t<meta property=\"og:image:width\" content=\"800\" \/>\n\t<meta property=\"og:image:height\" content=\"800\" \/>\n\t<meta property=\"og:image:type\" content=\"image\/jpeg\" \/>\n<meta name=\"twitter:card\" content=\"summary_large_image\" \/>\n<meta name=\"twitter:label1\" content=\"Est. reading time\" \/>\n\t<meta name=\"twitter:data1\" content=\"1 minute\" \/>\n<script type=\"application\/ld+json\" class=\"yoast-schema-graph\">{\"@context\":\"https:\\\/\\\/schema.org\",\"@graph\":[{\"@type\":\"WebPage\",\"@id\":\"https:\\\/\\\/obender.eu\\\/en\\\/toode\\\/montage-glue-dragon-wood-280ml\\\/\",\"url\":\"https:\\\/\\\/obender.eu\\\/en\\\/toode\\\/montage-glue-dragon-wood-280ml\\\/\",\"name\":\"Montage glue Dragon Wood 280ml Montage glue Dragon Wood - Obender\",\"isPartOf\":{\"@id\":\"https:\\\/\\\/www.obender.eu\\\/#website\"},\"primaryImageOfPage\":{\"@id\":\"https:\\\/\\\/obender.eu\\\/en\\\/toode\\\/montage-glue-dragon-wood-280ml\\\/#primaryimage\"},\"image\":{\"@id\":\"https:\\\/\\\/obender.eu\\\/en\\\/toode\\\/montage-glue-dragon-wood-280ml\\\/#primaryimage\"},\"thumbnailUrl\":\"https:\\\/\\\/obender.eu\\\/wp-content\\\/uploads\\\/2024\\\/10\\\/DKMDK280.jpg\",\"datePublished\":\"2024-10-28T09:56:36+00:00\",\"dateModified\":\"2026-04-21T20:01:36+00:00\",\"description\":\"Obender Montage glue Dragon Montage glue Dragon Wood 280ml Dragon Wood Montage glue Dragon Wood 280ml 280ml\",\"breadcrumb\":{\"@id\":\"https:\\\/\\\/obender.eu\\\/en\\\/toode\\\/montage-glue-dragon-wood-280ml\\\/#breadcrumb\"},\"inLanguage\":\"en-US\",\"potentialAction\":[{\"@type\":\"ReadAction\",\"target\":[\"https:\\\/\\\/obender.eu\\\/en\\\/toode\\\/montage-glue-dragon-wood-280ml\\\/\"]}]},{\"@type\":\"ImageObject\",\"inLanguage\":\"en-US\",\"@id\":\"https:\\\/\\\/obender.eu\\\/en\\\/toode\\\/montage-glue-dragon-wood-280ml\\\/#primaryimage\",\"url\":\"https:\\\/\\\/obender.eu\\\/wp-content\\\/uploads\\\/2024\\\/10\\\/DKMDK280.jpg\",\"contentUrl\":\"https:\\\/\\\/obender.eu\\\/wp-content\\\/uploads\\\/2024\\\/10\\\/DKMDK280.jpg\",\"width\":800,\"height\":800},{\"@type\":\"BreadcrumbList\",\"@id\":\"https:\\\/\\\/obender.eu\\\/en\\\/toode\\\/montage-glue-dragon-wood-280ml\\\/#breadcrumb\",\"itemListElement\":[{\"@type\":\"ListItem\",\"position\":1,\"name\":\"Home\",\"item\":\"https:\\\/\\\/obender.eu\\\/en\\\/\"},{\"@type\":\"ListItem\",\"position\":2,\"name\":\"Tooted\",\"item\":\"https:\\\/\\\/www.obender.eu\\\/tooted\\\/\"},{\"@type\":\"ListItem\",\"position\":3,\"name\":\"Montage glue Dragon Wood 280ml\"}]},{\"@type\":\"WebSite\",\"@id\":\"https:\\\/\\\/www.obender.eu\\\/#website\",\"url\":\"https:\\\/\\\/www.obender.eu\\\/\",\"name\":\"Obender\",\"description\":\"T\u00f6\u00f6stuskaupade hulgim\u00fc\u00fck\",\"potentialAction\":[{\"@type\":\"SearchAction\",\"target\":{\"@type\":\"EntryPoint\",\"urlTemplate\":\"https:\\\/\\\/www.obender.eu\\\/?s={search_term_string}\"},\"query-input\":{\"@type\":\"PropertyValueSpecification\",\"valueRequired\":true,\"valueName\":\"search_term_string\"}}],\"inLanguage\":\"en-US\"}]}<\/script>\n<!-- \/ Yoast SEO Premium plugin. -->","yoast_head_json":{"title":"Montage glue Dragon Wood 280ml Montage glue Dragon Wood - Obender","description":"Obender Montage glue Dragon Montage glue Dragon Wood 280ml Dragon Wood Montage glue Dragon Wood 280ml 280ml","robots":{"index":"index","follow":"follow","max-snippet":"max-snippet:-1","max-image-preview":"max-image-preview:large","max-video-preview":"max-video-preview:-1"},"canonical":"https:\/\/obender.eu\/en\/toode\/montage-glue-dragon-wood-280ml\/","og_locale":"en_US","og_type":"article","og_title":"Montage glue Dragon Wood 280ml","og_description":"Obender Montage glue Dragon Montage glue Dragon Wood 280ml Dragon Wood Montage glue Dragon Wood 280ml 280ml","og_url":"https:\/\/obender.eu\/en\/toode\/montage-glue-dragon-wood-280ml\/","og_site_name":"Obender","article_modified_time":"2026-04-21T20:01:36+00:00","og_image":[{"width":800,"height":800,"url":"https:\/\/obender.eu\/wp-content\/uploads\/2024\/10\/DKMDK280.jpg","type":"image\/jpeg"}],"twitter_card":"summary_large_image","twitter_misc":{"Est. reading time":"1 minute"},"schema":{"@context":"https:\/\/schema.org","@graph":[{"@type":"WebPage","@id":"https:\/\/obender.eu\/en\/toode\/montage-glue-dragon-wood-280ml\/","url":"https:\/\/obender.eu\/en\/toode\/montage-glue-dragon-wood-280ml\/","name":"Montage glue Dragon Wood 280ml Montage glue Dragon Wood - Obender","isPartOf":{"@id":"https:\/\/www.obender.eu\/#website"},"primaryImageOfPage":{"@id":"https:\/\/obender.eu\/en\/toode\/montage-glue-dragon-wood-280ml\/#primaryimage"},"image":{"@id":"https:\/\/obender.eu\/en\/toode\/montage-glue-dragon-wood-280ml\/#primaryimage"},"thumbnailUrl":"https:\/\/obender.eu\/wp-content\/uploads\/2024\/10\/DKMDK280.jpg","datePublished":"2024-10-28T09:56:36+00:00","dateModified":"2026-04-21T20:01:36+00:00","description":"Obender Montage glue Dragon Montage glue Dragon Wood 280ml Dragon Wood Montage glue Dragon Wood 280ml 280ml","breadcrumb":{"@id":"https:\/\/obender.eu\/en\/toode\/montage-glue-dragon-wood-280ml\/#breadcrumb"},"inLanguage":"en-US","potentialAction":[{"@type":"ReadAction","target":["https:\/\/obender.eu\/en\/toode\/montage-glue-dragon-wood-280ml\/"]}]},{"@type":"ImageObject","inLanguage":"en-US","@id":"https:\/\/obender.eu\/en\/toode\/montage-glue-dragon-wood-280ml\/#primaryimage","url":"https:\/\/obender.eu\/wp-content\/uploads\/2024\/10\/DKMDK280.jpg","contentUrl":"https:\/\/obender.eu\/wp-content\/uploads\/2024\/10\/DKMDK280.jpg","width":800,"height":800},{"@type":"BreadcrumbList","@id":"https:\/\/obender.eu\/en\/toode\/montage-glue-dragon-wood-280ml\/#breadcrumb","itemListElement":[{"@type":"ListItem","position":1,"name":"Home","item":"https:\/\/obender.eu\/en\/"},{"@type":"ListItem","position":2,"name":"Tooted","item":"https:\/\/www.obender.eu\/tooted\/"},{"@type":"ListItem","position":3,"name":"Montage glue Dragon Wood 280ml"}]},{"@type":"WebSite","@id":"https:\/\/www.obender.eu\/#website","url":"https:\/\/www.obender.eu\/","name":"Obender","description":"T\u00f6\u00f6stuskaupade hulgim\u00fc\u00fck","potentialAction":[{"@type":"SearchAction","target":{"@type":"EntryPoint","urlTemplate":"https:\/\/www.obender.eu\/?s={search_term_string}"},"query-input":{"@type":"PropertyValueSpecification","valueRequired":true,"valueName":"search_term_string"}}],"inLanguage":"en-US"}]}},"_links":{"self":[{"href":"https:\/\/obender.eu\/en\/wp-json\/wp\/v2\/product\/30384","targetHints":{"allow":["GET"]}}],"collection":[{"href":"https:\/\/obender.eu\/en\/wp-json\/wp\/v2\/product"}],"about":[{"href":"https:\/\/obender.eu\/en\/wp-json\/wp\/v2\/types\/product"}],"version-history":[{"count":1,"href":"https:\/\/obender.eu\/en\/wp-json\/wp\/v2\/product\/30384\/revisions"}],"predecessor-version":[{"id":30385,"href":"https:\/\/obender.eu\/en\/wp-json\/wp\/v2\/product\/30384\/revisions\/30385"}],"wp:featuredmedia":[{"embeddable":true,"href":"https:\/\/obender.eu\/en\/wp-json\/wp\/v2\/media\/30381"}],"wp:attachment":[{"href":"https:\/\/obender.eu\/en\/wp-json\/wp\/v2\/media?parent=30384"}],"wp:term":[{"taxonomy":"product_brand","embeddable":true,"href":"https:\/\/obender.eu\/en\/wp-json\/wp\/v2\/product_brand?post=30384"},{"taxonomy":"product_cat","embeddable":true,"href":"https:\/\/obender.eu\/en\/wp-json\/wp\/v2\/product_cat?post=30384"},{"taxonomy":"product_tag","embeddable":true,"href":"https:\/\/obender.eu\/en\/wp-json\/wp\/v2\/product_tag?post=30384"}],"curies":[{"name":"wp","href":"https:\/\/api.w.org\/{rel}","templated":true}]}}