{"id":30410,"date":"2024-10-28T15:19:52","date_gmt":"2024-10-28T13:19:52","guid":{"rendered":"https:\/\/obender.eu\/?post_type=product&#038;p=30410"},"modified":"2026-04-21T23:01:36","modified_gmt":"2026-04-21T20:01:36","slug":"montage-glue-dragon-fix-strong-white-280ml-kopeeri","status":"publish","type":"product","link":"https:\/\/obender.eu\/en\/toode\/montage-glue-dragon-fix-strong-white-280ml-kopeeri\/","title":{"rendered":"Montage glue Dragon Fix Strong white tube 140g"},"content":{"rendered":"<p>Montage glue Dragon Fix Strong white 140g<\/p>\n<p>Product code: DKMF140<\/p>\n<p>EAN: 5903649088543<\/p>\n<p>Montage glue can be used for gluing on all typical substrates used in construction. Ideal for wood, metal, ceramic, etc. for gluing elements of materials. It is also suitable for installing decorative elements made of ceramics, metal, stone, glass, moldings, wall panels, plastic parts on all mineral, absorbent substrates used in construction. Suitable for both indoor and outdoor use, as long as it does not come into contact with water. Not suitable for PP, PE, PTFE type plastics.<\/p>\n<p>Color: white<\/p>\n<p>Adhesive density &#8211; 1.2 kg\/L; Adhesive open time &#8211; 10 minutes; Initial setting time &#8211; 30 minutes; Full setting time &#8211; 24 h; Efficiency &#8211; 1.5 &#8211; 3 m\u00a0<sup>2<\/sup>\u00a0\/L depending on the type and porosity of the surface<\/p>\n<p>Instructions, safety information and ingredients are shown on the package.<\/p>\n","protected":false},"excerpt":{"rendered":"<p>Montage glue Dragon Fix Strong white 140g Product code: DKMF140 EAN: 5903649088543 Montage glue can be used for gluing on<\/p>\n","protected":false},"featured_media":30414,"template":"","meta":[],"product_brand":[],"product_cat":[275,270,373],"product_tag":[1601,1617],"class_list":{"0":"post-30410","1":"product","2":"type-product","3":"status-publish","4":"has-post-thumbnail","6":"product_cat-adhesives","7":"product_cat-chemical-products","8":"product_cat-tooriistad-ja-ehitus","9":"product_tag-dragon-en","10":"product_tag-montaaziliim-en","12":"first","13":"instock","14":"taxable","15":"shipping-taxable","16":"purchasable","17":"product-type-simple"},"yoast_head":"<!-- This site is optimized with the Yoast SEO Premium plugin v20.0 (Yoast SEO v27.4) - https:\/\/yoast.com\/product\/yoast-seo-premium-wordpress\/ -->\n<title>Montage glue Dragon Fix Strong white tube 140g - Obender<\/title>\n<meta name=\"robots\" content=\"index, follow, max-snippet:-1, max-image-preview:large, max-video-preview:-1\" \/>\n<link rel=\"canonical\" href=\"https:\/\/obender.eu\/en\/toode\/montage-glue-dragon-fix-strong-white-280ml-kopeeri\/\" \/>\n<meta property=\"og:locale\" content=\"en_US\" \/>\n<meta property=\"og:type\" content=\"article\" \/>\n<meta property=\"og:title\" content=\"Montage glue Dragon Fix Strong white tube 140g\" \/>\n<meta property=\"og:description\" content=\"Montage glue Dragon Fix Strong white 140g Product code: DKMF140 EAN: 5903649088543 Montage glue can be used for gluing on\" \/>\n<meta property=\"og:url\" content=\"https:\/\/obender.eu\/en\/toode\/montage-glue-dragon-fix-strong-white-280ml-kopeeri\/\" \/>\n<meta property=\"og:site_name\" content=\"Obender\" \/>\n<meta property=\"article:modified_time\" content=\"2026-04-21T20:01:36+00:00\" \/>\n<meta property=\"og:image\" content=\"https:\/\/obender.eu\/wp-content\/uploads\/2024\/10\/DKMFS140.jpg\" \/>\n\t<meta property=\"og:image:width\" content=\"800\" \/>\n\t<meta property=\"og:image:height\" content=\"800\" \/>\n\t<meta property=\"og:image:type\" content=\"image\/jpeg\" \/>\n<meta name=\"twitter:card\" content=\"summary_large_image\" \/>\n<meta name=\"twitter:label1\" content=\"Est. reading time\" \/>\n\t<meta name=\"twitter:data1\" content=\"1 minute\" \/>\n<script type=\"application\/ld+json\" class=\"yoast-schema-graph\">{\"@context\":\"https:\\\/\\\/schema.org\",\"@graph\":[{\"@type\":\"WebPage\",\"@id\":\"https:\\\/\\\/obender.eu\\\/en\\\/toode\\\/montage-glue-dragon-fix-strong-white-280ml-kopeeri\\\/\",\"url\":\"https:\\\/\\\/obender.eu\\\/en\\\/toode\\\/montage-glue-dragon-fix-strong-white-280ml-kopeeri\\\/\",\"name\":\"Montage glue Dragon Fix Strong white tube 140g - Obender\",\"isPartOf\":{\"@id\":\"https:\\\/\\\/www.obender.eu\\\/#website\"},\"primaryImageOfPage\":{\"@id\":\"https:\\\/\\\/obender.eu\\\/en\\\/toode\\\/montage-glue-dragon-fix-strong-white-280ml-kopeeri\\\/#primaryimage\"},\"image\":{\"@id\":\"https:\\\/\\\/obender.eu\\\/en\\\/toode\\\/montage-glue-dragon-fix-strong-white-280ml-kopeeri\\\/#primaryimage\"},\"thumbnailUrl\":\"https:\\\/\\\/obender.eu\\\/wp-content\\\/uploads\\\/2024\\\/10\\\/DKMFS140.jpg\",\"datePublished\":\"2024-10-28T13:19:52+00:00\",\"dateModified\":\"2026-04-21T20:01:36+00:00\",\"breadcrumb\":{\"@id\":\"https:\\\/\\\/obender.eu\\\/en\\\/toode\\\/montage-glue-dragon-fix-strong-white-280ml-kopeeri\\\/#breadcrumb\"},\"inLanguage\":\"en-US\",\"potentialAction\":[{\"@type\":\"ReadAction\",\"target\":[\"https:\\\/\\\/obender.eu\\\/en\\\/toode\\\/montage-glue-dragon-fix-strong-white-280ml-kopeeri\\\/\"]}]},{\"@type\":\"ImageObject\",\"inLanguage\":\"en-US\",\"@id\":\"https:\\\/\\\/obender.eu\\\/en\\\/toode\\\/montage-glue-dragon-fix-strong-white-280ml-kopeeri\\\/#primaryimage\",\"url\":\"https:\\\/\\\/obender.eu\\\/wp-content\\\/uploads\\\/2024\\\/10\\\/DKMFS140.jpg\",\"contentUrl\":\"https:\\\/\\\/obender.eu\\\/wp-content\\\/uploads\\\/2024\\\/10\\\/DKMFS140.jpg\",\"width\":800,\"height\":800},{\"@type\":\"BreadcrumbList\",\"@id\":\"https:\\\/\\\/obender.eu\\\/en\\\/toode\\\/montage-glue-dragon-fix-strong-white-280ml-kopeeri\\\/#breadcrumb\",\"itemListElement\":[{\"@type\":\"ListItem\",\"position\":1,\"name\":\"Home\",\"item\":\"https:\\\/\\\/obender.eu\\\/en\\\/\"},{\"@type\":\"ListItem\",\"position\":2,\"name\":\"Tooted\",\"item\":\"https:\\\/\\\/www.obender.eu\\\/tooted\\\/\"},{\"@type\":\"ListItem\",\"position\":3,\"name\":\"Montage glue Dragon Fix Strong white tube 140g\"}]},{\"@type\":\"WebSite\",\"@id\":\"https:\\\/\\\/www.obender.eu\\\/#website\",\"url\":\"https:\\\/\\\/www.obender.eu\\\/\",\"name\":\"Obender\",\"description\":\"T\u00f6\u00f6stuskaupade hulgim\u00fc\u00fck\",\"potentialAction\":[{\"@type\":\"SearchAction\",\"target\":{\"@type\":\"EntryPoint\",\"urlTemplate\":\"https:\\\/\\\/www.obender.eu\\\/?s={search_term_string}\"},\"query-input\":{\"@type\":\"PropertyValueSpecification\",\"valueRequired\":true,\"valueName\":\"search_term_string\"}}],\"inLanguage\":\"en-US\"}]}<\/script>\n<!-- \/ Yoast SEO Premium plugin. -->","yoast_head_json":{"title":"Montage glue Dragon Fix Strong white tube 140g - Obender","robots":{"index":"index","follow":"follow","max-snippet":"max-snippet:-1","max-image-preview":"max-image-preview:large","max-video-preview":"max-video-preview:-1"},"canonical":"https:\/\/obender.eu\/en\/toode\/montage-glue-dragon-fix-strong-white-280ml-kopeeri\/","og_locale":"en_US","og_type":"article","og_title":"Montage glue Dragon Fix Strong white tube 140g","og_description":"Montage glue Dragon Fix Strong white 140g Product code: DKMF140 EAN: 5903649088543 Montage glue can be used for gluing on","og_url":"https:\/\/obender.eu\/en\/toode\/montage-glue-dragon-fix-strong-white-280ml-kopeeri\/","og_site_name":"Obender","article_modified_time":"2026-04-21T20:01:36+00:00","og_image":[{"width":800,"height":800,"url":"https:\/\/obender.eu\/wp-content\/uploads\/2024\/10\/DKMFS140.jpg","type":"image\/jpeg"}],"twitter_card":"summary_large_image","twitter_misc":{"Est. reading time":"1 minute"},"schema":{"@context":"https:\/\/schema.org","@graph":[{"@type":"WebPage","@id":"https:\/\/obender.eu\/en\/toode\/montage-glue-dragon-fix-strong-white-280ml-kopeeri\/","url":"https:\/\/obender.eu\/en\/toode\/montage-glue-dragon-fix-strong-white-280ml-kopeeri\/","name":"Montage glue Dragon Fix Strong white tube 140g - Obender","isPartOf":{"@id":"https:\/\/www.obender.eu\/#website"},"primaryImageOfPage":{"@id":"https:\/\/obender.eu\/en\/toode\/montage-glue-dragon-fix-strong-white-280ml-kopeeri\/#primaryimage"},"image":{"@id":"https:\/\/obender.eu\/en\/toode\/montage-glue-dragon-fix-strong-white-280ml-kopeeri\/#primaryimage"},"thumbnailUrl":"https:\/\/obender.eu\/wp-content\/uploads\/2024\/10\/DKMFS140.jpg","datePublished":"2024-10-28T13:19:52+00:00","dateModified":"2026-04-21T20:01:36+00:00","breadcrumb":{"@id":"https:\/\/obender.eu\/en\/toode\/montage-glue-dragon-fix-strong-white-280ml-kopeeri\/#breadcrumb"},"inLanguage":"en-US","potentialAction":[{"@type":"ReadAction","target":["https:\/\/obender.eu\/en\/toode\/montage-glue-dragon-fix-strong-white-280ml-kopeeri\/"]}]},{"@type":"ImageObject","inLanguage":"en-US","@id":"https:\/\/obender.eu\/en\/toode\/montage-glue-dragon-fix-strong-white-280ml-kopeeri\/#primaryimage","url":"https:\/\/obender.eu\/wp-content\/uploads\/2024\/10\/DKMFS140.jpg","contentUrl":"https:\/\/obender.eu\/wp-content\/uploads\/2024\/10\/DKMFS140.jpg","width":800,"height":800},{"@type":"BreadcrumbList","@id":"https:\/\/obender.eu\/en\/toode\/montage-glue-dragon-fix-strong-white-280ml-kopeeri\/#breadcrumb","itemListElement":[{"@type":"ListItem","position":1,"name":"Home","item":"https:\/\/obender.eu\/en\/"},{"@type":"ListItem","position":2,"name":"Tooted","item":"https:\/\/www.obender.eu\/tooted\/"},{"@type":"ListItem","position":3,"name":"Montage glue Dragon Fix Strong white tube 140g"}]},{"@type":"WebSite","@id":"https:\/\/www.obender.eu\/#website","url":"https:\/\/www.obender.eu\/","name":"Obender","description":"T\u00f6\u00f6stuskaupade hulgim\u00fc\u00fck","potentialAction":[{"@type":"SearchAction","target":{"@type":"EntryPoint","urlTemplate":"https:\/\/www.obender.eu\/?s={search_term_string}"},"query-input":{"@type":"PropertyValueSpecification","valueRequired":true,"valueName":"search_term_string"}}],"inLanguage":"en-US"}]}},"_links":{"self":[{"href":"https:\/\/obender.eu\/en\/wp-json\/wp\/v2\/product\/30410","targetHints":{"allow":["GET"]}}],"collection":[{"href":"https:\/\/obender.eu\/en\/wp-json\/wp\/v2\/product"}],"about":[{"href":"https:\/\/obender.eu\/en\/wp-json\/wp\/v2\/types\/product"}],"version-history":[{"count":1,"href":"https:\/\/obender.eu\/en\/wp-json\/wp\/v2\/product\/30410\/revisions"}],"predecessor-version":[{"id":30416,"href":"https:\/\/obender.eu\/en\/wp-json\/wp\/v2\/product\/30410\/revisions\/30416"}],"wp:featuredmedia":[{"embeddable":true,"href":"https:\/\/obender.eu\/en\/wp-json\/wp\/v2\/media\/30414"}],"wp:attachment":[{"href":"https:\/\/obender.eu\/en\/wp-json\/wp\/v2\/media?parent=30410"}],"wp:term":[{"taxonomy":"product_brand","embeddable":true,"href":"https:\/\/obender.eu\/en\/wp-json\/wp\/v2\/product_brand?post=30410"},{"taxonomy":"product_cat","embeddable":true,"href":"https:\/\/obender.eu\/en\/wp-json\/wp\/v2\/product_cat?post=30410"},{"taxonomy":"product_tag","embeddable":true,"href":"https:\/\/obender.eu\/en\/wp-json\/wp\/v2\/product_tag?post=30410"}],"curies":[{"name":"wp","href":"https:\/\/api.w.org\/{rel}","templated":true}]}}