{"id":30419,"date":"2024-10-28T15:33:01","date_gmt":"2024-10-28T13:33:01","guid":{"rendered":"https:\/\/obender.eu\/?post_type=product&#038;p=30419"},"modified":"2026-04-21T20:01:23","modified_gmt":"2026-04-21T17:01:23","slug":"montage-glue-dragon-fix-strong-white-tube-140g-kopeeri","status":"publish","type":"product","link":"https:\/\/obender.eu\/en\/toode\/montage-glue-dragon-fix-strong-white-tube-140g-kopeeri\/","title":{"rendered":"Acrylic putty Dragon Light white 100ml tube"},"content":{"rendered":"<p>Acrylic putty Dragon Light white 100ml tube<\/p>\n<p>Product code: DMSSZL100<\/p>\n<p>EAN: 5903649075970<\/p>\n<p>Quick-drying, lightweight filler with excellent adhesion to porous substrates used in construction. Does not contain solvents, does not shrink or crack. Thanks to its light and delicate consistency, it is very easy to apply, especially when filling the ceiling. Does not drip. Intended for use inside and outside rooms. It is chemically neutral.<\/p>\n<p>Color: white<\/p>\n<p>Instructions, safety information and ingredients are shown on the package.<\/p>\n","protected":false},"excerpt":{"rendered":"<p>Acrylic putty Dragon Light white 100ml tube Product code: DMSSZL100 EAN: 5903649075970 Quick-drying, lightweight filler with excellent adhesion to porous<\/p>\n","protected":false},"featured_media":30421,"template":"","meta":[],"product_brand":[],"product_cat":[275,270,373],"product_tag":[1755,1601,1705],"class_list":{"0":"post-30419","1":"product","2":"type-product","3":"status-publish","4":"has-post-thumbnail","6":"product_cat-adhesives","7":"product_cat-chemical-products","8":"product_cat-tooriistad-ja-ehitus","9":"product_tag-acrylic","10":"product_tag-dragon-en","11":"product_tag-putty","13":"first","14":"instock","15":"taxable","16":"shipping-taxable","17":"purchasable","18":"product-type-simple"},"yoast_head":"<!-- This site is optimized with the Yoast SEO Premium plugin v20.0 (Yoast SEO v27.4) - https:\/\/yoast.com\/product\/yoast-seo-premium-wordpress\/ -->\n<title>Acrylic putty Dragon Light white 100ml tube - Obender<\/title>\n<meta name=\"description\" content=\"Obender Acrylic putty Dragon Light Acrylic putty Dragon Light white 100ml tube white Acrylic putty Dragon Light white 100ml tube 100ml tube\" \/>\n<meta name=\"robots\" content=\"index, follow, max-snippet:-1, max-image-preview:large, max-video-preview:-1\" \/>\n<link rel=\"canonical\" href=\"https:\/\/obender.eu\/en\/toode\/montage-glue-dragon-fix-strong-white-tube-140g-kopeeri\/\" \/>\n<meta property=\"og:locale\" content=\"en_US\" \/>\n<meta property=\"og:type\" content=\"article\" \/>\n<meta property=\"og:title\" content=\"Acrylic putty Dragon Light white 100ml tube\" \/>\n<meta property=\"og:description\" content=\"Obender Acrylic putty Dragon Light Acrylic putty Dragon Light white 100ml tube white Acrylic putty Dragon Light white 100ml tube 100ml tube\" \/>\n<meta property=\"og:url\" content=\"https:\/\/obender.eu\/en\/toode\/montage-glue-dragon-fix-strong-white-tube-140g-kopeeri\/\" \/>\n<meta property=\"og:site_name\" content=\"Obender\" \/>\n<meta property=\"article:modified_time\" content=\"2026-04-21T17:01:23+00:00\" \/>\n<meta property=\"og:image\" content=\"https:\/\/obender.eu\/wp-content\/uploads\/2024\/10\/DMSSZL100.jpg\" \/>\n\t<meta property=\"og:image:width\" content=\"800\" \/>\n\t<meta property=\"og:image:height\" content=\"800\" \/>\n\t<meta property=\"og:image:type\" content=\"image\/jpeg\" \/>\n<meta name=\"twitter:card\" content=\"summary_large_image\" \/>\n<meta name=\"twitter:label1\" content=\"Est. reading time\" \/>\n\t<meta name=\"twitter:data1\" content=\"1 minute\" \/>\n<script type=\"application\/ld+json\" class=\"yoast-schema-graph\">{\"@context\":\"https:\\\/\\\/schema.org\",\"@graph\":[{\"@type\":\"WebPage\",\"@id\":\"https:\\\/\\\/obender.eu\\\/en\\\/toode\\\/montage-glue-dragon-fix-strong-white-tube-140g-kopeeri\\\/\",\"url\":\"https:\\\/\\\/obender.eu\\\/en\\\/toode\\\/montage-glue-dragon-fix-strong-white-tube-140g-kopeeri\\\/\",\"name\":\"Acrylic putty Dragon Light white 100ml tube - Obender\",\"isPartOf\":{\"@id\":\"https:\\\/\\\/www.obender.eu\\\/#website\"},\"primaryImageOfPage\":{\"@id\":\"https:\\\/\\\/obender.eu\\\/en\\\/toode\\\/montage-glue-dragon-fix-strong-white-tube-140g-kopeeri\\\/#primaryimage\"},\"image\":{\"@id\":\"https:\\\/\\\/obender.eu\\\/en\\\/toode\\\/montage-glue-dragon-fix-strong-white-tube-140g-kopeeri\\\/#primaryimage\"},\"thumbnailUrl\":\"https:\\\/\\\/obender.eu\\\/wp-content\\\/uploads\\\/2024\\\/10\\\/DMSSZL100.jpg\",\"datePublished\":\"2024-10-28T13:33:01+00:00\",\"dateModified\":\"2026-04-21T17:01:23+00:00\",\"description\":\"Obender Acrylic putty Dragon Light Acrylic putty Dragon Light white 100ml tube white Acrylic putty Dragon Light white 100ml tube 100ml tube\",\"breadcrumb\":{\"@id\":\"https:\\\/\\\/obender.eu\\\/en\\\/toode\\\/montage-glue-dragon-fix-strong-white-tube-140g-kopeeri\\\/#breadcrumb\"},\"inLanguage\":\"en-US\",\"potentialAction\":[{\"@type\":\"ReadAction\",\"target\":[\"https:\\\/\\\/obender.eu\\\/en\\\/toode\\\/montage-glue-dragon-fix-strong-white-tube-140g-kopeeri\\\/\"]}]},{\"@type\":\"ImageObject\",\"inLanguage\":\"en-US\",\"@id\":\"https:\\\/\\\/obender.eu\\\/en\\\/toode\\\/montage-glue-dragon-fix-strong-white-tube-140g-kopeeri\\\/#primaryimage\",\"url\":\"https:\\\/\\\/obender.eu\\\/wp-content\\\/uploads\\\/2024\\\/10\\\/DMSSZL100.jpg\",\"contentUrl\":\"https:\\\/\\\/obender.eu\\\/wp-content\\\/uploads\\\/2024\\\/10\\\/DMSSZL100.jpg\",\"width\":800,\"height\":800},{\"@type\":\"BreadcrumbList\",\"@id\":\"https:\\\/\\\/obender.eu\\\/en\\\/toode\\\/montage-glue-dragon-fix-strong-white-tube-140g-kopeeri\\\/#breadcrumb\",\"itemListElement\":[{\"@type\":\"ListItem\",\"position\":1,\"name\":\"Home\",\"item\":\"https:\\\/\\\/obender.eu\\\/en\\\/\"},{\"@type\":\"ListItem\",\"position\":2,\"name\":\"Tooted\",\"item\":\"https:\\\/\\\/www.obender.eu\\\/tooted\\\/\"},{\"@type\":\"ListItem\",\"position\":3,\"name\":\"Acrylic putty Dragon Light white 100ml tube\"}]},{\"@type\":\"WebSite\",\"@id\":\"https:\\\/\\\/www.obender.eu\\\/#website\",\"url\":\"https:\\\/\\\/www.obender.eu\\\/\",\"name\":\"Obender\",\"description\":\"T\u00f6\u00f6stuskaupade hulgim\u00fc\u00fck\",\"potentialAction\":[{\"@type\":\"SearchAction\",\"target\":{\"@type\":\"EntryPoint\",\"urlTemplate\":\"https:\\\/\\\/www.obender.eu\\\/?s={search_term_string}\"},\"query-input\":{\"@type\":\"PropertyValueSpecification\",\"valueRequired\":true,\"valueName\":\"search_term_string\"}}],\"inLanguage\":\"en-US\"}]}<\/script>\n<!-- \/ Yoast SEO Premium plugin. -->","yoast_head_json":{"title":"Acrylic putty Dragon Light white 100ml tube - Obender","description":"Obender Acrylic putty Dragon Light Acrylic putty Dragon Light white 100ml tube white Acrylic putty Dragon Light white 100ml tube 100ml tube","robots":{"index":"index","follow":"follow","max-snippet":"max-snippet:-1","max-image-preview":"max-image-preview:large","max-video-preview":"max-video-preview:-1"},"canonical":"https:\/\/obender.eu\/en\/toode\/montage-glue-dragon-fix-strong-white-tube-140g-kopeeri\/","og_locale":"en_US","og_type":"article","og_title":"Acrylic putty Dragon Light white 100ml tube","og_description":"Obender Acrylic putty Dragon Light Acrylic putty Dragon Light white 100ml tube white Acrylic putty Dragon Light white 100ml tube 100ml tube","og_url":"https:\/\/obender.eu\/en\/toode\/montage-glue-dragon-fix-strong-white-tube-140g-kopeeri\/","og_site_name":"Obender","article_modified_time":"2026-04-21T17:01:23+00:00","og_image":[{"width":800,"height":800,"url":"https:\/\/obender.eu\/wp-content\/uploads\/2024\/10\/DMSSZL100.jpg","type":"image\/jpeg"}],"twitter_card":"summary_large_image","twitter_misc":{"Est. reading time":"1 minute"},"schema":{"@context":"https:\/\/schema.org","@graph":[{"@type":"WebPage","@id":"https:\/\/obender.eu\/en\/toode\/montage-glue-dragon-fix-strong-white-tube-140g-kopeeri\/","url":"https:\/\/obender.eu\/en\/toode\/montage-glue-dragon-fix-strong-white-tube-140g-kopeeri\/","name":"Acrylic putty Dragon Light white 100ml tube - Obender","isPartOf":{"@id":"https:\/\/www.obender.eu\/#website"},"primaryImageOfPage":{"@id":"https:\/\/obender.eu\/en\/toode\/montage-glue-dragon-fix-strong-white-tube-140g-kopeeri\/#primaryimage"},"image":{"@id":"https:\/\/obender.eu\/en\/toode\/montage-glue-dragon-fix-strong-white-tube-140g-kopeeri\/#primaryimage"},"thumbnailUrl":"https:\/\/obender.eu\/wp-content\/uploads\/2024\/10\/DMSSZL100.jpg","datePublished":"2024-10-28T13:33:01+00:00","dateModified":"2026-04-21T17:01:23+00:00","description":"Obender Acrylic putty Dragon Light Acrylic putty Dragon Light white 100ml tube white Acrylic putty Dragon Light white 100ml tube 100ml tube","breadcrumb":{"@id":"https:\/\/obender.eu\/en\/toode\/montage-glue-dragon-fix-strong-white-tube-140g-kopeeri\/#breadcrumb"},"inLanguage":"en-US","potentialAction":[{"@type":"ReadAction","target":["https:\/\/obender.eu\/en\/toode\/montage-glue-dragon-fix-strong-white-tube-140g-kopeeri\/"]}]},{"@type":"ImageObject","inLanguage":"en-US","@id":"https:\/\/obender.eu\/en\/toode\/montage-glue-dragon-fix-strong-white-tube-140g-kopeeri\/#primaryimage","url":"https:\/\/obender.eu\/wp-content\/uploads\/2024\/10\/DMSSZL100.jpg","contentUrl":"https:\/\/obender.eu\/wp-content\/uploads\/2024\/10\/DMSSZL100.jpg","width":800,"height":800},{"@type":"BreadcrumbList","@id":"https:\/\/obender.eu\/en\/toode\/montage-glue-dragon-fix-strong-white-tube-140g-kopeeri\/#breadcrumb","itemListElement":[{"@type":"ListItem","position":1,"name":"Home","item":"https:\/\/obender.eu\/en\/"},{"@type":"ListItem","position":2,"name":"Tooted","item":"https:\/\/www.obender.eu\/tooted\/"},{"@type":"ListItem","position":3,"name":"Acrylic putty Dragon Light white 100ml tube"}]},{"@type":"WebSite","@id":"https:\/\/www.obender.eu\/#website","url":"https:\/\/www.obender.eu\/","name":"Obender","description":"T\u00f6\u00f6stuskaupade hulgim\u00fc\u00fck","potentialAction":[{"@type":"SearchAction","target":{"@type":"EntryPoint","urlTemplate":"https:\/\/www.obender.eu\/?s={search_term_string}"},"query-input":{"@type":"PropertyValueSpecification","valueRequired":true,"valueName":"search_term_string"}}],"inLanguage":"en-US"}]}},"_links":{"self":[{"href":"https:\/\/obender.eu\/en\/wp-json\/wp\/v2\/product\/30419","targetHints":{"allow":["GET"]}}],"collection":[{"href":"https:\/\/obender.eu\/en\/wp-json\/wp\/v2\/product"}],"about":[{"href":"https:\/\/obender.eu\/en\/wp-json\/wp\/v2\/types\/product"}],"version-history":[{"count":2,"href":"https:\/\/obender.eu\/en\/wp-json\/wp\/v2\/product\/30419\/revisions"}],"predecessor-version":[{"id":30424,"href":"https:\/\/obender.eu\/en\/wp-json\/wp\/v2\/product\/30419\/revisions\/30424"}],"wp:featuredmedia":[{"embeddable":true,"href":"https:\/\/obender.eu\/en\/wp-json\/wp\/v2\/media\/30421"}],"wp:attachment":[{"href":"https:\/\/obender.eu\/en\/wp-json\/wp\/v2\/media?parent=30419"}],"wp:term":[{"taxonomy":"product_brand","embeddable":true,"href":"https:\/\/obender.eu\/en\/wp-json\/wp\/v2\/product_brand?post=30419"},{"taxonomy":"product_cat","embeddable":true,"href":"https:\/\/obender.eu\/en\/wp-json\/wp\/v2\/product_cat?post=30419"},{"taxonomy":"product_tag","embeddable":true,"href":"https:\/\/obender.eu\/en\/wp-json\/wp\/v2\/product_tag?post=30419"}],"curies":[{"name":"wp","href":"https:\/\/api.w.org\/{rel}","templated":true}]}}