{"id":30583,"date":"2024-11-30T14:26:25","date_gmt":"2024-11-30T12:26:25","guid":{"rendered":"https:\/\/obender.eu\/?post_type=product&#038;p=30583"},"modified":"2026-04-13T07:00:30","modified_gmt":"2026-04-13T04:00:30","slug":"key-garage-stahlex-with-wall-mount-kopeeri","status":"publish","type":"product","link":"https:\/\/obender.eu\/en\/toode\/key-garage-stahlex-with-wall-mount-kopeeri\/","title":{"rendered":"Key garage Stahlex with wall mount"},"content":{"rendered":"<p>Key garage Stahlex<\/p>\n<p>Product code: 014550<\/p>\n<p>Wall mountable (screws and dowels included)<\/p>\n<p>Weatherproof cover<\/p>\n<p>Maximum for 2 keys<\/p>\n<p>Outer size: 96 x 40 x 116 mm.<\/p>\n<p>key cabinet, avainkaappi<\/p>\n","protected":false},"excerpt":{"rendered":"<p>Key garage Stahlex Product code: 014550 Wall mountable (screws and dowels included) Weatherproof cover Maximum for 2 keys Outer size:<\/p>\n","protected":false},"featured_media":30585,"template":"","meta":[],"product_brand":[],"product_cat":[373,381,380,284,277],"product_tag":[1528,1231,511,1230],"class_list":{"0":"post-30583","1":"product","2":"type-product","3":"status-publish","4":"has-post-thumbnail","6":"product_cat-tooriistad-ja-ehitus","7":"product_cat-home-and-office","8":"product_cat-home-and-office-equipment","9":"product_cat-key-garages","10":"product_cat-locks","11":"product_tag-avainkaappi-en","12":"product_tag-key-garage-en","13":"product_tag-stahlex-en","14":"product_tag-votmekapp-en","16":"first","17":"instock","18":"taxable","19":"shipping-taxable","20":"purchasable","21":"product-type-simple"},"yoast_head":"<!-- This site is optimized with the Yoast SEO Premium plugin v20.0 (Yoast SEO v27.3) - https:\/\/yoast.com\/product\/yoast-seo-premium-wordpress\/ -->\n<title>Key garage Stahlex with wall mount - Obender<\/title>\n<meta name=\"robots\" content=\"index, follow, max-snippet:-1, max-image-preview:large, max-video-preview:-1\" \/>\n<link rel=\"canonical\" href=\"https:\/\/obender.eu\/en\/toode\/key-garage-stahlex-with-wall-mount-kopeeri\/\" \/>\n<meta property=\"og:locale\" content=\"en_US\" \/>\n<meta property=\"og:type\" content=\"article\" \/>\n<meta property=\"og:title\" content=\"Key garage Stahlex with wall mount\" \/>\n<meta property=\"og:description\" content=\"Key garage Stahlex Product code: 014550 Wall mountable (screws and dowels included) Weatherproof cover Maximum for 2 keys Outer size:\" \/>\n<meta property=\"og:url\" content=\"https:\/\/obender.eu\/en\/toode\/key-garage-stahlex-with-wall-mount-kopeeri\/\" \/>\n<meta property=\"og:site_name\" content=\"Obender\" \/>\n<meta property=\"article:modified_time\" content=\"2026-04-13T04:00:30+00:00\" \/>\n<meta property=\"og:image\" content=\"https:\/\/obender.eu\/wp-content\/uploads\/2024\/11\/8721178200253.jpg\" \/>\n\t<meta property=\"og:image:width\" content=\"800\" \/>\n\t<meta property=\"og:image:height\" content=\"800\" \/>\n\t<meta property=\"og:image:type\" content=\"image\/jpeg\" \/>\n<meta name=\"twitter:card\" content=\"summary_large_image\" \/>\n<meta name=\"twitter:label1\" content=\"Est. reading time\" \/>\n\t<meta name=\"twitter:data1\" content=\"1 minute\" \/>\n<script type=\"application\/ld+json\" class=\"yoast-schema-graph\">{\"@context\":\"https:\\\/\\\/schema.org\",\"@graph\":[{\"@type\":\"WebPage\",\"@id\":\"https:\\\/\\\/obender.eu\\\/en\\\/toode\\\/key-garage-stahlex-with-wall-mount-kopeeri\\\/\",\"url\":\"https:\\\/\\\/obender.eu\\\/en\\\/toode\\\/key-garage-stahlex-with-wall-mount-kopeeri\\\/\",\"name\":\"Key garage Stahlex with wall mount - Obender\",\"isPartOf\":{\"@id\":\"https:\\\/\\\/www.obender.eu\\\/#website\"},\"primaryImageOfPage\":{\"@id\":\"https:\\\/\\\/obender.eu\\\/en\\\/toode\\\/key-garage-stahlex-with-wall-mount-kopeeri\\\/#primaryimage\"},\"image\":{\"@id\":\"https:\\\/\\\/obender.eu\\\/en\\\/toode\\\/key-garage-stahlex-with-wall-mount-kopeeri\\\/#primaryimage\"},\"thumbnailUrl\":\"https:\\\/\\\/obender.eu\\\/wp-content\\\/uploads\\\/2024\\\/11\\\/8721178200253.jpg\",\"datePublished\":\"2024-11-30T12:26:25+00:00\",\"dateModified\":\"2026-04-13T04:00:30+00:00\",\"breadcrumb\":{\"@id\":\"https:\\\/\\\/obender.eu\\\/en\\\/toode\\\/key-garage-stahlex-with-wall-mount-kopeeri\\\/#breadcrumb\"},\"inLanguage\":\"en-US\",\"potentialAction\":[{\"@type\":\"ReadAction\",\"target\":[\"https:\\\/\\\/obender.eu\\\/en\\\/toode\\\/key-garage-stahlex-with-wall-mount-kopeeri\\\/\"]}]},{\"@type\":\"ImageObject\",\"inLanguage\":\"en-US\",\"@id\":\"https:\\\/\\\/obender.eu\\\/en\\\/toode\\\/key-garage-stahlex-with-wall-mount-kopeeri\\\/#primaryimage\",\"url\":\"https:\\\/\\\/obender.eu\\\/wp-content\\\/uploads\\\/2024\\\/11\\\/8721178200253.jpg\",\"contentUrl\":\"https:\\\/\\\/obender.eu\\\/wp-content\\\/uploads\\\/2024\\\/11\\\/8721178200253.jpg\",\"width\":800,\"height\":800},{\"@type\":\"BreadcrumbList\",\"@id\":\"https:\\\/\\\/obender.eu\\\/en\\\/toode\\\/key-garage-stahlex-with-wall-mount-kopeeri\\\/#breadcrumb\",\"itemListElement\":[{\"@type\":\"ListItem\",\"position\":1,\"name\":\"Home\",\"item\":\"https:\\\/\\\/obender.eu\\\/en\\\/\"},{\"@type\":\"ListItem\",\"position\":2,\"name\":\"Tooted\",\"item\":\"https:\\\/\\\/www.obender.eu\\\/tooted\\\/\"},{\"@type\":\"ListItem\",\"position\":3,\"name\":\"Key garage Stahlex with wall mount\"}]},{\"@type\":\"WebSite\",\"@id\":\"https:\\\/\\\/www.obender.eu\\\/#website\",\"url\":\"https:\\\/\\\/www.obender.eu\\\/\",\"name\":\"Obender\",\"description\":\"T\u00f6\u00f6stuskaupade hulgim\u00fc\u00fck\",\"potentialAction\":[{\"@type\":\"SearchAction\",\"target\":{\"@type\":\"EntryPoint\",\"urlTemplate\":\"https:\\\/\\\/www.obender.eu\\\/?s={search_term_string}\"},\"query-input\":{\"@type\":\"PropertyValueSpecification\",\"valueRequired\":true,\"valueName\":\"search_term_string\"}}],\"inLanguage\":\"en-US\"}]}<\/script>\n<!-- \/ Yoast SEO Premium plugin. -->","yoast_head_json":{"title":"Key garage Stahlex with wall mount - Obender","robots":{"index":"index","follow":"follow","max-snippet":"max-snippet:-1","max-image-preview":"max-image-preview:large","max-video-preview":"max-video-preview:-1"},"canonical":"https:\/\/obender.eu\/en\/toode\/key-garage-stahlex-with-wall-mount-kopeeri\/","og_locale":"en_US","og_type":"article","og_title":"Key garage Stahlex with wall mount","og_description":"Key garage Stahlex Product code: 014550 Wall mountable (screws and dowels included) Weatherproof cover Maximum for 2 keys Outer size:","og_url":"https:\/\/obender.eu\/en\/toode\/key-garage-stahlex-with-wall-mount-kopeeri\/","og_site_name":"Obender","article_modified_time":"2026-04-13T04:00:30+00:00","og_image":[{"width":800,"height":800,"url":"https:\/\/obender.eu\/wp-content\/uploads\/2024\/11\/8721178200253.jpg","type":"image\/jpeg"}],"twitter_card":"summary_large_image","twitter_misc":{"Est. reading time":"1 minute"},"schema":{"@context":"https:\/\/schema.org","@graph":[{"@type":"WebPage","@id":"https:\/\/obender.eu\/en\/toode\/key-garage-stahlex-with-wall-mount-kopeeri\/","url":"https:\/\/obender.eu\/en\/toode\/key-garage-stahlex-with-wall-mount-kopeeri\/","name":"Key garage Stahlex with wall mount - Obender","isPartOf":{"@id":"https:\/\/www.obender.eu\/#website"},"primaryImageOfPage":{"@id":"https:\/\/obender.eu\/en\/toode\/key-garage-stahlex-with-wall-mount-kopeeri\/#primaryimage"},"image":{"@id":"https:\/\/obender.eu\/en\/toode\/key-garage-stahlex-with-wall-mount-kopeeri\/#primaryimage"},"thumbnailUrl":"https:\/\/obender.eu\/wp-content\/uploads\/2024\/11\/8721178200253.jpg","datePublished":"2024-11-30T12:26:25+00:00","dateModified":"2026-04-13T04:00:30+00:00","breadcrumb":{"@id":"https:\/\/obender.eu\/en\/toode\/key-garage-stahlex-with-wall-mount-kopeeri\/#breadcrumb"},"inLanguage":"en-US","potentialAction":[{"@type":"ReadAction","target":["https:\/\/obender.eu\/en\/toode\/key-garage-stahlex-with-wall-mount-kopeeri\/"]}]},{"@type":"ImageObject","inLanguage":"en-US","@id":"https:\/\/obender.eu\/en\/toode\/key-garage-stahlex-with-wall-mount-kopeeri\/#primaryimage","url":"https:\/\/obender.eu\/wp-content\/uploads\/2024\/11\/8721178200253.jpg","contentUrl":"https:\/\/obender.eu\/wp-content\/uploads\/2024\/11\/8721178200253.jpg","width":800,"height":800},{"@type":"BreadcrumbList","@id":"https:\/\/obender.eu\/en\/toode\/key-garage-stahlex-with-wall-mount-kopeeri\/#breadcrumb","itemListElement":[{"@type":"ListItem","position":1,"name":"Home","item":"https:\/\/obender.eu\/en\/"},{"@type":"ListItem","position":2,"name":"Tooted","item":"https:\/\/www.obender.eu\/tooted\/"},{"@type":"ListItem","position":3,"name":"Key garage Stahlex with wall mount"}]},{"@type":"WebSite","@id":"https:\/\/www.obender.eu\/#website","url":"https:\/\/www.obender.eu\/","name":"Obender","description":"T\u00f6\u00f6stuskaupade hulgim\u00fc\u00fck","potentialAction":[{"@type":"SearchAction","target":{"@type":"EntryPoint","urlTemplate":"https:\/\/www.obender.eu\/?s={search_term_string}"},"query-input":{"@type":"PropertyValueSpecification","valueRequired":true,"valueName":"search_term_string"}}],"inLanguage":"en-US"}]}},"_links":{"self":[{"href":"https:\/\/obender.eu\/en\/wp-json\/wp\/v2\/product\/30583","targetHints":{"allow":["GET"]}}],"collection":[{"href":"https:\/\/obender.eu\/en\/wp-json\/wp\/v2\/product"}],"about":[{"href":"https:\/\/obender.eu\/en\/wp-json\/wp\/v2\/types\/product"}],"version-history":[{"count":1,"href":"https:\/\/obender.eu\/en\/wp-json\/wp\/v2\/product\/30583\/revisions"}],"predecessor-version":[{"id":30593,"href":"https:\/\/obender.eu\/en\/wp-json\/wp\/v2\/product\/30583\/revisions\/30593"}],"wp:featuredmedia":[{"embeddable":true,"href":"https:\/\/obender.eu\/en\/wp-json\/wp\/v2\/media\/30585"}],"wp:attachment":[{"href":"https:\/\/obender.eu\/en\/wp-json\/wp\/v2\/media?parent=30583"}],"wp:term":[{"taxonomy":"product_brand","embeddable":true,"href":"https:\/\/obender.eu\/en\/wp-json\/wp\/v2\/product_brand?post=30583"},{"taxonomy":"product_cat","embeddable":true,"href":"https:\/\/obender.eu\/en\/wp-json\/wp\/v2\/product_cat?post=30583"},{"taxonomy":"product_tag","embeddable":true,"href":"https:\/\/obender.eu\/en\/wp-json\/wp\/v2\/product_tag?post=30583"}],"curies":[{"name":"wp","href":"https:\/\/api.w.org\/{rel}","templated":true}]}}