{"id":30606,"date":"2024-11-30T15:33:52","date_gmt":"2024-11-30T13:33:52","guid":{"rendered":"https:\/\/obender.eu\/toode\/weather-station-verk-with-15m-probe\/"},"modified":"2026-04-22T03:01:25","modified_gmt":"2026-04-22T00:01:25","slug":"weather-station-verk-with-15m-probe","status":"publish","type":"product","link":"https:\/\/obender.eu\/en\/toode\/weather-station-verk-with-15m-probe\/","title":{"rendered":"Weather station Verk with 1,5m probe"},"content":{"rendered":"<p>Weather station Verk HTC-02<\/p>\n<p>Product code: 01310<\/p>\n<p>On display: inside\/outside temperature, clock\/date\/alarm and inside humidity<\/p>\n<p>Appliance can be hanged on the wall or place to the table.<\/p>\n<p>Inside temperature: 0\u00b0 C &#8211; 50\u00b0 C (-32\u00b0 F &#8211; 122\u00b0 F)<\/p>\n<p>Outside temperature: -50\u00b0 C &#8211; 70\u00b0 C (-58\u00b0 F &#8211; 158\u00b0 F)<\/p>\n<p>Humidity range: 10% &#8211; 99% RH.<\/p>\n<p>Accuracy of measured temperatures +\/- 1\u00b0 C.<\/p>\n<p>Accuracy of measured air humidity +\/- 5%<\/p>\n<p>Two time display ranges: 12h or 24h.<\/p>\n<p>Included: 1xAAA battery<\/p>\n<p>Thermometer dimensions: 10cm x 11cm x 2.2cm.<\/p>\n<p>Display dimensions: 7.5cm x 6cm.<\/p>\n<p>Product is CE certified.<\/p>\n","protected":false},"excerpt":{"rendered":"<p>EAN: 5907451301227<\/p>\n","protected":false},"featured_media":30604,"template":"","meta":[],"product_brand":[],"product_cat":[380,382],"product_tag":[506,1066],"class_list":{"0":"post-30606","1":"product","2":"type-product","3":"status-publish","4":"has-post-thumbnail","6":"product_cat-home-and-office-equipment","7":"product_cat-weather-stations","8":"product_tag-termomeeter-en","9":"product_tag-weather-station","11":"first","12":"outofstock","13":"taxable","14":"shipping-taxable","15":"purchasable","16":"product-type-simple"},"yoast_head":"<!-- This site is optimized with the Yoast SEO Premium plugin v20.0 (Yoast SEO v27.4) - https:\/\/yoast.com\/product\/yoast-seo-premium-wordpress\/ -->\n<title>Weather station Verk with 1,5m probe - Obender<\/title>\n<meta name=\"robots\" content=\"index, follow, max-snippet:-1, max-image-preview:large, max-video-preview:-1\" \/>\n<link rel=\"canonical\" href=\"https:\/\/obender.eu\/en\/toode\/weather-station-verk-with-15m-probe\/\" \/>\n<meta property=\"og:locale\" content=\"en_US\" \/>\n<meta property=\"og:type\" content=\"article\" \/>\n<meta property=\"og:title\" content=\"Weather station Verk with 1,5m probe\" \/>\n<meta property=\"og:description\" content=\"EAN: 5907451301227\" \/>\n<meta property=\"og:url\" content=\"https:\/\/obender.eu\/en\/toode\/weather-station-verk-with-15m-probe\/\" \/>\n<meta property=\"og:site_name\" content=\"Obender\" \/>\n<meta property=\"article:modified_time\" content=\"2026-04-22T00:01:25+00:00\" \/>\n<meta property=\"og:image\" content=\"https:\/\/obender.eu\/wp-content\/uploads\/2024\/11\/5907451301227.jpg\" \/>\n\t<meta property=\"og:image:width\" content=\"800\" \/>\n\t<meta property=\"og:image:height\" content=\"800\" \/>\n\t<meta property=\"og:image:type\" content=\"image\/jpeg\" \/>\n<meta name=\"twitter:card\" content=\"summary_large_image\" \/>\n<meta name=\"twitter:label1\" content=\"Est. reading time\" \/>\n\t<meta name=\"twitter:data1\" content=\"1 minute\" \/>\n<script type=\"application\/ld+json\" class=\"yoast-schema-graph\">{\"@context\":\"https:\\\/\\\/schema.org\",\"@graph\":[{\"@type\":\"WebPage\",\"@id\":\"https:\\\/\\\/obender.eu\\\/en\\\/toode\\\/weather-station-verk-with-15m-probe\\\/\",\"url\":\"https:\\\/\\\/obender.eu\\\/en\\\/toode\\\/weather-station-verk-with-15m-probe\\\/\",\"name\":\"Weather station Verk with 1,5m probe - Obender\",\"isPartOf\":{\"@id\":\"https:\\\/\\\/www.obender.eu\\\/#website\"},\"primaryImageOfPage\":{\"@id\":\"https:\\\/\\\/obender.eu\\\/en\\\/toode\\\/weather-station-verk-with-15m-probe\\\/#primaryimage\"},\"image\":{\"@id\":\"https:\\\/\\\/obender.eu\\\/en\\\/toode\\\/weather-station-verk-with-15m-probe\\\/#primaryimage\"},\"thumbnailUrl\":\"https:\\\/\\\/obender.eu\\\/wp-content\\\/uploads\\\/2024\\\/11\\\/5907451301227.jpg\",\"datePublished\":\"2024-11-30T13:33:52+00:00\",\"dateModified\":\"2026-04-22T00:01:25+00:00\",\"breadcrumb\":{\"@id\":\"https:\\\/\\\/obender.eu\\\/en\\\/toode\\\/weather-station-verk-with-15m-probe\\\/#breadcrumb\"},\"inLanguage\":\"en-US\",\"potentialAction\":[{\"@type\":\"ReadAction\",\"target\":[\"https:\\\/\\\/obender.eu\\\/en\\\/toode\\\/weather-station-verk-with-15m-probe\\\/\"]}]},{\"@type\":\"ImageObject\",\"inLanguage\":\"en-US\",\"@id\":\"https:\\\/\\\/obender.eu\\\/en\\\/toode\\\/weather-station-verk-with-15m-probe\\\/#primaryimage\",\"url\":\"https:\\\/\\\/obender.eu\\\/wp-content\\\/uploads\\\/2024\\\/11\\\/5907451301227.jpg\",\"contentUrl\":\"https:\\\/\\\/obender.eu\\\/wp-content\\\/uploads\\\/2024\\\/11\\\/5907451301227.jpg\",\"width\":800,\"height\":800,\"caption\":\"01f103f748a17d5b7b14b38b1f7eb5fc88b49484729268b031a01dd481d7914e6bb6a0cffc4075dbc0993b05d61fb00472d6d0aad315fc07480776924b21e10ac5e266fa7639b5b63e6f249af624bd05\"},{\"@type\":\"BreadcrumbList\",\"@id\":\"https:\\\/\\\/obender.eu\\\/en\\\/toode\\\/weather-station-verk-with-15m-probe\\\/#breadcrumb\",\"itemListElement\":[{\"@type\":\"ListItem\",\"position\":1,\"name\":\"Home\",\"item\":\"https:\\\/\\\/obender.eu\\\/en\\\/\"},{\"@type\":\"ListItem\",\"position\":2,\"name\":\"Tooted\",\"item\":\"https:\\\/\\\/www.obender.eu\\\/tooted\\\/\"},{\"@type\":\"ListItem\",\"position\":3,\"name\":\"Weather station Verk with 1,5m probe\"}]},{\"@type\":\"WebSite\",\"@id\":\"https:\\\/\\\/www.obender.eu\\\/#website\",\"url\":\"https:\\\/\\\/www.obender.eu\\\/\",\"name\":\"Obender\",\"description\":\"T\u00f6\u00f6stuskaupade hulgim\u00fc\u00fck\",\"potentialAction\":[{\"@type\":\"SearchAction\",\"target\":{\"@type\":\"EntryPoint\",\"urlTemplate\":\"https:\\\/\\\/www.obender.eu\\\/?s={search_term_string}\"},\"query-input\":{\"@type\":\"PropertyValueSpecification\",\"valueRequired\":true,\"valueName\":\"search_term_string\"}}],\"inLanguage\":\"en-US\"}]}<\/script>\n<!-- \/ Yoast SEO Premium plugin. -->","yoast_head_json":{"title":"Weather station Verk with 1,5m probe - Obender","robots":{"index":"index","follow":"follow","max-snippet":"max-snippet:-1","max-image-preview":"max-image-preview:large","max-video-preview":"max-video-preview:-1"},"canonical":"https:\/\/obender.eu\/en\/toode\/weather-station-verk-with-15m-probe\/","og_locale":"en_US","og_type":"article","og_title":"Weather station Verk with 1,5m probe","og_description":"EAN: 5907451301227","og_url":"https:\/\/obender.eu\/en\/toode\/weather-station-verk-with-15m-probe\/","og_site_name":"Obender","article_modified_time":"2026-04-22T00:01:25+00:00","og_image":[{"width":800,"height":800,"url":"https:\/\/obender.eu\/wp-content\/uploads\/2024\/11\/5907451301227.jpg","type":"image\/jpeg"}],"twitter_card":"summary_large_image","twitter_misc":{"Est. reading time":"1 minute"},"schema":{"@context":"https:\/\/schema.org","@graph":[{"@type":"WebPage","@id":"https:\/\/obender.eu\/en\/toode\/weather-station-verk-with-15m-probe\/","url":"https:\/\/obender.eu\/en\/toode\/weather-station-verk-with-15m-probe\/","name":"Weather station Verk with 1,5m probe - Obender","isPartOf":{"@id":"https:\/\/www.obender.eu\/#website"},"primaryImageOfPage":{"@id":"https:\/\/obender.eu\/en\/toode\/weather-station-verk-with-15m-probe\/#primaryimage"},"image":{"@id":"https:\/\/obender.eu\/en\/toode\/weather-station-verk-with-15m-probe\/#primaryimage"},"thumbnailUrl":"https:\/\/obender.eu\/wp-content\/uploads\/2024\/11\/5907451301227.jpg","datePublished":"2024-11-30T13:33:52+00:00","dateModified":"2026-04-22T00:01:25+00:00","breadcrumb":{"@id":"https:\/\/obender.eu\/en\/toode\/weather-station-verk-with-15m-probe\/#breadcrumb"},"inLanguage":"en-US","potentialAction":[{"@type":"ReadAction","target":["https:\/\/obender.eu\/en\/toode\/weather-station-verk-with-15m-probe\/"]}]},{"@type":"ImageObject","inLanguage":"en-US","@id":"https:\/\/obender.eu\/en\/toode\/weather-station-verk-with-15m-probe\/#primaryimage","url":"https:\/\/obender.eu\/wp-content\/uploads\/2024\/11\/5907451301227.jpg","contentUrl":"https:\/\/obender.eu\/wp-content\/uploads\/2024\/11\/5907451301227.jpg","width":800,"height":800,"caption":"01f103f748a17d5b7b14b38b1f7eb5fc88b49484729268b031a01dd481d7914e6bb6a0cffc4075dbc0993b05d61fb00472d6d0aad315fc07480776924b21e10ac5e266fa7639b5b63e6f249af624bd05"},{"@type":"BreadcrumbList","@id":"https:\/\/obender.eu\/en\/toode\/weather-station-verk-with-15m-probe\/#breadcrumb","itemListElement":[{"@type":"ListItem","position":1,"name":"Home","item":"https:\/\/obender.eu\/en\/"},{"@type":"ListItem","position":2,"name":"Tooted","item":"https:\/\/www.obender.eu\/tooted\/"},{"@type":"ListItem","position":3,"name":"Weather station Verk with 1,5m probe"}]},{"@type":"WebSite","@id":"https:\/\/www.obender.eu\/#website","url":"https:\/\/www.obender.eu\/","name":"Obender","description":"T\u00f6\u00f6stuskaupade hulgim\u00fc\u00fck","potentialAction":[{"@type":"SearchAction","target":{"@type":"EntryPoint","urlTemplate":"https:\/\/www.obender.eu\/?s={search_term_string}"},"query-input":{"@type":"PropertyValueSpecification","valueRequired":true,"valueName":"search_term_string"}}],"inLanguage":"en-US"}]}},"_links":{"self":[{"href":"https:\/\/obender.eu\/en\/wp-json\/wp\/v2\/product\/30606","targetHints":{"allow":["GET"]}}],"collection":[{"href":"https:\/\/obender.eu\/en\/wp-json\/wp\/v2\/product"}],"about":[{"href":"https:\/\/obender.eu\/en\/wp-json\/wp\/v2\/types\/product"}],"version-history":[{"count":1,"href":"https:\/\/obender.eu\/en\/wp-json\/wp\/v2\/product\/30606\/revisions"}],"predecessor-version":[{"id":30608,"href":"https:\/\/obender.eu\/en\/wp-json\/wp\/v2\/product\/30606\/revisions\/30608"}],"wp:featuredmedia":[{"embeddable":true,"href":"https:\/\/obender.eu\/en\/wp-json\/wp\/v2\/media\/30604"}],"wp:attachment":[{"href":"https:\/\/obender.eu\/en\/wp-json\/wp\/v2\/media?parent=30606"}],"wp:term":[{"taxonomy":"product_brand","embeddable":true,"href":"https:\/\/obender.eu\/en\/wp-json\/wp\/v2\/product_brand?post=30606"},{"taxonomy":"product_cat","embeddable":true,"href":"https:\/\/obender.eu\/en\/wp-json\/wp\/v2\/product_cat?post=30606"},{"taxonomy":"product_tag","embeddable":true,"href":"https:\/\/obender.eu\/en\/wp-json\/wp\/v2\/product_tag?post=30606"}],"curies":[{"name":"wp","href":"https:\/\/api.w.org\/{rel}","templated":true}]}}