{"id":30639,"date":"2024-12-18T18:09:43","date_gmt":"2024-12-18T16:09:43","guid":{"rendered":"https:\/\/obender.eu\/toode\/battery-varta-energy-alkaline-lr03-bigbox\/"},"modified":"2026-04-21T18:00:37","modified_gmt":"2026-04-21T15:00:37","slug":"battery-varta-energy-alkaline-lr03-bigbox","status":"publish","type":"product","link":"https:\/\/obender.eu\/en\/toode\/battery-varta-energy-alkaline-lr03-bigbox\/","title":{"rendered":"Battery Varta Energy alkaline LR03 CUBE24"},"content":{"rendered":"<p>Battery Varta Energy alkaline LR03 Cube24<\/p>\n<p>Bigbox package includes 24 pcs. It can be opened and closed.<\/p>\n<p>Product code 4103229234<\/p>\n<p>EAN 4008496129973<\/p>\n<p>New plastic-free environmental friendly package!<\/p>\n<p>paristo<\/p>\n","protected":false},"excerpt":{"rendered":"<p>Battery Varta Energy alkaline LR03 Cube24 Bigbox package includes 24 pcs. It can be opened and closed. Product code 4103229234<\/p>\n","protected":false},"featured_media":32079,"template":"","meta":[],"product_brand":[],"product_cat":[287,286],"product_tag":[680,1416,874,494],"class_list":{"0":"post-30639","1":"product","2":"type-product","3":"status-publish","4":"has-post-thumbnail","6":"product_cat-alkaline-batteries","7":"product_cat-batteries","8":"product_tag-alkaline-en","9":"product_tag-paristo-en","10":"product_tag-patarei-en","11":"product_tag-varta-en","13":"first","14":"instock","15":"taxable","16":"shipping-taxable","17":"purchasable","18":"product-type-simple"},"yoast_head":"<!-- This site is optimized with the Yoast SEO Premium plugin v20.0 (Yoast SEO v27.4) - https:\/\/yoast.com\/product\/yoast-seo-premium-wordpress\/ -->\n<title>Battery Varta Energy alkaline LR03 CUBE24 Varta Energy Cube - Obender<\/title>\n<meta name=\"robots\" content=\"index, follow, max-snippet:-1, max-image-preview:large, max-video-preview:-1\" \/>\n<link rel=\"canonical\" href=\"https:\/\/obender.eu\/en\/toode\/battery-varta-energy-alkaline-lr03-bigbox\/\" \/>\n<meta property=\"og:locale\" content=\"en_US\" \/>\n<meta property=\"og:type\" content=\"article\" \/>\n<meta property=\"og:title\" content=\"Battery Varta Energy alkaline LR03 CUBE24\" \/>\n<meta property=\"og:description\" content=\"Battery Varta Energy alkaline LR03 Cube24 Bigbox package includes 24 pcs. It can be opened and closed. Product code 4103229234\" \/>\n<meta property=\"og:url\" content=\"https:\/\/obender.eu\/en\/toode\/battery-varta-energy-alkaline-lr03-bigbox\/\" \/>\n<meta property=\"og:site_name\" content=\"Obender\" \/>\n<meta property=\"article:modified_time\" content=\"2026-04-21T15:00:37+00:00\" \/>\n<meta property=\"og:image\" content=\"https:\/\/obender.eu\/wp-content\/uploads\/2024\/12\/4103229234.jpg\" \/>\n\t<meta property=\"og:image:width\" content=\"1200\" \/>\n\t<meta property=\"og:image:height\" content=\"1200\" \/>\n\t<meta property=\"og:image:type\" content=\"image\/jpeg\" \/>\n<meta name=\"twitter:card\" content=\"summary_large_image\" \/>\n<meta name=\"twitter:label1\" content=\"Est. reading time\" \/>\n\t<meta name=\"twitter:data1\" content=\"1 minute\" \/>\n<script type=\"application\/ld+json\" class=\"yoast-schema-graph\">{\"@context\":\"https:\\\/\\\/schema.org\",\"@graph\":[{\"@type\":\"WebPage\",\"@id\":\"https:\\\/\\\/obender.eu\\\/en\\\/toode\\\/battery-varta-energy-alkaline-lr03-bigbox\\\/\",\"url\":\"https:\\\/\\\/obender.eu\\\/en\\\/toode\\\/battery-varta-energy-alkaline-lr03-bigbox\\\/\",\"name\":\"Battery Varta Energy alkaline LR03 CUBE24 Varta Energy Cube - Obender\",\"isPartOf\":{\"@id\":\"https:\\\/\\\/www.obender.eu\\\/#website\"},\"primaryImageOfPage\":{\"@id\":\"https:\\\/\\\/obender.eu\\\/en\\\/toode\\\/battery-varta-energy-alkaline-lr03-bigbox\\\/#primaryimage\"},\"image\":{\"@id\":\"https:\\\/\\\/obender.eu\\\/en\\\/toode\\\/battery-varta-energy-alkaline-lr03-bigbox\\\/#primaryimage\"},\"thumbnailUrl\":\"https:\\\/\\\/obender.eu\\\/wp-content\\\/uploads\\\/2024\\\/12\\\/4103229234.jpg\",\"datePublished\":\"2024-12-18T16:09:43+00:00\",\"dateModified\":\"2026-04-21T15:00:37+00:00\",\"breadcrumb\":{\"@id\":\"https:\\\/\\\/obender.eu\\\/en\\\/toode\\\/battery-varta-energy-alkaline-lr03-bigbox\\\/#breadcrumb\"},\"inLanguage\":\"en-US\",\"potentialAction\":[{\"@type\":\"ReadAction\",\"target\":[\"https:\\\/\\\/obender.eu\\\/en\\\/toode\\\/battery-varta-energy-alkaline-lr03-bigbox\\\/\"]}]},{\"@type\":\"ImageObject\",\"inLanguage\":\"en-US\",\"@id\":\"https:\\\/\\\/obender.eu\\\/en\\\/toode\\\/battery-varta-energy-alkaline-lr03-bigbox\\\/#primaryimage\",\"url\":\"https:\\\/\\\/obender.eu\\\/wp-content\\\/uploads\\\/2024\\\/12\\\/4103229234.jpg\",\"contentUrl\":\"https:\\\/\\\/obender.eu\\\/wp-content\\\/uploads\\\/2024\\\/12\\\/4103229234.jpg\",\"width\":1200,\"height\":1200},{\"@type\":\"BreadcrumbList\",\"@id\":\"https:\\\/\\\/obender.eu\\\/en\\\/toode\\\/battery-varta-energy-alkaline-lr03-bigbox\\\/#breadcrumb\",\"itemListElement\":[{\"@type\":\"ListItem\",\"position\":1,\"name\":\"Home\",\"item\":\"https:\\\/\\\/obender.eu\\\/en\\\/\"},{\"@type\":\"ListItem\",\"position\":2,\"name\":\"Tooted\",\"item\":\"https:\\\/\\\/www.obender.eu\\\/tooted\\\/\"},{\"@type\":\"ListItem\",\"position\":3,\"name\":\"Battery Varta Energy alkaline LR03 CUBE24\"}]},{\"@type\":\"WebSite\",\"@id\":\"https:\\\/\\\/www.obender.eu\\\/#website\",\"url\":\"https:\\\/\\\/www.obender.eu\\\/\",\"name\":\"Obender\",\"description\":\"T\u00f6\u00f6stuskaupade hulgim\u00fc\u00fck\",\"potentialAction\":[{\"@type\":\"SearchAction\",\"target\":{\"@type\":\"EntryPoint\",\"urlTemplate\":\"https:\\\/\\\/www.obender.eu\\\/?s={search_term_string}\"},\"query-input\":{\"@type\":\"PropertyValueSpecification\",\"valueRequired\":true,\"valueName\":\"search_term_string\"}}],\"inLanguage\":\"en-US\"}]}<\/script>\n<!-- \/ Yoast SEO Premium plugin. -->","yoast_head_json":{"title":"Battery Varta Energy alkaline LR03 CUBE24 Varta Energy Cube - Obender","robots":{"index":"index","follow":"follow","max-snippet":"max-snippet:-1","max-image-preview":"max-image-preview:large","max-video-preview":"max-video-preview:-1"},"canonical":"https:\/\/obender.eu\/en\/toode\/battery-varta-energy-alkaline-lr03-bigbox\/","og_locale":"en_US","og_type":"article","og_title":"Battery Varta Energy alkaline LR03 CUBE24","og_description":"Battery Varta Energy alkaline LR03 Cube24 Bigbox package includes 24 pcs. It can be opened and closed. Product code 4103229234","og_url":"https:\/\/obender.eu\/en\/toode\/battery-varta-energy-alkaline-lr03-bigbox\/","og_site_name":"Obender","article_modified_time":"2026-04-21T15:00:37+00:00","og_image":[{"width":1200,"height":1200,"url":"https:\/\/obender.eu\/wp-content\/uploads\/2024\/12\/4103229234.jpg","type":"image\/jpeg"}],"twitter_card":"summary_large_image","twitter_misc":{"Est. reading time":"1 minute"},"schema":{"@context":"https:\/\/schema.org","@graph":[{"@type":"WebPage","@id":"https:\/\/obender.eu\/en\/toode\/battery-varta-energy-alkaline-lr03-bigbox\/","url":"https:\/\/obender.eu\/en\/toode\/battery-varta-energy-alkaline-lr03-bigbox\/","name":"Battery Varta Energy alkaline LR03 CUBE24 Varta Energy Cube - Obender","isPartOf":{"@id":"https:\/\/www.obender.eu\/#website"},"primaryImageOfPage":{"@id":"https:\/\/obender.eu\/en\/toode\/battery-varta-energy-alkaline-lr03-bigbox\/#primaryimage"},"image":{"@id":"https:\/\/obender.eu\/en\/toode\/battery-varta-energy-alkaline-lr03-bigbox\/#primaryimage"},"thumbnailUrl":"https:\/\/obender.eu\/wp-content\/uploads\/2024\/12\/4103229234.jpg","datePublished":"2024-12-18T16:09:43+00:00","dateModified":"2026-04-21T15:00:37+00:00","breadcrumb":{"@id":"https:\/\/obender.eu\/en\/toode\/battery-varta-energy-alkaline-lr03-bigbox\/#breadcrumb"},"inLanguage":"en-US","potentialAction":[{"@type":"ReadAction","target":["https:\/\/obender.eu\/en\/toode\/battery-varta-energy-alkaline-lr03-bigbox\/"]}]},{"@type":"ImageObject","inLanguage":"en-US","@id":"https:\/\/obender.eu\/en\/toode\/battery-varta-energy-alkaline-lr03-bigbox\/#primaryimage","url":"https:\/\/obender.eu\/wp-content\/uploads\/2024\/12\/4103229234.jpg","contentUrl":"https:\/\/obender.eu\/wp-content\/uploads\/2024\/12\/4103229234.jpg","width":1200,"height":1200},{"@type":"BreadcrumbList","@id":"https:\/\/obender.eu\/en\/toode\/battery-varta-energy-alkaline-lr03-bigbox\/#breadcrumb","itemListElement":[{"@type":"ListItem","position":1,"name":"Home","item":"https:\/\/obender.eu\/en\/"},{"@type":"ListItem","position":2,"name":"Tooted","item":"https:\/\/www.obender.eu\/tooted\/"},{"@type":"ListItem","position":3,"name":"Battery Varta Energy alkaline LR03 CUBE24"}]},{"@type":"WebSite","@id":"https:\/\/www.obender.eu\/#website","url":"https:\/\/www.obender.eu\/","name":"Obender","description":"T\u00f6\u00f6stuskaupade hulgim\u00fc\u00fck","potentialAction":[{"@type":"SearchAction","target":{"@type":"EntryPoint","urlTemplate":"https:\/\/www.obender.eu\/?s={search_term_string}"},"query-input":{"@type":"PropertyValueSpecification","valueRequired":true,"valueName":"search_term_string"}}],"inLanguage":"en-US"}]}},"_links":{"self":[{"href":"https:\/\/obender.eu\/en\/wp-json\/wp\/v2\/product\/30639","targetHints":{"allow":["GET"]}}],"collection":[{"href":"https:\/\/obender.eu\/en\/wp-json\/wp\/v2\/product"}],"about":[{"href":"https:\/\/obender.eu\/en\/wp-json\/wp\/v2\/types\/product"}],"version-history":[{"count":3,"href":"https:\/\/obender.eu\/en\/wp-json\/wp\/v2\/product\/30639\/revisions"}],"predecessor-version":[{"id":32082,"href":"https:\/\/obender.eu\/en\/wp-json\/wp\/v2\/product\/30639\/revisions\/32082"}],"wp:featuredmedia":[{"embeddable":true,"href":"https:\/\/obender.eu\/en\/wp-json\/wp\/v2\/media\/32079"}],"wp:attachment":[{"href":"https:\/\/obender.eu\/en\/wp-json\/wp\/v2\/media?parent=30639"}],"wp:term":[{"taxonomy":"product_brand","embeddable":true,"href":"https:\/\/obender.eu\/en\/wp-json\/wp\/v2\/product_brand?post=30639"},{"taxonomy":"product_cat","embeddable":true,"href":"https:\/\/obender.eu\/en\/wp-json\/wp\/v2\/product_cat?post=30639"},{"taxonomy":"product_tag","embeddable":true,"href":"https:\/\/obender.eu\/en\/wp-json\/wp\/v2\/product_tag?post=30639"}],"curies":[{"name":"wp","href":"https:\/\/api.w.org\/{rel}","templated":true}]}}