{"id":30771,"date":"2025-02-16T12:00:14","date_gmt":"2025-02-16T10:00:14","guid":{"rendered":"https:\/\/obender.eu\/?post_type=product&#038;p=30771"},"modified":"2026-04-19T12:00:23","modified_gmt":"2026-04-19T09:00:23","slug":"power-bank-platinet-10ah-li-ion-set-kopeeri","status":"publish","type":"product","link":"https:\/\/obender.eu\/en\/toode\/power-bank-platinet-10ah-li-ion-set-kopeeri\/","title":{"rendered":"Power bank Platinet 10Ah Li-ion set"},"content":{"rendered":"<p>Power bank Platinet 10Ah Li-ion set<\/p>\n<p>Product code: PMPB10SETW<\/p>\n<p>EAN: 5907595459983<\/p>\n<p><strong>Description<\/strong><\/p>\n<p>Power Bank Li-Ion set with a capacity of 10,000 mAh with a 20W PD charger and a USB-C cable. It is designed to charge smartphones, music players, tablets and other devices with a USB-C port.<\/p>\n<p>Main Features:<br \/>\nCapacity: 10,000 mAh \/ 3.7V<br \/>\n20W PD Charger: Power Delivery 3.0 Technology<br \/>\nCable Length: 100 cm (USB-C to USB-C)<br \/>\nOutput Ports: 2x USB-A, 1x USB-C<br \/>\nFast Charging: Yes (PD 3.0)<br \/>\nColor: White<\/p>\n<p>Technical Specifications:<br \/>\nInput:<br \/>\nUSB-C: 5V\/2A, 9V\/2A, 12V\/1.5A<br \/>\nOutput:<br \/>\nUSB-A\/USB-C: 5V\/3A, 9V\/2.22A, 12V\/1.67A (PD 3.0)<br \/>\nCharger:<br \/>\nInput Voltage: 100-240V AC, 50\/60Hz<br \/>\nOutput: 5V\/3A, 9V\/2.22A, 12V\/1.67A (PD 3.0)<br \/>\nDimensions and weight:<br \/>\nPower bank: 149 x 67 x 17 mm, 150 g<br \/>\nCharger: 80 x 43 x 28 mm, 49 g<\/p>\n","protected":false},"excerpt":{"rendered":"<p><a href=\"https:\/\/obender.eu\/wp-content\/uploads\/2025\/02\/PMPB10SETW.pdf\">PMPB10SETW<\/a><\/p>\n","protected":false},"featured_media":30775,"template":"","meta":[],"product_brand":[],"product_cat":[380,391,299,335],"product_tag":[787,468,788,1716],"class_list":{"0":"post-30771","1":"product","2":"type-product","3":"status-publish","4":"has-post-thumbnail","6":"product_cat-home-and-office-equipment","7":"product_cat-power-banks","8":"product_cat-phone-holders-and-chargers","9":"product_cat-sports-and-leisure","10":"product_tag-akupank-en","11":"product_tag-platinet-en","12":"product_tag-power-bank-en","13":"product_tag-powerbank","15":"first","16":"instock","17":"taxable","18":"shipping-taxable","19":"purchasable","20":"product-type-simple"},"yoast_head":"<!-- This site is optimized with the Yoast SEO Premium plugin v20.0 (Yoast SEO v27.4) - https:\/\/yoast.com\/product\/yoast-seo-premium-wordpress\/ -->\n<title>Power bank Platinet 10Ah Li-ion set - Obender<\/title>\n<meta name=\"robots\" content=\"index, follow, max-snippet:-1, max-image-preview:large, max-video-preview:-1\" \/>\n<link rel=\"canonical\" href=\"https:\/\/obender.eu\/en\/toode\/power-bank-platinet-10ah-li-ion-set-kopeeri\/\" \/>\n<meta property=\"og:locale\" content=\"en_US\" \/>\n<meta property=\"og:type\" content=\"article\" \/>\n<meta property=\"og:title\" content=\"Power bank Platinet 10Ah Li-ion set\" \/>\n<meta property=\"og:description\" content=\"PMPB10SETW\" \/>\n<meta property=\"og:url\" content=\"https:\/\/obender.eu\/en\/toode\/power-bank-platinet-10ah-li-ion-set-kopeeri\/\" \/>\n<meta property=\"og:site_name\" content=\"Obender\" \/>\n<meta property=\"article:modified_time\" content=\"2026-04-19T09:00:23+00:00\" \/>\n<meta property=\"og:image\" content=\"https:\/\/obender.eu\/wp-content\/uploads\/2025\/02\/PMPB10SETW.jpg\" \/>\n\t<meta property=\"og:image:width\" content=\"800\" \/>\n\t<meta property=\"og:image:height\" content=\"799\" \/>\n\t<meta property=\"og:image:type\" content=\"image\/jpeg\" \/>\n<meta name=\"twitter:card\" content=\"summary_large_image\" \/>\n<meta name=\"twitter:label1\" content=\"Est. reading time\" \/>\n\t<meta name=\"twitter:data1\" content=\"1 minute\" \/>\n<script type=\"application\/ld+json\" class=\"yoast-schema-graph\">{\"@context\":\"https:\\\/\\\/schema.org\",\"@graph\":[{\"@type\":\"WebPage\",\"@id\":\"https:\\\/\\\/obender.eu\\\/en\\\/toode\\\/power-bank-platinet-10ah-li-ion-set-kopeeri\\\/\",\"url\":\"https:\\\/\\\/obender.eu\\\/en\\\/toode\\\/power-bank-platinet-10ah-li-ion-set-kopeeri\\\/\",\"name\":\"Power bank Platinet 10Ah Li-ion set - Obender\",\"isPartOf\":{\"@id\":\"https:\\\/\\\/www.obender.eu\\\/#website\"},\"primaryImageOfPage\":{\"@id\":\"https:\\\/\\\/obender.eu\\\/en\\\/toode\\\/power-bank-platinet-10ah-li-ion-set-kopeeri\\\/#primaryimage\"},\"image\":{\"@id\":\"https:\\\/\\\/obender.eu\\\/en\\\/toode\\\/power-bank-platinet-10ah-li-ion-set-kopeeri\\\/#primaryimage\"},\"thumbnailUrl\":\"https:\\\/\\\/obender.eu\\\/wp-content\\\/uploads\\\/2025\\\/02\\\/PMPB10SETW.jpg\",\"datePublished\":\"2025-02-16T10:00:14+00:00\",\"dateModified\":\"2026-04-19T09:00:23+00:00\",\"breadcrumb\":{\"@id\":\"https:\\\/\\\/obender.eu\\\/en\\\/toode\\\/power-bank-platinet-10ah-li-ion-set-kopeeri\\\/#breadcrumb\"},\"inLanguage\":\"en-US\",\"potentialAction\":[{\"@type\":\"ReadAction\",\"target\":[\"https:\\\/\\\/obender.eu\\\/en\\\/toode\\\/power-bank-platinet-10ah-li-ion-set-kopeeri\\\/\"]}]},{\"@type\":\"ImageObject\",\"inLanguage\":\"en-US\",\"@id\":\"https:\\\/\\\/obender.eu\\\/en\\\/toode\\\/power-bank-platinet-10ah-li-ion-set-kopeeri\\\/#primaryimage\",\"url\":\"https:\\\/\\\/obender.eu\\\/wp-content\\\/uploads\\\/2025\\\/02\\\/PMPB10SETW.jpg\",\"contentUrl\":\"https:\\\/\\\/obender.eu\\\/wp-content\\\/uploads\\\/2025\\\/02\\\/PMPB10SETW.jpg\",\"width\":800,\"height\":799},{\"@type\":\"BreadcrumbList\",\"@id\":\"https:\\\/\\\/obender.eu\\\/en\\\/toode\\\/power-bank-platinet-10ah-li-ion-set-kopeeri\\\/#breadcrumb\",\"itemListElement\":[{\"@type\":\"ListItem\",\"position\":1,\"name\":\"Home\",\"item\":\"https:\\\/\\\/obender.eu\\\/en\\\/\"},{\"@type\":\"ListItem\",\"position\":2,\"name\":\"Tooted\",\"item\":\"https:\\\/\\\/www.obender.eu\\\/tooted\\\/\"},{\"@type\":\"ListItem\",\"position\":3,\"name\":\"Power bank Platinet 10Ah Li-ion set\"}]},{\"@type\":\"WebSite\",\"@id\":\"https:\\\/\\\/www.obender.eu\\\/#website\",\"url\":\"https:\\\/\\\/www.obender.eu\\\/\",\"name\":\"Obender\",\"description\":\"T\u00f6\u00f6stuskaupade hulgim\u00fc\u00fck\",\"potentialAction\":[{\"@type\":\"SearchAction\",\"target\":{\"@type\":\"EntryPoint\",\"urlTemplate\":\"https:\\\/\\\/www.obender.eu\\\/?s={search_term_string}\"},\"query-input\":{\"@type\":\"PropertyValueSpecification\",\"valueRequired\":true,\"valueName\":\"search_term_string\"}}],\"inLanguage\":\"en-US\"}]}<\/script>\n<!-- \/ Yoast SEO Premium plugin. -->","yoast_head_json":{"title":"Power bank Platinet 10Ah Li-ion set - Obender","robots":{"index":"index","follow":"follow","max-snippet":"max-snippet:-1","max-image-preview":"max-image-preview:large","max-video-preview":"max-video-preview:-1"},"canonical":"https:\/\/obender.eu\/en\/toode\/power-bank-platinet-10ah-li-ion-set-kopeeri\/","og_locale":"en_US","og_type":"article","og_title":"Power bank Platinet 10Ah Li-ion set","og_description":"PMPB10SETW","og_url":"https:\/\/obender.eu\/en\/toode\/power-bank-platinet-10ah-li-ion-set-kopeeri\/","og_site_name":"Obender","article_modified_time":"2026-04-19T09:00:23+00:00","og_image":[{"width":800,"height":799,"url":"https:\/\/obender.eu\/wp-content\/uploads\/2025\/02\/PMPB10SETW.jpg","type":"image\/jpeg"}],"twitter_card":"summary_large_image","twitter_misc":{"Est. reading time":"1 minute"},"schema":{"@context":"https:\/\/schema.org","@graph":[{"@type":"WebPage","@id":"https:\/\/obender.eu\/en\/toode\/power-bank-platinet-10ah-li-ion-set-kopeeri\/","url":"https:\/\/obender.eu\/en\/toode\/power-bank-platinet-10ah-li-ion-set-kopeeri\/","name":"Power bank Platinet 10Ah Li-ion set - Obender","isPartOf":{"@id":"https:\/\/www.obender.eu\/#website"},"primaryImageOfPage":{"@id":"https:\/\/obender.eu\/en\/toode\/power-bank-platinet-10ah-li-ion-set-kopeeri\/#primaryimage"},"image":{"@id":"https:\/\/obender.eu\/en\/toode\/power-bank-platinet-10ah-li-ion-set-kopeeri\/#primaryimage"},"thumbnailUrl":"https:\/\/obender.eu\/wp-content\/uploads\/2025\/02\/PMPB10SETW.jpg","datePublished":"2025-02-16T10:00:14+00:00","dateModified":"2026-04-19T09:00:23+00:00","breadcrumb":{"@id":"https:\/\/obender.eu\/en\/toode\/power-bank-platinet-10ah-li-ion-set-kopeeri\/#breadcrumb"},"inLanguage":"en-US","potentialAction":[{"@type":"ReadAction","target":["https:\/\/obender.eu\/en\/toode\/power-bank-platinet-10ah-li-ion-set-kopeeri\/"]}]},{"@type":"ImageObject","inLanguage":"en-US","@id":"https:\/\/obender.eu\/en\/toode\/power-bank-platinet-10ah-li-ion-set-kopeeri\/#primaryimage","url":"https:\/\/obender.eu\/wp-content\/uploads\/2025\/02\/PMPB10SETW.jpg","contentUrl":"https:\/\/obender.eu\/wp-content\/uploads\/2025\/02\/PMPB10SETW.jpg","width":800,"height":799},{"@type":"BreadcrumbList","@id":"https:\/\/obender.eu\/en\/toode\/power-bank-platinet-10ah-li-ion-set-kopeeri\/#breadcrumb","itemListElement":[{"@type":"ListItem","position":1,"name":"Home","item":"https:\/\/obender.eu\/en\/"},{"@type":"ListItem","position":2,"name":"Tooted","item":"https:\/\/www.obender.eu\/tooted\/"},{"@type":"ListItem","position":3,"name":"Power bank Platinet 10Ah Li-ion set"}]},{"@type":"WebSite","@id":"https:\/\/www.obender.eu\/#website","url":"https:\/\/www.obender.eu\/","name":"Obender","description":"T\u00f6\u00f6stuskaupade hulgim\u00fc\u00fck","potentialAction":[{"@type":"SearchAction","target":{"@type":"EntryPoint","urlTemplate":"https:\/\/www.obender.eu\/?s={search_term_string}"},"query-input":{"@type":"PropertyValueSpecification","valueRequired":true,"valueName":"search_term_string"}}],"inLanguage":"en-US"}]}},"_links":{"self":[{"href":"https:\/\/obender.eu\/en\/wp-json\/wp\/v2\/product\/30771","targetHints":{"allow":["GET"]}}],"collection":[{"href":"https:\/\/obender.eu\/en\/wp-json\/wp\/v2\/product"}],"about":[{"href":"https:\/\/obender.eu\/en\/wp-json\/wp\/v2\/types\/product"}],"version-history":[{"count":1,"href":"https:\/\/obender.eu\/en\/wp-json\/wp\/v2\/product\/30771\/revisions"}],"predecessor-version":[{"id":30780,"href":"https:\/\/obender.eu\/en\/wp-json\/wp\/v2\/product\/30771\/revisions\/30780"}],"wp:featuredmedia":[{"embeddable":true,"href":"https:\/\/obender.eu\/en\/wp-json\/wp\/v2\/media\/30775"}],"wp:attachment":[{"href":"https:\/\/obender.eu\/en\/wp-json\/wp\/v2\/media?parent=30771"}],"wp:term":[{"taxonomy":"product_brand","embeddable":true,"href":"https:\/\/obender.eu\/en\/wp-json\/wp\/v2\/product_brand?post=30771"},{"taxonomy":"product_cat","embeddable":true,"href":"https:\/\/obender.eu\/en\/wp-json\/wp\/v2\/product_cat?post=30771"},{"taxonomy":"product_tag","embeddable":true,"href":"https:\/\/obender.eu\/en\/wp-json\/wp\/v2\/product_tag?post=30771"}],"curies":[{"name":"wp","href":"https:\/\/api.w.org\/{rel}","templated":true}]}}