{"id":31018,"date":"2025-03-26T20:02:44","date_gmt":"2025-03-26T18:02:44","guid":{"rendered":"https:\/\/obender.eu\/?post_type=product&#038;p=31018"},"modified":"2026-05-03T00:00:08","modified_gmt":"2026-05-02T21:00:08","slug":"cr2477-camelion-lithium-battery-30v-bl1-kopeeri","status":"publish","type":"product","link":"https:\/\/obender.eu\/en\/toode\/cr2477-camelion-lithium-battery-30v-bl1-kopeeri\/","title":{"rendered":"CR1220 Camelion lithium battery BL5"},"content":{"rendered":"<p>CR1220 Camelion lithium battery<\/p>\n<p>38mAh 3,0V BL5<\/p>\n<p>Working temperature: -20\u00b0 to 60\u00b0 C<\/p>\n<p>Storage temperature: 18\u00b0 to 28\u00b0 C<\/p>\n<p>Product code: 13005122<\/p>\n<p>EAN: 4260033152701<\/p>\n","protected":false},"excerpt":{"rendered":"<p>CR1220 Camelion lithium battery 38mAh 3,0V BL5 Working temperature: -20\u00b0 to 60\u00b0 C Storage temperature: 18\u00b0 to 28\u00b0 C Product<\/p>\n","protected":false},"featured_media":31020,"template":"","meta":[],"product_brand":[],"product_cat":[286,288,326],"product_tag":[873,631,1134,874],"class_list":{"0":"post-31018","1":"product","2":"type-product","3":"status-publish","4":"has-post-thumbnail","6":"product_cat-batteries","7":"product_cat-electronics-en","8":"product_cat-lithium-batteries","9":"product_tag-battery-en","10":"product_tag-camelion-en","11":"product_tag-cr1220-en","12":"product_tag-patarei-en","14":"first","15":"instock","16":"taxable","17":"shipping-taxable","18":"purchasable","19":"product-type-simple"},"yoast_head":"<!-- This site is optimized with the Yoast SEO Premium plugin v20.0 (Yoast SEO v27.5) - https:\/\/yoast.com\/product\/yoast-seo-premium-wordpress\/ -->\n<title>CR1220 Camelion lithium battery BL5 - Obender<\/title>\n<meta name=\"robots\" content=\"index, follow, max-snippet:-1, max-image-preview:large, max-video-preview:-1\" \/>\n<link rel=\"canonical\" href=\"https:\/\/obender.eu\/en\/toode\/cr2477-camelion-lithium-battery-30v-bl1-kopeeri\/\" \/>\n<meta property=\"og:locale\" content=\"en_US\" \/>\n<meta property=\"og:type\" content=\"article\" \/>\n<meta property=\"og:title\" content=\"CR1220 Camelion lithium battery BL5\" \/>\n<meta property=\"og:description\" content=\"CR1220 Camelion lithium battery 38mAh 3,0V BL5 Working temperature: -20\u00b0 to 60\u00b0 C Storage temperature: 18\u00b0 to 28\u00b0 C Product\" \/>\n<meta property=\"og:url\" content=\"https:\/\/obender.eu\/en\/toode\/cr2477-camelion-lithium-battery-30v-bl1-kopeeri\/\" \/>\n<meta property=\"og:site_name\" content=\"Obender\" \/>\n<meta property=\"article:modified_time\" content=\"2026-05-02T21:00:08+00:00\" \/>\n<meta property=\"og:image\" content=\"https:\/\/obender.eu\/wp-content\/uploads\/2025\/03\/4260033152824.jpg\" \/>\n\t<meta property=\"og:image:width\" content=\"800\" \/>\n\t<meta property=\"og:image:height\" content=\"800\" \/>\n\t<meta property=\"og:image:type\" content=\"image\/jpeg\" \/>\n<meta name=\"twitter:card\" content=\"summary_large_image\" \/>\n<meta name=\"twitter:label1\" content=\"Est. reading time\" \/>\n\t<meta name=\"twitter:data1\" content=\"1 minute\" \/>\n<script type=\"application\/ld+json\" class=\"yoast-schema-graph\">{\"@context\":\"https:\\\/\\\/schema.org\",\"@graph\":[{\"@type\":\"WebPage\",\"@id\":\"https:\\\/\\\/obender.eu\\\/en\\\/toode\\\/cr2477-camelion-lithium-battery-30v-bl1-kopeeri\\\/\",\"url\":\"https:\\\/\\\/obender.eu\\\/en\\\/toode\\\/cr2477-camelion-lithium-battery-30v-bl1-kopeeri\\\/\",\"name\":\"CR1220 Camelion lithium battery BL5 - Obender\",\"isPartOf\":{\"@id\":\"https:\\\/\\\/www.obender.eu\\\/#website\"},\"primaryImageOfPage\":{\"@id\":\"https:\\\/\\\/obender.eu\\\/en\\\/toode\\\/cr2477-camelion-lithium-battery-30v-bl1-kopeeri\\\/#primaryimage\"},\"image\":{\"@id\":\"https:\\\/\\\/obender.eu\\\/en\\\/toode\\\/cr2477-camelion-lithium-battery-30v-bl1-kopeeri\\\/#primaryimage\"},\"thumbnailUrl\":\"https:\\\/\\\/obender.eu\\\/wp-content\\\/uploads\\\/2025\\\/03\\\/4260033152824.jpg\",\"datePublished\":\"2025-03-26T18:02:44+00:00\",\"dateModified\":\"2026-05-02T21:00:08+00:00\",\"breadcrumb\":{\"@id\":\"https:\\\/\\\/obender.eu\\\/en\\\/toode\\\/cr2477-camelion-lithium-battery-30v-bl1-kopeeri\\\/#breadcrumb\"},\"inLanguage\":\"en-US\",\"potentialAction\":[{\"@type\":\"ReadAction\",\"target\":[\"https:\\\/\\\/obender.eu\\\/en\\\/toode\\\/cr2477-camelion-lithium-battery-30v-bl1-kopeeri\\\/\"]}]},{\"@type\":\"ImageObject\",\"inLanguage\":\"en-US\",\"@id\":\"https:\\\/\\\/obender.eu\\\/en\\\/toode\\\/cr2477-camelion-lithium-battery-30v-bl1-kopeeri\\\/#primaryimage\",\"url\":\"https:\\\/\\\/obender.eu\\\/wp-content\\\/uploads\\\/2025\\\/03\\\/4260033152824.jpg\",\"contentUrl\":\"https:\\\/\\\/obender.eu\\\/wp-content\\\/uploads\\\/2025\\\/03\\\/4260033152824.jpg\",\"width\":800,\"height\":800},{\"@type\":\"BreadcrumbList\",\"@id\":\"https:\\\/\\\/obender.eu\\\/en\\\/toode\\\/cr2477-camelion-lithium-battery-30v-bl1-kopeeri\\\/#breadcrumb\",\"itemListElement\":[{\"@type\":\"ListItem\",\"position\":1,\"name\":\"Home\",\"item\":\"https:\\\/\\\/obender.eu\\\/en\\\/\"},{\"@type\":\"ListItem\",\"position\":2,\"name\":\"Tooted\",\"item\":\"https:\\\/\\\/www.obender.eu\\\/tooted\\\/\"},{\"@type\":\"ListItem\",\"position\":3,\"name\":\"CR1220 Camelion lithium battery BL5\"}]},{\"@type\":\"WebSite\",\"@id\":\"https:\\\/\\\/www.obender.eu\\\/#website\",\"url\":\"https:\\\/\\\/www.obender.eu\\\/\",\"name\":\"Obender\",\"description\":\"T\u00f6\u00f6stuskaupade hulgim\u00fc\u00fck\",\"potentialAction\":[{\"@type\":\"SearchAction\",\"target\":{\"@type\":\"EntryPoint\",\"urlTemplate\":\"https:\\\/\\\/www.obender.eu\\\/?s={search_term_string}\"},\"query-input\":{\"@type\":\"PropertyValueSpecification\",\"valueRequired\":true,\"valueName\":\"search_term_string\"}}],\"inLanguage\":\"en-US\"}]}<\/script>\n<!-- \/ Yoast SEO Premium plugin. -->","yoast_head_json":{"title":"CR1220 Camelion lithium battery BL5 - Obender","robots":{"index":"index","follow":"follow","max-snippet":"max-snippet:-1","max-image-preview":"max-image-preview:large","max-video-preview":"max-video-preview:-1"},"canonical":"https:\/\/obender.eu\/en\/toode\/cr2477-camelion-lithium-battery-30v-bl1-kopeeri\/","og_locale":"en_US","og_type":"article","og_title":"CR1220 Camelion lithium battery BL5","og_description":"CR1220 Camelion lithium battery 38mAh 3,0V BL5 Working temperature: -20\u00b0 to 60\u00b0 C Storage temperature: 18\u00b0 to 28\u00b0 C Product","og_url":"https:\/\/obender.eu\/en\/toode\/cr2477-camelion-lithium-battery-30v-bl1-kopeeri\/","og_site_name":"Obender","article_modified_time":"2026-05-02T21:00:08+00:00","og_image":[{"width":800,"height":800,"url":"https:\/\/obender.eu\/wp-content\/uploads\/2025\/03\/4260033152824.jpg","type":"image\/jpeg"}],"twitter_card":"summary_large_image","twitter_misc":{"Est. reading time":"1 minute"},"schema":{"@context":"https:\/\/schema.org","@graph":[{"@type":"WebPage","@id":"https:\/\/obender.eu\/en\/toode\/cr2477-camelion-lithium-battery-30v-bl1-kopeeri\/","url":"https:\/\/obender.eu\/en\/toode\/cr2477-camelion-lithium-battery-30v-bl1-kopeeri\/","name":"CR1220 Camelion lithium battery BL5 - Obender","isPartOf":{"@id":"https:\/\/www.obender.eu\/#website"},"primaryImageOfPage":{"@id":"https:\/\/obender.eu\/en\/toode\/cr2477-camelion-lithium-battery-30v-bl1-kopeeri\/#primaryimage"},"image":{"@id":"https:\/\/obender.eu\/en\/toode\/cr2477-camelion-lithium-battery-30v-bl1-kopeeri\/#primaryimage"},"thumbnailUrl":"https:\/\/obender.eu\/wp-content\/uploads\/2025\/03\/4260033152824.jpg","datePublished":"2025-03-26T18:02:44+00:00","dateModified":"2026-05-02T21:00:08+00:00","breadcrumb":{"@id":"https:\/\/obender.eu\/en\/toode\/cr2477-camelion-lithium-battery-30v-bl1-kopeeri\/#breadcrumb"},"inLanguage":"en-US","potentialAction":[{"@type":"ReadAction","target":["https:\/\/obender.eu\/en\/toode\/cr2477-camelion-lithium-battery-30v-bl1-kopeeri\/"]}]},{"@type":"ImageObject","inLanguage":"en-US","@id":"https:\/\/obender.eu\/en\/toode\/cr2477-camelion-lithium-battery-30v-bl1-kopeeri\/#primaryimage","url":"https:\/\/obender.eu\/wp-content\/uploads\/2025\/03\/4260033152824.jpg","contentUrl":"https:\/\/obender.eu\/wp-content\/uploads\/2025\/03\/4260033152824.jpg","width":800,"height":800},{"@type":"BreadcrumbList","@id":"https:\/\/obender.eu\/en\/toode\/cr2477-camelion-lithium-battery-30v-bl1-kopeeri\/#breadcrumb","itemListElement":[{"@type":"ListItem","position":1,"name":"Home","item":"https:\/\/obender.eu\/en\/"},{"@type":"ListItem","position":2,"name":"Tooted","item":"https:\/\/www.obender.eu\/tooted\/"},{"@type":"ListItem","position":3,"name":"CR1220 Camelion lithium battery BL5"}]},{"@type":"WebSite","@id":"https:\/\/www.obender.eu\/#website","url":"https:\/\/www.obender.eu\/","name":"Obender","description":"T\u00f6\u00f6stuskaupade hulgim\u00fc\u00fck","potentialAction":[{"@type":"SearchAction","target":{"@type":"EntryPoint","urlTemplate":"https:\/\/www.obender.eu\/?s={search_term_string}"},"query-input":{"@type":"PropertyValueSpecification","valueRequired":true,"valueName":"search_term_string"}}],"inLanguage":"en-US"}]}},"_links":{"self":[{"href":"https:\/\/obender.eu\/en\/wp-json\/wp\/v2\/product\/31018","targetHints":{"allow":["GET"]}}],"collection":[{"href":"https:\/\/obender.eu\/en\/wp-json\/wp\/v2\/product"}],"about":[{"href":"https:\/\/obender.eu\/en\/wp-json\/wp\/v2\/types\/product"}],"version-history":[{"count":1,"href":"https:\/\/obender.eu\/en\/wp-json\/wp\/v2\/product\/31018\/revisions"}],"predecessor-version":[{"id":31022,"href":"https:\/\/obender.eu\/en\/wp-json\/wp\/v2\/product\/31018\/revisions\/31022"}],"wp:featuredmedia":[{"embeddable":true,"href":"https:\/\/obender.eu\/en\/wp-json\/wp\/v2\/media\/31020"}],"wp:attachment":[{"href":"https:\/\/obender.eu\/en\/wp-json\/wp\/v2\/media?parent=31018"}],"wp:term":[{"taxonomy":"product_brand","embeddable":true,"href":"https:\/\/obender.eu\/en\/wp-json\/wp\/v2\/product_brand?post=31018"},{"taxonomy":"product_cat","embeddable":true,"href":"https:\/\/obender.eu\/en\/wp-json\/wp\/v2\/product_cat?post=31018"},{"taxonomy":"product_tag","embeddable":true,"href":"https:\/\/obender.eu\/en\/wp-json\/wp\/v2\/product_tag?post=31018"}],"curies":[{"name":"wp","href":"https:\/\/api.w.org\/{rel}","templated":true}]}}