{"id":31145,"date":"2025-03-31T10:31:11","date_gmt":"2025-03-31T07:31:11","guid":{"rendered":"https:\/\/obender.eu\/?post_type=product&#038;p=31145"},"modified":"2026-05-07T09:01:26","modified_gmt":"2026-05-07T06:01:26","slug":"light-bulb-iskra-ball-25w-e14-kopeeri","status":"publish","type":"product","link":"https:\/\/obender.eu\/en\/toode\/light-bulb-iskra-ball-25w-e14-kopeeri\/","title":{"rendered":"Light bulb Iskra special 15W E14"},"content":{"rendered":"<p>Light bulb Iskra special 15W E14<\/p>\n<p>E14 77lm 240V<\/p>\n<p>Light bulb, salt lamp, home appliance, sewing machine<\/p>\n<p>EAN: 4823003514376<\/p>\n","protected":false},"excerpt":{"rendered":"<p>Light bulb Iskra special 15W E14 E14 77lm 240V Light bulb, salt lamp, home appliance, sewing machine EAN: 4823003514376<\/p>\n","protected":false},"featured_media":31147,"template":"","meta":[],"product_brand":[],"product_cat":[305,404,302,303,309],"product_tag":[1735,1366,1368,1365,1367,1733,1734],"class_list":{"0":"post-31145","1":"product","2":"type-product","3":"status-publish","4":"has-post-thumbnail","6":"product_cat-desk-lamps","7":"product_cat-floor-lamps","8":"product_cat-lighting","9":"product_cat-other-light-sources","10":"product_cat-outdoor-lamps","11":"product_tag-home-appliance","12":"product_tag-hooglamp-en","13":"product_tag-incandencent-en","14":"product_tag-iskra-en","15":"product_tag-light-bulb-en","16":"product_tag-salt-lamp","17":"product_tag-sewing-machine","19":"first","20":"instock","21":"taxable","22":"shipping-taxable","23":"purchasable","24":"product-type-simple"},"yoast_head":"<!-- This site is optimized with the Yoast SEO Premium plugin v20.0 (Yoast SEO v27.5) - https:\/\/yoast.com\/product\/yoast-seo-premium-wordpress\/ -->\n<title>Light bulb Iskra special 15W E14 - Obender<\/title>\n<meta name=\"robots\" content=\"index, follow, max-snippet:-1, max-image-preview:large, max-video-preview:-1\" \/>\n<link rel=\"canonical\" href=\"https:\/\/obender.eu\/en\/toode\/light-bulb-iskra-ball-25w-e14-kopeeri\/\" \/>\n<meta property=\"og:locale\" content=\"en_US\" \/>\n<meta property=\"og:type\" content=\"article\" \/>\n<meta property=\"og:title\" content=\"Light bulb Iskra special 15W E14\" \/>\n<meta property=\"og:description\" content=\"Light bulb Iskra special 15W E14 E14 77lm 240V Light bulb, salt lamp, home appliance, sewing machine EAN: 4823003514376\" \/>\n<meta property=\"og:url\" content=\"https:\/\/obender.eu\/en\/toode\/light-bulb-iskra-ball-25w-e14-kopeeri\/\" \/>\n<meta property=\"og:site_name\" content=\"Obender\" \/>\n<meta property=\"article:modified_time\" content=\"2026-05-07T06:01:26+00:00\" \/>\n<meta property=\"og:image\" content=\"https:\/\/obender.eu\/wp-content\/uploads\/2025\/03\/iskra-soolalamp.jpg\" \/>\n\t<meta property=\"og:image:width\" content=\"264\" \/>\n\t<meta property=\"og:image:height\" content=\"264\" \/>\n\t<meta property=\"og:image:type\" content=\"image\/jpeg\" \/>\n<meta name=\"twitter:card\" content=\"summary_large_image\" \/>\n<meta name=\"twitter:label1\" content=\"Est. reading time\" \/>\n\t<meta name=\"twitter:data1\" content=\"1 minute\" \/>\n<script type=\"application\/ld+json\" class=\"yoast-schema-graph\">{\"@context\":\"https:\\\/\\\/schema.org\",\"@graph\":[{\"@type\":\"WebPage\",\"@id\":\"https:\\\/\\\/obender.eu\\\/en\\\/toode\\\/light-bulb-iskra-ball-25w-e14-kopeeri\\\/\",\"url\":\"https:\\\/\\\/obender.eu\\\/en\\\/toode\\\/light-bulb-iskra-ball-25w-e14-kopeeri\\\/\",\"name\":\"Light bulb Iskra special 15W E14 - Obender\",\"isPartOf\":{\"@id\":\"https:\\\/\\\/www.obender.eu\\\/#website\"},\"primaryImageOfPage\":{\"@id\":\"https:\\\/\\\/obender.eu\\\/en\\\/toode\\\/light-bulb-iskra-ball-25w-e14-kopeeri\\\/#primaryimage\"},\"image\":{\"@id\":\"https:\\\/\\\/obender.eu\\\/en\\\/toode\\\/light-bulb-iskra-ball-25w-e14-kopeeri\\\/#primaryimage\"},\"thumbnailUrl\":\"https:\\\/\\\/obender.eu\\\/wp-content\\\/uploads\\\/2025\\\/03\\\/iskra-soolalamp.jpg\",\"datePublished\":\"2025-03-31T07:31:11+00:00\",\"dateModified\":\"2026-05-07T06:01:26+00:00\",\"breadcrumb\":{\"@id\":\"https:\\\/\\\/obender.eu\\\/en\\\/toode\\\/light-bulb-iskra-ball-25w-e14-kopeeri\\\/#breadcrumb\"},\"inLanguage\":\"en-US\",\"potentialAction\":[{\"@type\":\"ReadAction\",\"target\":[\"https:\\\/\\\/obender.eu\\\/en\\\/toode\\\/light-bulb-iskra-ball-25w-e14-kopeeri\\\/\"]}]},{\"@type\":\"ImageObject\",\"inLanguage\":\"en-US\",\"@id\":\"https:\\\/\\\/obender.eu\\\/en\\\/toode\\\/light-bulb-iskra-ball-25w-e14-kopeeri\\\/#primaryimage\",\"url\":\"https:\\\/\\\/obender.eu\\\/wp-content\\\/uploads\\\/2025\\\/03\\\/iskra-soolalamp.jpg\",\"contentUrl\":\"https:\\\/\\\/obender.eu\\\/wp-content\\\/uploads\\\/2025\\\/03\\\/iskra-soolalamp.jpg\",\"width\":264,\"height\":264},{\"@type\":\"BreadcrumbList\",\"@id\":\"https:\\\/\\\/obender.eu\\\/en\\\/toode\\\/light-bulb-iskra-ball-25w-e14-kopeeri\\\/#breadcrumb\",\"itemListElement\":[{\"@type\":\"ListItem\",\"position\":1,\"name\":\"Home\",\"item\":\"https:\\\/\\\/obender.eu\\\/en\\\/\"},{\"@type\":\"ListItem\",\"position\":2,\"name\":\"Tooted\",\"item\":\"https:\\\/\\\/www.obender.eu\\\/tooted\\\/\"},{\"@type\":\"ListItem\",\"position\":3,\"name\":\"Light bulb Iskra special 15W E14\"}]},{\"@type\":\"WebSite\",\"@id\":\"https:\\\/\\\/www.obender.eu\\\/#website\",\"url\":\"https:\\\/\\\/www.obender.eu\\\/\",\"name\":\"Obender\",\"description\":\"T\u00f6\u00f6stuskaupade hulgim\u00fc\u00fck\",\"potentialAction\":[{\"@type\":\"SearchAction\",\"target\":{\"@type\":\"EntryPoint\",\"urlTemplate\":\"https:\\\/\\\/www.obender.eu\\\/?s={search_term_string}\"},\"query-input\":{\"@type\":\"PropertyValueSpecification\",\"valueRequired\":true,\"valueName\":\"search_term_string\"}}],\"inLanguage\":\"en-US\"}]}<\/script>\n<!-- \/ Yoast SEO Premium plugin. -->","yoast_head_json":{"title":"Light bulb Iskra special 15W E14 - Obender","robots":{"index":"index","follow":"follow","max-snippet":"max-snippet:-1","max-image-preview":"max-image-preview:large","max-video-preview":"max-video-preview:-1"},"canonical":"https:\/\/obender.eu\/en\/toode\/light-bulb-iskra-ball-25w-e14-kopeeri\/","og_locale":"en_US","og_type":"article","og_title":"Light bulb Iskra special 15W E14","og_description":"Light bulb Iskra special 15W E14 E14 77lm 240V Light bulb, salt lamp, home appliance, sewing machine EAN: 4823003514376","og_url":"https:\/\/obender.eu\/en\/toode\/light-bulb-iskra-ball-25w-e14-kopeeri\/","og_site_name":"Obender","article_modified_time":"2026-05-07T06:01:26+00:00","og_image":[{"width":264,"height":264,"url":"https:\/\/obender.eu\/wp-content\/uploads\/2025\/03\/iskra-soolalamp.jpg","type":"image\/jpeg"}],"twitter_card":"summary_large_image","twitter_misc":{"Est. reading time":"1 minute"},"schema":{"@context":"https:\/\/schema.org","@graph":[{"@type":"WebPage","@id":"https:\/\/obender.eu\/en\/toode\/light-bulb-iskra-ball-25w-e14-kopeeri\/","url":"https:\/\/obender.eu\/en\/toode\/light-bulb-iskra-ball-25w-e14-kopeeri\/","name":"Light bulb Iskra special 15W E14 - Obender","isPartOf":{"@id":"https:\/\/www.obender.eu\/#website"},"primaryImageOfPage":{"@id":"https:\/\/obender.eu\/en\/toode\/light-bulb-iskra-ball-25w-e14-kopeeri\/#primaryimage"},"image":{"@id":"https:\/\/obender.eu\/en\/toode\/light-bulb-iskra-ball-25w-e14-kopeeri\/#primaryimage"},"thumbnailUrl":"https:\/\/obender.eu\/wp-content\/uploads\/2025\/03\/iskra-soolalamp.jpg","datePublished":"2025-03-31T07:31:11+00:00","dateModified":"2026-05-07T06:01:26+00:00","breadcrumb":{"@id":"https:\/\/obender.eu\/en\/toode\/light-bulb-iskra-ball-25w-e14-kopeeri\/#breadcrumb"},"inLanguage":"en-US","potentialAction":[{"@type":"ReadAction","target":["https:\/\/obender.eu\/en\/toode\/light-bulb-iskra-ball-25w-e14-kopeeri\/"]}]},{"@type":"ImageObject","inLanguage":"en-US","@id":"https:\/\/obender.eu\/en\/toode\/light-bulb-iskra-ball-25w-e14-kopeeri\/#primaryimage","url":"https:\/\/obender.eu\/wp-content\/uploads\/2025\/03\/iskra-soolalamp.jpg","contentUrl":"https:\/\/obender.eu\/wp-content\/uploads\/2025\/03\/iskra-soolalamp.jpg","width":264,"height":264},{"@type":"BreadcrumbList","@id":"https:\/\/obender.eu\/en\/toode\/light-bulb-iskra-ball-25w-e14-kopeeri\/#breadcrumb","itemListElement":[{"@type":"ListItem","position":1,"name":"Home","item":"https:\/\/obender.eu\/en\/"},{"@type":"ListItem","position":2,"name":"Tooted","item":"https:\/\/www.obender.eu\/tooted\/"},{"@type":"ListItem","position":3,"name":"Light bulb Iskra special 15W E14"}]},{"@type":"WebSite","@id":"https:\/\/www.obender.eu\/#website","url":"https:\/\/www.obender.eu\/","name":"Obender","description":"T\u00f6\u00f6stuskaupade hulgim\u00fc\u00fck","potentialAction":[{"@type":"SearchAction","target":{"@type":"EntryPoint","urlTemplate":"https:\/\/www.obender.eu\/?s={search_term_string}"},"query-input":{"@type":"PropertyValueSpecification","valueRequired":true,"valueName":"search_term_string"}}],"inLanguage":"en-US"}]}},"_links":{"self":[{"href":"https:\/\/obender.eu\/en\/wp-json\/wp\/v2\/product\/31145","targetHints":{"allow":["GET"]}}],"collection":[{"href":"https:\/\/obender.eu\/en\/wp-json\/wp\/v2\/product"}],"about":[{"href":"https:\/\/obender.eu\/en\/wp-json\/wp\/v2\/types\/product"}],"version-history":[{"count":1,"href":"https:\/\/obender.eu\/en\/wp-json\/wp\/v2\/product\/31145\/revisions"}],"predecessor-version":[{"id":31152,"href":"https:\/\/obender.eu\/en\/wp-json\/wp\/v2\/product\/31145\/revisions\/31152"}],"wp:featuredmedia":[{"embeddable":true,"href":"https:\/\/obender.eu\/en\/wp-json\/wp\/v2\/media\/31147"}],"wp:attachment":[{"href":"https:\/\/obender.eu\/en\/wp-json\/wp\/v2\/media?parent=31145"}],"wp:term":[{"taxonomy":"product_brand","embeddable":true,"href":"https:\/\/obender.eu\/en\/wp-json\/wp\/v2\/product_brand?post=31145"},{"taxonomy":"product_cat","embeddable":true,"href":"https:\/\/obender.eu\/en\/wp-json\/wp\/v2\/product_cat?post=31145"},{"taxonomy":"product_tag","embeddable":true,"href":"https:\/\/obender.eu\/en\/wp-json\/wp\/v2\/product_tag?post=31145"}],"curies":[{"name":"wp","href":"https:\/\/api.w.org\/{rel}","templated":true}]}}