{"id":31267,"date":"2025-04-04T15:28:39","date_gmt":"2025-04-04T12:28:39","guid":{"rendered":"https:\/\/obender.eu\/toode\/thread-locker-glue-zollex-blue-10g\/"},"modified":"2026-04-13T05:01:06","modified_gmt":"2026-04-13T02:01:06","slug":"thread-locker-glue-zollex-blue-10g","status":"publish","type":"product","link":"https:\/\/obender.eu\/en\/toode\/thread-locker-glue-zollex-blue-10g\/","title":{"rendered":"Thread locker glue Zollex blue 10g"},"content":{"rendered":"<p>Thread locker glue Zollex blue 10g<\/p>\n<p>Product code: ZOL02659<\/p>\n<p>EAN: 4820174020774<\/p>\n<p>Blue thread sealant for fastening nuts, bolts, bearings and gears that can be disassembled and serviced during operation. Provides resistance to shock and vibration. Dries in 20-30 minutes. Full cure \u2013 within 24 hours.<\/p>\n<p>Usage: Clean the thread and apply the adhesive to the surface to be fastened.<\/p>\n","protected":false},"excerpt":{"rendered":"<p>Thread locker glue Zollex blue 10g Product code: ZOL02659 EAN: 4820174020774 Blue thread sealant for fastening nuts, bolts, bearings and<\/p>\n","protected":false},"featured_media":31260,"template":"","meta":[],"product_brand":[],"product_cat":[275,270,373],"product_tag":[1742,1743],"class_list":{"0":"post-31267","1":"product","2":"type-product","3":"status-publish","4":"has-post-thumbnail","6":"product_cat-adhesives","7":"product_cat-chemical-products","8":"product_cat-tooriistad-ja-ehitus","9":"product_tag-thread-locker","10":"product_tag-zollex-en","12":"first","13":"instock","14":"taxable","15":"shipping-taxable","16":"purchasable","17":"product-type-simple"},"yoast_head":"<!-- This site is optimized with the Yoast SEO Premium plugin v20.0 (Yoast SEO v27.3) - https:\/\/yoast.com\/product\/yoast-seo-premium-wordpress\/ -->\n<title>Thread locker glue Zollex blue 10g - Obender<\/title>\n<meta name=\"robots\" content=\"index, follow, max-snippet:-1, max-image-preview:large, max-video-preview:-1\" \/>\n<link rel=\"canonical\" href=\"https:\/\/obender.eu\/en\/toode\/thread-locker-glue-zollex-blue-10g\/\" \/>\n<meta property=\"og:locale\" content=\"en_US\" \/>\n<meta property=\"og:type\" content=\"article\" \/>\n<meta property=\"og:title\" content=\"Thread locker glue Zollex blue 10g\" \/>\n<meta property=\"og:description\" content=\"Thread locker glue Zollex blue 10g Product code: ZOL02659 EAN: 4820174020774 Blue thread sealant for fastening nuts, bolts, bearings and\" \/>\n<meta property=\"og:url\" content=\"https:\/\/obender.eu\/en\/toode\/thread-locker-glue-zollex-blue-10g\/\" \/>\n<meta property=\"og:site_name\" content=\"Obender\" \/>\n<meta property=\"article:modified_time\" content=\"2026-04-13T02:01:06+00:00\" \/>\n<meta property=\"og:image\" content=\"https:\/\/obender.eu\/wp-content\/uploads\/2025\/04\/4820174020774.jpg\" \/>\n\t<meta property=\"og:image:width\" content=\"800\" \/>\n\t<meta property=\"og:image:height\" content=\"800\" \/>\n\t<meta property=\"og:image:type\" content=\"image\/jpeg\" \/>\n<meta name=\"twitter:card\" content=\"summary_large_image\" \/>\n<meta name=\"twitter:label1\" content=\"Est. reading time\" \/>\n\t<meta name=\"twitter:data1\" content=\"1 minute\" \/>\n<script type=\"application\/ld+json\" class=\"yoast-schema-graph\">{\"@context\":\"https:\\\/\\\/schema.org\",\"@graph\":[{\"@type\":\"WebPage\",\"@id\":\"https:\\\/\\\/obender.eu\\\/en\\\/toode\\\/thread-locker-glue-zollex-blue-10g\\\/\",\"url\":\"https:\\\/\\\/obender.eu\\\/en\\\/toode\\\/thread-locker-glue-zollex-blue-10g\\\/\",\"name\":\"Thread locker glue Zollex blue 10g - Obender\",\"isPartOf\":{\"@id\":\"https:\\\/\\\/www.obender.eu\\\/#website\"},\"primaryImageOfPage\":{\"@id\":\"https:\\\/\\\/obender.eu\\\/en\\\/toode\\\/thread-locker-glue-zollex-blue-10g\\\/#primaryimage\"},\"image\":{\"@id\":\"https:\\\/\\\/obender.eu\\\/en\\\/toode\\\/thread-locker-glue-zollex-blue-10g\\\/#primaryimage\"},\"thumbnailUrl\":\"https:\\\/\\\/obender.eu\\\/wp-content\\\/uploads\\\/2025\\\/04\\\/4820174020774.jpg\",\"datePublished\":\"2025-04-04T12:28:39+00:00\",\"dateModified\":\"2026-04-13T02:01:06+00:00\",\"breadcrumb\":{\"@id\":\"https:\\\/\\\/obender.eu\\\/en\\\/toode\\\/thread-locker-glue-zollex-blue-10g\\\/#breadcrumb\"},\"inLanguage\":\"en-US\",\"potentialAction\":[{\"@type\":\"ReadAction\",\"target\":[\"https:\\\/\\\/obender.eu\\\/en\\\/toode\\\/thread-locker-glue-zollex-blue-10g\\\/\"]}]},{\"@type\":\"ImageObject\",\"inLanguage\":\"en-US\",\"@id\":\"https:\\\/\\\/obender.eu\\\/en\\\/toode\\\/thread-locker-glue-zollex-blue-10g\\\/#primaryimage\",\"url\":\"https:\\\/\\\/obender.eu\\\/wp-content\\\/uploads\\\/2025\\\/04\\\/4820174020774.jpg\",\"contentUrl\":\"https:\\\/\\\/obender.eu\\\/wp-content\\\/uploads\\\/2025\\\/04\\\/4820174020774.jpg\",\"width\":800,\"height\":800,\"caption\":\"832938eb3bb675c9a5415e3b5430539475585cc3b1722574c1959117debc834f2f8345d16c0435d5a79a3e30b9f549b950491b8e44ffb706b5175dc1296e492129980f550875f6b1782ae2658a2bfdfd\"},{\"@type\":\"BreadcrumbList\",\"@id\":\"https:\\\/\\\/obender.eu\\\/en\\\/toode\\\/thread-locker-glue-zollex-blue-10g\\\/#breadcrumb\",\"itemListElement\":[{\"@type\":\"ListItem\",\"position\":1,\"name\":\"Home\",\"item\":\"https:\\\/\\\/obender.eu\\\/en\\\/\"},{\"@type\":\"ListItem\",\"position\":2,\"name\":\"Tooted\",\"item\":\"https:\\\/\\\/www.obender.eu\\\/tooted\\\/\"},{\"@type\":\"ListItem\",\"position\":3,\"name\":\"Thread locker glue Zollex blue 10g\"}]},{\"@type\":\"WebSite\",\"@id\":\"https:\\\/\\\/www.obender.eu\\\/#website\",\"url\":\"https:\\\/\\\/www.obender.eu\\\/\",\"name\":\"Obender\",\"description\":\"T\u00f6\u00f6stuskaupade hulgim\u00fc\u00fck\",\"potentialAction\":[{\"@type\":\"SearchAction\",\"target\":{\"@type\":\"EntryPoint\",\"urlTemplate\":\"https:\\\/\\\/www.obender.eu\\\/?s={search_term_string}\"},\"query-input\":{\"@type\":\"PropertyValueSpecification\",\"valueRequired\":true,\"valueName\":\"search_term_string\"}}],\"inLanguage\":\"en-US\"}]}<\/script>\n<!-- \/ Yoast SEO Premium plugin. -->","yoast_head_json":{"title":"Thread locker glue Zollex blue 10g - Obender","robots":{"index":"index","follow":"follow","max-snippet":"max-snippet:-1","max-image-preview":"max-image-preview:large","max-video-preview":"max-video-preview:-1"},"canonical":"https:\/\/obender.eu\/en\/toode\/thread-locker-glue-zollex-blue-10g\/","og_locale":"en_US","og_type":"article","og_title":"Thread locker glue Zollex blue 10g","og_description":"Thread locker glue Zollex blue 10g Product code: ZOL02659 EAN: 4820174020774 Blue thread sealant for fastening nuts, bolts, bearings and","og_url":"https:\/\/obender.eu\/en\/toode\/thread-locker-glue-zollex-blue-10g\/","og_site_name":"Obender","article_modified_time":"2026-04-13T02:01:06+00:00","og_image":[{"width":800,"height":800,"url":"https:\/\/obender.eu\/wp-content\/uploads\/2025\/04\/4820174020774.jpg","type":"image\/jpeg"}],"twitter_card":"summary_large_image","twitter_misc":{"Est. reading time":"1 minute"},"schema":{"@context":"https:\/\/schema.org","@graph":[{"@type":"WebPage","@id":"https:\/\/obender.eu\/en\/toode\/thread-locker-glue-zollex-blue-10g\/","url":"https:\/\/obender.eu\/en\/toode\/thread-locker-glue-zollex-blue-10g\/","name":"Thread locker glue Zollex blue 10g - Obender","isPartOf":{"@id":"https:\/\/www.obender.eu\/#website"},"primaryImageOfPage":{"@id":"https:\/\/obender.eu\/en\/toode\/thread-locker-glue-zollex-blue-10g\/#primaryimage"},"image":{"@id":"https:\/\/obender.eu\/en\/toode\/thread-locker-glue-zollex-blue-10g\/#primaryimage"},"thumbnailUrl":"https:\/\/obender.eu\/wp-content\/uploads\/2025\/04\/4820174020774.jpg","datePublished":"2025-04-04T12:28:39+00:00","dateModified":"2026-04-13T02:01:06+00:00","breadcrumb":{"@id":"https:\/\/obender.eu\/en\/toode\/thread-locker-glue-zollex-blue-10g\/#breadcrumb"},"inLanguage":"en-US","potentialAction":[{"@type":"ReadAction","target":["https:\/\/obender.eu\/en\/toode\/thread-locker-glue-zollex-blue-10g\/"]}]},{"@type":"ImageObject","inLanguage":"en-US","@id":"https:\/\/obender.eu\/en\/toode\/thread-locker-glue-zollex-blue-10g\/#primaryimage","url":"https:\/\/obender.eu\/wp-content\/uploads\/2025\/04\/4820174020774.jpg","contentUrl":"https:\/\/obender.eu\/wp-content\/uploads\/2025\/04\/4820174020774.jpg","width":800,"height":800,"caption":"832938eb3bb675c9a5415e3b5430539475585cc3b1722574c1959117debc834f2f8345d16c0435d5a79a3e30b9f549b950491b8e44ffb706b5175dc1296e492129980f550875f6b1782ae2658a2bfdfd"},{"@type":"BreadcrumbList","@id":"https:\/\/obender.eu\/en\/toode\/thread-locker-glue-zollex-blue-10g\/#breadcrumb","itemListElement":[{"@type":"ListItem","position":1,"name":"Home","item":"https:\/\/obender.eu\/en\/"},{"@type":"ListItem","position":2,"name":"Tooted","item":"https:\/\/www.obender.eu\/tooted\/"},{"@type":"ListItem","position":3,"name":"Thread locker glue Zollex blue 10g"}]},{"@type":"WebSite","@id":"https:\/\/www.obender.eu\/#website","url":"https:\/\/www.obender.eu\/","name":"Obender","description":"T\u00f6\u00f6stuskaupade hulgim\u00fc\u00fck","potentialAction":[{"@type":"SearchAction","target":{"@type":"EntryPoint","urlTemplate":"https:\/\/www.obender.eu\/?s={search_term_string}"},"query-input":{"@type":"PropertyValueSpecification","valueRequired":true,"valueName":"search_term_string"}}],"inLanguage":"en-US"}]}},"_links":{"self":[{"href":"https:\/\/obender.eu\/en\/wp-json\/wp\/v2\/product\/31267","targetHints":{"allow":["GET"]}}],"collection":[{"href":"https:\/\/obender.eu\/en\/wp-json\/wp\/v2\/product"}],"about":[{"href":"https:\/\/obender.eu\/en\/wp-json\/wp\/v2\/types\/product"}],"version-history":[{"count":1,"href":"https:\/\/obender.eu\/en\/wp-json\/wp\/v2\/product\/31267\/revisions"}],"predecessor-version":[{"id":31269,"href":"https:\/\/obender.eu\/en\/wp-json\/wp\/v2\/product\/31267\/revisions\/31269"}],"wp:featuredmedia":[{"embeddable":true,"href":"https:\/\/obender.eu\/en\/wp-json\/wp\/v2\/media\/31260"}],"wp:attachment":[{"href":"https:\/\/obender.eu\/en\/wp-json\/wp\/v2\/media?parent=31267"}],"wp:term":[{"taxonomy":"product_brand","embeddable":true,"href":"https:\/\/obender.eu\/en\/wp-json\/wp\/v2\/product_brand?post=31267"},{"taxonomy":"product_cat","embeddable":true,"href":"https:\/\/obender.eu\/en\/wp-json\/wp\/v2\/product_cat?post=31267"},{"taxonomy":"product_tag","embeddable":true,"href":"https:\/\/obender.eu\/en\/wp-json\/wp\/v2\/product_tag?post=31267"}],"curies":[{"name":"wp","href":"https:\/\/api.w.org\/{rel}","templated":true}]}}