{"id":31278,"date":"2025-04-05T15:58:45","date_gmt":"2025-04-05T12:58:45","guid":{"rendered":"https:\/\/obender.eu\/toode\/silikoonhermeetik-zollex-punane-85g\/"},"modified":"2026-04-13T05:01:20","modified_gmt":"2026-04-13T02:01:20","slug":"silikoonhermeetik-zollex-punane-85g","status":"publish","type":"product","link":"https:\/\/obender.eu\/en\/toode\/silikoonhermeetik-zollex-punane-85g\/","title":{"rendered":"Gasket maker Zollex red 85g"},"content":{"rendered":"<p>Gasket maker Zollex red 85g<\/p>\n<p>Product code: ZOL2711<\/p>\n<p>EAN: 4820122758155<\/p>\n<p>Kuumakindlus 350\u00b0C<\/p>\n<p>Zollex one-component solvent-free and heat-resistant silicone that polymerizes when exposed to air. Creates a flexible silicone seal that replaces conventional rubber, cork, etc. seals. High adhesion to metal, glass, plastic, ceramics, etc. SIL+ is resistant to gases, air, water, oils, solvents, etc., vibration and impact resistant. Retains its original shape even at high temperatures (-60\u00b0 +320\u00b0 C, short-term +350\u00b0C). Zollex silicone sealant is suitable for gearboxes, pumps, block covers, water and oil tanks and compressed air units. Cured silicone can be removed with standard tools. Apply silicone sealant to cleaned surfaces. When assembling surfaces, allow the silicone to dry and harden.<\/p>\n","protected":false},"excerpt":{"rendered":"<p>Gasket maker Zollex red 85g Product code: ZOL2711 EAN: 4820122758155 Kuumakindlus 350\u00b0C Zollex one-component solvent-free and heat-resistant silicone that polymerizes<\/p>\n","protected":false},"featured_media":31273,"template":"","meta":[],"product_brand":[],"product_cat":[275,270],"product_tag":[1748,1746,1747,1743],"class_list":{"0":"post-31278","1":"product","2":"type-product","3":"status-publish","4":"has-post-thumbnail","6":"product_cat-adhesives","7":"product_cat-chemical-products","8":"product_tag-gasket-maker","9":"product_tag-silikoonhermeetik-en","10":"product_tag-tihend-en","11":"product_tag-zollex-en","13":"first","14":"instock","15":"taxable","16":"shipping-taxable","17":"purchasable","18":"product-type-simple"},"yoast_head":"<!-- This site is optimized with the Yoast SEO Premium plugin v20.0 (Yoast SEO v27.3) - https:\/\/yoast.com\/product\/yoast-seo-premium-wordpress\/ -->\n<title>Gasket maker Zollex red 85g - Obender<\/title>\n<meta name=\"robots\" content=\"index, follow, max-snippet:-1, max-image-preview:large, max-video-preview:-1\" \/>\n<link rel=\"canonical\" href=\"https:\/\/obender.eu\/en\/toode\/silikoonhermeetik-zollex-punane-85g\/\" \/>\n<meta property=\"og:locale\" content=\"en_US\" \/>\n<meta property=\"og:type\" content=\"article\" \/>\n<meta property=\"og:title\" content=\"Gasket maker Zollex red 85g\" \/>\n<meta property=\"og:description\" content=\"Gasket maker Zollex red 85g Product code: ZOL2711 EAN: 4820122758155 Kuumakindlus 350\u00b0C Zollex one-component solvent-free and heat-resistant silicone that polymerizes\" \/>\n<meta property=\"og:url\" content=\"https:\/\/obender.eu\/en\/toode\/silikoonhermeetik-zollex-punane-85g\/\" \/>\n<meta property=\"og:site_name\" content=\"Obender\" \/>\n<meta property=\"article:modified_time\" content=\"2026-04-13T02:01:20+00:00\" \/>\n<meta property=\"og:image\" content=\"https:\/\/obender.eu\/wp-content\/uploads\/2025\/04\/4820122758155.jpg\" \/>\n\t<meta property=\"og:image:width\" content=\"800\" \/>\n\t<meta property=\"og:image:height\" content=\"800\" \/>\n\t<meta property=\"og:image:type\" content=\"image\/jpeg\" \/>\n<meta name=\"twitter:card\" content=\"summary_large_image\" \/>\n<meta name=\"twitter:label1\" content=\"Est. reading time\" \/>\n\t<meta name=\"twitter:data1\" content=\"1 minute\" \/>\n<script type=\"application\/ld+json\" class=\"yoast-schema-graph\">{\"@context\":\"https:\\\/\\\/schema.org\",\"@graph\":[{\"@type\":\"WebPage\",\"@id\":\"https:\\\/\\\/obender.eu\\\/en\\\/toode\\\/silikoonhermeetik-zollex-punane-85g\\\/\",\"url\":\"https:\\\/\\\/obender.eu\\\/en\\\/toode\\\/silikoonhermeetik-zollex-punane-85g\\\/\",\"name\":\"Gasket maker Zollex red 85g - Obender\",\"isPartOf\":{\"@id\":\"https:\\\/\\\/www.obender.eu\\\/#website\"},\"primaryImageOfPage\":{\"@id\":\"https:\\\/\\\/obender.eu\\\/en\\\/toode\\\/silikoonhermeetik-zollex-punane-85g\\\/#primaryimage\"},\"image\":{\"@id\":\"https:\\\/\\\/obender.eu\\\/en\\\/toode\\\/silikoonhermeetik-zollex-punane-85g\\\/#primaryimage\"},\"thumbnailUrl\":\"https:\\\/\\\/obender.eu\\\/wp-content\\\/uploads\\\/2025\\\/04\\\/4820122758155.jpg\",\"datePublished\":\"2025-04-05T12:58:45+00:00\",\"dateModified\":\"2026-04-13T02:01:20+00:00\",\"breadcrumb\":{\"@id\":\"https:\\\/\\\/obender.eu\\\/en\\\/toode\\\/silikoonhermeetik-zollex-punane-85g\\\/#breadcrumb\"},\"inLanguage\":\"en-US\",\"potentialAction\":[{\"@type\":\"ReadAction\",\"target\":[\"https:\\\/\\\/obender.eu\\\/en\\\/toode\\\/silikoonhermeetik-zollex-punane-85g\\\/\"]}]},{\"@type\":\"ImageObject\",\"inLanguage\":\"en-US\",\"@id\":\"https:\\\/\\\/obender.eu\\\/en\\\/toode\\\/silikoonhermeetik-zollex-punane-85g\\\/#primaryimage\",\"url\":\"https:\\\/\\\/obender.eu\\\/wp-content\\\/uploads\\\/2025\\\/04\\\/4820122758155.jpg\",\"contentUrl\":\"https:\\\/\\\/obender.eu\\\/wp-content\\\/uploads\\\/2025\\\/04\\\/4820122758155.jpg\",\"width\":800,\"height\":800},{\"@type\":\"BreadcrumbList\",\"@id\":\"https:\\\/\\\/obender.eu\\\/en\\\/toode\\\/silikoonhermeetik-zollex-punane-85g\\\/#breadcrumb\",\"itemListElement\":[{\"@type\":\"ListItem\",\"position\":1,\"name\":\"Home\",\"item\":\"https:\\\/\\\/obender.eu\\\/en\\\/\"},{\"@type\":\"ListItem\",\"position\":2,\"name\":\"Tooted\",\"item\":\"https:\\\/\\\/www.obender.eu\\\/tooted\\\/\"},{\"@type\":\"ListItem\",\"position\":3,\"name\":\"Gasket maker Zollex red 85g\"}]},{\"@type\":\"WebSite\",\"@id\":\"https:\\\/\\\/www.obender.eu\\\/#website\",\"url\":\"https:\\\/\\\/www.obender.eu\\\/\",\"name\":\"Obender\",\"description\":\"T\u00f6\u00f6stuskaupade hulgim\u00fc\u00fck\",\"potentialAction\":[{\"@type\":\"SearchAction\",\"target\":{\"@type\":\"EntryPoint\",\"urlTemplate\":\"https:\\\/\\\/www.obender.eu\\\/?s={search_term_string}\"},\"query-input\":{\"@type\":\"PropertyValueSpecification\",\"valueRequired\":true,\"valueName\":\"search_term_string\"}}],\"inLanguage\":\"en-US\"}]}<\/script>\n<!-- \/ Yoast SEO Premium plugin. -->","yoast_head_json":{"title":"Gasket maker Zollex red 85g - Obender","robots":{"index":"index","follow":"follow","max-snippet":"max-snippet:-1","max-image-preview":"max-image-preview:large","max-video-preview":"max-video-preview:-1"},"canonical":"https:\/\/obender.eu\/en\/toode\/silikoonhermeetik-zollex-punane-85g\/","og_locale":"en_US","og_type":"article","og_title":"Gasket maker Zollex red 85g","og_description":"Gasket maker Zollex red 85g Product code: ZOL2711 EAN: 4820122758155 Kuumakindlus 350\u00b0C Zollex one-component solvent-free and heat-resistant silicone that polymerizes","og_url":"https:\/\/obender.eu\/en\/toode\/silikoonhermeetik-zollex-punane-85g\/","og_site_name":"Obender","article_modified_time":"2026-04-13T02:01:20+00:00","og_image":[{"width":800,"height":800,"url":"https:\/\/obender.eu\/wp-content\/uploads\/2025\/04\/4820122758155.jpg","type":"image\/jpeg"}],"twitter_card":"summary_large_image","twitter_misc":{"Est. reading time":"1 minute"},"schema":{"@context":"https:\/\/schema.org","@graph":[{"@type":"WebPage","@id":"https:\/\/obender.eu\/en\/toode\/silikoonhermeetik-zollex-punane-85g\/","url":"https:\/\/obender.eu\/en\/toode\/silikoonhermeetik-zollex-punane-85g\/","name":"Gasket maker Zollex red 85g - Obender","isPartOf":{"@id":"https:\/\/www.obender.eu\/#website"},"primaryImageOfPage":{"@id":"https:\/\/obender.eu\/en\/toode\/silikoonhermeetik-zollex-punane-85g\/#primaryimage"},"image":{"@id":"https:\/\/obender.eu\/en\/toode\/silikoonhermeetik-zollex-punane-85g\/#primaryimage"},"thumbnailUrl":"https:\/\/obender.eu\/wp-content\/uploads\/2025\/04\/4820122758155.jpg","datePublished":"2025-04-05T12:58:45+00:00","dateModified":"2026-04-13T02:01:20+00:00","breadcrumb":{"@id":"https:\/\/obender.eu\/en\/toode\/silikoonhermeetik-zollex-punane-85g\/#breadcrumb"},"inLanguage":"en-US","potentialAction":[{"@type":"ReadAction","target":["https:\/\/obender.eu\/en\/toode\/silikoonhermeetik-zollex-punane-85g\/"]}]},{"@type":"ImageObject","inLanguage":"en-US","@id":"https:\/\/obender.eu\/en\/toode\/silikoonhermeetik-zollex-punane-85g\/#primaryimage","url":"https:\/\/obender.eu\/wp-content\/uploads\/2025\/04\/4820122758155.jpg","contentUrl":"https:\/\/obender.eu\/wp-content\/uploads\/2025\/04\/4820122758155.jpg","width":800,"height":800},{"@type":"BreadcrumbList","@id":"https:\/\/obender.eu\/en\/toode\/silikoonhermeetik-zollex-punane-85g\/#breadcrumb","itemListElement":[{"@type":"ListItem","position":1,"name":"Home","item":"https:\/\/obender.eu\/en\/"},{"@type":"ListItem","position":2,"name":"Tooted","item":"https:\/\/www.obender.eu\/tooted\/"},{"@type":"ListItem","position":3,"name":"Gasket maker Zollex red 85g"}]},{"@type":"WebSite","@id":"https:\/\/www.obender.eu\/#website","url":"https:\/\/www.obender.eu\/","name":"Obender","description":"T\u00f6\u00f6stuskaupade hulgim\u00fc\u00fck","potentialAction":[{"@type":"SearchAction","target":{"@type":"EntryPoint","urlTemplate":"https:\/\/www.obender.eu\/?s={search_term_string}"},"query-input":{"@type":"PropertyValueSpecification","valueRequired":true,"valueName":"search_term_string"}}],"inLanguage":"en-US"}]}},"_links":{"self":[{"href":"https:\/\/obender.eu\/en\/wp-json\/wp\/v2\/product\/31278","targetHints":{"allow":["GET"]}}],"collection":[{"href":"https:\/\/obender.eu\/en\/wp-json\/wp\/v2\/product"}],"about":[{"href":"https:\/\/obender.eu\/en\/wp-json\/wp\/v2\/types\/product"}],"version-history":[{"count":3,"href":"https:\/\/obender.eu\/en\/wp-json\/wp\/v2\/product\/31278\/revisions"}],"predecessor-version":[{"id":31281,"href":"https:\/\/obender.eu\/en\/wp-json\/wp\/v2\/product\/31278\/revisions\/31281"}],"wp:featuredmedia":[{"embeddable":true,"href":"https:\/\/obender.eu\/en\/wp-json\/wp\/v2\/media\/31273"}],"wp:attachment":[{"href":"https:\/\/obender.eu\/en\/wp-json\/wp\/v2\/media?parent=31278"}],"wp:term":[{"taxonomy":"product_brand","embeddable":true,"href":"https:\/\/obender.eu\/en\/wp-json\/wp\/v2\/product_brand?post=31278"},{"taxonomy":"product_cat","embeddable":true,"href":"https:\/\/obender.eu\/en\/wp-json\/wp\/v2\/product_cat?post=31278"},{"taxonomy":"product_tag","embeddable":true,"href":"https:\/\/obender.eu\/en\/wp-json\/wp\/v2\/product_tag?post=31278"}],"curies":[{"name":"wp","href":"https:\/\/api.w.org\/{rel}","templated":true}]}}