{"id":31327,"date":"2025-04-11T19:13:48","date_gmt":"2025-04-11T16:13:48","guid":{"rendered":"https:\/\/obender.eu\/toode\/pikendusjuhe-esperanza-elk210k-3-pesa-15m\/"},"modified":"2026-04-18T17:00:04","modified_gmt":"2026-04-18T14:00:04","slug":"pikendusjuhe-esperanza-elk210k-3-pesa-15m","status":"publish","type":"product","link":"https:\/\/obender.eu\/en\/toode\/pikendusjuhe-esperanza-elk210k-3-pesa-15m\/","title":{"rendered":"Extension cord Esperanza ELK210K 3 socket 1,5m"},"content":{"rendered":"<p>Extension cord Esperanza ELK210K<\/p>\n<p>Product code: ELK210K<\/p>\n<p>EAN: 5901299961551<\/p>\n<p>3 sockets, 1,5m, grounding, switch<\/p>\n<p>Cable 3G1,5mm<\/p>\n<p>Max power 3680W (3,68kW)<\/p>\n<p>Max surge current 16A<\/p>\n","protected":false},"excerpt":{"rendered":"<p>Extension cord Esperanza ELK210K Product code: ELK210K EAN: 5901299961551 3 sockets, 1,5m, grounding, switch Cable 3G1,5mm Max power 3680W (3,68kW)<\/p>\n","protected":false},"featured_media":31323,"template":"","meta":[],"product_brand":[],"product_cat":[295,385,380,293],"product_tag":[461,663],"class_list":{"0":"post-31327","1":"product","2":"type-product","3":"status-publish","4":"has-post-thumbnail","6":"product_cat-extension-cords-en","7":"product_cat-fans-and-heaters","8":"product_cat-home-and-office-equipment","9":"product_cat-power-extension","10":"product_tag-esperanza-en","11":"product_tag-pikendusjuhe-en","13":"first","14":"instock","15":"taxable","16":"shipping-taxable","17":"purchasable","18":"product-type-simple"},"yoast_head":"<!-- This site is optimized with the Yoast SEO Premium plugin v20.0 (Yoast SEO v27.4) - https:\/\/yoast.com\/product\/yoast-seo-premium-wordpress\/ -->\n<title>Extension cord Esperanza ELK210K 3 socket 1,5m Extension cord - Obender<\/title>\n<meta name=\"description\" content=\"Obender Extension cord Esperanza Extension cord Esperanza ELK210K 3 socket 1,5m 3 sockets, 1,5m, grounding, switch; ELK210K\" \/>\n<meta name=\"robots\" content=\"index, follow, max-snippet:-1, max-image-preview:large, max-video-preview:-1\" \/>\n<link rel=\"canonical\" href=\"https:\/\/obender.eu\/en\/toode\/pikendusjuhe-esperanza-elk210k-3-pesa-15m\/\" \/>\n<meta property=\"og:locale\" content=\"en_US\" \/>\n<meta property=\"og:type\" content=\"article\" \/>\n<meta property=\"og:title\" content=\"Extension cord Esperanza ELK210K 3 socket 1,5m\" \/>\n<meta property=\"og:description\" content=\"Obender Extension cord Esperanza Extension cord Esperanza ELK210K 3 socket 1,5m 3 sockets, 1,5m, grounding, switch; ELK210K\" \/>\n<meta property=\"og:url\" content=\"https:\/\/obender.eu\/en\/toode\/pikendusjuhe-esperanza-elk210k-3-pesa-15m\/\" \/>\n<meta property=\"og:site_name\" content=\"Obender\" \/>\n<meta property=\"article:modified_time\" content=\"2026-04-18T14:00:04+00:00\" \/>\n<meta property=\"og:image\" content=\"https:\/\/obender.eu\/wp-content\/uploads\/2025\/04\/ELK210K.jpg\" \/>\n\t<meta property=\"og:image:width\" content=\"1000\" \/>\n\t<meta property=\"og:image:height\" content=\"1000\" \/>\n\t<meta property=\"og:image:type\" content=\"image\/jpeg\" \/>\n<meta name=\"twitter:card\" content=\"summary_large_image\" \/>\n<meta name=\"twitter:label1\" content=\"Est. reading time\" \/>\n\t<meta name=\"twitter:data1\" content=\"1 minute\" \/>\n<script type=\"application\/ld+json\" class=\"yoast-schema-graph\">{\"@context\":\"https:\\\/\\\/schema.org\",\"@graph\":[{\"@type\":\"WebPage\",\"@id\":\"https:\\\/\\\/obender.eu\\\/en\\\/toode\\\/pikendusjuhe-esperanza-elk210k-3-pesa-15m\\\/\",\"url\":\"https:\\\/\\\/obender.eu\\\/en\\\/toode\\\/pikendusjuhe-esperanza-elk210k-3-pesa-15m\\\/\",\"name\":\"Extension cord Esperanza ELK210K 3 socket 1,5m Extension cord - Obender\",\"isPartOf\":{\"@id\":\"https:\\\/\\\/www.obender.eu\\\/#website\"},\"primaryImageOfPage\":{\"@id\":\"https:\\\/\\\/obender.eu\\\/en\\\/toode\\\/pikendusjuhe-esperanza-elk210k-3-pesa-15m\\\/#primaryimage\"},\"image\":{\"@id\":\"https:\\\/\\\/obender.eu\\\/en\\\/toode\\\/pikendusjuhe-esperanza-elk210k-3-pesa-15m\\\/#primaryimage\"},\"thumbnailUrl\":\"https:\\\/\\\/obender.eu\\\/wp-content\\\/uploads\\\/2025\\\/04\\\/ELK210K.jpg\",\"datePublished\":\"2025-04-11T16:13:48+00:00\",\"dateModified\":\"2026-04-18T14:00:04+00:00\",\"description\":\"Obender Extension cord Esperanza Extension cord Esperanza ELK210K 3 socket 1,5m 3 sockets, 1,5m, grounding, switch; ELK210K\",\"breadcrumb\":{\"@id\":\"https:\\\/\\\/obender.eu\\\/en\\\/toode\\\/pikendusjuhe-esperanza-elk210k-3-pesa-15m\\\/#breadcrumb\"},\"inLanguage\":\"en-US\",\"potentialAction\":[{\"@type\":\"ReadAction\",\"target\":[\"https:\\\/\\\/obender.eu\\\/en\\\/toode\\\/pikendusjuhe-esperanza-elk210k-3-pesa-15m\\\/\"]}]},{\"@type\":\"ImageObject\",\"inLanguage\":\"en-US\",\"@id\":\"https:\\\/\\\/obender.eu\\\/en\\\/toode\\\/pikendusjuhe-esperanza-elk210k-3-pesa-15m\\\/#primaryimage\",\"url\":\"https:\\\/\\\/obender.eu\\\/wp-content\\\/uploads\\\/2025\\\/04\\\/ELK210K.jpg\",\"contentUrl\":\"https:\\\/\\\/obender.eu\\\/wp-content\\\/uploads\\\/2025\\\/04\\\/ELK210K.jpg\",\"width\":1000,\"height\":1000},{\"@type\":\"BreadcrumbList\",\"@id\":\"https:\\\/\\\/obender.eu\\\/en\\\/toode\\\/pikendusjuhe-esperanza-elk210k-3-pesa-15m\\\/#breadcrumb\",\"itemListElement\":[{\"@type\":\"ListItem\",\"position\":1,\"name\":\"Home\",\"item\":\"https:\\\/\\\/obender.eu\\\/en\\\/\"},{\"@type\":\"ListItem\",\"position\":2,\"name\":\"Tooted\",\"item\":\"https:\\\/\\\/www.obender.eu\\\/tooted\\\/\"},{\"@type\":\"ListItem\",\"position\":3,\"name\":\"Extension cord Esperanza ELK210K 3 socket 1,5m\"}]},{\"@type\":\"WebSite\",\"@id\":\"https:\\\/\\\/www.obender.eu\\\/#website\",\"url\":\"https:\\\/\\\/www.obender.eu\\\/\",\"name\":\"Obender\",\"description\":\"T\u00f6\u00f6stuskaupade hulgim\u00fc\u00fck\",\"potentialAction\":[{\"@type\":\"SearchAction\",\"target\":{\"@type\":\"EntryPoint\",\"urlTemplate\":\"https:\\\/\\\/www.obender.eu\\\/?s={search_term_string}\"},\"query-input\":{\"@type\":\"PropertyValueSpecification\",\"valueRequired\":true,\"valueName\":\"search_term_string\"}}],\"inLanguage\":\"en-US\"}]}<\/script>\n<!-- \/ Yoast SEO Premium plugin. -->","yoast_head_json":{"title":"Extension cord Esperanza ELK210K 3 socket 1,5m Extension cord - Obender","description":"Obender Extension cord Esperanza Extension cord Esperanza ELK210K 3 socket 1,5m 3 sockets, 1,5m, grounding, switch; ELK210K","robots":{"index":"index","follow":"follow","max-snippet":"max-snippet:-1","max-image-preview":"max-image-preview:large","max-video-preview":"max-video-preview:-1"},"canonical":"https:\/\/obender.eu\/en\/toode\/pikendusjuhe-esperanza-elk210k-3-pesa-15m\/","og_locale":"en_US","og_type":"article","og_title":"Extension cord Esperanza ELK210K 3 socket 1,5m","og_description":"Obender Extension cord Esperanza Extension cord Esperanza ELK210K 3 socket 1,5m 3 sockets, 1,5m, grounding, switch; ELK210K","og_url":"https:\/\/obender.eu\/en\/toode\/pikendusjuhe-esperanza-elk210k-3-pesa-15m\/","og_site_name":"Obender","article_modified_time":"2026-04-18T14:00:04+00:00","og_image":[{"width":1000,"height":1000,"url":"https:\/\/obender.eu\/wp-content\/uploads\/2025\/04\/ELK210K.jpg","type":"image\/jpeg"}],"twitter_card":"summary_large_image","twitter_misc":{"Est. reading time":"1 minute"},"schema":{"@context":"https:\/\/schema.org","@graph":[{"@type":"WebPage","@id":"https:\/\/obender.eu\/en\/toode\/pikendusjuhe-esperanza-elk210k-3-pesa-15m\/","url":"https:\/\/obender.eu\/en\/toode\/pikendusjuhe-esperanza-elk210k-3-pesa-15m\/","name":"Extension cord Esperanza ELK210K 3 socket 1,5m Extension cord - Obender","isPartOf":{"@id":"https:\/\/www.obender.eu\/#website"},"primaryImageOfPage":{"@id":"https:\/\/obender.eu\/en\/toode\/pikendusjuhe-esperanza-elk210k-3-pesa-15m\/#primaryimage"},"image":{"@id":"https:\/\/obender.eu\/en\/toode\/pikendusjuhe-esperanza-elk210k-3-pesa-15m\/#primaryimage"},"thumbnailUrl":"https:\/\/obender.eu\/wp-content\/uploads\/2025\/04\/ELK210K.jpg","datePublished":"2025-04-11T16:13:48+00:00","dateModified":"2026-04-18T14:00:04+00:00","description":"Obender Extension cord Esperanza Extension cord Esperanza ELK210K 3 socket 1,5m 3 sockets, 1,5m, grounding, switch; ELK210K","breadcrumb":{"@id":"https:\/\/obender.eu\/en\/toode\/pikendusjuhe-esperanza-elk210k-3-pesa-15m\/#breadcrumb"},"inLanguage":"en-US","potentialAction":[{"@type":"ReadAction","target":["https:\/\/obender.eu\/en\/toode\/pikendusjuhe-esperanza-elk210k-3-pesa-15m\/"]}]},{"@type":"ImageObject","inLanguage":"en-US","@id":"https:\/\/obender.eu\/en\/toode\/pikendusjuhe-esperanza-elk210k-3-pesa-15m\/#primaryimage","url":"https:\/\/obender.eu\/wp-content\/uploads\/2025\/04\/ELK210K.jpg","contentUrl":"https:\/\/obender.eu\/wp-content\/uploads\/2025\/04\/ELK210K.jpg","width":1000,"height":1000},{"@type":"BreadcrumbList","@id":"https:\/\/obender.eu\/en\/toode\/pikendusjuhe-esperanza-elk210k-3-pesa-15m\/#breadcrumb","itemListElement":[{"@type":"ListItem","position":1,"name":"Home","item":"https:\/\/obender.eu\/en\/"},{"@type":"ListItem","position":2,"name":"Tooted","item":"https:\/\/www.obender.eu\/tooted\/"},{"@type":"ListItem","position":3,"name":"Extension cord Esperanza ELK210K 3 socket 1,5m"}]},{"@type":"WebSite","@id":"https:\/\/www.obender.eu\/#website","url":"https:\/\/www.obender.eu\/","name":"Obender","description":"T\u00f6\u00f6stuskaupade hulgim\u00fc\u00fck","potentialAction":[{"@type":"SearchAction","target":{"@type":"EntryPoint","urlTemplate":"https:\/\/www.obender.eu\/?s={search_term_string}"},"query-input":{"@type":"PropertyValueSpecification","valueRequired":true,"valueName":"search_term_string"}}],"inLanguage":"en-US"}]}},"_links":{"self":[{"href":"https:\/\/obender.eu\/en\/wp-json\/wp\/v2\/product\/31327","targetHints":{"allow":["GET"]}}],"collection":[{"href":"https:\/\/obender.eu\/en\/wp-json\/wp\/v2\/product"}],"about":[{"href":"https:\/\/obender.eu\/en\/wp-json\/wp\/v2\/types\/product"}],"version-history":[{"count":4,"href":"https:\/\/obender.eu\/en\/wp-json\/wp\/v2\/product\/31327\/revisions"}],"predecessor-version":[{"id":31409,"href":"https:\/\/obender.eu\/en\/wp-json\/wp\/v2\/product\/31327\/revisions\/31409"}],"wp:featuredmedia":[{"embeddable":true,"href":"https:\/\/obender.eu\/en\/wp-json\/wp\/v2\/media\/31323"}],"wp:attachment":[{"href":"https:\/\/obender.eu\/en\/wp-json\/wp\/v2\/media?parent=31327"}],"wp:term":[{"taxonomy":"product_brand","embeddable":true,"href":"https:\/\/obender.eu\/en\/wp-json\/wp\/v2\/product_brand?post=31327"},{"taxonomy":"product_cat","embeddable":true,"href":"https:\/\/obender.eu\/en\/wp-json\/wp\/v2\/product_cat?post=31327"},{"taxonomy":"product_tag","embeddable":true,"href":"https:\/\/obender.eu\/en\/wp-json\/wp\/v2\/product_tag?post=31327"}],"curies":[{"name":"wp","href":"https:\/\/api.w.org\/{rel}","templated":true}]}}