{"id":31462,"date":"2025-04-15T13:21:31","date_gmt":"2025-04-15T10:21:31","guid":{"rendered":"https:\/\/obender.eu\/toode\/epoxy-repair-putty-dragon-56g\/"},"modified":"2026-04-22T01:01:23","modified_gmt":"2026-04-21T22:01:23","slug":"epoxy-repair-putty-dragon-56g","status":"publish","type":"product","link":"https:\/\/obender.eu\/en\/toode\/epoxy-repair-putty-dragon-56g\/","title":{"rendered":"Epoxy Repair putty Dragon 56g"},"content":{"rendered":"<p>Epoxy Repair putty Dragon 56g<\/p>\n<p>Product code: DPEN056<\/p>\n<p>EAN: 5903649091710, 5903649056283, 5903649076656<\/p>\n<p>Weight0.06<\/p>\n<p>Working temperature (C) +5 +30<\/p>\n<p>Ready-to-use temperature (C) -50 +120<\/p>\n<p>Drying time (h) 0.5<\/p>\n","protected":false},"excerpt":{"rendered":"<p>Epoxy Repair putty Dragon 56g Product code: DPEN056 EAN: 5903649091710, 5903649056283, 5903649076656 Weight0.06 Working temperature (C) +5 +30 Ready-to-use temperature<\/p>\n","protected":false},"featured_media":31460,"template":"","meta":[],"product_brand":[],"product_cat":[275,270],"product_tag":[1601,1762],"class_list":{"0":"post-31462","1":"product","2":"type-product","3":"status-publish","4":"has-post-thumbnail","6":"product_cat-adhesives","7":"product_cat-chemical-products","8":"product_tag-dragon-en","9":"product_tag-epoxy-repair","11":"first","12":"instock","13":"taxable","14":"shipping-taxable","15":"purchasable","16":"product-type-simple"},"yoast_head":"<!-- This site is optimized with the Yoast SEO Premium plugin v20.0 (Yoast SEO v27.4) - https:\/\/yoast.com\/product\/yoast-seo-premium-wordpress\/ -->\n<title>Epoxy Repair putty Dragon 56g dragon - Obender epoxy repair<\/title>\n<meta name=\"description\" content=\"Obender Dragon Epoxy repairEpoxy Repair putty Dragon 56g Dragon Epoxy Repair putty Dragon 56g Epoxy repair Epoxy Repair putty Dragon 56g putty\" \/>\n<meta name=\"robots\" content=\"index, follow, max-snippet:-1, max-image-preview:large, max-video-preview:-1\" \/>\n<link rel=\"canonical\" href=\"https:\/\/obender.eu\/en\/toode\/epoxy-repair-putty-dragon-56g\/\" \/>\n<meta property=\"og:locale\" content=\"en_US\" \/>\n<meta property=\"og:type\" content=\"article\" \/>\n<meta property=\"og:title\" content=\"Epoxy Repair putty Dragon 56g\" \/>\n<meta property=\"og:description\" content=\"Obender Dragon Epoxy repairEpoxy Repair putty Dragon 56g Dragon Epoxy Repair putty Dragon 56g Epoxy repair Epoxy Repair putty Dragon 56g putty\" \/>\n<meta property=\"og:url\" content=\"https:\/\/obender.eu\/en\/toode\/epoxy-repair-putty-dragon-56g\/\" \/>\n<meta property=\"og:site_name\" content=\"Obender\" \/>\n<meta property=\"article:modified_time\" content=\"2026-04-21T22:01:23+00:00\" \/>\n<meta property=\"og:image\" content=\"https:\/\/obender.eu\/wp-content\/uploads\/2025\/04\/5903649056283.jpg\" \/>\n\t<meta property=\"og:image:width\" content=\"400\" \/>\n\t<meta property=\"og:image:height\" content=\"400\" \/>\n\t<meta property=\"og:image:type\" content=\"image\/jpeg\" \/>\n<meta name=\"twitter:card\" content=\"summary_large_image\" \/>\n<meta name=\"twitter:label1\" content=\"Est. reading time\" \/>\n\t<meta name=\"twitter:data1\" content=\"1 minute\" \/>\n<script type=\"application\/ld+json\" class=\"yoast-schema-graph\">{\"@context\":\"https:\\\/\\\/schema.org\",\"@graph\":[{\"@type\":\"WebPage\",\"@id\":\"https:\\\/\\\/obender.eu\\\/en\\\/toode\\\/epoxy-repair-putty-dragon-56g\\\/\",\"url\":\"https:\\\/\\\/obender.eu\\\/en\\\/toode\\\/epoxy-repair-putty-dragon-56g\\\/\",\"name\":\"Epoxy Repair putty Dragon 56g dragon - Obender epoxy repair\",\"isPartOf\":{\"@id\":\"https:\\\/\\\/www.obender.eu\\\/#website\"},\"primaryImageOfPage\":{\"@id\":\"https:\\\/\\\/obender.eu\\\/en\\\/toode\\\/epoxy-repair-putty-dragon-56g\\\/#primaryimage\"},\"image\":{\"@id\":\"https:\\\/\\\/obender.eu\\\/en\\\/toode\\\/epoxy-repair-putty-dragon-56g\\\/#primaryimage\"},\"thumbnailUrl\":\"https:\\\/\\\/obender.eu\\\/wp-content\\\/uploads\\\/2025\\\/04\\\/5903649056283.jpg\",\"datePublished\":\"2025-04-15T10:21:31+00:00\",\"dateModified\":\"2026-04-21T22:01:23+00:00\",\"description\":\"Obender Dragon Epoxy repairEpoxy Repair putty Dragon 56g Dragon Epoxy Repair putty Dragon 56g Epoxy repair Epoxy Repair putty Dragon 56g putty\",\"breadcrumb\":{\"@id\":\"https:\\\/\\\/obender.eu\\\/en\\\/toode\\\/epoxy-repair-putty-dragon-56g\\\/#breadcrumb\"},\"inLanguage\":\"en-US\",\"potentialAction\":[{\"@type\":\"ReadAction\",\"target\":[\"https:\\\/\\\/obender.eu\\\/en\\\/toode\\\/epoxy-repair-putty-dragon-56g\\\/\"]}]},{\"@type\":\"ImageObject\",\"inLanguage\":\"en-US\",\"@id\":\"https:\\\/\\\/obender.eu\\\/en\\\/toode\\\/epoxy-repair-putty-dragon-56g\\\/#primaryimage\",\"url\":\"https:\\\/\\\/obender.eu\\\/wp-content\\\/uploads\\\/2025\\\/04\\\/5903649056283.jpg\",\"contentUrl\":\"https:\\\/\\\/obender.eu\\\/wp-content\\\/uploads\\\/2025\\\/04\\\/5903649056283.jpg\",\"width\":400,\"height\":400},{\"@type\":\"BreadcrumbList\",\"@id\":\"https:\\\/\\\/obender.eu\\\/en\\\/toode\\\/epoxy-repair-putty-dragon-56g\\\/#breadcrumb\",\"itemListElement\":[{\"@type\":\"ListItem\",\"position\":1,\"name\":\"Home\",\"item\":\"https:\\\/\\\/obender.eu\\\/en\\\/\"},{\"@type\":\"ListItem\",\"position\":2,\"name\":\"Tooted\",\"item\":\"https:\\\/\\\/www.obender.eu\\\/tooted\\\/\"},{\"@type\":\"ListItem\",\"position\":3,\"name\":\"Epoxy Repair putty Dragon 56g\"}]},{\"@type\":\"WebSite\",\"@id\":\"https:\\\/\\\/www.obender.eu\\\/#website\",\"url\":\"https:\\\/\\\/www.obender.eu\\\/\",\"name\":\"Obender\",\"description\":\"T\u00f6\u00f6stuskaupade hulgim\u00fc\u00fck\",\"potentialAction\":[{\"@type\":\"SearchAction\",\"target\":{\"@type\":\"EntryPoint\",\"urlTemplate\":\"https:\\\/\\\/www.obender.eu\\\/?s={search_term_string}\"},\"query-input\":{\"@type\":\"PropertyValueSpecification\",\"valueRequired\":true,\"valueName\":\"search_term_string\"}}],\"inLanguage\":\"en-US\"}]}<\/script>\n<!-- \/ Yoast SEO Premium plugin. -->","yoast_head_json":{"title":"Epoxy Repair putty Dragon 56g dragon - Obender epoxy repair","description":"Obender Dragon Epoxy repairEpoxy Repair putty Dragon 56g Dragon Epoxy Repair putty Dragon 56g Epoxy repair Epoxy Repair putty Dragon 56g putty","robots":{"index":"index","follow":"follow","max-snippet":"max-snippet:-1","max-image-preview":"max-image-preview:large","max-video-preview":"max-video-preview:-1"},"canonical":"https:\/\/obender.eu\/en\/toode\/epoxy-repair-putty-dragon-56g\/","og_locale":"en_US","og_type":"article","og_title":"Epoxy Repair putty Dragon 56g","og_description":"Obender Dragon Epoxy repairEpoxy Repair putty Dragon 56g Dragon Epoxy Repair putty Dragon 56g Epoxy repair Epoxy Repair putty Dragon 56g putty","og_url":"https:\/\/obender.eu\/en\/toode\/epoxy-repair-putty-dragon-56g\/","og_site_name":"Obender","article_modified_time":"2026-04-21T22:01:23+00:00","og_image":[{"width":400,"height":400,"url":"https:\/\/obender.eu\/wp-content\/uploads\/2025\/04\/5903649056283.jpg","type":"image\/jpeg"}],"twitter_card":"summary_large_image","twitter_misc":{"Est. reading time":"1 minute"},"schema":{"@context":"https:\/\/schema.org","@graph":[{"@type":"WebPage","@id":"https:\/\/obender.eu\/en\/toode\/epoxy-repair-putty-dragon-56g\/","url":"https:\/\/obender.eu\/en\/toode\/epoxy-repair-putty-dragon-56g\/","name":"Epoxy Repair putty Dragon 56g dragon - Obender epoxy repair","isPartOf":{"@id":"https:\/\/www.obender.eu\/#website"},"primaryImageOfPage":{"@id":"https:\/\/obender.eu\/en\/toode\/epoxy-repair-putty-dragon-56g\/#primaryimage"},"image":{"@id":"https:\/\/obender.eu\/en\/toode\/epoxy-repair-putty-dragon-56g\/#primaryimage"},"thumbnailUrl":"https:\/\/obender.eu\/wp-content\/uploads\/2025\/04\/5903649056283.jpg","datePublished":"2025-04-15T10:21:31+00:00","dateModified":"2026-04-21T22:01:23+00:00","description":"Obender Dragon Epoxy repairEpoxy Repair putty Dragon 56g Dragon Epoxy Repair putty Dragon 56g Epoxy repair Epoxy Repair putty Dragon 56g putty","breadcrumb":{"@id":"https:\/\/obender.eu\/en\/toode\/epoxy-repair-putty-dragon-56g\/#breadcrumb"},"inLanguage":"en-US","potentialAction":[{"@type":"ReadAction","target":["https:\/\/obender.eu\/en\/toode\/epoxy-repair-putty-dragon-56g\/"]}]},{"@type":"ImageObject","inLanguage":"en-US","@id":"https:\/\/obender.eu\/en\/toode\/epoxy-repair-putty-dragon-56g\/#primaryimage","url":"https:\/\/obender.eu\/wp-content\/uploads\/2025\/04\/5903649056283.jpg","contentUrl":"https:\/\/obender.eu\/wp-content\/uploads\/2025\/04\/5903649056283.jpg","width":400,"height":400},{"@type":"BreadcrumbList","@id":"https:\/\/obender.eu\/en\/toode\/epoxy-repair-putty-dragon-56g\/#breadcrumb","itemListElement":[{"@type":"ListItem","position":1,"name":"Home","item":"https:\/\/obender.eu\/en\/"},{"@type":"ListItem","position":2,"name":"Tooted","item":"https:\/\/www.obender.eu\/tooted\/"},{"@type":"ListItem","position":3,"name":"Epoxy Repair putty Dragon 56g"}]},{"@type":"WebSite","@id":"https:\/\/www.obender.eu\/#website","url":"https:\/\/www.obender.eu\/","name":"Obender","description":"T\u00f6\u00f6stuskaupade hulgim\u00fc\u00fck","potentialAction":[{"@type":"SearchAction","target":{"@type":"EntryPoint","urlTemplate":"https:\/\/www.obender.eu\/?s={search_term_string}"},"query-input":{"@type":"PropertyValueSpecification","valueRequired":true,"valueName":"search_term_string"}}],"inLanguage":"en-US"}]}},"_links":{"self":[{"href":"https:\/\/obender.eu\/en\/wp-json\/wp\/v2\/product\/31462","targetHints":{"allow":["GET"]}}],"collection":[{"href":"https:\/\/obender.eu\/en\/wp-json\/wp\/v2\/product"}],"about":[{"href":"https:\/\/obender.eu\/en\/wp-json\/wp\/v2\/types\/product"}],"version-history":[{"count":1,"href":"https:\/\/obender.eu\/en\/wp-json\/wp\/v2\/product\/31462\/revisions"}],"predecessor-version":[{"id":31463,"href":"https:\/\/obender.eu\/en\/wp-json\/wp\/v2\/product\/31462\/revisions\/31463"}],"wp:featuredmedia":[{"embeddable":true,"href":"https:\/\/obender.eu\/en\/wp-json\/wp\/v2\/media\/31460"}],"wp:attachment":[{"href":"https:\/\/obender.eu\/en\/wp-json\/wp\/v2\/media?parent=31462"}],"wp:term":[{"taxonomy":"product_brand","embeddable":true,"href":"https:\/\/obender.eu\/en\/wp-json\/wp\/v2\/product_brand?post=31462"},{"taxonomy":"product_cat","embeddable":true,"href":"https:\/\/obender.eu\/en\/wp-json\/wp\/v2\/product_cat?post=31462"},{"taxonomy":"product_tag","embeddable":true,"href":"https:\/\/obender.eu\/en\/wp-json\/wp\/v2\/product_tag?post=31462"}],"curies":[{"name":"wp","href":"https:\/\/api.w.org\/{rel}","templated":true}]}}