{"id":31488,"date":"2025-04-16T11:20:35","date_gmt":"2025-04-16T08:20:35","guid":{"rendered":"https:\/\/obender.eu\/toode\/acrylic-putty-dragon-light-100ml-tube\/"},"modified":"2026-04-21T23:00:50","modified_gmt":"2026-04-21T20:00:50","slug":"acrylic-putty-dragon-light-100ml-tube","status":"publish","type":"product","link":"https:\/\/obender.eu\/en\/toode\/acrylic-putty-dragon-light-100ml-tube\/","title":{"rendered":"Acrylic putty Dragon Light 100ml tube"},"content":{"rendered":"<p>Acrylic putty Dragon Light 100ml tube<\/p>\n<p>Product code: DMSSZL100<\/p>\n<p>EAN: 5903649075970, 5903649093486<\/p>\n<p>Fast-drying, lightweight filler with excellent adhesion to porous substrates used in construction. Solvent-free, does not shrink or crack. Thanks to its light and delicate consistency, it is very easy to apply, especially when filling ceilings. Does not drip. Designed for indoor and outdoor use. It is chemically neutral.<\/p>\n<p>Designed for filling and smoothing internal cracks, gaps, scratches and cavities in walls and ceilings, for masking screws and other mechanical fasteners, grouting plasterboard joints, corner joints, grouting joints around wooden and metal frames, etc.<\/p>\n<p>Designed for use on surfaces of: plasterboards, cement fibre, gypsum blocks, putty, smoothing compound, gypsum and traditional plasters, wood and wood-based materials, concrete, aerated concrete, building ceramics,\u00a0stone.<\/p>\n<p>The product is suitable for static or low-movement joints.<\/p>\n<p>HOW TO USE<\/p>\n<p>1. Clean the filled surface, remove dust and old coatings, grease and dirt.<\/p>\n<p>2. Work at a temperature of +5 \u00baC to +30 \u00baC (air temperature, filler and filled elements).<\/p>\n<p>3. In the case of highly absorbent surfaces (e.g. gypsum), the surface should be primed with DRAGON &#8220;Deep Penetrating Primer&#8221;.<\/p>\n<p>4. Apply the filler and smooth it out with a spatula within 5 minutes of applying the filler, before a skin forms.<\/p>\n<p>5. On larger surfaces, apply the filler in layers of a maximum thickness of 2 mm.<\/p>\n<p>6. When using outdoors, paint the filler surface with outdoor paint after it has dried.<\/p>\n<p>8. Wash tools in water after work.<\/p>\n","protected":false},"excerpt":{"rendered":"<p>Acrylic putty Dragon Light 100ml tube Product code: DMSSZL100 EAN: 5903649075970, 5903649093486 Fast-drying, lightweight filler with excellent adhesion to porous<\/p>\n","protected":false},"featured_media":31486,"template":"","meta":[],"product_brand":[],"product_cat":[275,270],"product_tag":[1768,1601],"class_list":{"0":"post-31488","1":"product","2":"type-product","3":"status-publish","4":"has-post-thumbnail","6":"product_cat-adhesives","7":"product_cat-chemical-products","8":"product_tag-acrylic-putty","9":"product_tag-dragon-en","11":"first","12":"instock","13":"taxable","14":"shipping-taxable","15":"purchasable","16":"product-type-simple"},"yoast_head":"<!-- This site is optimized with the Yoast SEO Premium plugin v20.0 (Yoast SEO v27.4) - https:\/\/yoast.com\/product\/yoast-seo-premium-wordpress\/ -->\n<title>Acrylic putty Dragon Light 100ml tube dragon - Obender acrylic putty<\/title>\n<meta name=\"description\" content=\"Obender Dragon acrylic puttyAcrylic putty Dragon Light 100ml tube Dragon Light acrylic puttyAcrylic putty Dragon Light 100ml tube\" \/>\n<meta name=\"robots\" content=\"index, follow, max-snippet:-1, max-image-preview:large, max-video-preview:-1\" \/>\n<link rel=\"canonical\" href=\"https:\/\/obender.eu\/en\/toode\/acrylic-putty-dragon-light-100ml-tube\/\" \/>\n<meta property=\"og:locale\" content=\"en_US\" \/>\n<meta property=\"og:type\" content=\"article\" \/>\n<meta property=\"og:title\" content=\"Acrylic putty Dragon Light 100ml tube\" \/>\n<meta property=\"og:description\" content=\"Obender Dragon acrylic puttyAcrylic putty Dragon Light 100ml tube Dragon Light acrylic puttyAcrylic putty Dragon Light 100ml tube\" \/>\n<meta property=\"og:url\" content=\"https:\/\/obender.eu\/en\/toode\/acrylic-putty-dragon-light-100ml-tube\/\" \/>\n<meta property=\"og:site_name\" content=\"Obender\" \/>\n<meta property=\"article:modified_time\" content=\"2026-04-21T20:00:50+00:00\" \/>\n<meta property=\"og:image\" content=\"https:\/\/obender.eu\/wp-content\/uploads\/2025\/04\/DMSSZL100.jpg\" \/>\n\t<meta property=\"og:image:width\" content=\"800\" \/>\n\t<meta property=\"og:image:height\" content=\"800\" \/>\n\t<meta property=\"og:image:type\" content=\"image\/jpeg\" \/>\n<meta name=\"twitter:card\" content=\"summary_large_image\" \/>\n<meta name=\"twitter:label1\" content=\"Est. reading time\" \/>\n\t<meta name=\"twitter:data1\" content=\"2 minutes\" \/>\n<script type=\"application\/ld+json\" class=\"yoast-schema-graph\">{\"@context\":\"https:\\\/\\\/schema.org\",\"@graph\":[{\"@type\":\"WebPage\",\"@id\":\"https:\\\/\\\/obender.eu\\\/en\\\/toode\\\/acrylic-putty-dragon-light-100ml-tube\\\/\",\"url\":\"https:\\\/\\\/obender.eu\\\/en\\\/toode\\\/acrylic-putty-dragon-light-100ml-tube\\\/\",\"name\":\"Acrylic putty Dragon Light 100ml tube dragon - Obender acrylic putty\",\"isPartOf\":{\"@id\":\"https:\\\/\\\/www.obender.eu\\\/#website\"},\"primaryImageOfPage\":{\"@id\":\"https:\\\/\\\/obender.eu\\\/en\\\/toode\\\/acrylic-putty-dragon-light-100ml-tube\\\/#primaryimage\"},\"image\":{\"@id\":\"https:\\\/\\\/obender.eu\\\/en\\\/toode\\\/acrylic-putty-dragon-light-100ml-tube\\\/#primaryimage\"},\"thumbnailUrl\":\"https:\\\/\\\/obender.eu\\\/wp-content\\\/uploads\\\/2025\\\/04\\\/DMSSZL100.jpg\",\"datePublished\":\"2025-04-16T08:20:35+00:00\",\"dateModified\":\"2026-04-21T20:00:50+00:00\",\"description\":\"Obender Dragon acrylic puttyAcrylic putty Dragon Light 100ml tube Dragon Light acrylic puttyAcrylic putty Dragon Light 100ml tube\",\"breadcrumb\":{\"@id\":\"https:\\\/\\\/obender.eu\\\/en\\\/toode\\\/acrylic-putty-dragon-light-100ml-tube\\\/#breadcrumb\"},\"inLanguage\":\"en-US\",\"potentialAction\":[{\"@type\":\"ReadAction\",\"target\":[\"https:\\\/\\\/obender.eu\\\/en\\\/toode\\\/acrylic-putty-dragon-light-100ml-tube\\\/\"]}]},{\"@type\":\"ImageObject\",\"inLanguage\":\"en-US\",\"@id\":\"https:\\\/\\\/obender.eu\\\/en\\\/toode\\\/acrylic-putty-dragon-light-100ml-tube\\\/#primaryimage\",\"url\":\"https:\\\/\\\/obender.eu\\\/wp-content\\\/uploads\\\/2025\\\/04\\\/DMSSZL100.jpg\",\"contentUrl\":\"https:\\\/\\\/obender.eu\\\/wp-content\\\/uploads\\\/2025\\\/04\\\/DMSSZL100.jpg\",\"width\":800,\"height\":800},{\"@type\":\"BreadcrumbList\",\"@id\":\"https:\\\/\\\/obender.eu\\\/en\\\/toode\\\/acrylic-putty-dragon-light-100ml-tube\\\/#breadcrumb\",\"itemListElement\":[{\"@type\":\"ListItem\",\"position\":1,\"name\":\"Home\",\"item\":\"https:\\\/\\\/obender.eu\\\/en\\\/\"},{\"@type\":\"ListItem\",\"position\":2,\"name\":\"Tooted\",\"item\":\"https:\\\/\\\/www.obender.eu\\\/tooted\\\/\"},{\"@type\":\"ListItem\",\"position\":3,\"name\":\"Acrylic putty Dragon Light 100ml tube\"}]},{\"@type\":\"WebSite\",\"@id\":\"https:\\\/\\\/www.obender.eu\\\/#website\",\"url\":\"https:\\\/\\\/www.obender.eu\\\/\",\"name\":\"Obender\",\"description\":\"T\u00f6\u00f6stuskaupade hulgim\u00fc\u00fck\",\"potentialAction\":[{\"@type\":\"SearchAction\",\"target\":{\"@type\":\"EntryPoint\",\"urlTemplate\":\"https:\\\/\\\/www.obender.eu\\\/?s={search_term_string}\"},\"query-input\":{\"@type\":\"PropertyValueSpecification\",\"valueRequired\":true,\"valueName\":\"search_term_string\"}}],\"inLanguage\":\"en-US\"}]}<\/script>\n<!-- \/ Yoast SEO Premium plugin. -->","yoast_head_json":{"title":"Acrylic putty Dragon Light 100ml tube dragon - Obender acrylic putty","description":"Obender Dragon acrylic puttyAcrylic putty Dragon Light 100ml tube Dragon Light acrylic puttyAcrylic putty Dragon Light 100ml tube","robots":{"index":"index","follow":"follow","max-snippet":"max-snippet:-1","max-image-preview":"max-image-preview:large","max-video-preview":"max-video-preview:-1"},"canonical":"https:\/\/obender.eu\/en\/toode\/acrylic-putty-dragon-light-100ml-tube\/","og_locale":"en_US","og_type":"article","og_title":"Acrylic putty Dragon Light 100ml tube","og_description":"Obender Dragon acrylic puttyAcrylic putty Dragon Light 100ml tube Dragon Light acrylic puttyAcrylic putty Dragon Light 100ml tube","og_url":"https:\/\/obender.eu\/en\/toode\/acrylic-putty-dragon-light-100ml-tube\/","og_site_name":"Obender","article_modified_time":"2026-04-21T20:00:50+00:00","og_image":[{"width":800,"height":800,"url":"https:\/\/obender.eu\/wp-content\/uploads\/2025\/04\/DMSSZL100.jpg","type":"image\/jpeg"}],"twitter_card":"summary_large_image","twitter_misc":{"Est. reading time":"2 minutes"},"schema":{"@context":"https:\/\/schema.org","@graph":[{"@type":"WebPage","@id":"https:\/\/obender.eu\/en\/toode\/acrylic-putty-dragon-light-100ml-tube\/","url":"https:\/\/obender.eu\/en\/toode\/acrylic-putty-dragon-light-100ml-tube\/","name":"Acrylic putty Dragon Light 100ml tube dragon - Obender acrylic putty","isPartOf":{"@id":"https:\/\/www.obender.eu\/#website"},"primaryImageOfPage":{"@id":"https:\/\/obender.eu\/en\/toode\/acrylic-putty-dragon-light-100ml-tube\/#primaryimage"},"image":{"@id":"https:\/\/obender.eu\/en\/toode\/acrylic-putty-dragon-light-100ml-tube\/#primaryimage"},"thumbnailUrl":"https:\/\/obender.eu\/wp-content\/uploads\/2025\/04\/DMSSZL100.jpg","datePublished":"2025-04-16T08:20:35+00:00","dateModified":"2026-04-21T20:00:50+00:00","description":"Obender Dragon acrylic puttyAcrylic putty Dragon Light 100ml tube Dragon Light acrylic puttyAcrylic putty Dragon Light 100ml tube","breadcrumb":{"@id":"https:\/\/obender.eu\/en\/toode\/acrylic-putty-dragon-light-100ml-tube\/#breadcrumb"},"inLanguage":"en-US","potentialAction":[{"@type":"ReadAction","target":["https:\/\/obender.eu\/en\/toode\/acrylic-putty-dragon-light-100ml-tube\/"]}]},{"@type":"ImageObject","inLanguage":"en-US","@id":"https:\/\/obender.eu\/en\/toode\/acrylic-putty-dragon-light-100ml-tube\/#primaryimage","url":"https:\/\/obender.eu\/wp-content\/uploads\/2025\/04\/DMSSZL100.jpg","contentUrl":"https:\/\/obender.eu\/wp-content\/uploads\/2025\/04\/DMSSZL100.jpg","width":800,"height":800},{"@type":"BreadcrumbList","@id":"https:\/\/obender.eu\/en\/toode\/acrylic-putty-dragon-light-100ml-tube\/#breadcrumb","itemListElement":[{"@type":"ListItem","position":1,"name":"Home","item":"https:\/\/obender.eu\/en\/"},{"@type":"ListItem","position":2,"name":"Tooted","item":"https:\/\/www.obender.eu\/tooted\/"},{"@type":"ListItem","position":3,"name":"Acrylic putty Dragon Light 100ml tube"}]},{"@type":"WebSite","@id":"https:\/\/www.obender.eu\/#website","url":"https:\/\/www.obender.eu\/","name":"Obender","description":"T\u00f6\u00f6stuskaupade hulgim\u00fc\u00fck","potentialAction":[{"@type":"SearchAction","target":{"@type":"EntryPoint","urlTemplate":"https:\/\/www.obender.eu\/?s={search_term_string}"},"query-input":{"@type":"PropertyValueSpecification","valueRequired":true,"valueName":"search_term_string"}}],"inLanguage":"en-US"}]}},"_links":{"self":[{"href":"https:\/\/obender.eu\/en\/wp-json\/wp\/v2\/product\/31488","targetHints":{"allow":["GET"]}}],"collection":[{"href":"https:\/\/obender.eu\/en\/wp-json\/wp\/v2\/product"}],"about":[{"href":"https:\/\/obender.eu\/en\/wp-json\/wp\/v2\/types\/product"}],"version-history":[{"count":1,"href":"https:\/\/obender.eu\/en\/wp-json\/wp\/v2\/product\/31488\/revisions"}],"predecessor-version":[{"id":31489,"href":"https:\/\/obender.eu\/en\/wp-json\/wp\/v2\/product\/31488\/revisions\/31489"}],"wp:featuredmedia":[{"embeddable":true,"href":"https:\/\/obender.eu\/en\/wp-json\/wp\/v2\/media\/31486"}],"wp:attachment":[{"href":"https:\/\/obender.eu\/en\/wp-json\/wp\/v2\/media?parent=31488"}],"wp:term":[{"taxonomy":"product_brand","embeddable":true,"href":"https:\/\/obender.eu\/en\/wp-json\/wp\/v2\/product_brand?post=31488"},{"taxonomy":"product_cat","embeddable":true,"href":"https:\/\/obender.eu\/en\/wp-json\/wp\/v2\/product_cat?post=31488"},{"taxonomy":"product_tag","embeddable":true,"href":"https:\/\/obender.eu\/en\/wp-json\/wp\/v2\/product_tag?post=31488"}],"curies":[{"name":"wp","href":"https:\/\/api.w.org\/{rel}","templated":true}]}}