{"id":31494,"date":"2025-04-16T11:40:41","date_gmt":"2025-04-16T08:40:41","guid":{"rendered":"https:\/\/obender.eu\/toode\/katepuhastuspasta-dragon-heavy-duty-200g-tuubis\/"},"modified":"2026-04-22T03:01:18","modified_gmt":"2026-04-22T00:01:18","slug":"katepuhastuspasta-dragon-heavy-duty-200g-tuubis","status":"publish","type":"product","link":"https:\/\/obender.eu\/en\/toode\/katepuhastuspasta-dragon-heavy-duty-200g-tuubis\/","title":{"rendered":"Hand cleaning paste Dragon Heavy Duty 200g tube"},"content":{"rendered":"<p>Hand cleaning paste Dragon Heavy Duty 200g tube<\/p>\n<p>Product code: DPR200<\/p>\n<p>Effective and efficient paste for washing heavily soiled hands. Contains microgranules and active ingredients that facilitate the removal of even difficult dirt, i.e. grease, oils, fats, etc. Formula enriched with moisturizing agents for skin protection and care. Has a neutral pH. Leaves hands clean and fragrant.<\/p>\n<p><b>Application:<\/b>\u00a0\u00a0Professional preparation for cleaning and care of hands. Recommended for use in industrial plants, workshops for various types of mechanical, hydraulic, maintenance, etc. Thanks to neutral pH and additional moisturizing substances, it does not cause skin irritation, even with frequent use.<\/p>\n","protected":false},"excerpt":{"rendered":"<p>Hand cleaning paste Dragon Heavy Duty 200g tube Product code: DPR200 Effective and efficient paste for washing heavily soiled hands.<\/p>\n","protected":false},"featured_media":31492,"template":"","meta":[],"product_brand":[],"product_cat":[275,270,373,380,274,271],"product_tag":[1601,1771,1770],"class_list":{"0":"post-31494","1":"product","2":"type-product","3":"status-publish","4":"has-post-thumbnail","6":"product_cat-adhesives","7":"product_cat-chemical-products","8":"product_cat-tooriistad-ja-ehitus","9":"product_cat-home-and-office-equipment","10":"product_cat-lesta-cleaners","11":"product_cat-car-putties","12":"product_tag-dragon-en","13":"product_tag-hand-cleaning-paste","14":"product_tag-katepuhastuspasta-en","16":"first","17":"instock","18":"taxable","19":"shipping-taxable","20":"purchasable","21":"product-type-simple"},"yoast_head":"<!-- This site is optimized with the Yoast SEO Premium plugin v20.0 (Yoast SEO v27.4) - https:\/\/yoast.com\/product\/yoast-seo-premium-wordpress\/ -->\n<title>Hand cleaning paste Dragon Heavy Duty 200g tube Hand clean - Obender<\/title>\n<meta name=\"description\" content=\"Obender Hand cleaning pasteHand cleaning paste Dragon Heavy Duty 200g tube Dragon Heavy Duty Hand cleaning paste Dragon Heavy Duty 200g tube\" \/>\n<meta name=\"robots\" content=\"index, follow, max-snippet:-1, max-image-preview:large, max-video-preview:-1\" \/>\n<link rel=\"canonical\" href=\"https:\/\/obender.eu\/en\/toode\/katepuhastuspasta-dragon-heavy-duty-200g-tuubis\/\" \/>\n<meta property=\"og:locale\" content=\"en_US\" \/>\n<meta property=\"og:type\" content=\"article\" \/>\n<meta property=\"og:title\" content=\"Hand cleaning paste Dragon Heavy Duty 200g tube\" \/>\n<meta property=\"og:description\" content=\"Obender Hand cleaning pasteHand cleaning paste Dragon Heavy Duty 200g tube Dragon Heavy Duty Hand cleaning paste Dragon Heavy Duty 200g tube\" \/>\n<meta property=\"og:url\" content=\"https:\/\/obender.eu\/en\/toode\/katepuhastuspasta-dragon-heavy-duty-200g-tuubis\/\" \/>\n<meta property=\"og:site_name\" content=\"Obender\" \/>\n<meta property=\"article:modified_time\" content=\"2026-04-22T00:01:18+00:00\" \/>\n<meta property=\"og:image\" content=\"https:\/\/obender.eu\/wp-content\/uploads\/2025\/04\/DPR200.jpg\" \/>\n\t<meta property=\"og:image:width\" content=\"800\" \/>\n\t<meta property=\"og:image:height\" content=\"800\" \/>\n\t<meta property=\"og:image:type\" content=\"image\/jpeg\" \/>\n<meta name=\"twitter:card\" content=\"summary_large_image\" \/>\n<meta name=\"twitter:label1\" content=\"Est. reading time\" \/>\n\t<meta name=\"twitter:data1\" content=\"1 minute\" \/>\n<script type=\"application\/ld+json\" class=\"yoast-schema-graph\">{\"@context\":\"https:\\\/\\\/schema.org\",\"@graph\":[{\"@type\":\"WebPage\",\"@id\":\"https:\\\/\\\/obender.eu\\\/en\\\/toode\\\/katepuhastuspasta-dragon-heavy-duty-200g-tuubis\\\/\",\"url\":\"https:\\\/\\\/obender.eu\\\/en\\\/toode\\\/katepuhastuspasta-dragon-heavy-duty-200g-tuubis\\\/\",\"name\":\"Hand cleaning paste Dragon Heavy Duty 200g tube Hand clean - Obender\",\"isPartOf\":{\"@id\":\"https:\\\/\\\/www.obender.eu\\\/#website\"},\"primaryImageOfPage\":{\"@id\":\"https:\\\/\\\/obender.eu\\\/en\\\/toode\\\/katepuhastuspasta-dragon-heavy-duty-200g-tuubis\\\/#primaryimage\"},\"image\":{\"@id\":\"https:\\\/\\\/obender.eu\\\/en\\\/toode\\\/katepuhastuspasta-dragon-heavy-duty-200g-tuubis\\\/#primaryimage\"},\"thumbnailUrl\":\"https:\\\/\\\/obender.eu\\\/wp-content\\\/uploads\\\/2025\\\/04\\\/DPR200.jpg\",\"datePublished\":\"2025-04-16T08:40:41+00:00\",\"dateModified\":\"2026-04-22T00:01:18+00:00\",\"description\":\"Obender Hand cleaning pasteHand cleaning paste Dragon Heavy Duty 200g tube Dragon Heavy Duty Hand cleaning paste Dragon Heavy Duty 200g tube\",\"breadcrumb\":{\"@id\":\"https:\\\/\\\/obender.eu\\\/en\\\/toode\\\/katepuhastuspasta-dragon-heavy-duty-200g-tuubis\\\/#breadcrumb\"},\"inLanguage\":\"en-US\",\"potentialAction\":[{\"@type\":\"ReadAction\",\"target\":[\"https:\\\/\\\/obender.eu\\\/en\\\/toode\\\/katepuhastuspasta-dragon-heavy-duty-200g-tuubis\\\/\"]}]},{\"@type\":\"ImageObject\",\"inLanguage\":\"en-US\",\"@id\":\"https:\\\/\\\/obender.eu\\\/en\\\/toode\\\/katepuhastuspasta-dragon-heavy-duty-200g-tuubis\\\/#primaryimage\",\"url\":\"https:\\\/\\\/obender.eu\\\/wp-content\\\/uploads\\\/2025\\\/04\\\/DPR200.jpg\",\"contentUrl\":\"https:\\\/\\\/obender.eu\\\/wp-content\\\/uploads\\\/2025\\\/04\\\/DPR200.jpg\",\"width\":800,\"height\":800,\"caption\":\"43b930649ec5a09326ac7b2523ef841bb33f7d5605c2c9c48e635b8d3afd0e213a9033ade3819d695358fe35df37738daac77d1caca2c0f2b6e644913032053cc06ed5f7927dd9b74955be5231f987fc\"},{\"@type\":\"BreadcrumbList\",\"@id\":\"https:\\\/\\\/obender.eu\\\/en\\\/toode\\\/katepuhastuspasta-dragon-heavy-duty-200g-tuubis\\\/#breadcrumb\",\"itemListElement\":[{\"@type\":\"ListItem\",\"position\":1,\"name\":\"Home\",\"item\":\"https:\\\/\\\/obender.eu\\\/en\\\/\"},{\"@type\":\"ListItem\",\"position\":2,\"name\":\"Tooted\",\"item\":\"https:\\\/\\\/www.obender.eu\\\/tooted\\\/\"},{\"@type\":\"ListItem\",\"position\":3,\"name\":\"Hand cleaning paste Dragon Heavy Duty 200g tube\"}]},{\"@type\":\"WebSite\",\"@id\":\"https:\\\/\\\/www.obender.eu\\\/#website\",\"url\":\"https:\\\/\\\/www.obender.eu\\\/\",\"name\":\"Obender\",\"description\":\"T\u00f6\u00f6stuskaupade hulgim\u00fc\u00fck\",\"potentialAction\":[{\"@type\":\"SearchAction\",\"target\":{\"@type\":\"EntryPoint\",\"urlTemplate\":\"https:\\\/\\\/www.obender.eu\\\/?s={search_term_string}\"},\"query-input\":{\"@type\":\"PropertyValueSpecification\",\"valueRequired\":true,\"valueName\":\"search_term_string\"}}],\"inLanguage\":\"en-US\"}]}<\/script>\n<!-- \/ Yoast SEO Premium plugin. -->","yoast_head_json":{"title":"Hand cleaning paste Dragon Heavy Duty 200g tube Hand clean - Obender","description":"Obender Hand cleaning pasteHand cleaning paste Dragon Heavy Duty 200g tube Dragon Heavy Duty Hand cleaning paste Dragon Heavy Duty 200g tube","robots":{"index":"index","follow":"follow","max-snippet":"max-snippet:-1","max-image-preview":"max-image-preview:large","max-video-preview":"max-video-preview:-1"},"canonical":"https:\/\/obender.eu\/en\/toode\/katepuhastuspasta-dragon-heavy-duty-200g-tuubis\/","og_locale":"en_US","og_type":"article","og_title":"Hand cleaning paste Dragon Heavy Duty 200g tube","og_description":"Obender Hand cleaning pasteHand cleaning paste Dragon Heavy Duty 200g tube Dragon Heavy Duty Hand cleaning paste Dragon Heavy Duty 200g tube","og_url":"https:\/\/obender.eu\/en\/toode\/katepuhastuspasta-dragon-heavy-duty-200g-tuubis\/","og_site_name":"Obender","article_modified_time":"2026-04-22T00:01:18+00:00","og_image":[{"width":800,"height":800,"url":"https:\/\/obender.eu\/wp-content\/uploads\/2025\/04\/DPR200.jpg","type":"image\/jpeg"}],"twitter_card":"summary_large_image","twitter_misc":{"Est. reading time":"1 minute"},"schema":{"@context":"https:\/\/schema.org","@graph":[{"@type":"WebPage","@id":"https:\/\/obender.eu\/en\/toode\/katepuhastuspasta-dragon-heavy-duty-200g-tuubis\/","url":"https:\/\/obender.eu\/en\/toode\/katepuhastuspasta-dragon-heavy-duty-200g-tuubis\/","name":"Hand cleaning paste Dragon Heavy Duty 200g tube Hand clean - Obender","isPartOf":{"@id":"https:\/\/www.obender.eu\/#website"},"primaryImageOfPage":{"@id":"https:\/\/obender.eu\/en\/toode\/katepuhastuspasta-dragon-heavy-duty-200g-tuubis\/#primaryimage"},"image":{"@id":"https:\/\/obender.eu\/en\/toode\/katepuhastuspasta-dragon-heavy-duty-200g-tuubis\/#primaryimage"},"thumbnailUrl":"https:\/\/obender.eu\/wp-content\/uploads\/2025\/04\/DPR200.jpg","datePublished":"2025-04-16T08:40:41+00:00","dateModified":"2026-04-22T00:01:18+00:00","description":"Obender Hand cleaning pasteHand cleaning paste Dragon Heavy Duty 200g tube Dragon Heavy Duty Hand cleaning paste Dragon Heavy Duty 200g tube","breadcrumb":{"@id":"https:\/\/obender.eu\/en\/toode\/katepuhastuspasta-dragon-heavy-duty-200g-tuubis\/#breadcrumb"},"inLanguage":"en-US","potentialAction":[{"@type":"ReadAction","target":["https:\/\/obender.eu\/en\/toode\/katepuhastuspasta-dragon-heavy-duty-200g-tuubis\/"]}]},{"@type":"ImageObject","inLanguage":"en-US","@id":"https:\/\/obender.eu\/en\/toode\/katepuhastuspasta-dragon-heavy-duty-200g-tuubis\/#primaryimage","url":"https:\/\/obender.eu\/wp-content\/uploads\/2025\/04\/DPR200.jpg","contentUrl":"https:\/\/obender.eu\/wp-content\/uploads\/2025\/04\/DPR200.jpg","width":800,"height":800,"caption":"43b930649ec5a09326ac7b2523ef841bb33f7d5605c2c9c48e635b8d3afd0e213a9033ade3819d695358fe35df37738daac77d1caca2c0f2b6e644913032053cc06ed5f7927dd9b74955be5231f987fc"},{"@type":"BreadcrumbList","@id":"https:\/\/obender.eu\/en\/toode\/katepuhastuspasta-dragon-heavy-duty-200g-tuubis\/#breadcrumb","itemListElement":[{"@type":"ListItem","position":1,"name":"Home","item":"https:\/\/obender.eu\/en\/"},{"@type":"ListItem","position":2,"name":"Tooted","item":"https:\/\/www.obender.eu\/tooted\/"},{"@type":"ListItem","position":3,"name":"Hand cleaning paste Dragon Heavy Duty 200g tube"}]},{"@type":"WebSite","@id":"https:\/\/www.obender.eu\/#website","url":"https:\/\/www.obender.eu\/","name":"Obender","description":"T\u00f6\u00f6stuskaupade hulgim\u00fc\u00fck","potentialAction":[{"@type":"SearchAction","target":{"@type":"EntryPoint","urlTemplate":"https:\/\/www.obender.eu\/?s={search_term_string}"},"query-input":{"@type":"PropertyValueSpecification","valueRequired":true,"valueName":"search_term_string"}}],"inLanguage":"en-US"}]}},"_links":{"self":[{"href":"https:\/\/obender.eu\/en\/wp-json\/wp\/v2\/product\/31494","targetHints":{"allow":["GET"]}}],"collection":[{"href":"https:\/\/obender.eu\/en\/wp-json\/wp\/v2\/product"}],"about":[{"href":"https:\/\/obender.eu\/en\/wp-json\/wp\/v2\/types\/product"}],"version-history":[{"count":2,"href":"https:\/\/obender.eu\/en\/wp-json\/wp\/v2\/product\/31494\/revisions"}],"predecessor-version":[{"id":31504,"href":"https:\/\/obender.eu\/en\/wp-json\/wp\/v2\/product\/31494\/revisions\/31504"}],"wp:featuredmedia":[{"embeddable":true,"href":"https:\/\/obender.eu\/en\/wp-json\/wp\/v2\/media\/31492"}],"wp:attachment":[{"href":"https:\/\/obender.eu\/en\/wp-json\/wp\/v2\/media?parent=31494"}],"wp:term":[{"taxonomy":"product_brand","embeddable":true,"href":"https:\/\/obender.eu\/en\/wp-json\/wp\/v2\/product_brand?post=31494"},{"taxonomy":"product_cat","embeddable":true,"href":"https:\/\/obender.eu\/en\/wp-json\/wp\/v2\/product_cat?post=31494"},{"taxonomy":"product_tag","embeddable":true,"href":"https:\/\/obender.eu\/en\/wp-json\/wp\/v2\/product_tag?post=31494"}],"curies":[{"name":"wp","href":"https:\/\/api.w.org\/{rel}","templated":true}]}}