{"id":31516,"date":"2025-04-16T12:20:59","date_gmt":"2025-04-16T09:20:59","guid":{"rendered":"https:\/\/obender.eu\/toode\/dragon-repair-kit-poluestervaik-remondikomplekt-250g\/"},"modified":"2026-04-13T05:01:04","modified_gmt":"2026-04-13T02:01:04","slug":"dragon-repair-kit-poluestervaik-remondikomplekt-250g","status":"publish","type":"product","link":"https:\/\/obender.eu\/en\/toode\/dragon-repair-kit-poluestervaik-remondikomplekt-250g\/","title":{"rendered":"Dragon Repair Kit polyester resin 250g"},"content":{"rendered":"<p>Dragon Repair Kit polyester resin 250g<\/p>\n<p>Komplektis polyester resin, glass-fiber matt and hardener<\/p>\n<p>Product code: VZR250<\/p>\n<p>EAN: 5903649049407<\/p>\n<p>It has excellent adhesion to the substrate. After hardening, it creates a hard coating suitable for filling. The hardened surface is resistant to water, petrol, oils, greases and short-term elevated temperatures up to +80\u00b0C.<\/p>\n<ol>\n<li><span>Degrease the filled surface with DRAGON &#8220;Acetone&#8221;, sand, remove dust and clean. After thorough cleaning, degrease the surface again and then dry thoroughly.<\/span><\/li>\n<li><span>Carry out work at a temperature from +10\u00b0C to +30\u00b0C (air temperature, temperature of all set components and repaired components).<\/span><\/li>\n<li><span>Prepare a suitable piece of glass mat so that the mat extends at least 2 cm beyond the edge of the damaged area.<\/span><\/li>\n<li><span>Mix 100 g of resin and 2-3 g of hardener thoroughly until uniform in color.<\/span><\/li>\n<li><span>Apply the resin mixed with the hardener with a brush within 10-15 minutes (at a temperature of +20\u00b0C) after preparing a uniform mass.<\/span><\/li>\n<li><span>Apply the mat, press and saturate with resin using a brush. Depending on the damage, you can apply several layers of the mat by repeating the above steps.<\/span><\/li>\n<li><span>The surface hardens after approx. 45 minutes at +20\u00b0C.<\/span><\/li>\n<li><span>After hardening, the laminate surface can be machined or leveled using DRAGON &#8220;Universal Putty&#8221; or DRAGON &#8220;Finish Putty&#8221;. Sanding should be performed with P80-P120 sandpaper.<\/span><\/li>\n<li><span>Clean tools after work, e.g. with DRAGON \u201cAcetone\u201d or DRAGON \u201cNitro Thinner\u201d.<\/span><\/li>\n<li><span>After finishing work, close the resin and hardener packaging tightly.<\/span><\/li>\n<\/ol>\n","protected":false},"excerpt":{"rendered":"<p>Dragon Repair Kit polyester resin 250g Komplektis polyester resin, glass-fiber matt and hardener Product code: VZR250 EAN: 5903649049407 It has<\/p>\n","protected":false},"featured_media":31514,"template":"","meta":[],"product_brand":[],"product_cat":[275,270,310,271],"product_tag":[1601,1775,1776],"class_list":{"0":"post-31516","1":"product","2":"type-product","3":"status-publish","4":"has-post-thumbnail","6":"product_cat-adhesives","7":"product_cat-chemical-products","8":"product_cat-fasteners","9":"product_cat-car-putties","10":"product_tag-dragon-en","11":"product_tag-polyester-resin","12":"product_tag-repair-kit","14":"first","15":"instock","16":"taxable","17":"shipping-taxable","18":"purchasable","19":"product-type-simple"},"yoast_head":"<!-- This site is optimized with the Yoast SEO Premium plugin v20.0 (Yoast SEO v27.3) - https:\/\/yoast.com\/product\/yoast-seo-premium-wordpress\/ -->\n<title>Dragon Repair Kit polyester resin 250g - Obender<\/title>\n<meta name=\"description\" content=\"Obender polyester resinObender repair kitDragon Repair Kit polyester resin 250g Dragon Repair Kit 250g\" \/>\n<meta name=\"robots\" content=\"index, follow, max-snippet:-1, max-image-preview:large, max-video-preview:-1\" \/>\n<link rel=\"canonical\" href=\"https:\/\/obender.eu\/toode\/dragon-repair-kit-poluestervaik-remondikomplekt-250g\/\" \/>\n<meta property=\"og:locale\" content=\"en_US\" \/>\n<meta property=\"og:type\" content=\"article\" \/>\n<meta property=\"og:title\" content=\"Dragon Repair Kit polyester resin 250g\" \/>\n<meta property=\"og:description\" content=\"Obender polyester resinObender repair kitDragon Repair Kit polyester resin 250g Dragon Repair Kit 250g\" \/>\n<meta property=\"og:url\" content=\"https:\/\/obender.eu\/toode\/dragon-repair-kit-poluestervaik-remondikomplekt-250g\/\" \/>\n<meta property=\"og:site_name\" content=\"Obender\" \/>\n<meta property=\"article:modified_time\" content=\"2026-04-13T02:01:04+00:00\" \/>\n<meta property=\"og:image\" content=\"https:\/\/obender.eu\/wp-content\/uploads\/2025\/04\/vzr250.jpg\" \/>\n\t<meta property=\"og:image:width\" content=\"800\" \/>\n\t<meta property=\"og:image:height\" content=\"800\" \/>\n\t<meta property=\"og:image:type\" content=\"image\/jpeg\" \/>\n<meta name=\"twitter:card\" content=\"summary_large_image\" \/>\n<meta name=\"twitter:label1\" content=\"Est. reading time\" \/>\n\t<meta name=\"twitter:data1\" content=\"2 minutes\" \/>\n<script type=\"application\/ld+json\" class=\"yoast-schema-graph\">{\"@context\":\"https:\\\/\\\/schema.org\",\"@graph\":[{\"@type\":\"WebPage\",\"@id\":\"https:\\\/\\\/obender.eu\\\/toode\\\/dragon-repair-kit-poluestervaik-remondikomplekt-250g\\\/\",\"url\":\"https:\\\/\\\/obender.eu\\\/toode\\\/dragon-repair-kit-poluestervaik-remondikomplekt-250g\\\/\",\"name\":\"Dragon Repair Kit polyester resin 250g - Obender\",\"isPartOf\":{\"@id\":\"https:\\\/\\\/www.obender.eu\\\/#website\"},\"primaryImageOfPage\":{\"@id\":\"https:\\\/\\\/obender.eu\\\/toode\\\/dragon-repair-kit-poluestervaik-remondikomplekt-250g\\\/#primaryimage\"},\"image\":{\"@id\":\"https:\\\/\\\/obender.eu\\\/toode\\\/dragon-repair-kit-poluestervaik-remondikomplekt-250g\\\/#primaryimage\"},\"thumbnailUrl\":\"https:\\\/\\\/obender.eu\\\/wp-content\\\/uploads\\\/2025\\\/04\\\/vzr250.jpg\",\"datePublished\":\"2025-04-16T09:20:59+00:00\",\"dateModified\":\"2026-04-13T02:01:04+00:00\",\"description\":\"Obender polyester resinObender repair kitDragon Repair Kit polyester resin 250g Dragon Repair Kit 250g\",\"breadcrumb\":{\"@id\":\"https:\\\/\\\/obender.eu\\\/toode\\\/dragon-repair-kit-poluestervaik-remondikomplekt-250g\\\/#breadcrumb\"},\"inLanguage\":\"en-US\",\"potentialAction\":[{\"@type\":\"ReadAction\",\"target\":[\"https:\\\/\\\/obender.eu\\\/toode\\\/dragon-repair-kit-poluestervaik-remondikomplekt-250g\\\/\"]}]},{\"@type\":\"ImageObject\",\"inLanguage\":\"en-US\",\"@id\":\"https:\\\/\\\/obender.eu\\\/toode\\\/dragon-repair-kit-poluestervaik-remondikomplekt-250g\\\/#primaryimage\",\"url\":\"https:\\\/\\\/obender.eu\\\/wp-content\\\/uploads\\\/2025\\\/04\\\/vzr250.jpg\",\"contentUrl\":\"https:\\\/\\\/obender.eu\\\/wp-content\\\/uploads\\\/2025\\\/04\\\/vzr250.jpg\",\"width\":800,\"height\":800},{\"@type\":\"BreadcrumbList\",\"@id\":\"https:\\\/\\\/obender.eu\\\/toode\\\/dragon-repair-kit-poluestervaik-remondikomplekt-250g\\\/#breadcrumb\",\"itemListElement\":[{\"@type\":\"ListItem\",\"position\":1,\"name\":\"Home\",\"item\":\"https:\\\/\\\/obender.eu\\\/en\\\/\"},{\"@type\":\"ListItem\",\"position\":2,\"name\":\"Tooted\",\"item\":\"https:\\\/\\\/www.obender.eu\\\/tooted\\\/\"},{\"@type\":\"ListItem\",\"position\":3,\"name\":\"Dragon Repair Kit polyester resin 250g\"}]},{\"@type\":\"WebSite\",\"@id\":\"https:\\\/\\\/www.obender.eu\\\/#website\",\"url\":\"https:\\\/\\\/www.obender.eu\\\/\",\"name\":\"Obender\",\"description\":\"T\u00f6\u00f6stuskaupade hulgim\u00fc\u00fck\",\"potentialAction\":[{\"@type\":\"SearchAction\",\"target\":{\"@type\":\"EntryPoint\",\"urlTemplate\":\"https:\\\/\\\/www.obender.eu\\\/?s={search_term_string}\"},\"query-input\":{\"@type\":\"PropertyValueSpecification\",\"valueRequired\":true,\"valueName\":\"search_term_string\"}}],\"inLanguage\":\"en-US\"}]}<\/script>\n<!-- \/ Yoast SEO Premium plugin. -->","yoast_head_json":{"title":"Dragon Repair Kit polyester resin 250g - Obender","description":"Obender polyester resinObender repair kitDragon Repair Kit polyester resin 250g Dragon Repair Kit 250g","robots":{"index":"index","follow":"follow","max-snippet":"max-snippet:-1","max-image-preview":"max-image-preview:large","max-video-preview":"max-video-preview:-1"},"canonical":"https:\/\/obender.eu\/toode\/dragon-repair-kit-poluestervaik-remondikomplekt-250g\/","og_locale":"en_US","og_type":"article","og_title":"Dragon Repair Kit polyester resin 250g","og_description":"Obender polyester resinObender repair kitDragon Repair Kit polyester resin 250g Dragon Repair Kit 250g","og_url":"https:\/\/obender.eu\/toode\/dragon-repair-kit-poluestervaik-remondikomplekt-250g\/","og_site_name":"Obender","article_modified_time":"2026-04-13T02:01:04+00:00","og_image":[{"width":800,"height":800,"url":"https:\/\/obender.eu\/wp-content\/uploads\/2025\/04\/vzr250.jpg","type":"image\/jpeg"}],"twitter_card":"summary_large_image","twitter_misc":{"Est. reading time":"2 minutes"},"schema":{"@context":"https:\/\/schema.org","@graph":[{"@type":"WebPage","@id":"https:\/\/obender.eu\/toode\/dragon-repair-kit-poluestervaik-remondikomplekt-250g\/","url":"https:\/\/obender.eu\/toode\/dragon-repair-kit-poluestervaik-remondikomplekt-250g\/","name":"Dragon Repair Kit polyester resin 250g - Obender","isPartOf":{"@id":"https:\/\/www.obender.eu\/#website"},"primaryImageOfPage":{"@id":"https:\/\/obender.eu\/toode\/dragon-repair-kit-poluestervaik-remondikomplekt-250g\/#primaryimage"},"image":{"@id":"https:\/\/obender.eu\/toode\/dragon-repair-kit-poluestervaik-remondikomplekt-250g\/#primaryimage"},"thumbnailUrl":"https:\/\/obender.eu\/wp-content\/uploads\/2025\/04\/vzr250.jpg","datePublished":"2025-04-16T09:20:59+00:00","dateModified":"2026-04-13T02:01:04+00:00","description":"Obender polyester resinObender repair kitDragon Repair Kit polyester resin 250g Dragon Repair Kit 250g","breadcrumb":{"@id":"https:\/\/obender.eu\/toode\/dragon-repair-kit-poluestervaik-remondikomplekt-250g\/#breadcrumb"},"inLanguage":"en-US","potentialAction":[{"@type":"ReadAction","target":["https:\/\/obender.eu\/toode\/dragon-repair-kit-poluestervaik-remondikomplekt-250g\/"]}]},{"@type":"ImageObject","inLanguage":"en-US","@id":"https:\/\/obender.eu\/toode\/dragon-repair-kit-poluestervaik-remondikomplekt-250g\/#primaryimage","url":"https:\/\/obender.eu\/wp-content\/uploads\/2025\/04\/vzr250.jpg","contentUrl":"https:\/\/obender.eu\/wp-content\/uploads\/2025\/04\/vzr250.jpg","width":800,"height":800},{"@type":"BreadcrumbList","@id":"https:\/\/obender.eu\/toode\/dragon-repair-kit-poluestervaik-remondikomplekt-250g\/#breadcrumb","itemListElement":[{"@type":"ListItem","position":1,"name":"Home","item":"https:\/\/obender.eu\/en\/"},{"@type":"ListItem","position":2,"name":"Tooted","item":"https:\/\/www.obender.eu\/tooted\/"},{"@type":"ListItem","position":3,"name":"Dragon Repair Kit polyester resin 250g"}]},{"@type":"WebSite","@id":"https:\/\/www.obender.eu\/#website","url":"https:\/\/www.obender.eu\/","name":"Obender","description":"T\u00f6\u00f6stuskaupade hulgim\u00fc\u00fck","potentialAction":[{"@type":"SearchAction","target":{"@type":"EntryPoint","urlTemplate":"https:\/\/www.obender.eu\/?s={search_term_string}"},"query-input":{"@type":"PropertyValueSpecification","valueRequired":true,"valueName":"search_term_string"}}],"inLanguage":"en-US"}]}},"_links":{"self":[{"href":"https:\/\/obender.eu\/en\/wp-json\/wp\/v2\/product\/31516","targetHints":{"allow":["GET"]}}],"collection":[{"href":"https:\/\/obender.eu\/en\/wp-json\/wp\/v2\/product"}],"about":[{"href":"https:\/\/obender.eu\/en\/wp-json\/wp\/v2\/types\/product"}],"version-history":[{"count":1,"href":"https:\/\/obender.eu\/en\/wp-json\/wp\/v2\/product\/31516\/revisions"}],"predecessor-version":[{"id":31517,"href":"https:\/\/obender.eu\/en\/wp-json\/wp\/v2\/product\/31516\/revisions\/31517"}],"wp:featuredmedia":[{"embeddable":true,"href":"https:\/\/obender.eu\/en\/wp-json\/wp\/v2\/media\/31514"}],"wp:attachment":[{"href":"https:\/\/obender.eu\/en\/wp-json\/wp\/v2\/media?parent=31516"}],"wp:term":[{"taxonomy":"product_brand","embeddable":true,"href":"https:\/\/obender.eu\/en\/wp-json\/wp\/v2\/product_brand?post=31516"},{"taxonomy":"product_cat","embeddable":true,"href":"https:\/\/obender.eu\/en\/wp-json\/wp\/v2\/product_cat?post=31516"},{"taxonomy":"product_tag","embeddable":true,"href":"https:\/\/obender.eu\/en\/wp-json\/wp\/v2\/product_tag?post=31516"}],"curies":[{"name":"wp","href":"https:\/\/api.w.org\/{rel}","templated":true}]}}