{"id":31522,"date":"2025-04-16T12:35:32","date_gmt":"2025-04-16T09:35:32","guid":{"rendered":"https:\/\/obender.eu\/toode\/dragon-descaler-katlakivieemaldaja-pulber-30g\/"},"modified":"2026-04-18T17:00:46","modified_gmt":"2026-04-18T14:00:46","slug":"dragon-descaler-katlakivieemaldaja-pulber-30g","status":"publish","type":"product","link":"https:\/\/obender.eu\/en\/toode\/dragon-descaler-katlakivieemaldaja-pulber-30g\/","title":{"rendered":"Dragon Descaler limescale powder 30g"},"content":{"rendered":"<p>Dragon Descaler limescale powder 30g<\/p>\n<p>Product code: DOK030<\/p>\n<p>EAN: 5903649004079<\/p>\n<p>Extends the life of household appliances while preventing increased electricity consumption. Does not cause metal corrosion.<\/p>\n<p><span>Designed to remove limescale deposits from household appliances such as kettles, coffee machines, automatic washing machines, <\/span><span>dishwashers and other household appliances in which limescale deposits during use.<\/span><\/p>\n<p><span>The recommended concentration is a 10% solution, i.e. 1 kg of &#8220;Descaler&#8221; per 10 liters of water.<\/span><\/p>\n<p><strong><span>Cleaning electric kettles etc.:<\/span><\/strong><\/p>\n<p><span>Dissolve 30 g (1 sachet) of the descaling agent in 0.5 l of water at a temperature of approx. +50 \u00b0C. Pour the prepared solution into the container to be cleaned. After approx. 30 minutes, pour out the preparation and rinse the container thoroughly.\u00a0<\/span><\/p>\n<p><strong><span>Cleaning coffee machines:<\/span><\/strong><\/p>\n<p><span>Dissolve 30 g (1 sachet) of descaling agent in 0.5 l of water at a temperature of approx. +50 \u00b0C. Pour the prepared solution into the coffee machine and turn it on to let the solution flow through the system. Once finished, run clean water through the coffee machine three times.<\/span><\/p>\n<p><strong><span>Cleaning shower cabins:<\/span><\/strong><\/p>\n<p><span>Dissolve 60g (2 sachets) of descaling agent in 0.6L of warm water, then spread the solution on the surface you want to clean with a cloth or sponge. Leave it for about 2-3 minutes, then rinse with water and wipe the cabin with a slightly damp cloth. Use rubber gloves when cleaning.<\/span><\/p>\n<p><strong><span>Cleaning washing machines and dishwashers:<\/span><\/strong><\/p>\n<p><span>Dissolve 150g (5 sachets) of descaling agent in 1 litre of warm water. Pour the solution into the powder container and set to a wash cycle at +60\u00b0C. Clean with empty devices.<\/span><\/p>\n","protected":false},"excerpt":{"rendered":"<p>Dragon Descaler limescale powder 30g Product code: DOK030 EAN: 5903649004079 Extends the life of household appliances while preventing increased electricity<\/p>\n","protected":false},"featured_media":31520,"template":"","meta":[],"product_brand":[],"product_cat":[270,380,389],"product_tag":[1601,1697],"class_list":{"0":"post-31522","1":"product","2":"type-product","3":"status-publish","4":"has-post-thumbnail","6":"product_cat-chemical-products","7":"product_cat-home-and-office-equipment","8":"product_cat-water-filtering","9":"product_tag-dragon-en","10":"product_tag-limescale","12":"first","13":"instock","14":"taxable","15":"shipping-taxable","16":"purchasable","17":"product-type-simple"},"yoast_head":"<!-- This site is optimized with the Yoast SEO Premium plugin v20.0 (Yoast SEO v27.4) - https:\/\/yoast.com\/product\/yoast-seo-premium-wordpress\/ -->\n<title>Dragon Descaler limescale powder 30g - Obender<\/title>\n<meta name=\"description\" content=\"Obender descalerDragon Descaler limescale powder 30g Dragon Descaler Dragon Descaler limescale powder 30g 30g powder\" \/>\n<meta name=\"robots\" content=\"index, follow, max-snippet:-1, max-image-preview:large, max-video-preview:-1\" \/>\n<link rel=\"canonical\" href=\"https:\/\/obender.eu\/toode\/dragon-descaler-katlakivieemaldaja-pulber-30g\/\" \/>\n<meta property=\"og:locale\" content=\"en_US\" \/>\n<meta property=\"og:type\" content=\"article\" \/>\n<meta property=\"og:title\" content=\"Dragon Descaler limescale powder 30g\" \/>\n<meta property=\"og:description\" content=\"Obender descalerDragon Descaler limescale powder 30g Dragon Descaler Dragon Descaler limescale powder 30g 30g powder\" \/>\n<meta property=\"og:url\" content=\"https:\/\/obender.eu\/toode\/dragon-descaler-katlakivieemaldaja-pulber-30g\/\" \/>\n<meta property=\"og:site_name\" content=\"Obender\" \/>\n<meta property=\"article:modified_time\" content=\"2026-04-18T14:00:46+00:00\" \/>\n<meta property=\"og:image\" content=\"https:\/\/obender.eu\/wp-content\/uploads\/2025\/04\/DOK030.jpg\" \/>\n\t<meta property=\"og:image:width\" content=\"800\" \/>\n\t<meta property=\"og:image:height\" content=\"800\" \/>\n\t<meta property=\"og:image:type\" content=\"image\/jpeg\" \/>\n<meta name=\"twitter:card\" content=\"summary_large_image\" \/>\n<meta name=\"twitter:label1\" content=\"Est. reading time\" \/>\n\t<meta name=\"twitter:data1\" content=\"2 minutes\" \/>\n<script type=\"application\/ld+json\" class=\"yoast-schema-graph\">{\"@context\":\"https:\\\/\\\/schema.org\",\"@graph\":[{\"@type\":\"WebPage\",\"@id\":\"https:\\\/\\\/obender.eu\\\/toode\\\/dragon-descaler-katlakivieemaldaja-pulber-30g\\\/\",\"url\":\"https:\\\/\\\/obender.eu\\\/toode\\\/dragon-descaler-katlakivieemaldaja-pulber-30g\\\/\",\"name\":\"Dragon Descaler limescale powder 30g - Obender\",\"isPartOf\":{\"@id\":\"https:\\\/\\\/www.obender.eu\\\/#website\"},\"primaryImageOfPage\":{\"@id\":\"https:\\\/\\\/obender.eu\\\/toode\\\/dragon-descaler-katlakivieemaldaja-pulber-30g\\\/#primaryimage\"},\"image\":{\"@id\":\"https:\\\/\\\/obender.eu\\\/toode\\\/dragon-descaler-katlakivieemaldaja-pulber-30g\\\/#primaryimage\"},\"thumbnailUrl\":\"https:\\\/\\\/obender.eu\\\/wp-content\\\/uploads\\\/2025\\\/04\\\/DOK030.jpg\",\"datePublished\":\"2025-04-16T09:35:32+00:00\",\"dateModified\":\"2026-04-18T14:00:46+00:00\",\"description\":\"Obender descalerDragon Descaler limescale powder 30g Dragon Descaler Dragon Descaler limescale powder 30g 30g powder\",\"breadcrumb\":{\"@id\":\"https:\\\/\\\/obender.eu\\\/toode\\\/dragon-descaler-katlakivieemaldaja-pulber-30g\\\/#breadcrumb\"},\"inLanguage\":\"en-US\",\"potentialAction\":[{\"@type\":\"ReadAction\",\"target\":[\"https:\\\/\\\/obender.eu\\\/toode\\\/dragon-descaler-katlakivieemaldaja-pulber-30g\\\/\"]}]},{\"@type\":\"ImageObject\",\"inLanguage\":\"en-US\",\"@id\":\"https:\\\/\\\/obender.eu\\\/toode\\\/dragon-descaler-katlakivieemaldaja-pulber-30g\\\/#primaryimage\",\"url\":\"https:\\\/\\\/obender.eu\\\/wp-content\\\/uploads\\\/2025\\\/04\\\/DOK030.jpg\",\"contentUrl\":\"https:\\\/\\\/obender.eu\\\/wp-content\\\/uploads\\\/2025\\\/04\\\/DOK030.jpg\",\"width\":800,\"height\":800},{\"@type\":\"BreadcrumbList\",\"@id\":\"https:\\\/\\\/obender.eu\\\/toode\\\/dragon-descaler-katlakivieemaldaja-pulber-30g\\\/#breadcrumb\",\"itemListElement\":[{\"@type\":\"ListItem\",\"position\":1,\"name\":\"Home\",\"item\":\"https:\\\/\\\/obender.eu\\\/en\\\/\"},{\"@type\":\"ListItem\",\"position\":2,\"name\":\"Tooted\",\"item\":\"https:\\\/\\\/www.obender.eu\\\/tooted\\\/\"},{\"@type\":\"ListItem\",\"position\":3,\"name\":\"Dragon Descaler limescale powder 30g\"}]},{\"@type\":\"WebSite\",\"@id\":\"https:\\\/\\\/www.obender.eu\\\/#website\",\"url\":\"https:\\\/\\\/www.obender.eu\\\/\",\"name\":\"Obender\",\"description\":\"T\u00f6\u00f6stuskaupade hulgim\u00fc\u00fck\",\"potentialAction\":[{\"@type\":\"SearchAction\",\"target\":{\"@type\":\"EntryPoint\",\"urlTemplate\":\"https:\\\/\\\/www.obender.eu\\\/?s={search_term_string}\"},\"query-input\":{\"@type\":\"PropertyValueSpecification\",\"valueRequired\":true,\"valueName\":\"search_term_string\"}}],\"inLanguage\":\"en-US\"}]}<\/script>\n<!-- \/ Yoast SEO Premium plugin. -->","yoast_head_json":{"title":"Dragon Descaler limescale powder 30g - Obender","description":"Obender descalerDragon Descaler limescale powder 30g Dragon Descaler Dragon Descaler limescale powder 30g 30g powder","robots":{"index":"index","follow":"follow","max-snippet":"max-snippet:-1","max-image-preview":"max-image-preview:large","max-video-preview":"max-video-preview:-1"},"canonical":"https:\/\/obender.eu\/toode\/dragon-descaler-katlakivieemaldaja-pulber-30g\/","og_locale":"en_US","og_type":"article","og_title":"Dragon Descaler limescale powder 30g","og_description":"Obender descalerDragon Descaler limescale powder 30g Dragon Descaler Dragon Descaler limescale powder 30g 30g powder","og_url":"https:\/\/obender.eu\/toode\/dragon-descaler-katlakivieemaldaja-pulber-30g\/","og_site_name":"Obender","article_modified_time":"2026-04-18T14:00:46+00:00","og_image":[{"width":800,"height":800,"url":"https:\/\/obender.eu\/wp-content\/uploads\/2025\/04\/DOK030.jpg","type":"image\/jpeg"}],"twitter_card":"summary_large_image","twitter_misc":{"Est. reading time":"2 minutes"},"schema":{"@context":"https:\/\/schema.org","@graph":[{"@type":"WebPage","@id":"https:\/\/obender.eu\/toode\/dragon-descaler-katlakivieemaldaja-pulber-30g\/","url":"https:\/\/obender.eu\/toode\/dragon-descaler-katlakivieemaldaja-pulber-30g\/","name":"Dragon Descaler limescale powder 30g - Obender","isPartOf":{"@id":"https:\/\/www.obender.eu\/#website"},"primaryImageOfPage":{"@id":"https:\/\/obender.eu\/toode\/dragon-descaler-katlakivieemaldaja-pulber-30g\/#primaryimage"},"image":{"@id":"https:\/\/obender.eu\/toode\/dragon-descaler-katlakivieemaldaja-pulber-30g\/#primaryimage"},"thumbnailUrl":"https:\/\/obender.eu\/wp-content\/uploads\/2025\/04\/DOK030.jpg","datePublished":"2025-04-16T09:35:32+00:00","dateModified":"2026-04-18T14:00:46+00:00","description":"Obender descalerDragon Descaler limescale powder 30g Dragon Descaler Dragon Descaler limescale powder 30g 30g powder","breadcrumb":{"@id":"https:\/\/obender.eu\/toode\/dragon-descaler-katlakivieemaldaja-pulber-30g\/#breadcrumb"},"inLanguage":"en-US","potentialAction":[{"@type":"ReadAction","target":["https:\/\/obender.eu\/toode\/dragon-descaler-katlakivieemaldaja-pulber-30g\/"]}]},{"@type":"ImageObject","inLanguage":"en-US","@id":"https:\/\/obender.eu\/toode\/dragon-descaler-katlakivieemaldaja-pulber-30g\/#primaryimage","url":"https:\/\/obender.eu\/wp-content\/uploads\/2025\/04\/DOK030.jpg","contentUrl":"https:\/\/obender.eu\/wp-content\/uploads\/2025\/04\/DOK030.jpg","width":800,"height":800},{"@type":"BreadcrumbList","@id":"https:\/\/obender.eu\/toode\/dragon-descaler-katlakivieemaldaja-pulber-30g\/#breadcrumb","itemListElement":[{"@type":"ListItem","position":1,"name":"Home","item":"https:\/\/obender.eu\/en\/"},{"@type":"ListItem","position":2,"name":"Tooted","item":"https:\/\/www.obender.eu\/tooted\/"},{"@type":"ListItem","position":3,"name":"Dragon Descaler limescale powder 30g"}]},{"@type":"WebSite","@id":"https:\/\/www.obender.eu\/#website","url":"https:\/\/www.obender.eu\/","name":"Obender","description":"T\u00f6\u00f6stuskaupade hulgim\u00fc\u00fck","potentialAction":[{"@type":"SearchAction","target":{"@type":"EntryPoint","urlTemplate":"https:\/\/www.obender.eu\/?s={search_term_string}"},"query-input":{"@type":"PropertyValueSpecification","valueRequired":true,"valueName":"search_term_string"}}],"inLanguage":"en-US"}]}},"_links":{"self":[{"href":"https:\/\/obender.eu\/en\/wp-json\/wp\/v2\/product\/31522","targetHints":{"allow":["GET"]}}],"collection":[{"href":"https:\/\/obender.eu\/en\/wp-json\/wp\/v2\/product"}],"about":[{"href":"https:\/\/obender.eu\/en\/wp-json\/wp\/v2\/types\/product"}],"version-history":[{"count":1,"href":"https:\/\/obender.eu\/en\/wp-json\/wp\/v2\/product\/31522\/revisions"}],"predecessor-version":[{"id":31523,"href":"https:\/\/obender.eu\/en\/wp-json\/wp\/v2\/product\/31522\/revisions\/31523"}],"wp:featuredmedia":[{"embeddable":true,"href":"https:\/\/obender.eu\/en\/wp-json\/wp\/v2\/media\/31520"}],"wp:attachment":[{"href":"https:\/\/obender.eu\/en\/wp-json\/wp\/v2\/media?parent=31522"}],"wp:term":[{"taxonomy":"product_brand","embeddable":true,"href":"https:\/\/obender.eu\/en\/wp-json\/wp\/v2\/product_brand?post=31522"},{"taxonomy":"product_cat","embeddable":true,"href":"https:\/\/obender.eu\/en\/wp-json\/wp\/v2\/product_cat?post=31522"},{"taxonomy":"product_tag","embeddable":true,"href":"https:\/\/obender.eu\/en\/wp-json\/wp\/v2\/product_tag?post=31522"}],"curies":[{"name":"wp","href":"https:\/\/api.w.org\/{rel}","templated":true}]}}