{"id":31571,"date":"2025-04-30T19:48:31","date_gmt":"2025-04-30T16:48:31","guid":{"rendered":"https:\/\/obender.eu\/toode\/dragon-hard-cleaner-400ml\/"},"modified":"2026-04-13T03:01:01","modified_gmt":"2026-04-13T00:01:01","slug":"dragon-hard-cleaner-400ml","status":"publish","type":"product","link":"https:\/\/obender.eu\/en\/toode\/dragon-hard-cleaner-400ml\/","title":{"rendered":"Dragon Hard Cleaner 400ml"},"content":{"rendered":"<p>Dragon Hard Cleaner 400ml<\/p>\n<p>Product code: DHCZOT<\/p>\n<p>EAN: 5903649065797<\/p>\n<p>Designed for:<\/p>\n<ul>\n<li>Maintenance, repair and assembly work.<\/li>\n<li>Cleaning disc and drum brakes, engine systems, all tools, assemblies, clutch parts and gearboxes.<\/li>\n<\/ul>\n<p>Hard Cleaner Dragon is a specialist product that perfectly removes various types of deposits and persistent dirt such as oils, grease and brake fluid from most surfaces. It evaporates quickly, leaving the surface dry and clean.<\/p>\n<ul>\n<li>Evaporates quickly,<\/li>\n<li>innovative 360\u00b0 valve,<\/li>\n<li>universal use,<\/li>\n<li>effective in action,<\/li>\n<li>removes oils, grease, brake fluid,<\/li>\n<li>precise application.<\/li>\n<\/ul>\n","protected":false},"excerpt":{"rendered":"<p>Dragon Hard Cleaner 400ml Product code: DHCZOT EAN: 5903649065797 Designed for: Maintenance, repair and assembly work. Cleaning disc and drum<\/p>\n","protected":false},"featured_media":31569,"template":"","meta":[],"product_brand":[],"product_cat":[270,1673],"product_tag":[1601],"class_list":{"0":"post-31571","1":"product","2":"type-product","3":"status-publish","4":"has-post-thumbnail","6":"product_cat-chemical-products","7":"product_cat-household-cleaners","8":"product_tag-dragon-en","10":"first","11":"instock","12":"taxable","13":"shipping-taxable","14":"purchasable","15":"product-type-simple"},"yoast_head":"<!-- This site is optimized with the Yoast SEO Premium plugin v20.0 (Yoast SEO v27.3) - https:\/\/yoast.com\/product\/yoast-seo-premium-wordpress\/ -->\n<title>Dragon Hard Cleaner 400ml dragon hard cleaner - Obender dragon<\/title>\n<meta name=\"description\" content=\"Obender Dragon Hard Cleaner Dragon Hard Cleaner 400ml Dragon Hard Cleaner - dragon - hard cleaner Dragon Hard Cleaner 400ml DHCZOT\" \/>\n<meta name=\"robots\" content=\"index, follow, max-snippet:-1, max-image-preview:large, max-video-preview:-1\" \/>\n<link rel=\"canonical\" href=\"https:\/\/obender.eu\/en\/toode\/dragon-hard-cleaner-400ml\/\" \/>\n<meta property=\"og:locale\" content=\"en_US\" \/>\n<meta property=\"og:type\" content=\"article\" \/>\n<meta property=\"og:title\" content=\"Dragon Hard Cleaner 400ml\" \/>\n<meta property=\"og:description\" content=\"Obender Dragon Hard Cleaner Dragon Hard Cleaner 400ml Dragon Hard Cleaner - dragon - hard cleaner Dragon Hard Cleaner 400ml DHCZOT\" \/>\n<meta property=\"og:url\" content=\"https:\/\/obender.eu\/en\/toode\/dragon-hard-cleaner-400ml\/\" \/>\n<meta property=\"og:site_name\" content=\"Obender\" \/>\n<meta property=\"article:modified_time\" content=\"2026-04-13T00:01:01+00:00\" \/>\n<meta property=\"og:image\" content=\"https:\/\/obender.eu\/wp-content\/uploads\/2025\/04\/5903649065797.jpg\" \/>\n\t<meta property=\"og:image:width\" content=\"800\" \/>\n\t<meta property=\"og:image:height\" content=\"800\" \/>\n\t<meta property=\"og:image:type\" content=\"image\/jpeg\" \/>\n<meta name=\"twitter:card\" content=\"summary_large_image\" \/>\n<meta name=\"twitter:label1\" content=\"Est. reading time\" \/>\n\t<meta name=\"twitter:data1\" content=\"1 minute\" \/>\n<script type=\"application\/ld+json\" class=\"yoast-schema-graph\">{\"@context\":\"https:\\\/\\\/schema.org\",\"@graph\":[{\"@type\":\"WebPage\",\"@id\":\"https:\\\/\\\/obender.eu\\\/en\\\/toode\\\/dragon-hard-cleaner-400ml\\\/\",\"url\":\"https:\\\/\\\/obender.eu\\\/en\\\/toode\\\/dragon-hard-cleaner-400ml\\\/\",\"name\":\"Dragon Hard Cleaner 400ml dragon hard cleaner - Obender dragon\",\"isPartOf\":{\"@id\":\"https:\\\/\\\/www.obender.eu\\\/#website\"},\"primaryImageOfPage\":{\"@id\":\"https:\\\/\\\/obender.eu\\\/en\\\/toode\\\/dragon-hard-cleaner-400ml\\\/#primaryimage\"},\"image\":{\"@id\":\"https:\\\/\\\/obender.eu\\\/en\\\/toode\\\/dragon-hard-cleaner-400ml\\\/#primaryimage\"},\"thumbnailUrl\":\"https:\\\/\\\/obender.eu\\\/wp-content\\\/uploads\\\/2025\\\/04\\\/5903649065797.jpg\",\"datePublished\":\"2025-04-30T16:48:31+00:00\",\"dateModified\":\"2026-04-13T00:01:01+00:00\",\"description\":\"Obender Dragon Hard Cleaner Dragon Hard Cleaner 400ml Dragon Hard Cleaner - dragon - hard cleaner Dragon Hard Cleaner 400ml DHCZOT\",\"breadcrumb\":{\"@id\":\"https:\\\/\\\/obender.eu\\\/en\\\/toode\\\/dragon-hard-cleaner-400ml\\\/#breadcrumb\"},\"inLanguage\":\"en-US\",\"potentialAction\":[{\"@type\":\"ReadAction\",\"target\":[\"https:\\\/\\\/obender.eu\\\/en\\\/toode\\\/dragon-hard-cleaner-400ml\\\/\"]}]},{\"@type\":\"ImageObject\",\"inLanguage\":\"en-US\",\"@id\":\"https:\\\/\\\/obender.eu\\\/en\\\/toode\\\/dragon-hard-cleaner-400ml\\\/#primaryimage\",\"url\":\"https:\\\/\\\/obender.eu\\\/wp-content\\\/uploads\\\/2025\\\/04\\\/5903649065797.jpg\",\"contentUrl\":\"https:\\\/\\\/obender.eu\\\/wp-content\\\/uploads\\\/2025\\\/04\\\/5903649065797.jpg\",\"width\":800,\"height\":800,\"caption\":\"b57068d9717a68441f846466b52a81aeb4c3df5115b8c076b9bea20a3aaf883fb4fa8be9b481aaa01c106927e16f1d47ab03492ee43249728b8f6fe755538b7bf90792b6091defdd4460bc1d42ccb055\"},{\"@type\":\"BreadcrumbList\",\"@id\":\"https:\\\/\\\/obender.eu\\\/en\\\/toode\\\/dragon-hard-cleaner-400ml\\\/#breadcrumb\",\"itemListElement\":[{\"@type\":\"ListItem\",\"position\":1,\"name\":\"Home\",\"item\":\"https:\\\/\\\/obender.eu\\\/en\\\/\"},{\"@type\":\"ListItem\",\"position\":2,\"name\":\"Tooted\",\"item\":\"https:\\\/\\\/www.obender.eu\\\/tooted\\\/\"},{\"@type\":\"ListItem\",\"position\":3,\"name\":\"Dragon Hard Cleaner 400ml\"}]},{\"@type\":\"WebSite\",\"@id\":\"https:\\\/\\\/www.obender.eu\\\/#website\",\"url\":\"https:\\\/\\\/www.obender.eu\\\/\",\"name\":\"Obender\",\"description\":\"T\u00f6\u00f6stuskaupade hulgim\u00fc\u00fck\",\"potentialAction\":[{\"@type\":\"SearchAction\",\"target\":{\"@type\":\"EntryPoint\",\"urlTemplate\":\"https:\\\/\\\/www.obender.eu\\\/?s={search_term_string}\"},\"query-input\":{\"@type\":\"PropertyValueSpecification\",\"valueRequired\":true,\"valueName\":\"search_term_string\"}}],\"inLanguage\":\"en-US\"}]}<\/script>\n<!-- \/ Yoast SEO Premium plugin. -->","yoast_head_json":{"title":"Dragon Hard Cleaner 400ml dragon hard cleaner - Obender dragon","description":"Obender Dragon Hard Cleaner Dragon Hard Cleaner 400ml Dragon Hard Cleaner - dragon - hard cleaner Dragon Hard Cleaner 400ml DHCZOT","robots":{"index":"index","follow":"follow","max-snippet":"max-snippet:-1","max-image-preview":"max-image-preview:large","max-video-preview":"max-video-preview:-1"},"canonical":"https:\/\/obender.eu\/en\/toode\/dragon-hard-cleaner-400ml\/","og_locale":"en_US","og_type":"article","og_title":"Dragon Hard Cleaner 400ml","og_description":"Obender Dragon Hard Cleaner Dragon Hard Cleaner 400ml Dragon Hard Cleaner - dragon - hard cleaner Dragon Hard Cleaner 400ml DHCZOT","og_url":"https:\/\/obender.eu\/en\/toode\/dragon-hard-cleaner-400ml\/","og_site_name":"Obender","article_modified_time":"2026-04-13T00:01:01+00:00","og_image":[{"width":800,"height":800,"url":"https:\/\/obender.eu\/wp-content\/uploads\/2025\/04\/5903649065797.jpg","type":"image\/jpeg"}],"twitter_card":"summary_large_image","twitter_misc":{"Est. reading time":"1 minute"},"schema":{"@context":"https:\/\/schema.org","@graph":[{"@type":"WebPage","@id":"https:\/\/obender.eu\/en\/toode\/dragon-hard-cleaner-400ml\/","url":"https:\/\/obender.eu\/en\/toode\/dragon-hard-cleaner-400ml\/","name":"Dragon Hard Cleaner 400ml dragon hard cleaner - Obender dragon","isPartOf":{"@id":"https:\/\/www.obender.eu\/#website"},"primaryImageOfPage":{"@id":"https:\/\/obender.eu\/en\/toode\/dragon-hard-cleaner-400ml\/#primaryimage"},"image":{"@id":"https:\/\/obender.eu\/en\/toode\/dragon-hard-cleaner-400ml\/#primaryimage"},"thumbnailUrl":"https:\/\/obender.eu\/wp-content\/uploads\/2025\/04\/5903649065797.jpg","datePublished":"2025-04-30T16:48:31+00:00","dateModified":"2026-04-13T00:01:01+00:00","description":"Obender Dragon Hard Cleaner Dragon Hard Cleaner 400ml Dragon Hard Cleaner - dragon - hard cleaner Dragon Hard Cleaner 400ml DHCZOT","breadcrumb":{"@id":"https:\/\/obender.eu\/en\/toode\/dragon-hard-cleaner-400ml\/#breadcrumb"},"inLanguage":"en-US","potentialAction":[{"@type":"ReadAction","target":["https:\/\/obender.eu\/en\/toode\/dragon-hard-cleaner-400ml\/"]}]},{"@type":"ImageObject","inLanguage":"en-US","@id":"https:\/\/obender.eu\/en\/toode\/dragon-hard-cleaner-400ml\/#primaryimage","url":"https:\/\/obender.eu\/wp-content\/uploads\/2025\/04\/5903649065797.jpg","contentUrl":"https:\/\/obender.eu\/wp-content\/uploads\/2025\/04\/5903649065797.jpg","width":800,"height":800,"caption":"b57068d9717a68441f846466b52a81aeb4c3df5115b8c076b9bea20a3aaf883fb4fa8be9b481aaa01c106927e16f1d47ab03492ee43249728b8f6fe755538b7bf90792b6091defdd4460bc1d42ccb055"},{"@type":"BreadcrumbList","@id":"https:\/\/obender.eu\/en\/toode\/dragon-hard-cleaner-400ml\/#breadcrumb","itemListElement":[{"@type":"ListItem","position":1,"name":"Home","item":"https:\/\/obender.eu\/en\/"},{"@type":"ListItem","position":2,"name":"Tooted","item":"https:\/\/www.obender.eu\/tooted\/"},{"@type":"ListItem","position":3,"name":"Dragon Hard Cleaner 400ml"}]},{"@type":"WebSite","@id":"https:\/\/www.obender.eu\/#website","url":"https:\/\/www.obender.eu\/","name":"Obender","description":"T\u00f6\u00f6stuskaupade hulgim\u00fc\u00fck","potentialAction":[{"@type":"SearchAction","target":{"@type":"EntryPoint","urlTemplate":"https:\/\/www.obender.eu\/?s={search_term_string}"},"query-input":{"@type":"PropertyValueSpecification","valueRequired":true,"valueName":"search_term_string"}}],"inLanguage":"en-US"}]}},"_links":{"self":[{"href":"https:\/\/obender.eu\/en\/wp-json\/wp\/v2\/product\/31571","targetHints":{"allow":["GET"]}}],"collection":[{"href":"https:\/\/obender.eu\/en\/wp-json\/wp\/v2\/product"}],"about":[{"href":"https:\/\/obender.eu\/en\/wp-json\/wp\/v2\/types\/product"}],"version-history":[{"count":3,"href":"https:\/\/obender.eu\/en\/wp-json\/wp\/v2\/product\/31571\/revisions"}],"predecessor-version":[{"id":31574,"href":"https:\/\/obender.eu\/en\/wp-json\/wp\/v2\/product\/31571\/revisions\/31574"}],"wp:featuredmedia":[{"embeddable":true,"href":"https:\/\/obender.eu\/en\/wp-json\/wp\/v2\/media\/31569"}],"wp:attachment":[{"href":"https:\/\/obender.eu\/en\/wp-json\/wp\/v2\/media?parent=31571"}],"wp:term":[{"taxonomy":"product_brand","embeddable":true,"href":"https:\/\/obender.eu\/en\/wp-json\/wp\/v2\/product_brand?post=31571"},{"taxonomy":"product_cat","embeddable":true,"href":"https:\/\/obender.eu\/en\/wp-json\/wp\/v2\/product_cat?post=31571"},{"taxonomy":"product_tag","embeddable":true,"href":"https:\/\/obender.eu\/en\/wp-json\/wp\/v2\/product_tag?post=31571"}],"curies":[{"name":"wp","href":"https:\/\/api.w.org\/{rel}","templated":true}]}}