{"id":31612,"date":"2025-05-14T12:10:23","date_gmt":"2025-05-14T09:10:23","guid":{"rendered":"https:\/\/obender.eu\/toode\/laualamp-avide-claude-5w-500lm-valge\/"},"modified":"2026-04-18T17:00:30","modified_gmt":"2026-04-18T14:00:30","slug":"laualamp-avide-claude-5w-500lm-valge","status":"publish","type":"product","link":"https:\/\/obender.eu\/en\/toode\/laualamp-avide-claude-5w-500lm-valge\/","title":{"rendered":"Desk lamp Avide Claude 5W 500lm white"},"content":{"rendered":"<p>Desk lamp Avide Claude 5W 500lm white<\/p>\n<p>Product code: ABLDL-BLC-5W-WH<\/p>\n<p>EAN: 5999097943909<\/p>\n<p>Material: ABS plastic with leather covering<\/p>\n<p>Lifespan: 30000h<\/p>\n<p>Light output: 5W (equivalent 42W) 500lm<\/p>\n<p>Dimmable<\/p>\n","protected":false},"excerpt":{"rendered":"<p>Desk lamp Avide Claude 5W 500lm white Product code: ABLDL-BLC-5W-WH EAN: 5999097943909 Material: ABS plastic with leather covering Lifespan: 30000h<\/p>\n","protected":false},"featured_media":31608,"template":"","meta":[],"product_brand":[],"product_cat":[305,302,406],"product_tag":[613,1781,450,651],"class_list":{"0":"post-31612","1":"product","2":"type-product","3":"status-publish","4":"has-post-thumbnail","6":"product_cat-desk-lamps","7":"product_cat-lighting","8":"product_cat-reading-lamps","9":"product_tag-avide-en","10":"product_tag-claude-en","11":"product_tag-desk-lamp","12":"product_tag-laualamp-en","14":"first","15":"instock","16":"taxable","17":"shipping-taxable","18":"purchasable","19":"product-type-simple"},"yoast_head":"<!-- This site is optimized with the Yoast SEO Premium plugin v20.0 (Yoast SEO v27.4) - https:\/\/yoast.com\/product\/yoast-seo-premium-wordpress\/ -->\n<title>Desk lamp Avide Claude 5W 500lm white - Obender desk lamp avide claude<\/title>\n<meta name=\"description\" content=\"Obender desk lamp Avide Claude Desk lamp Avide Claude 5W 500lm white desk lamp Avide Claude 5W white - desk lamp Avide Claude 5W 500lm white\" \/>\n<meta name=\"robots\" content=\"index, follow, max-snippet:-1, max-image-preview:large, max-video-preview:-1\" \/>\n<link rel=\"canonical\" href=\"https:\/\/obender.eu\/toode\/laualamp-avide-claude-5w-500lm-valge\/\" \/>\n<meta property=\"og:locale\" content=\"en_US\" \/>\n<meta property=\"og:type\" content=\"article\" \/>\n<meta property=\"og:title\" content=\"Desk lamp Avide Claude 5W 500lm white\" \/>\n<meta property=\"og:description\" content=\"Obender desk lamp Avide Claude Desk lamp Avide Claude 5W 500lm white desk lamp Avide Claude 5W white - desk lamp Avide Claude 5W 500lm white\" \/>\n<meta property=\"og:url\" content=\"https:\/\/obender.eu\/toode\/laualamp-avide-claude-5w-500lm-valge\/\" \/>\n<meta property=\"og:site_name\" content=\"Obender\" \/>\n<meta property=\"article:modified_time\" content=\"2026-04-18T14:00:30+00:00\" \/>\n<meta property=\"og:image\" content=\"https:\/\/obender.eu\/wp-content\/uploads\/2025\/05\/ABLDL-BLC-5W-WH.jpg\" \/>\n\t<meta property=\"og:image:width\" content=\"400\" \/>\n\t<meta property=\"og:image:height\" content=\"400\" \/>\n\t<meta property=\"og:image:type\" content=\"image\/jpeg\" \/>\n<meta name=\"twitter:card\" content=\"summary_large_image\" \/>\n<meta name=\"twitter:label1\" content=\"Est. reading time\" \/>\n\t<meta name=\"twitter:data1\" content=\"1 minute\" \/>\n<script type=\"application\/ld+json\" class=\"yoast-schema-graph\">{\"@context\":\"https:\\\/\\\/schema.org\",\"@graph\":[{\"@type\":\"WebPage\",\"@id\":\"https:\\\/\\\/obender.eu\\\/toode\\\/laualamp-avide-claude-5w-500lm-valge\\\/\",\"url\":\"https:\\\/\\\/obender.eu\\\/toode\\\/laualamp-avide-claude-5w-500lm-valge\\\/\",\"name\":\"Desk lamp Avide Claude 5W 500lm white - Obender desk lamp avide claude\",\"isPartOf\":{\"@id\":\"https:\\\/\\\/www.obender.eu\\\/#website\"},\"primaryImageOfPage\":{\"@id\":\"https:\\\/\\\/obender.eu\\\/toode\\\/laualamp-avide-claude-5w-500lm-valge\\\/#primaryimage\"},\"image\":{\"@id\":\"https:\\\/\\\/obender.eu\\\/toode\\\/laualamp-avide-claude-5w-500lm-valge\\\/#primaryimage\"},\"thumbnailUrl\":\"https:\\\/\\\/obender.eu\\\/wp-content\\\/uploads\\\/2025\\\/05\\\/ABLDL-BLC-5W-WH.jpg\",\"datePublished\":\"2025-05-14T09:10:23+00:00\",\"dateModified\":\"2026-04-18T14:00:30+00:00\",\"description\":\"Obender desk lamp Avide Claude Desk lamp Avide Claude 5W 500lm white desk lamp Avide Claude 5W white - desk lamp Avide Claude 5W 500lm white\",\"breadcrumb\":{\"@id\":\"https:\\\/\\\/obender.eu\\\/toode\\\/laualamp-avide-claude-5w-500lm-valge\\\/#breadcrumb\"},\"inLanguage\":\"en-US\",\"potentialAction\":[{\"@type\":\"ReadAction\",\"target\":[\"https:\\\/\\\/obender.eu\\\/toode\\\/laualamp-avide-claude-5w-500lm-valge\\\/\"]}]},{\"@type\":\"ImageObject\",\"inLanguage\":\"en-US\",\"@id\":\"https:\\\/\\\/obender.eu\\\/toode\\\/laualamp-avide-claude-5w-500lm-valge\\\/#primaryimage\",\"url\":\"https:\\\/\\\/obender.eu\\\/wp-content\\\/uploads\\\/2025\\\/05\\\/ABLDL-BLC-5W-WH.jpg\",\"contentUrl\":\"https:\\\/\\\/obender.eu\\\/wp-content\\\/uploads\\\/2025\\\/05\\\/ABLDL-BLC-5W-WH.jpg\",\"width\":400,\"height\":400},{\"@type\":\"BreadcrumbList\",\"@id\":\"https:\\\/\\\/obender.eu\\\/toode\\\/laualamp-avide-claude-5w-500lm-valge\\\/#breadcrumb\",\"itemListElement\":[{\"@type\":\"ListItem\",\"position\":1,\"name\":\"Home\",\"item\":\"https:\\\/\\\/obender.eu\\\/en\\\/\"},{\"@type\":\"ListItem\",\"position\":2,\"name\":\"Tooted\",\"item\":\"https:\\\/\\\/www.obender.eu\\\/tooted\\\/\"},{\"@type\":\"ListItem\",\"position\":3,\"name\":\"Desk lamp Avide Claude 5W 500lm white\"}]},{\"@type\":\"WebSite\",\"@id\":\"https:\\\/\\\/www.obender.eu\\\/#website\",\"url\":\"https:\\\/\\\/www.obender.eu\\\/\",\"name\":\"Obender\",\"description\":\"T\u00f6\u00f6stuskaupade hulgim\u00fc\u00fck\",\"potentialAction\":[{\"@type\":\"SearchAction\",\"target\":{\"@type\":\"EntryPoint\",\"urlTemplate\":\"https:\\\/\\\/www.obender.eu\\\/?s={search_term_string}\"},\"query-input\":{\"@type\":\"PropertyValueSpecification\",\"valueRequired\":true,\"valueName\":\"search_term_string\"}}],\"inLanguage\":\"en-US\"}]}<\/script>\n<!-- \/ Yoast SEO Premium plugin. -->","yoast_head_json":{"title":"Desk lamp Avide Claude 5W 500lm white - Obender desk lamp avide claude","description":"Obender desk lamp Avide Claude Desk lamp Avide Claude 5W 500lm white desk lamp Avide Claude 5W white - desk lamp Avide Claude 5W 500lm white","robots":{"index":"index","follow":"follow","max-snippet":"max-snippet:-1","max-image-preview":"max-image-preview:large","max-video-preview":"max-video-preview:-1"},"canonical":"https:\/\/obender.eu\/toode\/laualamp-avide-claude-5w-500lm-valge\/","og_locale":"en_US","og_type":"article","og_title":"Desk lamp Avide Claude 5W 500lm white","og_description":"Obender desk lamp Avide Claude Desk lamp Avide Claude 5W 500lm white desk lamp Avide Claude 5W white - desk lamp Avide Claude 5W 500lm white","og_url":"https:\/\/obender.eu\/toode\/laualamp-avide-claude-5w-500lm-valge\/","og_site_name":"Obender","article_modified_time":"2026-04-18T14:00:30+00:00","og_image":[{"width":400,"height":400,"url":"https:\/\/obender.eu\/wp-content\/uploads\/2025\/05\/ABLDL-BLC-5W-WH.jpg","type":"image\/jpeg"}],"twitter_card":"summary_large_image","twitter_misc":{"Est. reading time":"1 minute"},"schema":{"@context":"https:\/\/schema.org","@graph":[{"@type":"WebPage","@id":"https:\/\/obender.eu\/toode\/laualamp-avide-claude-5w-500lm-valge\/","url":"https:\/\/obender.eu\/toode\/laualamp-avide-claude-5w-500lm-valge\/","name":"Desk lamp Avide Claude 5W 500lm white - Obender desk lamp avide claude","isPartOf":{"@id":"https:\/\/www.obender.eu\/#website"},"primaryImageOfPage":{"@id":"https:\/\/obender.eu\/toode\/laualamp-avide-claude-5w-500lm-valge\/#primaryimage"},"image":{"@id":"https:\/\/obender.eu\/toode\/laualamp-avide-claude-5w-500lm-valge\/#primaryimage"},"thumbnailUrl":"https:\/\/obender.eu\/wp-content\/uploads\/2025\/05\/ABLDL-BLC-5W-WH.jpg","datePublished":"2025-05-14T09:10:23+00:00","dateModified":"2026-04-18T14:00:30+00:00","description":"Obender desk lamp Avide Claude Desk lamp Avide Claude 5W 500lm white desk lamp Avide Claude 5W white - desk lamp Avide Claude 5W 500lm white","breadcrumb":{"@id":"https:\/\/obender.eu\/toode\/laualamp-avide-claude-5w-500lm-valge\/#breadcrumb"},"inLanguage":"en-US","potentialAction":[{"@type":"ReadAction","target":["https:\/\/obender.eu\/toode\/laualamp-avide-claude-5w-500lm-valge\/"]}]},{"@type":"ImageObject","inLanguage":"en-US","@id":"https:\/\/obender.eu\/toode\/laualamp-avide-claude-5w-500lm-valge\/#primaryimage","url":"https:\/\/obender.eu\/wp-content\/uploads\/2025\/05\/ABLDL-BLC-5W-WH.jpg","contentUrl":"https:\/\/obender.eu\/wp-content\/uploads\/2025\/05\/ABLDL-BLC-5W-WH.jpg","width":400,"height":400},{"@type":"BreadcrumbList","@id":"https:\/\/obender.eu\/toode\/laualamp-avide-claude-5w-500lm-valge\/#breadcrumb","itemListElement":[{"@type":"ListItem","position":1,"name":"Home","item":"https:\/\/obender.eu\/en\/"},{"@type":"ListItem","position":2,"name":"Tooted","item":"https:\/\/www.obender.eu\/tooted\/"},{"@type":"ListItem","position":3,"name":"Desk lamp Avide Claude 5W 500lm white"}]},{"@type":"WebSite","@id":"https:\/\/www.obender.eu\/#website","url":"https:\/\/www.obender.eu\/","name":"Obender","description":"T\u00f6\u00f6stuskaupade hulgim\u00fc\u00fck","potentialAction":[{"@type":"SearchAction","target":{"@type":"EntryPoint","urlTemplate":"https:\/\/www.obender.eu\/?s={search_term_string}"},"query-input":{"@type":"PropertyValueSpecification","valueRequired":true,"valueName":"search_term_string"}}],"inLanguage":"en-US"}]}},"_links":{"self":[{"href":"https:\/\/obender.eu\/en\/wp-json\/wp\/v2\/product\/31612","targetHints":{"allow":["GET"]}}],"collection":[{"href":"https:\/\/obender.eu\/en\/wp-json\/wp\/v2\/product"}],"about":[{"href":"https:\/\/obender.eu\/en\/wp-json\/wp\/v2\/types\/product"}],"version-history":[{"count":1,"href":"https:\/\/obender.eu\/en\/wp-json\/wp\/v2\/product\/31612\/revisions"}],"predecessor-version":[{"id":31613,"href":"https:\/\/obender.eu\/en\/wp-json\/wp\/v2\/product\/31612\/revisions\/31613"}],"wp:featuredmedia":[{"embeddable":true,"href":"https:\/\/obender.eu\/en\/wp-json\/wp\/v2\/media\/31608"}],"wp:attachment":[{"href":"https:\/\/obender.eu\/en\/wp-json\/wp\/v2\/media?parent=31612"}],"wp:term":[{"taxonomy":"product_brand","embeddable":true,"href":"https:\/\/obender.eu\/en\/wp-json\/wp\/v2\/product_brand?post=31612"},{"taxonomy":"product_cat","embeddable":true,"href":"https:\/\/obender.eu\/en\/wp-json\/wp\/v2\/product_cat?post=31612"},{"taxonomy":"product_tag","embeddable":true,"href":"https:\/\/obender.eu\/en\/wp-json\/wp\/v2\/product_tag?post=31612"}],"curies":[{"name":"wp","href":"https:\/\/api.w.org\/{rel}","templated":true}]}}