{"id":31634,"date":"2025-05-15T12:23:03","date_gmt":"2025-05-15T09:23:03","guid":{"rendered":"https:\/\/obender.eu\/toode\/pealamp-entac-5w-akuga\/"},"modified":"2026-04-18T17:00:25","modified_gmt":"2026-04-18T14:00:25","slug":"pealamp-entac-5w-akuga","status":"publish","type":"product","link":"https:\/\/obender.eu\/en\/toode\/pealamp-entac-5w-akuga\/","title":{"rendered":"Headlamp Entac 5W rechargeable"},"content":{"rendered":"<p>Headlamp Entac 5W rechargeable<\/p>\n<p>Product code: EHL-3W-PB-R<\/p>\n<p>EAN: 5999097988221<\/p>\n<p>Body: ABS plastic<\/p>\n<p>IP54<\/p>\n<p>Light source: 5W 118lm, LED XPE-type, beam up to 120m<\/p>\n<p>Battery: 700mAh lithium-polymer (LiPo), run time max 5h<\/p>\n<p>Net weight: 76g<\/p>\n<p>Micro-USB charging cable included<\/p>\n","protected":false},"excerpt":{"rendered":"<p>Headlamp Entac 5W rechargeable Product code: EHL-3W-PB-R EAN: 5999097988221 Body: ABS plastic IP54 Light source: 5W 118lm, LED XPE-type, beam<\/p>\n","protected":false},"featured_media":31626,"template":"","meta":[],"product_brand":[],"product_cat":[320,335],"product_tag":[603,624,1070,625],"class_list":{"0":"post-31634","1":"product","2":"type-product","3":"status-publish","4":"has-post-thumbnail","6":"product_cat-headlamps","7":"product_cat-sports-and-leisure","8":"product_tag-entac-en","9":"product_tag-headlamp","10":"product_tag-headlight-en","11":"product_tag-pealamp","13":"first","14":"instock","15":"taxable","16":"shipping-taxable","17":"purchasable","18":"product-type-simple"},"yoast_head":"<!-- This site is optimized with the Yoast SEO Premium plugin v20.0 (Yoast SEO v27.4) - https:\/\/yoast.com\/product\/yoast-seo-premium-wordpress\/ -->\n<title>Headlamp Entac 5W rechargeable - Obender headlamp entac<\/title>\n<meta name=\"description\" content=\"Headlamp Entac 5W rechargeable headlamp entac Obender headlamp entac 5w\" \/>\n<meta name=\"robots\" content=\"index, follow, max-snippet:-1, max-image-preview:large, max-video-preview:-1\" \/>\n<link rel=\"canonical\" href=\"https:\/\/obender.eu\/en\/toode\/pealamp-entac-5w-akuga\/\" \/>\n<meta property=\"og:locale\" content=\"en_US\" \/>\n<meta property=\"og:type\" content=\"article\" \/>\n<meta property=\"og:title\" content=\"Headlamp Entac 5W rechargeable\" \/>\n<meta property=\"og:description\" content=\"Headlamp Entac 5W rechargeable headlamp entac Obender headlamp entac 5w\" \/>\n<meta property=\"og:url\" content=\"https:\/\/obender.eu\/en\/toode\/pealamp-entac-5w-akuga\/\" \/>\n<meta property=\"og:site_name\" content=\"Obender\" \/>\n<meta property=\"article:modified_time\" content=\"2026-04-18T14:00:25+00:00\" \/>\n<meta property=\"og:image\" content=\"https:\/\/obender.eu\/wp-content\/uploads\/2025\/05\/EHL-3W-PB-R-1.jpg\" \/>\n\t<meta property=\"og:image:width\" content=\"1000\" \/>\n\t<meta property=\"og:image:height\" content=\"1000\" \/>\n\t<meta property=\"og:image:type\" content=\"image\/jpeg\" \/>\n<meta name=\"twitter:card\" content=\"summary_large_image\" \/>\n<meta name=\"twitter:label1\" content=\"Est. reading time\" \/>\n\t<meta name=\"twitter:data1\" content=\"1 minute\" \/>\n<script type=\"application\/ld+json\" class=\"yoast-schema-graph\">{\"@context\":\"https:\\\/\\\/schema.org\",\"@graph\":[{\"@type\":\"WebPage\",\"@id\":\"https:\\\/\\\/obender.eu\\\/en\\\/toode\\\/pealamp-entac-5w-akuga\\\/\",\"url\":\"https:\\\/\\\/obender.eu\\\/en\\\/toode\\\/pealamp-entac-5w-akuga\\\/\",\"name\":\"Headlamp Entac 5W rechargeable - Obender headlamp entac\",\"isPartOf\":{\"@id\":\"https:\\\/\\\/www.obender.eu\\\/#website\"},\"primaryImageOfPage\":{\"@id\":\"https:\\\/\\\/obender.eu\\\/en\\\/toode\\\/pealamp-entac-5w-akuga\\\/#primaryimage\"},\"image\":{\"@id\":\"https:\\\/\\\/obender.eu\\\/en\\\/toode\\\/pealamp-entac-5w-akuga\\\/#primaryimage\"},\"thumbnailUrl\":\"https:\\\/\\\/obender.eu\\\/wp-content\\\/uploads\\\/2025\\\/05\\\/EHL-3W-PB-R-1.jpg\",\"datePublished\":\"2025-05-15T09:23:03+00:00\",\"dateModified\":\"2026-04-18T14:00:25+00:00\",\"description\":\"Headlamp Entac 5W rechargeable headlamp entac Obender headlamp entac 5w\",\"breadcrumb\":{\"@id\":\"https:\\\/\\\/obender.eu\\\/en\\\/toode\\\/pealamp-entac-5w-akuga\\\/#breadcrumb\"},\"inLanguage\":\"en-US\",\"potentialAction\":[{\"@type\":\"ReadAction\",\"target\":[\"https:\\\/\\\/obender.eu\\\/en\\\/toode\\\/pealamp-entac-5w-akuga\\\/\"]}]},{\"@type\":\"ImageObject\",\"inLanguage\":\"en-US\",\"@id\":\"https:\\\/\\\/obender.eu\\\/en\\\/toode\\\/pealamp-entac-5w-akuga\\\/#primaryimage\",\"url\":\"https:\\\/\\\/obender.eu\\\/wp-content\\\/uploads\\\/2025\\\/05\\\/EHL-3W-PB-R-1.jpg\",\"contentUrl\":\"https:\\\/\\\/obender.eu\\\/wp-content\\\/uploads\\\/2025\\\/05\\\/EHL-3W-PB-R-1.jpg\",\"width\":1000,\"height\":1000},{\"@type\":\"BreadcrumbList\",\"@id\":\"https:\\\/\\\/obender.eu\\\/en\\\/toode\\\/pealamp-entac-5w-akuga\\\/#breadcrumb\",\"itemListElement\":[{\"@type\":\"ListItem\",\"position\":1,\"name\":\"Home\",\"item\":\"https:\\\/\\\/obender.eu\\\/en\\\/\"},{\"@type\":\"ListItem\",\"position\":2,\"name\":\"Tooted\",\"item\":\"https:\\\/\\\/www.obender.eu\\\/tooted\\\/\"},{\"@type\":\"ListItem\",\"position\":3,\"name\":\"Headlamp Entac 5W rechargeable\"}]},{\"@type\":\"WebSite\",\"@id\":\"https:\\\/\\\/www.obender.eu\\\/#website\",\"url\":\"https:\\\/\\\/www.obender.eu\\\/\",\"name\":\"Obender\",\"description\":\"T\u00f6\u00f6stuskaupade hulgim\u00fc\u00fck\",\"potentialAction\":[{\"@type\":\"SearchAction\",\"target\":{\"@type\":\"EntryPoint\",\"urlTemplate\":\"https:\\\/\\\/www.obender.eu\\\/?s={search_term_string}\"},\"query-input\":{\"@type\":\"PropertyValueSpecification\",\"valueRequired\":true,\"valueName\":\"search_term_string\"}}],\"inLanguage\":\"en-US\"}]}<\/script>\n<!-- \/ Yoast SEO Premium plugin. -->","yoast_head_json":{"title":"Headlamp Entac 5W rechargeable - Obender headlamp entac","description":"Headlamp Entac 5W rechargeable headlamp entac Obender headlamp entac 5w","robots":{"index":"index","follow":"follow","max-snippet":"max-snippet:-1","max-image-preview":"max-image-preview:large","max-video-preview":"max-video-preview:-1"},"canonical":"https:\/\/obender.eu\/en\/toode\/pealamp-entac-5w-akuga\/","og_locale":"en_US","og_type":"article","og_title":"Headlamp Entac 5W rechargeable","og_description":"Headlamp Entac 5W rechargeable headlamp entac Obender headlamp entac 5w","og_url":"https:\/\/obender.eu\/en\/toode\/pealamp-entac-5w-akuga\/","og_site_name":"Obender","article_modified_time":"2026-04-18T14:00:25+00:00","og_image":[{"width":1000,"height":1000,"url":"https:\/\/obender.eu\/wp-content\/uploads\/2025\/05\/EHL-3W-PB-R-1.jpg","type":"image\/jpeg"}],"twitter_card":"summary_large_image","twitter_misc":{"Est. reading time":"1 minute"},"schema":{"@context":"https:\/\/schema.org","@graph":[{"@type":"WebPage","@id":"https:\/\/obender.eu\/en\/toode\/pealamp-entac-5w-akuga\/","url":"https:\/\/obender.eu\/en\/toode\/pealamp-entac-5w-akuga\/","name":"Headlamp Entac 5W rechargeable - Obender headlamp entac","isPartOf":{"@id":"https:\/\/www.obender.eu\/#website"},"primaryImageOfPage":{"@id":"https:\/\/obender.eu\/en\/toode\/pealamp-entac-5w-akuga\/#primaryimage"},"image":{"@id":"https:\/\/obender.eu\/en\/toode\/pealamp-entac-5w-akuga\/#primaryimage"},"thumbnailUrl":"https:\/\/obender.eu\/wp-content\/uploads\/2025\/05\/EHL-3W-PB-R-1.jpg","datePublished":"2025-05-15T09:23:03+00:00","dateModified":"2026-04-18T14:00:25+00:00","description":"Headlamp Entac 5W rechargeable headlamp entac Obender headlamp entac 5w","breadcrumb":{"@id":"https:\/\/obender.eu\/en\/toode\/pealamp-entac-5w-akuga\/#breadcrumb"},"inLanguage":"en-US","potentialAction":[{"@type":"ReadAction","target":["https:\/\/obender.eu\/en\/toode\/pealamp-entac-5w-akuga\/"]}]},{"@type":"ImageObject","inLanguage":"en-US","@id":"https:\/\/obender.eu\/en\/toode\/pealamp-entac-5w-akuga\/#primaryimage","url":"https:\/\/obender.eu\/wp-content\/uploads\/2025\/05\/EHL-3W-PB-R-1.jpg","contentUrl":"https:\/\/obender.eu\/wp-content\/uploads\/2025\/05\/EHL-3W-PB-R-1.jpg","width":1000,"height":1000},{"@type":"BreadcrumbList","@id":"https:\/\/obender.eu\/en\/toode\/pealamp-entac-5w-akuga\/#breadcrumb","itemListElement":[{"@type":"ListItem","position":1,"name":"Home","item":"https:\/\/obender.eu\/en\/"},{"@type":"ListItem","position":2,"name":"Tooted","item":"https:\/\/www.obender.eu\/tooted\/"},{"@type":"ListItem","position":3,"name":"Headlamp Entac 5W rechargeable"}]},{"@type":"WebSite","@id":"https:\/\/www.obender.eu\/#website","url":"https:\/\/www.obender.eu\/","name":"Obender","description":"T\u00f6\u00f6stuskaupade hulgim\u00fc\u00fck","potentialAction":[{"@type":"SearchAction","target":{"@type":"EntryPoint","urlTemplate":"https:\/\/www.obender.eu\/?s={search_term_string}"},"query-input":{"@type":"PropertyValueSpecification","valueRequired":true,"valueName":"search_term_string"}}],"inLanguage":"en-US"}]}},"_links":{"self":[{"href":"https:\/\/obender.eu\/en\/wp-json\/wp\/v2\/product\/31634","targetHints":{"allow":["GET"]}}],"collection":[{"href":"https:\/\/obender.eu\/en\/wp-json\/wp\/v2\/product"}],"about":[{"href":"https:\/\/obender.eu\/en\/wp-json\/wp\/v2\/types\/product"}],"version-history":[{"count":1,"href":"https:\/\/obender.eu\/en\/wp-json\/wp\/v2\/product\/31634\/revisions"}],"predecessor-version":[{"id":31637,"href":"https:\/\/obender.eu\/en\/wp-json\/wp\/v2\/product\/31634\/revisions\/31637"}],"wp:featuredmedia":[{"embeddable":true,"href":"https:\/\/obender.eu\/en\/wp-json\/wp\/v2\/media\/31626"}],"wp:attachment":[{"href":"https:\/\/obender.eu\/en\/wp-json\/wp\/v2\/media?parent=31634"}],"wp:term":[{"taxonomy":"product_brand","embeddable":true,"href":"https:\/\/obender.eu\/en\/wp-json\/wp\/v2\/product_brand?post=31634"},{"taxonomy":"product_cat","embeddable":true,"href":"https:\/\/obender.eu\/en\/wp-json\/wp\/v2\/product_cat?post=31634"},{"taxonomy":"product_tag","embeddable":true,"href":"https:\/\/obender.eu\/en\/wp-json\/wp\/v2\/product_tag?post=31634"}],"curies":[{"name":"wp","href":"https:\/\/api.w.org\/{rel}","templated":true}]}}