{"id":31715,"date":"2025-09-01T20:36:32","date_gmt":"2025-09-01T17:36:32","guid":{"rendered":"https:\/\/obender.eu\/toode\/18650-keep-power-li-ion-26ah-37v-2tk\/"},"modified":"2026-04-20T15:01:16","modified_gmt":"2026-04-20T12:01:16","slug":"18650-keep-power-li-ion-26ah-37v-2tk","status":"publish","type":"product","link":"https:\/\/obender.eu\/en\/toode\/18650-keep-power-li-ion-26ah-37v-2tk\/","title":{"rendered":"18650 Keep Power Li-ion 2,6Ah 3,7V 2tk"},"content":{"rendered":"<p>18650 Keep Power<\/p>\n<p>2,6Ah 3,7V Li-ion<\/p>\n<p>Keep Power<\/p>\n<p>EAN: 6970906550470<\/p>\n","protected":false},"excerpt":{"rendered":"<p>18650 Keep Power 2,6Ah 3,7V Li-ion Keep Power EAN: 6970906550470<\/p>\n","protected":false},"featured_media":31711,"template":"","meta":[],"product_brand":[],"product_cat":[286,401,268,289,266],"product_tag":[835],"class_list":{"0":"post-31715","1":"product","2":"type-product","3":"status-publish","4":"has-post-thumbnail","6":"product_cat-batteries","7":"product_cat-industrial-batteries","8":"product_cat-li-ion-batteries-chargers","9":"product_cat-photo-lithium","10":"product_cat-batteries-chargers","11":"product_tag-18650-en","13":"first","14":"instock","15":"taxable","16":"shipping-taxable","17":"purchasable","18":"product-type-simple"},"yoast_head":"<!-- This site is optimized with the Yoast SEO Premium plugin v20.0 (Yoast SEO v27.4) - https:\/\/yoast.com\/product\/yoast-seo-premium-wordpress\/ -->\n<title>18650 Keep Power Li-ion 2,6Ah 3,7V 2tk 18650 LS18650 - Obender<\/title>\n<meta name=\"robots\" content=\"index, follow, max-snippet:-1, max-image-preview:large, max-video-preview:-1\" \/>\n<link rel=\"canonical\" href=\"https:\/\/obender.eu\/en\/toode\/18650-keep-power-li-ion-26ah-37v-2tk\/\" \/>\n<meta property=\"og:locale\" content=\"en_US\" \/>\n<meta property=\"og:type\" content=\"article\" \/>\n<meta property=\"og:title\" content=\"18650 Keep Power Li-ion 2,6Ah 3,7V 2tk\" \/>\n<meta property=\"og:description\" content=\"18650 Keep Power 2,6Ah 3,7V Li-ion Keep Power EAN: 6970906550470\" \/>\n<meta property=\"og:url\" content=\"https:\/\/obender.eu\/en\/toode\/18650-keep-power-li-ion-26ah-37v-2tk\/\" \/>\n<meta property=\"og:site_name\" content=\"Obender\" \/>\n<meta property=\"article:modified_time\" content=\"2026-04-20T12:01:16+00:00\" \/>\n<meta property=\"og:image\" content=\"https:\/\/obender.eu\/wp-content\/uploads\/2025\/09\/L18650.jpg\" \/>\n\t<meta property=\"og:image:width\" content=\"810\" \/>\n\t<meta property=\"og:image:height\" content=\"810\" \/>\n\t<meta property=\"og:image:type\" content=\"image\/jpeg\" \/>\n<meta name=\"twitter:card\" content=\"summary_large_image\" \/>\n<meta name=\"twitter:label1\" content=\"Est. reading time\" \/>\n\t<meta name=\"twitter:data1\" content=\"1 minute\" \/>\n<script type=\"application\/ld+json\" class=\"yoast-schema-graph\">{\"@context\":\"https:\\\/\\\/schema.org\",\"@graph\":[{\"@type\":\"WebPage\",\"@id\":\"https:\\\/\\\/obender.eu\\\/en\\\/toode\\\/18650-keep-power-li-ion-26ah-37v-2tk\\\/\",\"url\":\"https:\\\/\\\/obender.eu\\\/en\\\/toode\\\/18650-keep-power-li-ion-26ah-37v-2tk\\\/\",\"name\":\"18650 Keep Power Li-ion 2,6Ah 3,7V 2tk 18650 LS18650 - Obender\",\"isPartOf\":{\"@id\":\"https:\\\/\\\/www.obender.eu\\\/#website\"},\"primaryImageOfPage\":{\"@id\":\"https:\\\/\\\/obender.eu\\\/en\\\/toode\\\/18650-keep-power-li-ion-26ah-37v-2tk\\\/#primaryimage\"},\"image\":{\"@id\":\"https:\\\/\\\/obender.eu\\\/en\\\/toode\\\/18650-keep-power-li-ion-26ah-37v-2tk\\\/#primaryimage\"},\"thumbnailUrl\":\"https:\\\/\\\/obender.eu\\\/wp-content\\\/uploads\\\/2025\\\/09\\\/L18650.jpg\",\"datePublished\":\"2025-09-01T17:36:32+00:00\",\"dateModified\":\"2026-04-20T12:01:16+00:00\",\"breadcrumb\":{\"@id\":\"https:\\\/\\\/obender.eu\\\/en\\\/toode\\\/18650-keep-power-li-ion-26ah-37v-2tk\\\/#breadcrumb\"},\"inLanguage\":\"en-US\",\"potentialAction\":[{\"@type\":\"ReadAction\",\"target\":[\"https:\\\/\\\/obender.eu\\\/en\\\/toode\\\/18650-keep-power-li-ion-26ah-37v-2tk\\\/\"]}]},{\"@type\":\"ImageObject\",\"inLanguage\":\"en-US\",\"@id\":\"https:\\\/\\\/obender.eu\\\/en\\\/toode\\\/18650-keep-power-li-ion-26ah-37v-2tk\\\/#primaryimage\",\"url\":\"https:\\\/\\\/obender.eu\\\/wp-content\\\/uploads\\\/2025\\\/09\\\/L18650.jpg\",\"contentUrl\":\"https:\\\/\\\/obender.eu\\\/wp-content\\\/uploads\\\/2025\\\/09\\\/L18650.jpg\",\"width\":810,\"height\":810},{\"@type\":\"BreadcrumbList\",\"@id\":\"https:\\\/\\\/obender.eu\\\/en\\\/toode\\\/18650-keep-power-li-ion-26ah-37v-2tk\\\/#breadcrumb\",\"itemListElement\":[{\"@type\":\"ListItem\",\"position\":1,\"name\":\"Home\",\"item\":\"https:\\\/\\\/obender.eu\\\/en\\\/\"},{\"@type\":\"ListItem\",\"position\":2,\"name\":\"Tooted\",\"item\":\"https:\\\/\\\/www.obender.eu\\\/tooted\\\/\"},{\"@type\":\"ListItem\",\"position\":3,\"name\":\"18650 Keep Power Li-ion 2,6Ah 3,7V 2tk\"}]},{\"@type\":\"WebSite\",\"@id\":\"https:\\\/\\\/www.obender.eu\\\/#website\",\"url\":\"https:\\\/\\\/www.obender.eu\\\/\",\"name\":\"Obender\",\"description\":\"T\u00f6\u00f6stuskaupade hulgim\u00fc\u00fck\",\"potentialAction\":[{\"@type\":\"SearchAction\",\"target\":{\"@type\":\"EntryPoint\",\"urlTemplate\":\"https:\\\/\\\/www.obender.eu\\\/?s={search_term_string}\"},\"query-input\":{\"@type\":\"PropertyValueSpecification\",\"valueRequired\":true,\"valueName\":\"search_term_string\"}}],\"inLanguage\":\"en-US\"}]}<\/script>\n<!-- \/ Yoast SEO Premium plugin. -->","yoast_head_json":{"title":"18650 Keep Power Li-ion 2,6Ah 3,7V 2tk 18650 LS18650 - Obender","robots":{"index":"index","follow":"follow","max-snippet":"max-snippet:-1","max-image-preview":"max-image-preview:large","max-video-preview":"max-video-preview:-1"},"canonical":"https:\/\/obender.eu\/en\/toode\/18650-keep-power-li-ion-26ah-37v-2tk\/","og_locale":"en_US","og_type":"article","og_title":"18650 Keep Power Li-ion 2,6Ah 3,7V 2tk","og_description":"18650 Keep Power 2,6Ah 3,7V Li-ion Keep Power EAN: 6970906550470","og_url":"https:\/\/obender.eu\/en\/toode\/18650-keep-power-li-ion-26ah-37v-2tk\/","og_site_name":"Obender","article_modified_time":"2026-04-20T12:01:16+00:00","og_image":[{"width":810,"height":810,"url":"https:\/\/obender.eu\/wp-content\/uploads\/2025\/09\/L18650.jpg","type":"image\/jpeg"}],"twitter_card":"summary_large_image","twitter_misc":{"Est. reading time":"1 minute"},"schema":{"@context":"https:\/\/schema.org","@graph":[{"@type":"WebPage","@id":"https:\/\/obender.eu\/en\/toode\/18650-keep-power-li-ion-26ah-37v-2tk\/","url":"https:\/\/obender.eu\/en\/toode\/18650-keep-power-li-ion-26ah-37v-2tk\/","name":"18650 Keep Power Li-ion 2,6Ah 3,7V 2tk 18650 LS18650 - Obender","isPartOf":{"@id":"https:\/\/www.obender.eu\/#website"},"primaryImageOfPage":{"@id":"https:\/\/obender.eu\/en\/toode\/18650-keep-power-li-ion-26ah-37v-2tk\/#primaryimage"},"image":{"@id":"https:\/\/obender.eu\/en\/toode\/18650-keep-power-li-ion-26ah-37v-2tk\/#primaryimage"},"thumbnailUrl":"https:\/\/obender.eu\/wp-content\/uploads\/2025\/09\/L18650.jpg","datePublished":"2025-09-01T17:36:32+00:00","dateModified":"2026-04-20T12:01:16+00:00","breadcrumb":{"@id":"https:\/\/obender.eu\/en\/toode\/18650-keep-power-li-ion-26ah-37v-2tk\/#breadcrumb"},"inLanguage":"en-US","potentialAction":[{"@type":"ReadAction","target":["https:\/\/obender.eu\/en\/toode\/18650-keep-power-li-ion-26ah-37v-2tk\/"]}]},{"@type":"ImageObject","inLanguage":"en-US","@id":"https:\/\/obender.eu\/en\/toode\/18650-keep-power-li-ion-26ah-37v-2tk\/#primaryimage","url":"https:\/\/obender.eu\/wp-content\/uploads\/2025\/09\/L18650.jpg","contentUrl":"https:\/\/obender.eu\/wp-content\/uploads\/2025\/09\/L18650.jpg","width":810,"height":810},{"@type":"BreadcrumbList","@id":"https:\/\/obender.eu\/en\/toode\/18650-keep-power-li-ion-26ah-37v-2tk\/#breadcrumb","itemListElement":[{"@type":"ListItem","position":1,"name":"Home","item":"https:\/\/obender.eu\/en\/"},{"@type":"ListItem","position":2,"name":"Tooted","item":"https:\/\/www.obender.eu\/tooted\/"},{"@type":"ListItem","position":3,"name":"18650 Keep Power Li-ion 2,6Ah 3,7V 2tk"}]},{"@type":"WebSite","@id":"https:\/\/www.obender.eu\/#website","url":"https:\/\/www.obender.eu\/","name":"Obender","description":"T\u00f6\u00f6stuskaupade hulgim\u00fc\u00fck","potentialAction":[{"@type":"SearchAction","target":{"@type":"EntryPoint","urlTemplate":"https:\/\/www.obender.eu\/?s={search_term_string}"},"query-input":{"@type":"PropertyValueSpecification","valueRequired":true,"valueName":"search_term_string"}}],"inLanguage":"en-US"}]}},"_links":{"self":[{"href":"https:\/\/obender.eu\/en\/wp-json\/wp\/v2\/product\/31715","targetHints":{"allow":["GET"]}}],"collection":[{"href":"https:\/\/obender.eu\/en\/wp-json\/wp\/v2\/product"}],"about":[{"href":"https:\/\/obender.eu\/en\/wp-json\/wp\/v2\/types\/product"}],"version-history":[{"count":1,"href":"https:\/\/obender.eu\/en\/wp-json\/wp\/v2\/product\/31715\/revisions"}],"predecessor-version":[{"id":31716,"href":"https:\/\/obender.eu\/en\/wp-json\/wp\/v2\/product\/31715\/revisions\/31716"}],"wp:featuredmedia":[{"embeddable":true,"href":"https:\/\/obender.eu\/en\/wp-json\/wp\/v2\/media\/31711"}],"wp:attachment":[{"href":"https:\/\/obender.eu\/en\/wp-json\/wp\/v2\/media?parent=31715"}],"wp:term":[{"taxonomy":"product_brand","embeddable":true,"href":"https:\/\/obender.eu\/en\/wp-json\/wp\/v2\/product_brand?post=31715"},{"taxonomy":"product_cat","embeddable":true,"href":"https:\/\/obender.eu\/en\/wp-json\/wp\/v2\/product_cat?post=31715"},{"taxonomy":"product_tag","embeddable":true,"href":"https:\/\/obender.eu\/en\/wp-json\/wp\/v2\/product_tag?post=31715"}],"curies":[{"name":"wp","href":"https:\/\/api.w.org\/{rel}","templated":true}]}}