{"id":31759,"date":"2025-09-18T11:11:45","date_gmt":"2025-09-18T08:11:45","guid":{"rendered":"https:\/\/obender.eu\/toode\/gas-stove-b-camp-duo-with-case\/"},"modified":"2026-04-12T02:00:39","modified_gmt":"2026-04-11T23:00:39","slug":"gas-stove-b-camp-duo-with-case","status":"publish","type":"product","link":"https:\/\/obender.eu\/en\/toode\/gas-stove-b-camp-duo-with-case\/","title":{"rendered":"Gas stove B-Camp DUO"},"content":{"rendered":"<p>GAs stove B-Camp B36002, cooker<\/p>\n<p>EAN: 4250293360022<\/p>\n<ul id=\"product-tabs\" class=\"nav nav-tabs \" role=\"tablist\">\n<li id=\"label-description\" class=\"nav-item \" title=\"Description\" role=\"presentation\"><a id=\"tab-link-description\" class=\"nav-link active\" role=\"tab\" href=\"https:\/\/bahama-warenvertrieb.de\/Gaskocher-2-flammig-DUO-mit-Anschluss-Schlauch-und-Druckminderer#tab-description\" data-toggle=\"tab\" aria-controls=\"tab-description\"><span dir=\"auto\">Description<\/span><\/a><\/li>\n<\/ul>\n<div id=\"tab-content-product-tabs\" class=\"tab-content\">\n<div id=\"tab-description\" class=\"tab-pane fade show active\" role=\"tabpanel\" aria-labelledby=\"tab-link-description\">\n<div class=\"desc\">\n<p>&nbsp;<\/p>\n<p><span dir=\"auto\">2-burner gas cooker (DUO) with connection hose and pressure reducer<\/span><\/p>\n<ul>\n<li><strong><span dir=\"auto\">Robust<\/span><\/strong><span dir=\"auto\">\u00a0and\u00a0<\/span><strong><span dir=\"auto\">powerful gas hob<\/span><\/strong><span dir=\"auto\">\u00a0for outdoor use<\/span><\/li>\n<li><span dir=\"auto\">The ideal solution for all outdoor activities whether in the garden, on the terrace or when camping<\/span><\/li>\n<li><strong><span dir=\"auto\">Including gas connection hose and pressure reducer<\/span><\/strong><\/li>\n<li><span dir=\"auto\">robust metal housing<\/span><\/li>\n<li><strong><span dir=\"auto\">removable burner cap<\/span><\/strong><\/li>\n<li><strong><span dir=\"auto\">removable wire mesh<\/span><\/strong><\/li>\n<li><strong><span dir=\"auto\">Burner heads made of aluminum<\/span><\/strong><\/li>\n<li><span dir=\"auto\">2-burner gas stove (DUO)<\/span><\/li>\n<\/ul>\n<p><u><span dir=\"auto\">Technical data:<\/span><\/u><\/p>\n<ul>\n<li><span dir=\"auto\">Dimensions (closed): 47.5 x 34.5 x 8 cm<\/span><\/li>\n<li><span dir=\"auto\">Category: 13 B\/P<\/span><\/li>\n<li><span dir=\"auto\">Operating pressure: 28-30 mbar<\/span><\/li>\n<li><span dir=\"auto\">Weight (cooker): approx. 2.5 kg<\/span><\/li>\n<li><span dir=\"auto\">Weight (gas hose): approx. 0.23 kg<\/span><\/li>\n<li><span dir=\"auto\">Weight (pressure reducer): approx. 0.19 kg<\/span><\/li>\n<li><span dir=\"auto\">Max. gas consumption (cooking zone M): approx. 109 g\/h<\/span><\/li>\n<li><span dir=\"auto\">Max. rated power (cooking area M): approx. 1.50 kW<\/span><\/li>\n<li><span dir=\"auto\">Max. gas consumption (cooking zone L): approx. 134 g\/h<\/span><\/li>\n<li><span dir=\"auto\">Max. rated power (cooking zone L): approx. 1.85 kW<\/span><\/li>\n<li><span dir=\"auto\">Max. gas consumption (total): approx. 234 g\/h<\/span><\/li>\n<li><span dir=\"auto\">Max. rated power (total): approx. 3.35 kW<\/span><\/li>\n<\/ul>\n<\/div>\n<\/div>\n<\/div>\n<div id=\"tab-content-product-tabs\" class=\"tab-content\">\n<div id=\"tab-description\" class=\"tab-pane fade show active\" role=\"tabpanel\" aria-labelledby=\"tab-link-description\">\n<div class=\"desc\">\n<ul>\n<li>Total net weight 2,94 kg<\/li>\n<li>Total bruto weight with delivery box 3,50 kg<\/li>\n<\/ul>\n<\/div>\n<\/div>\n<\/div>\n","protected":false},"excerpt":{"rendered":"<p>GAs stove B-Camp B36002, cooker EAN: 4250293360022 Description &nbsp; 2-burner gas cooker (DUO) with connection hose and pressure reducer Robust\u00a0and\u00a0powerful<\/p>\n","protected":false},"featured_media":31752,"template":"","meta":[],"product_brand":[],"product_cat":[1634,335],"product_tag":[559,1538,722,723],"class_list":{"0":"post-31759","1":"product","2":"type-product","3":"status-publish","4":"has-post-thumbnail","6":"product_cat-gas-and-appliances","7":"product_cat-sports-and-leisure","8":"product_tag-camping-en","9":"product_tag-camping-stove-en","10":"product_tag-gaasipliit-en","11":"product_tag-matkapliit-en","13":"first","14":"instock","15":"taxable","16":"shipping-taxable","17":"purchasable","18":"product-type-simple"},"yoast_head":"<!-- This site is optimized with the Yoast SEO Premium plugin v20.0 (Yoast SEO v27.3) - https:\/\/yoast.com\/product\/yoast-seo-premium-wordpress\/ -->\n<title>Gas stove B-Camp DUO gas stove camping cooker- Obender<\/title>\n<meta name=\"robots\" content=\"index, follow, max-snippet:-1, max-image-preview:large, max-video-preview:-1\" \/>\n<link rel=\"canonical\" href=\"https:\/\/obender.eu\/en\/toode\/gas-stove-b-camp-duo-with-case\/\" \/>\n<meta property=\"og:locale\" content=\"en_US\" \/>\n<meta property=\"og:type\" content=\"article\" \/>\n<meta property=\"og:title\" content=\"Gas stove B-Camp DUO\" \/>\n<meta property=\"og:description\" content=\"GAs stove B-Camp B36002, cooker EAN: 4250293360022 Description &nbsp; 2-burner gas cooker (DUO) with connection hose and pressure reducer Robust\u00a0and\u00a0powerful\" \/>\n<meta property=\"og:url\" content=\"https:\/\/obender.eu\/en\/toode\/gas-stove-b-camp-duo-with-case\/\" \/>\n<meta property=\"og:site_name\" content=\"Obender\" \/>\n<meta property=\"article:modified_time\" content=\"2026-04-11T23:00:39+00:00\" \/>\n<meta property=\"og:image\" content=\"https:\/\/obender.eu\/wp-content\/uploads\/2025\/09\/B-36002.jpg\" \/>\n\t<meta property=\"og:image:width\" content=\"800\" \/>\n\t<meta property=\"og:image:height\" content=\"800\" \/>\n\t<meta property=\"og:image:type\" content=\"image\/jpeg\" \/>\n<meta name=\"twitter:card\" content=\"summary_large_image\" \/>\n<meta name=\"twitter:label1\" content=\"Est. reading time\" \/>\n\t<meta name=\"twitter:data1\" content=\"2 minutes\" \/>\n<script type=\"application\/ld+json\" class=\"yoast-schema-graph\">{\"@context\":\"https:\\\/\\\/schema.org\",\"@graph\":[{\"@type\":\"WebPage\",\"@id\":\"https:\\\/\\\/obender.eu\\\/en\\\/toode\\\/gas-stove-b-camp-duo-with-case\\\/\",\"url\":\"https:\\\/\\\/obender.eu\\\/en\\\/toode\\\/gas-stove-b-camp-duo-with-case\\\/\",\"name\":\"Gas stove B-Camp DUO gas stove camping cooker- Obender\",\"isPartOf\":{\"@id\":\"https:\\\/\\\/www.obender.eu\\\/#website\"},\"primaryImageOfPage\":{\"@id\":\"https:\\\/\\\/obender.eu\\\/en\\\/toode\\\/gas-stove-b-camp-duo-with-case\\\/#primaryimage\"},\"image\":{\"@id\":\"https:\\\/\\\/obender.eu\\\/en\\\/toode\\\/gas-stove-b-camp-duo-with-case\\\/#primaryimage\"},\"thumbnailUrl\":\"https:\\\/\\\/obender.eu\\\/wp-content\\\/uploads\\\/2025\\\/09\\\/B-36002.jpg\",\"datePublished\":\"2025-09-18T08:11:45+00:00\",\"dateModified\":\"2026-04-11T23:00:39+00:00\",\"breadcrumb\":{\"@id\":\"https:\\\/\\\/obender.eu\\\/en\\\/toode\\\/gas-stove-b-camp-duo-with-case\\\/#breadcrumb\"},\"inLanguage\":\"en-US\",\"potentialAction\":[{\"@type\":\"ReadAction\",\"target\":[\"https:\\\/\\\/obender.eu\\\/en\\\/toode\\\/gas-stove-b-camp-duo-with-case\\\/\"]}]},{\"@type\":\"ImageObject\",\"inLanguage\":\"en-US\",\"@id\":\"https:\\\/\\\/obender.eu\\\/en\\\/toode\\\/gas-stove-b-camp-duo-with-case\\\/#primaryimage\",\"url\":\"https:\\\/\\\/obender.eu\\\/wp-content\\\/uploads\\\/2025\\\/09\\\/B-36002.jpg\",\"contentUrl\":\"https:\\\/\\\/obender.eu\\\/wp-content\\\/uploads\\\/2025\\\/09\\\/B-36002.jpg\",\"width\":800,\"height\":800},{\"@type\":\"BreadcrumbList\",\"@id\":\"https:\\\/\\\/obender.eu\\\/en\\\/toode\\\/gas-stove-b-camp-duo-with-case\\\/#breadcrumb\",\"itemListElement\":[{\"@type\":\"ListItem\",\"position\":1,\"name\":\"Home\",\"item\":\"https:\\\/\\\/obender.eu\\\/en\\\/\"},{\"@type\":\"ListItem\",\"position\":2,\"name\":\"Tooted\",\"item\":\"https:\\\/\\\/www.obender.eu\\\/tooted\\\/\"},{\"@type\":\"ListItem\",\"position\":3,\"name\":\"Gas stove B-Camp DUO\"}]},{\"@type\":\"WebSite\",\"@id\":\"https:\\\/\\\/www.obender.eu\\\/#website\",\"url\":\"https:\\\/\\\/www.obender.eu\\\/\",\"name\":\"Obender\",\"description\":\"T\u00f6\u00f6stuskaupade hulgim\u00fc\u00fck\",\"potentialAction\":[{\"@type\":\"SearchAction\",\"target\":{\"@type\":\"EntryPoint\",\"urlTemplate\":\"https:\\\/\\\/www.obender.eu\\\/?s={search_term_string}\"},\"query-input\":{\"@type\":\"PropertyValueSpecification\",\"valueRequired\":true,\"valueName\":\"search_term_string\"}}],\"inLanguage\":\"en-US\"}]}<\/script>\n<!-- \/ Yoast SEO Premium plugin. -->","yoast_head_json":{"title":"Gas stove B-Camp DUO gas stove camping cooker- Obender","robots":{"index":"index","follow":"follow","max-snippet":"max-snippet:-1","max-image-preview":"max-image-preview:large","max-video-preview":"max-video-preview:-1"},"canonical":"https:\/\/obender.eu\/en\/toode\/gas-stove-b-camp-duo-with-case\/","og_locale":"en_US","og_type":"article","og_title":"Gas stove B-Camp DUO","og_description":"GAs stove B-Camp B36002, cooker EAN: 4250293360022 Description &nbsp; 2-burner gas cooker (DUO) with connection hose and pressure reducer Robust\u00a0and\u00a0powerful","og_url":"https:\/\/obender.eu\/en\/toode\/gas-stove-b-camp-duo-with-case\/","og_site_name":"Obender","article_modified_time":"2026-04-11T23:00:39+00:00","og_image":[{"width":800,"height":800,"url":"https:\/\/obender.eu\/wp-content\/uploads\/2025\/09\/B-36002.jpg","type":"image\/jpeg"}],"twitter_card":"summary_large_image","twitter_misc":{"Est. reading time":"2 minutes"},"schema":{"@context":"https:\/\/schema.org","@graph":[{"@type":"WebPage","@id":"https:\/\/obender.eu\/en\/toode\/gas-stove-b-camp-duo-with-case\/","url":"https:\/\/obender.eu\/en\/toode\/gas-stove-b-camp-duo-with-case\/","name":"Gas stove B-Camp DUO gas stove camping cooker- Obender","isPartOf":{"@id":"https:\/\/www.obender.eu\/#website"},"primaryImageOfPage":{"@id":"https:\/\/obender.eu\/en\/toode\/gas-stove-b-camp-duo-with-case\/#primaryimage"},"image":{"@id":"https:\/\/obender.eu\/en\/toode\/gas-stove-b-camp-duo-with-case\/#primaryimage"},"thumbnailUrl":"https:\/\/obender.eu\/wp-content\/uploads\/2025\/09\/B-36002.jpg","datePublished":"2025-09-18T08:11:45+00:00","dateModified":"2026-04-11T23:00:39+00:00","breadcrumb":{"@id":"https:\/\/obender.eu\/en\/toode\/gas-stove-b-camp-duo-with-case\/#breadcrumb"},"inLanguage":"en-US","potentialAction":[{"@type":"ReadAction","target":["https:\/\/obender.eu\/en\/toode\/gas-stove-b-camp-duo-with-case\/"]}]},{"@type":"ImageObject","inLanguage":"en-US","@id":"https:\/\/obender.eu\/en\/toode\/gas-stove-b-camp-duo-with-case\/#primaryimage","url":"https:\/\/obender.eu\/wp-content\/uploads\/2025\/09\/B-36002.jpg","contentUrl":"https:\/\/obender.eu\/wp-content\/uploads\/2025\/09\/B-36002.jpg","width":800,"height":800},{"@type":"BreadcrumbList","@id":"https:\/\/obender.eu\/en\/toode\/gas-stove-b-camp-duo-with-case\/#breadcrumb","itemListElement":[{"@type":"ListItem","position":1,"name":"Home","item":"https:\/\/obender.eu\/en\/"},{"@type":"ListItem","position":2,"name":"Tooted","item":"https:\/\/www.obender.eu\/tooted\/"},{"@type":"ListItem","position":3,"name":"Gas stove B-Camp DUO"}]},{"@type":"WebSite","@id":"https:\/\/www.obender.eu\/#website","url":"https:\/\/www.obender.eu\/","name":"Obender","description":"T\u00f6\u00f6stuskaupade hulgim\u00fc\u00fck","potentialAction":[{"@type":"SearchAction","target":{"@type":"EntryPoint","urlTemplate":"https:\/\/www.obender.eu\/?s={search_term_string}"},"query-input":{"@type":"PropertyValueSpecification","valueRequired":true,"valueName":"search_term_string"}}],"inLanguage":"en-US"}]}},"_links":{"self":[{"href":"https:\/\/obender.eu\/en\/wp-json\/wp\/v2\/product\/31759","targetHints":{"allow":["GET"]}}],"collection":[{"href":"https:\/\/obender.eu\/en\/wp-json\/wp\/v2\/product"}],"about":[{"href":"https:\/\/obender.eu\/en\/wp-json\/wp\/v2\/types\/product"}],"version-history":[{"count":4,"href":"https:\/\/obender.eu\/en\/wp-json\/wp\/v2\/product\/31759\/revisions"}],"predecessor-version":[{"id":31765,"href":"https:\/\/obender.eu\/en\/wp-json\/wp\/v2\/product\/31759\/revisions\/31765"}],"wp:featuredmedia":[{"embeddable":true,"href":"https:\/\/obender.eu\/en\/wp-json\/wp\/v2\/media\/31752"}],"wp:attachment":[{"href":"https:\/\/obender.eu\/en\/wp-json\/wp\/v2\/media?parent=31759"}],"wp:term":[{"taxonomy":"product_brand","embeddable":true,"href":"https:\/\/obender.eu\/en\/wp-json\/wp\/v2\/product_brand?post=31759"},{"taxonomy":"product_cat","embeddable":true,"href":"https:\/\/obender.eu\/en\/wp-json\/wp\/v2\/product_cat?post=31759"},{"taxonomy":"product_tag","embeddable":true,"href":"https:\/\/obender.eu\/en\/wp-json\/wp\/v2\/product_tag?post=31759"}],"curies":[{"name":"wp","href":"https:\/\/api.w.org\/{rel}","templated":true}]}}