{"id":31772,"date":"2025-09-18T11:29:15","date_gmt":"2025-09-18T08:29:15","guid":{"rendered":"https:\/\/obender.eu\/toode\/gas-stove-b-camp-duo-g1-4\/"},"modified":"2026-04-12T00:00:40","modified_gmt":"2026-04-11T21:00:40","slug":"gas-stove-b-camp-duo-g1-4","status":"publish","type":"product","link":"https:\/\/obender.eu\/en\/toode\/gas-stove-b-camp-duo-g1-4\/","title":{"rendered":"Gas stove B-Camp DUO+ G1\/4"},"content":{"rendered":"<p>Gas stove B-Camping B36059, burner<\/p>\n<p>EAN: 4250293360596<\/p>\n<ul id=\"product-tabs\" class=\"nav nav-tabs \" role=\"tablist\">\n<li id=\"label-description\" class=\"nav-item \" title=\"Description\" role=\"presentation\"><a id=\"tab-link-description\" class=\"nav-link active\" role=\"tab\" href=\"https:\/\/bahama-warenvertrieb.de\/Gaskocher-2-flammig-DUO-mit-Gas-Anschluss-G1-4#tab-description\" data-toggle=\"tab\" aria-controls=\"tab-description\"><span dir=\"auto\">Description<\/span><\/a><\/li>\n<\/ul>\n<div id=\"tab-content-product-tabs\" class=\"tab-content\">\n<div id=\"tab-description\" class=\"tab-pane fade  show active\" role=\"tabpanel\" aria-labelledby=\"tab-link-description\">\n<div class=\"desc\">\n<p>&nbsp;<\/p>\n<p><span dir=\"auto\">High-quality and powerful outdoor gas cooktop.<\/span><\/p>\n<p><span dir=\"auto\">The ideal solution for all outdoor activities whether in the garden, on the terrace or while camping.<\/span><\/p>\n<ul>\n<li><strong><span dir=\"auto\">robust<\/span><\/strong><span dir=\"auto\">\u00a0metal housing<\/span><\/li>\n<li><span dir=\"auto\">removable burner cap<\/span><\/li>\n<li><span dir=\"auto\">removable wire mesh<\/span><\/li>\n<li><strong><span dir=\"auto\">Burner heads made of aluminum<\/span><\/strong><\/li>\n<\/ul>\n<p><strong><span dir=\"auto\">2-burner<\/span><\/strong><span dir=\"auto\">\u00a0gas cooker (DUO)<\/span><br \/>\n<span dir=\"auto\">Dimensions (closed): 48 x 34 x 10 cm<\/span><\/p>\n<p><span dir=\"auto\">Category: I3 B\/P (50)<\/span><br \/>\n<span dir=\"auto\">Operating pressure: 50 mbar<\/span><\/p>\n<p><span dir=\"auto\">Weight (cooker): approx. 2.9 kg<\/span><\/p>\n<p><span dir=\"auto\">Cooking zone M = max. cookware diameter: 16 cm<\/span><br \/>\n<span dir=\"auto\">max. gas consumption (cooking zone M): approx. 86 g\/h<\/span><br \/>\n<span dir=\"auto\">max. rated power (cooking zone M): approx. 1.20 kW<\/span><\/p>\n<p><span dir=\"auto\">Cooking zone L = max. cookware diameter: 22 cm<\/span><br \/>\n<span dir=\"auto\">max. gas consumption (cooking zone L): approx. 122 g\/h<\/span><br \/>\n<span dir=\"auto\">max. rated power (cooking zone L): approx. 1.70 kW<\/span><\/p>\n<p><span dir=\"auto\">Max. gas consumption (total): approx. 208 g\/h<\/span><br \/>\n<span dir=\"auto\">Max. rated power (total): approx. 2.90 kW<\/span><\/p>\n<\/div>\n<\/div>\n<\/div>\n<div id=\"tab-content-product-tabs\" class=\"tab-content\">\n<div id=\"tab-description\" class=\"tab-pane fade show active\" role=\"tabpanel\" aria-labelledby=\"tab-link-description\">\n<div class=\"desc\">\n<p>Total net weight 3,08 kg<\/p>\n<p>Shipment weight 4,10 kg<\/p>\n<\/div>\n<\/div>\n<\/div>\n","protected":false},"excerpt":{"rendered":"<p>Gas stove B-Camping B36059, burner EAN: 4250293360596 Description &nbsp; High-quality and powerful outdoor gas cooktop. The ideal solution for all<\/p>\n","protected":false},"featured_media":31768,"template":"","meta":[],"product_brand":[],"product_cat":[1634,335],"product_tag":[559,1538,722,723],"class_list":{"0":"post-31772","1":"product","2":"type-product","3":"status-publish","4":"has-post-thumbnail","6":"product_cat-gas-and-appliances","7":"product_cat-sports-and-leisure","8":"product_tag-camping-en","9":"product_tag-camping-stove-en","10":"product_tag-gaasipliit-en","11":"product_tag-matkapliit-en","13":"first","14":"instock","15":"taxable","16":"shipping-taxable","17":"purchasable","18":"product-type-simple"},"yoast_head":"<!-- This site is optimized with the Yoast SEO Premium plugin v20.0 (Yoast SEO v27.3) - https:\/\/yoast.com\/product\/yoast-seo-premium-wordpress\/ -->\n<title>Gas stove B-Camp DUO+ G1\/4 gas stove camping- Obender<\/title>\n<meta name=\"robots\" content=\"index, follow, max-snippet:-1, max-image-preview:large, max-video-preview:-1\" \/>\n<link rel=\"canonical\" href=\"https:\/\/obender.eu\/en\/toode\/gas-stove-b-camp-duo-g1-4\/\" \/>\n<meta property=\"og:locale\" content=\"en_US\" \/>\n<meta property=\"og:type\" content=\"article\" \/>\n<meta property=\"og:title\" content=\"Gas stove B-Camp DUO+ G1\/4\" \/>\n<meta property=\"og:description\" content=\"Gas stove B-Camping B36059, burner EAN: 4250293360596 Description &nbsp; High-quality and powerful outdoor gas cooktop. The ideal solution for all\" \/>\n<meta property=\"og:url\" content=\"https:\/\/obender.eu\/en\/toode\/gas-stove-b-camp-duo-g1-4\/\" \/>\n<meta property=\"og:site_name\" content=\"Obender\" \/>\n<meta property=\"article:modified_time\" content=\"2026-04-11T21:00:40+00:00\" \/>\n<meta property=\"og:image\" content=\"https:\/\/obender.eu\/wp-content\/uploads\/2025\/09\/B-36059.jpg\" \/>\n\t<meta property=\"og:image:width\" content=\"800\" \/>\n\t<meta property=\"og:image:height\" content=\"800\" \/>\n\t<meta property=\"og:image:type\" content=\"image\/jpeg\" \/>\n<meta name=\"twitter:card\" content=\"summary_large_image\" \/>\n<meta name=\"twitter:label1\" content=\"Est. reading time\" \/>\n\t<meta name=\"twitter:data1\" content=\"2 minutes\" \/>\n<script type=\"application\/ld+json\" class=\"yoast-schema-graph\">{\"@context\":\"https:\\\/\\\/schema.org\",\"@graph\":[{\"@type\":\"WebPage\",\"@id\":\"https:\\\/\\\/obender.eu\\\/en\\\/toode\\\/gas-stove-b-camp-duo-g1-4\\\/\",\"url\":\"https:\\\/\\\/obender.eu\\\/en\\\/toode\\\/gas-stove-b-camp-duo-g1-4\\\/\",\"name\":\"Gas stove B-Camp DUO+ G1\\\/4 gas stove camping- Obender\",\"isPartOf\":{\"@id\":\"https:\\\/\\\/www.obender.eu\\\/#website\"},\"primaryImageOfPage\":{\"@id\":\"https:\\\/\\\/obender.eu\\\/en\\\/toode\\\/gas-stove-b-camp-duo-g1-4\\\/#primaryimage\"},\"image\":{\"@id\":\"https:\\\/\\\/obender.eu\\\/en\\\/toode\\\/gas-stove-b-camp-duo-g1-4\\\/#primaryimage\"},\"thumbnailUrl\":\"https:\\\/\\\/obender.eu\\\/wp-content\\\/uploads\\\/2025\\\/09\\\/B-36059.jpg\",\"datePublished\":\"2025-09-18T08:29:15+00:00\",\"dateModified\":\"2026-04-11T21:00:40+00:00\",\"breadcrumb\":{\"@id\":\"https:\\\/\\\/obender.eu\\\/en\\\/toode\\\/gas-stove-b-camp-duo-g1-4\\\/#breadcrumb\"},\"inLanguage\":\"en-US\",\"potentialAction\":[{\"@type\":\"ReadAction\",\"target\":[\"https:\\\/\\\/obender.eu\\\/en\\\/toode\\\/gas-stove-b-camp-duo-g1-4\\\/\"]}]},{\"@type\":\"ImageObject\",\"inLanguage\":\"en-US\",\"@id\":\"https:\\\/\\\/obender.eu\\\/en\\\/toode\\\/gas-stove-b-camp-duo-g1-4\\\/#primaryimage\",\"url\":\"https:\\\/\\\/obender.eu\\\/wp-content\\\/uploads\\\/2025\\\/09\\\/B-36059.jpg\",\"contentUrl\":\"https:\\\/\\\/obender.eu\\\/wp-content\\\/uploads\\\/2025\\\/09\\\/B-36059.jpg\",\"width\":800,\"height\":800},{\"@type\":\"BreadcrumbList\",\"@id\":\"https:\\\/\\\/obender.eu\\\/en\\\/toode\\\/gas-stove-b-camp-duo-g1-4\\\/#breadcrumb\",\"itemListElement\":[{\"@type\":\"ListItem\",\"position\":1,\"name\":\"Home\",\"item\":\"https:\\\/\\\/obender.eu\\\/en\\\/\"},{\"@type\":\"ListItem\",\"position\":2,\"name\":\"Tooted\",\"item\":\"https:\\\/\\\/www.obender.eu\\\/tooted\\\/\"},{\"@type\":\"ListItem\",\"position\":3,\"name\":\"Gas stove B-Camp DUO+ G1\\\/4\"}]},{\"@type\":\"WebSite\",\"@id\":\"https:\\\/\\\/www.obender.eu\\\/#website\",\"url\":\"https:\\\/\\\/www.obender.eu\\\/\",\"name\":\"Obender\",\"description\":\"T\u00f6\u00f6stuskaupade hulgim\u00fc\u00fck\",\"potentialAction\":[{\"@type\":\"SearchAction\",\"target\":{\"@type\":\"EntryPoint\",\"urlTemplate\":\"https:\\\/\\\/www.obender.eu\\\/?s={search_term_string}\"},\"query-input\":{\"@type\":\"PropertyValueSpecification\",\"valueRequired\":true,\"valueName\":\"search_term_string\"}}],\"inLanguage\":\"en-US\"}]}<\/script>\n<!-- \/ Yoast SEO Premium plugin. -->","yoast_head_json":{"title":"Gas stove B-Camp DUO+ G1\/4 gas stove camping- Obender","robots":{"index":"index","follow":"follow","max-snippet":"max-snippet:-1","max-image-preview":"max-image-preview:large","max-video-preview":"max-video-preview:-1"},"canonical":"https:\/\/obender.eu\/en\/toode\/gas-stove-b-camp-duo-g1-4\/","og_locale":"en_US","og_type":"article","og_title":"Gas stove B-Camp DUO+ G1\/4","og_description":"Gas stove B-Camping B36059, burner EAN: 4250293360596 Description &nbsp; High-quality and powerful outdoor gas cooktop. The ideal solution for all","og_url":"https:\/\/obender.eu\/en\/toode\/gas-stove-b-camp-duo-g1-4\/","og_site_name":"Obender","article_modified_time":"2026-04-11T21:00:40+00:00","og_image":[{"width":800,"height":800,"url":"https:\/\/obender.eu\/wp-content\/uploads\/2025\/09\/B-36059.jpg","type":"image\/jpeg"}],"twitter_card":"summary_large_image","twitter_misc":{"Est. reading time":"2 minutes"},"schema":{"@context":"https:\/\/schema.org","@graph":[{"@type":"WebPage","@id":"https:\/\/obender.eu\/en\/toode\/gas-stove-b-camp-duo-g1-4\/","url":"https:\/\/obender.eu\/en\/toode\/gas-stove-b-camp-duo-g1-4\/","name":"Gas stove B-Camp DUO+ G1\/4 gas stove camping- Obender","isPartOf":{"@id":"https:\/\/www.obender.eu\/#website"},"primaryImageOfPage":{"@id":"https:\/\/obender.eu\/en\/toode\/gas-stove-b-camp-duo-g1-4\/#primaryimage"},"image":{"@id":"https:\/\/obender.eu\/en\/toode\/gas-stove-b-camp-duo-g1-4\/#primaryimage"},"thumbnailUrl":"https:\/\/obender.eu\/wp-content\/uploads\/2025\/09\/B-36059.jpg","datePublished":"2025-09-18T08:29:15+00:00","dateModified":"2026-04-11T21:00:40+00:00","breadcrumb":{"@id":"https:\/\/obender.eu\/en\/toode\/gas-stove-b-camp-duo-g1-4\/#breadcrumb"},"inLanguage":"en-US","potentialAction":[{"@type":"ReadAction","target":["https:\/\/obender.eu\/en\/toode\/gas-stove-b-camp-duo-g1-4\/"]}]},{"@type":"ImageObject","inLanguage":"en-US","@id":"https:\/\/obender.eu\/en\/toode\/gas-stove-b-camp-duo-g1-4\/#primaryimage","url":"https:\/\/obender.eu\/wp-content\/uploads\/2025\/09\/B-36059.jpg","contentUrl":"https:\/\/obender.eu\/wp-content\/uploads\/2025\/09\/B-36059.jpg","width":800,"height":800},{"@type":"BreadcrumbList","@id":"https:\/\/obender.eu\/en\/toode\/gas-stove-b-camp-duo-g1-4\/#breadcrumb","itemListElement":[{"@type":"ListItem","position":1,"name":"Home","item":"https:\/\/obender.eu\/en\/"},{"@type":"ListItem","position":2,"name":"Tooted","item":"https:\/\/www.obender.eu\/tooted\/"},{"@type":"ListItem","position":3,"name":"Gas stove B-Camp DUO+ G1\/4"}]},{"@type":"WebSite","@id":"https:\/\/www.obender.eu\/#website","url":"https:\/\/www.obender.eu\/","name":"Obender","description":"T\u00f6\u00f6stuskaupade hulgim\u00fc\u00fck","potentialAction":[{"@type":"SearchAction","target":{"@type":"EntryPoint","urlTemplate":"https:\/\/www.obender.eu\/?s={search_term_string}"},"query-input":{"@type":"PropertyValueSpecification","valueRequired":true,"valueName":"search_term_string"}}],"inLanguage":"en-US"}]}},"_links":{"self":[{"href":"https:\/\/obender.eu\/en\/wp-json\/wp\/v2\/product\/31772","targetHints":{"allow":["GET"]}}],"collection":[{"href":"https:\/\/obender.eu\/en\/wp-json\/wp\/v2\/product"}],"about":[{"href":"https:\/\/obender.eu\/en\/wp-json\/wp\/v2\/types\/product"}],"version-history":[{"count":1,"href":"https:\/\/obender.eu\/en\/wp-json\/wp\/v2\/product\/31772\/revisions"}],"predecessor-version":[{"id":31773,"href":"https:\/\/obender.eu\/en\/wp-json\/wp\/v2\/product\/31772\/revisions\/31773"}],"wp:featuredmedia":[{"embeddable":true,"href":"https:\/\/obender.eu\/en\/wp-json\/wp\/v2\/media\/31768"}],"wp:attachment":[{"href":"https:\/\/obender.eu\/en\/wp-json\/wp\/v2\/media?parent=31772"}],"wp:term":[{"taxonomy":"product_brand","embeddable":true,"href":"https:\/\/obender.eu\/en\/wp-json\/wp\/v2\/product_brand?post=31772"},{"taxonomy":"product_cat","embeddable":true,"href":"https:\/\/obender.eu\/en\/wp-json\/wp\/v2\/product_cat?post=31772"},{"taxonomy":"product_tag","embeddable":true,"href":"https:\/\/obender.eu\/en\/wp-json\/wp\/v2\/product_tag?post=31772"}],"curies":[{"name":"wp","href":"https:\/\/api.w.org\/{rel}","templated":true}]}}