{"id":31778,"date":"2025-09-18T11:42:53","date_gmt":"2025-09-18T08:42:53","guid":{"rendered":"https:\/\/obender.eu\/toode\/stick-lighter-b-camp-refillable-27cm\/"},"modified":"2026-04-12T01:00:06","modified_gmt":"2026-04-11T22:00:06","slug":"stick-lighter-b-camp-refillable-27cm","status":"publish","type":"product","link":"https:\/\/obender.eu\/en\/toode\/stick-lighter-b-camp-refillable-27cm\/","title":{"rendered":"Stick lighter B-Camp refillable 27cm"},"content":{"rendered":"<p>Stick lighter B-Camp refillable 27cm<\/p>\n<p>Tootekood B-36320<\/p>\n<p>EAN: 4250293363207<\/p>\n<ul id=\"product-tabs\" class=\"nav nav-tabs \" role=\"tablist\">\n<li id=\"label-description\" class=\"nav-item \" title=\"Description\" role=\"presentation\"><a id=\"tab-link-description\" class=\"nav-link active\" role=\"tab\" href=\"https:\/\/bahama-warenvertrieb.de\/Stabfeuerzeug-wiederauffuellbar-27cm-3-Farben-Mix#tab-description\" data-toggle=\"tab\" aria-controls=\"tab-description\"><span dir=\"auto\">Description<\/span><\/a><\/li>\n<\/ul>\n<div id=\"tab-content-product-tabs\" class=\"tab-content\">\n<div id=\"tab-description\" class=\"tab-pane fade show active\" role=\"tabpanel\" aria-labelledby=\"tab-link-description\">\n<div class=\"desc\">\n<p>&nbsp;<\/p>\n<ul>\n<li><span dir=\"auto\">ideal for: grill, candles, stove, and camping<\/span><\/li>\n<li><span dir=\"auto\">Length: 27cm<\/span><\/li>\n<li><span dir=\"auto\">in 3 different colors<\/span><\/li>\n<li><span dir=\"auto\">Flame regulation via switch on the back of the lighter<\/span><\/li>\n<li><span dir=\"auto\">Child safety lock by pressing the LOCK button<\/span><\/li>\n<li><span dir=\"auto\">rechargeable with lighter gas<\/span><\/li>\n<li><span dir=\"auto\">ISO 22702<\/span><\/li>\n<\/ul>\n<\/div>\n<\/div>\n<\/div>\n","protected":false},"excerpt":{"rendered":"<p>Stick lighter B-Camp refillable 27cm Tootekood B-36320 EAN: 4250293363207 Description &nbsp; ideal for: grill, candles, stove, and camping Length: 27cm<\/p>\n","protected":false},"featured_media":31776,"template":"","meta":[],"product_brand":[],"product_cat":[1634,335],"product_tag":[559,1538,722,723],"class_list":{"0":"post-31778","1":"product","2":"type-product","3":"status-publish","4":"has-post-thumbnail","6":"product_cat-gas-and-appliances","7":"product_cat-sports-and-leisure","8":"product_tag-camping-en","9":"product_tag-camping-stove-en","10":"product_tag-gaasipliit-en","11":"product_tag-matkapliit-en","13":"first","14":"instock","15":"taxable","16":"shipping-taxable","17":"purchasable","18":"product-type-simple"},"yoast_head":"<!-- This site is optimized with the Yoast SEO Premium plugin v20.0 (Yoast SEO v27.3) - https:\/\/yoast.com\/product\/yoast-seo-premium-wordpress\/ -->\n<title>Stick lighter B-Camp refillable 27cm stick lighter gas stove- Obender<\/title>\n<meta name=\"robots\" content=\"index, follow, max-snippet:-1, max-image-preview:large, max-video-preview:-1\" \/>\n<link rel=\"canonical\" href=\"https:\/\/obender.eu\/en\/toode\/stick-lighter-b-camp-refillable-27cm\/\" \/>\n<meta property=\"og:locale\" content=\"en_US\" \/>\n<meta property=\"og:type\" content=\"article\" \/>\n<meta property=\"og:title\" content=\"Stick lighter B-Camp refillable 27cm\" \/>\n<meta property=\"og:description\" content=\"Stick lighter B-Camp refillable 27cm Tootekood B-36320 EAN: 4250293363207 Description &nbsp; ideal for: grill, candles, stove, and camping Length: 27cm\" \/>\n<meta property=\"og:url\" content=\"https:\/\/obender.eu\/en\/toode\/stick-lighter-b-camp-refillable-27cm\/\" \/>\n<meta property=\"og:site_name\" content=\"Obender\" \/>\n<meta property=\"article:modified_time\" content=\"2026-04-11T22:00:06+00:00\" \/>\n<meta property=\"og:image\" content=\"https:\/\/obender.eu\/wp-content\/uploads\/2025\/09\/B-36320.jpg\" \/>\n\t<meta property=\"og:image:width\" content=\"800\" \/>\n\t<meta property=\"og:image:height\" content=\"800\" \/>\n\t<meta property=\"og:image:type\" content=\"image\/jpeg\" \/>\n<meta name=\"twitter:card\" content=\"summary_large_image\" \/>\n<meta name=\"twitter:label1\" content=\"Est. reading time\" \/>\n\t<meta name=\"twitter:data1\" content=\"1 minute\" \/>\n<script type=\"application\/ld+json\" class=\"yoast-schema-graph\">{\"@context\":\"https:\\\/\\\/schema.org\",\"@graph\":[{\"@type\":\"WebPage\",\"@id\":\"https:\\\/\\\/obender.eu\\\/en\\\/toode\\\/stick-lighter-b-camp-refillable-27cm\\\/\",\"url\":\"https:\\\/\\\/obender.eu\\\/en\\\/toode\\\/stick-lighter-b-camp-refillable-27cm\\\/\",\"name\":\"Stick lighter B-Camp refillable 27cm stick lighter gas stove- Obender\",\"isPartOf\":{\"@id\":\"https:\\\/\\\/www.obender.eu\\\/#website\"},\"primaryImageOfPage\":{\"@id\":\"https:\\\/\\\/obender.eu\\\/en\\\/toode\\\/stick-lighter-b-camp-refillable-27cm\\\/#primaryimage\"},\"image\":{\"@id\":\"https:\\\/\\\/obender.eu\\\/en\\\/toode\\\/stick-lighter-b-camp-refillable-27cm\\\/#primaryimage\"},\"thumbnailUrl\":\"https:\\\/\\\/obender.eu\\\/wp-content\\\/uploads\\\/2025\\\/09\\\/B-36320.jpg\",\"datePublished\":\"2025-09-18T08:42:53+00:00\",\"dateModified\":\"2026-04-11T22:00:06+00:00\",\"breadcrumb\":{\"@id\":\"https:\\\/\\\/obender.eu\\\/en\\\/toode\\\/stick-lighter-b-camp-refillable-27cm\\\/#breadcrumb\"},\"inLanguage\":\"en-US\",\"potentialAction\":[{\"@type\":\"ReadAction\",\"target\":[\"https:\\\/\\\/obender.eu\\\/en\\\/toode\\\/stick-lighter-b-camp-refillable-27cm\\\/\"]}]},{\"@type\":\"ImageObject\",\"inLanguage\":\"en-US\",\"@id\":\"https:\\\/\\\/obender.eu\\\/en\\\/toode\\\/stick-lighter-b-camp-refillable-27cm\\\/#primaryimage\",\"url\":\"https:\\\/\\\/obender.eu\\\/wp-content\\\/uploads\\\/2025\\\/09\\\/B-36320.jpg\",\"contentUrl\":\"https:\\\/\\\/obender.eu\\\/wp-content\\\/uploads\\\/2025\\\/09\\\/B-36320.jpg\",\"width\":800,\"height\":800},{\"@type\":\"BreadcrumbList\",\"@id\":\"https:\\\/\\\/obender.eu\\\/en\\\/toode\\\/stick-lighter-b-camp-refillable-27cm\\\/#breadcrumb\",\"itemListElement\":[{\"@type\":\"ListItem\",\"position\":1,\"name\":\"Home\",\"item\":\"https:\\\/\\\/obender.eu\\\/en\\\/\"},{\"@type\":\"ListItem\",\"position\":2,\"name\":\"Tooted\",\"item\":\"https:\\\/\\\/www.obender.eu\\\/tooted\\\/\"},{\"@type\":\"ListItem\",\"position\":3,\"name\":\"Stick lighter B-Camp refillable 27cm\"}]},{\"@type\":\"WebSite\",\"@id\":\"https:\\\/\\\/www.obender.eu\\\/#website\",\"url\":\"https:\\\/\\\/www.obender.eu\\\/\",\"name\":\"Obender\",\"description\":\"T\u00f6\u00f6stuskaupade hulgim\u00fc\u00fck\",\"potentialAction\":[{\"@type\":\"SearchAction\",\"target\":{\"@type\":\"EntryPoint\",\"urlTemplate\":\"https:\\\/\\\/www.obender.eu\\\/?s={search_term_string}\"},\"query-input\":{\"@type\":\"PropertyValueSpecification\",\"valueRequired\":true,\"valueName\":\"search_term_string\"}}],\"inLanguage\":\"en-US\"}]}<\/script>\n<!-- \/ Yoast SEO Premium plugin. -->","yoast_head_json":{"title":"Stick lighter B-Camp refillable 27cm stick lighter gas stove- Obender","robots":{"index":"index","follow":"follow","max-snippet":"max-snippet:-1","max-image-preview":"max-image-preview:large","max-video-preview":"max-video-preview:-1"},"canonical":"https:\/\/obender.eu\/en\/toode\/stick-lighter-b-camp-refillable-27cm\/","og_locale":"en_US","og_type":"article","og_title":"Stick lighter B-Camp refillable 27cm","og_description":"Stick lighter B-Camp refillable 27cm Tootekood B-36320 EAN: 4250293363207 Description &nbsp; ideal for: grill, candles, stove, and camping Length: 27cm","og_url":"https:\/\/obender.eu\/en\/toode\/stick-lighter-b-camp-refillable-27cm\/","og_site_name":"Obender","article_modified_time":"2026-04-11T22:00:06+00:00","og_image":[{"width":800,"height":800,"url":"https:\/\/obender.eu\/wp-content\/uploads\/2025\/09\/B-36320.jpg","type":"image\/jpeg"}],"twitter_card":"summary_large_image","twitter_misc":{"Est. reading time":"1 minute"},"schema":{"@context":"https:\/\/schema.org","@graph":[{"@type":"WebPage","@id":"https:\/\/obender.eu\/en\/toode\/stick-lighter-b-camp-refillable-27cm\/","url":"https:\/\/obender.eu\/en\/toode\/stick-lighter-b-camp-refillable-27cm\/","name":"Stick lighter B-Camp refillable 27cm stick lighter gas stove- Obender","isPartOf":{"@id":"https:\/\/www.obender.eu\/#website"},"primaryImageOfPage":{"@id":"https:\/\/obender.eu\/en\/toode\/stick-lighter-b-camp-refillable-27cm\/#primaryimage"},"image":{"@id":"https:\/\/obender.eu\/en\/toode\/stick-lighter-b-camp-refillable-27cm\/#primaryimage"},"thumbnailUrl":"https:\/\/obender.eu\/wp-content\/uploads\/2025\/09\/B-36320.jpg","datePublished":"2025-09-18T08:42:53+00:00","dateModified":"2026-04-11T22:00:06+00:00","breadcrumb":{"@id":"https:\/\/obender.eu\/en\/toode\/stick-lighter-b-camp-refillable-27cm\/#breadcrumb"},"inLanguage":"en-US","potentialAction":[{"@type":"ReadAction","target":["https:\/\/obender.eu\/en\/toode\/stick-lighter-b-camp-refillable-27cm\/"]}]},{"@type":"ImageObject","inLanguage":"en-US","@id":"https:\/\/obender.eu\/en\/toode\/stick-lighter-b-camp-refillable-27cm\/#primaryimage","url":"https:\/\/obender.eu\/wp-content\/uploads\/2025\/09\/B-36320.jpg","contentUrl":"https:\/\/obender.eu\/wp-content\/uploads\/2025\/09\/B-36320.jpg","width":800,"height":800},{"@type":"BreadcrumbList","@id":"https:\/\/obender.eu\/en\/toode\/stick-lighter-b-camp-refillable-27cm\/#breadcrumb","itemListElement":[{"@type":"ListItem","position":1,"name":"Home","item":"https:\/\/obender.eu\/en\/"},{"@type":"ListItem","position":2,"name":"Tooted","item":"https:\/\/www.obender.eu\/tooted\/"},{"@type":"ListItem","position":3,"name":"Stick lighter B-Camp refillable 27cm"}]},{"@type":"WebSite","@id":"https:\/\/www.obender.eu\/#website","url":"https:\/\/www.obender.eu\/","name":"Obender","description":"T\u00f6\u00f6stuskaupade hulgim\u00fc\u00fck","potentialAction":[{"@type":"SearchAction","target":{"@type":"EntryPoint","urlTemplate":"https:\/\/www.obender.eu\/?s={search_term_string}"},"query-input":{"@type":"PropertyValueSpecification","valueRequired":true,"valueName":"search_term_string"}}],"inLanguage":"en-US"}]}},"_links":{"self":[{"href":"https:\/\/obender.eu\/en\/wp-json\/wp\/v2\/product\/31778","targetHints":{"allow":["GET"]}}],"collection":[{"href":"https:\/\/obender.eu\/en\/wp-json\/wp\/v2\/product"}],"about":[{"href":"https:\/\/obender.eu\/en\/wp-json\/wp\/v2\/types\/product"}],"version-history":[{"count":1,"href":"https:\/\/obender.eu\/en\/wp-json\/wp\/v2\/product\/31778\/revisions"}],"predecessor-version":[{"id":31779,"href":"https:\/\/obender.eu\/en\/wp-json\/wp\/v2\/product\/31778\/revisions\/31779"}],"wp:featuredmedia":[{"embeddable":true,"href":"https:\/\/obender.eu\/en\/wp-json\/wp\/v2\/media\/31776"}],"wp:attachment":[{"href":"https:\/\/obender.eu\/en\/wp-json\/wp\/v2\/media?parent=31778"}],"wp:term":[{"taxonomy":"product_brand","embeddable":true,"href":"https:\/\/obender.eu\/en\/wp-json\/wp\/v2\/product_brand?post=31778"},{"taxonomy":"product_cat","embeddable":true,"href":"https:\/\/obender.eu\/en\/wp-json\/wp\/v2\/product_cat?post=31778"},{"taxonomy":"product_tag","embeddable":true,"href":"https:\/\/obender.eu\/en\/wp-json\/wp\/v2\/product_tag?post=31778"}],"curies":[{"name":"wp","href":"https:\/\/api.w.org\/{rel}","templated":true}]}}