{"id":31798,"date":"2025-09-24T22:47:35","date_gmt":"2025-09-24T19:47:35","guid":{"rendered":"https:\/\/obender.eu\/toode\/charger-arcas-nimh-with-4-channels\/"},"modified":"2026-04-13T01:00:17","modified_gmt":"2026-04-12T22:00:17","slug":"charger-arcas-nimh-with-4-channels","status":"publish","type":"product","link":"https:\/\/obender.eu\/en\/toode\/charger-arcas-nimh-with-4-channels\/","title":{"rendered":"Charger Arcas NiMH with 4 channels"},"content":{"rendered":"<p>Charger Arcas<\/p>\n<p>for NiMH batteries with 4 channels<\/p>\n<div class=\"desc\">\n<table width=\"409\">\n<tbody>\n<tr>\n<td colspan=\"2\"><strong><span style=\"font-family: Arial;\">Type of Battery<\/span><\/strong><\/td>\n<td colspan=\"2\"><strong><span style=\"font-family: Arial;\">charging times (approx.)<\/span><\/strong><\/td>\n<\/tr>\n<tr>\n<td colspan=\"2\"><span style=\"font-family: Arial;\">AA NI-MH 2000mAh<\/span><\/td>\n<td colspan=\"2\"><span style=\"font-family: Arial;\">18 hrs<\/span><\/td>\n<\/tr>\n<tr>\n<td colspan=\"2\"><span style=\"font-family: Arial;\">AA NI-MH 1500mAh<\/span><\/td>\n<td colspan=\"2\"><span style=\"font-family: Arial;\">13 hrs<\/span><\/td>\n<\/tr>\n<tr>\n<td colspan=\"2\"><span style=\"font-family: Arial;\">AA NI-MH 1200mAh<\/span><\/td>\n<td colspan=\"2\"><span style=\"font-family: Arial;\">11 hrs<\/span><\/td>\n<\/tr>\n<tr>\n<td colspan=\"2\"><span style=\"font-family: Arial;\">AAA NI-MH 600mAh<\/span><\/td>\n<td colspan=\"2\"><span style=\"font-family: Arial;\">5 hrs<\/span><\/td>\n<\/tr>\n<tr>\n<td colspan=\"2\"><span style=\"font-family: Arial;\">AA NI-CD 1000mAh<\/span><\/td>\n<td colspan=\"2\"><span style=\"font-family: Arial;\">9,5 hrs<\/span><\/td>\n<\/tr>\n<tr>\n<td colspan=\"2\"><span style=\"font-family: Arial;\">AAA NI-CD 300mAh<\/span><\/td>\n<td colspan=\"2\"><span style=\"font-family: Arial;\">5 hrs<\/span><\/td>\n<\/tr>\n<\/tbody>\n<colgroup>\n<col width=\"80\" \/>\n<col width=\"105\" \/>\n<col width=\"30\" \/>\n<col width=\"194\" \/><\/colgroup>\n<\/table>\n<\/div>\n<hr \/>\n<div class=\"product-attributes\"><\/div>\n<p>Product code 20702009<\/p>\n<p>EAN <span class=\"fontstyle0\">4260030255481<\/span><\/p>\n","protected":false},"excerpt":{"rendered":"<p>Charger Arcas for NiMH batteries with 4 channels Type of Battery charging times (approx.) AA NI-MH 2000mAh 18 hrs AA<\/p>\n","protected":false},"featured_media":31794,"template":"","meta":[],"product_brand":[],"product_cat":[408,266],"product_tag":[633,1088,638],"class_list":{"0":"post-31798","1":"product","2":"type-product","3":"status-publish","4":"has-post-thumbnail","6":"product_cat-nimh-chargers","7":"product_cat-batteries-chargers","8":"product_tag-arcas","9":"product_tag-battery-charger","10":"product_tag-nimh-en","12":"first","13":"instock","14":"taxable","15":"shipping-taxable","16":"purchasable","17":"product-type-simple"},"yoast_head":"<!-- This site is optimized with the Yoast SEO Premium plugin v20.0 (Yoast SEO v27.3) - https:\/\/yoast.com\/product\/yoast-seo-premium-wordpress\/ -->\n<title>Charger Arcas NiMH with 4 channels arcas nimh- chargerObender<\/title>\n<meta name=\"robots\" content=\"index, follow, max-snippet:-1, max-image-preview:large, max-video-preview:-1\" \/>\n<link rel=\"canonical\" href=\"https:\/\/obender.eu\/en\/toode\/charger-arcas-nimh-with-4-channels\/\" \/>\n<meta property=\"og:locale\" content=\"en_US\" \/>\n<meta property=\"og:type\" content=\"article\" \/>\n<meta property=\"og:title\" content=\"Charger Arcas NiMH with 4 channels\" \/>\n<meta property=\"og:description\" content=\"Charger Arcas for NiMH batteries with 4 channels Type of Battery charging times (approx.) AA NI-MH 2000mAh 18 hrs AA\" \/>\n<meta property=\"og:url\" content=\"https:\/\/obender.eu\/en\/toode\/charger-arcas-nimh-with-4-channels\/\" \/>\n<meta property=\"og:site_name\" content=\"Obender\" \/>\n<meta property=\"article:modified_time\" content=\"2026-04-12T22:00:17+00:00\" \/>\n<meta property=\"og:image\" content=\"https:\/\/obender.eu\/wp-content\/uploads\/2025\/09\/20702009.jpg\" \/>\n\t<meta property=\"og:image:width\" content=\"1120\" \/>\n\t<meta property=\"og:image:height\" content=\"1120\" \/>\n\t<meta property=\"og:image:type\" content=\"image\/jpeg\" \/>\n<meta name=\"twitter:card\" content=\"summary_large_image\" \/>\n<meta name=\"twitter:label1\" content=\"Est. reading time\" \/>\n\t<meta name=\"twitter:data1\" content=\"1 minute\" \/>\n<script type=\"application\/ld+json\" class=\"yoast-schema-graph\">{\"@context\":\"https:\\\/\\\/schema.org\",\"@graph\":[{\"@type\":\"WebPage\",\"@id\":\"https:\\\/\\\/obender.eu\\\/en\\\/toode\\\/charger-arcas-nimh-with-4-channels\\\/\",\"url\":\"https:\\\/\\\/obender.eu\\\/en\\\/toode\\\/charger-arcas-nimh-with-4-channels\\\/\",\"name\":\"Charger Arcas NiMH with 4 channels arcas nimh- chargerObender\",\"isPartOf\":{\"@id\":\"https:\\\/\\\/www.obender.eu\\\/#website\"},\"primaryImageOfPage\":{\"@id\":\"https:\\\/\\\/obender.eu\\\/en\\\/toode\\\/charger-arcas-nimh-with-4-channels\\\/#primaryimage\"},\"image\":{\"@id\":\"https:\\\/\\\/obender.eu\\\/en\\\/toode\\\/charger-arcas-nimh-with-4-channels\\\/#primaryimage\"},\"thumbnailUrl\":\"https:\\\/\\\/obender.eu\\\/wp-content\\\/uploads\\\/2025\\\/09\\\/20702009.jpg\",\"datePublished\":\"2025-09-24T19:47:35+00:00\",\"dateModified\":\"2026-04-12T22:00:17+00:00\",\"breadcrumb\":{\"@id\":\"https:\\\/\\\/obender.eu\\\/en\\\/toode\\\/charger-arcas-nimh-with-4-channels\\\/#breadcrumb\"},\"inLanguage\":\"en-US\",\"potentialAction\":[{\"@type\":\"ReadAction\",\"target\":[\"https:\\\/\\\/obender.eu\\\/en\\\/toode\\\/charger-arcas-nimh-with-4-channels\\\/\"]}]},{\"@type\":\"ImageObject\",\"inLanguage\":\"en-US\",\"@id\":\"https:\\\/\\\/obender.eu\\\/en\\\/toode\\\/charger-arcas-nimh-with-4-channels\\\/#primaryimage\",\"url\":\"https:\\\/\\\/obender.eu\\\/wp-content\\\/uploads\\\/2025\\\/09\\\/20702009.jpg\",\"contentUrl\":\"https:\\\/\\\/obender.eu\\\/wp-content\\\/uploads\\\/2025\\\/09\\\/20702009.jpg\",\"width\":1120,\"height\":1120},{\"@type\":\"BreadcrumbList\",\"@id\":\"https:\\\/\\\/obender.eu\\\/en\\\/toode\\\/charger-arcas-nimh-with-4-channels\\\/#breadcrumb\",\"itemListElement\":[{\"@type\":\"ListItem\",\"position\":1,\"name\":\"Home\",\"item\":\"https:\\\/\\\/obender.eu\\\/en\\\/\"},{\"@type\":\"ListItem\",\"position\":2,\"name\":\"Tooted\",\"item\":\"https:\\\/\\\/www.obender.eu\\\/tooted\\\/\"},{\"@type\":\"ListItem\",\"position\":3,\"name\":\"Charger Arcas NiMH with 4 channels\"}]},{\"@type\":\"WebSite\",\"@id\":\"https:\\\/\\\/www.obender.eu\\\/#website\",\"url\":\"https:\\\/\\\/www.obender.eu\\\/\",\"name\":\"Obender\",\"description\":\"T\u00f6\u00f6stuskaupade hulgim\u00fc\u00fck\",\"potentialAction\":[{\"@type\":\"SearchAction\",\"target\":{\"@type\":\"EntryPoint\",\"urlTemplate\":\"https:\\\/\\\/www.obender.eu\\\/?s={search_term_string}\"},\"query-input\":{\"@type\":\"PropertyValueSpecification\",\"valueRequired\":true,\"valueName\":\"search_term_string\"}}],\"inLanguage\":\"en-US\"}]}<\/script>\n<!-- \/ Yoast SEO Premium plugin. -->","yoast_head_json":{"title":"Charger Arcas NiMH with 4 channels arcas nimh- chargerObender","robots":{"index":"index","follow":"follow","max-snippet":"max-snippet:-1","max-image-preview":"max-image-preview:large","max-video-preview":"max-video-preview:-1"},"canonical":"https:\/\/obender.eu\/en\/toode\/charger-arcas-nimh-with-4-channels\/","og_locale":"en_US","og_type":"article","og_title":"Charger Arcas NiMH with 4 channels","og_description":"Charger Arcas for NiMH batteries with 4 channels Type of Battery charging times (approx.) AA NI-MH 2000mAh 18 hrs AA","og_url":"https:\/\/obender.eu\/en\/toode\/charger-arcas-nimh-with-4-channels\/","og_site_name":"Obender","article_modified_time":"2026-04-12T22:00:17+00:00","og_image":[{"width":1120,"height":1120,"url":"https:\/\/obender.eu\/wp-content\/uploads\/2025\/09\/20702009.jpg","type":"image\/jpeg"}],"twitter_card":"summary_large_image","twitter_misc":{"Est. reading time":"1 minute"},"schema":{"@context":"https:\/\/schema.org","@graph":[{"@type":"WebPage","@id":"https:\/\/obender.eu\/en\/toode\/charger-arcas-nimh-with-4-channels\/","url":"https:\/\/obender.eu\/en\/toode\/charger-arcas-nimh-with-4-channels\/","name":"Charger Arcas NiMH with 4 channels arcas nimh- chargerObender","isPartOf":{"@id":"https:\/\/www.obender.eu\/#website"},"primaryImageOfPage":{"@id":"https:\/\/obender.eu\/en\/toode\/charger-arcas-nimh-with-4-channels\/#primaryimage"},"image":{"@id":"https:\/\/obender.eu\/en\/toode\/charger-arcas-nimh-with-4-channels\/#primaryimage"},"thumbnailUrl":"https:\/\/obender.eu\/wp-content\/uploads\/2025\/09\/20702009.jpg","datePublished":"2025-09-24T19:47:35+00:00","dateModified":"2026-04-12T22:00:17+00:00","breadcrumb":{"@id":"https:\/\/obender.eu\/en\/toode\/charger-arcas-nimh-with-4-channels\/#breadcrumb"},"inLanguage":"en-US","potentialAction":[{"@type":"ReadAction","target":["https:\/\/obender.eu\/en\/toode\/charger-arcas-nimh-with-4-channels\/"]}]},{"@type":"ImageObject","inLanguage":"en-US","@id":"https:\/\/obender.eu\/en\/toode\/charger-arcas-nimh-with-4-channels\/#primaryimage","url":"https:\/\/obender.eu\/wp-content\/uploads\/2025\/09\/20702009.jpg","contentUrl":"https:\/\/obender.eu\/wp-content\/uploads\/2025\/09\/20702009.jpg","width":1120,"height":1120},{"@type":"BreadcrumbList","@id":"https:\/\/obender.eu\/en\/toode\/charger-arcas-nimh-with-4-channels\/#breadcrumb","itemListElement":[{"@type":"ListItem","position":1,"name":"Home","item":"https:\/\/obender.eu\/en\/"},{"@type":"ListItem","position":2,"name":"Tooted","item":"https:\/\/www.obender.eu\/tooted\/"},{"@type":"ListItem","position":3,"name":"Charger Arcas NiMH with 4 channels"}]},{"@type":"WebSite","@id":"https:\/\/www.obender.eu\/#website","url":"https:\/\/www.obender.eu\/","name":"Obender","description":"T\u00f6\u00f6stuskaupade hulgim\u00fc\u00fck","potentialAction":[{"@type":"SearchAction","target":{"@type":"EntryPoint","urlTemplate":"https:\/\/www.obender.eu\/?s={search_term_string}"},"query-input":{"@type":"PropertyValueSpecification","valueRequired":true,"valueName":"search_term_string"}}],"inLanguage":"en-US"}]}},"_links":{"self":[{"href":"https:\/\/obender.eu\/en\/wp-json\/wp\/v2\/product\/31798","targetHints":{"allow":["GET"]}}],"collection":[{"href":"https:\/\/obender.eu\/en\/wp-json\/wp\/v2\/product"}],"about":[{"href":"https:\/\/obender.eu\/en\/wp-json\/wp\/v2\/types\/product"}],"version-history":[{"count":1,"href":"https:\/\/obender.eu\/en\/wp-json\/wp\/v2\/product\/31798\/revisions"}],"predecessor-version":[{"id":31799,"href":"https:\/\/obender.eu\/en\/wp-json\/wp\/v2\/product\/31798\/revisions\/31799"}],"wp:featuredmedia":[{"embeddable":true,"href":"https:\/\/obender.eu\/en\/wp-json\/wp\/v2\/media\/31794"}],"wp:attachment":[{"href":"https:\/\/obender.eu\/en\/wp-json\/wp\/v2\/media?parent=31798"}],"wp:term":[{"taxonomy":"product_brand","embeddable":true,"href":"https:\/\/obender.eu\/en\/wp-json\/wp\/v2\/product_brand?post=31798"},{"taxonomy":"product_cat","embeddable":true,"href":"https:\/\/obender.eu\/en\/wp-json\/wp\/v2\/product_cat?post=31798"},{"taxonomy":"product_tag","embeddable":true,"href":"https:\/\/obender.eu\/en\/wp-json\/wp\/v2\/product_tag?post=31798"}],"curies":[{"name":"wp","href":"https:\/\/api.w.org\/{rel}","templated":true}]}}