{"id":31805,"date":"2025-10-03T09:15:50","date_gmt":"2025-10-03T06:15:50","guid":{"rendered":"https:\/\/obender.eu\/toode\/alpalium-battery-hr03-aaa-1100mah-bl2\/"},"modified":"2026-04-12T23:00:17","modified_gmt":"2026-04-12T20:00:17","slug":"alpalium-battery-hr03-aaa-1100mah-bl2","status":"publish","type":"product","link":"https:\/\/obender.eu\/en\/toode\/alpalium-battery-hr03-aaa-1100mah-bl2\/","title":{"rendered":"Alpalium battery HR03 AAA 1100mAh BL2"},"content":{"rendered":"<p>Alpalium battery HR03<\/p>\n<p>1100mAh NiMH<\/p>\n<p>Product code: 18011203<\/p>\n<p>EAN:4262420960494<\/p>\n","protected":false},"excerpt":{"rendered":"<p>Alpalium battery HR03 1100mAh NiMH Product code: 18011203 EAN:4262420960494<\/p>\n","protected":false},"featured_media":31803,"template":"","meta":[],"product_brand":[],"product_cat":[269,266],"product_tag":[1783,638],"class_list":{"0":"post-31805","1":"product","2":"type-product","3":"status-publish","4":"has-post-thumbnail","6":"product_cat-nimh-rechargeable-batteries","7":"product_cat-batteries-chargers","8":"product_tag-alpalium-en","9":"product_tag-nimh-en","11":"first","12":"instock","13":"taxable","14":"shipping-taxable","15":"purchasable","16":"product-type-simple"},"yoast_head":"<!-- This site is optimized with the Yoast SEO Premium plugin v20.0 (Yoast SEO v27.3) - https:\/\/yoast.com\/product\/yoast-seo-premium-wordpress\/ -->\n<title>Alpalium battery HR03 AAA 1100mAh BL2 alpalium hr03- Obender<\/title>\n<meta name=\"robots\" content=\"index, follow, max-snippet:-1, max-image-preview:large, max-video-preview:-1\" \/>\n<link rel=\"canonical\" href=\"https:\/\/obender.eu\/en\/toode\/alpalium-battery-hr03-aaa-1100mah-bl2\/\" \/>\n<meta property=\"og:locale\" content=\"en_US\" \/>\n<meta property=\"og:type\" content=\"article\" \/>\n<meta property=\"og:title\" content=\"Alpalium battery HR03 AAA 1100mAh BL2\" \/>\n<meta property=\"og:description\" content=\"Alpalium battery HR03 1100mAh NiMH Product code: 18011203 EAN:4262420960494\" \/>\n<meta property=\"og:url\" content=\"https:\/\/obender.eu\/en\/toode\/alpalium-battery-hr03-aaa-1100mah-bl2\/\" \/>\n<meta property=\"og:site_name\" content=\"Obender\" \/>\n<meta property=\"article:modified_time\" content=\"2026-04-12T20:00:17+00:00\" \/>\n<meta property=\"og:image\" content=\"https:\/\/obender.eu\/wp-content\/uploads\/2025\/10\/Alp-1100.jpg\" \/>\n\t<meta property=\"og:image:width\" content=\"1200\" \/>\n\t<meta property=\"og:image:height\" content=\"1200\" \/>\n\t<meta property=\"og:image:type\" content=\"image\/jpeg\" \/>\n<meta name=\"twitter:card\" content=\"summary_large_image\" \/>\n<meta name=\"twitter:label1\" content=\"Est. reading time\" \/>\n\t<meta name=\"twitter:data1\" content=\"1 minute\" \/>\n<script type=\"application\/ld+json\" class=\"yoast-schema-graph\">{\"@context\":\"https:\\\/\\\/schema.org\",\"@graph\":[{\"@type\":\"WebPage\",\"@id\":\"https:\\\/\\\/obender.eu\\\/en\\\/toode\\\/alpalium-battery-hr03-aaa-1100mah-bl2\\\/\",\"url\":\"https:\\\/\\\/obender.eu\\\/en\\\/toode\\\/alpalium-battery-hr03-aaa-1100mah-bl2\\\/\",\"name\":\"Alpalium battery HR03 AAA 1100mAh BL2 alpalium hr03- Obender\",\"isPartOf\":{\"@id\":\"https:\\\/\\\/www.obender.eu\\\/#website\"},\"primaryImageOfPage\":{\"@id\":\"https:\\\/\\\/obender.eu\\\/en\\\/toode\\\/alpalium-battery-hr03-aaa-1100mah-bl2\\\/#primaryimage\"},\"image\":{\"@id\":\"https:\\\/\\\/obender.eu\\\/en\\\/toode\\\/alpalium-battery-hr03-aaa-1100mah-bl2\\\/#primaryimage\"},\"thumbnailUrl\":\"https:\\\/\\\/obender.eu\\\/wp-content\\\/uploads\\\/2025\\\/10\\\/Alp-1100.jpg\",\"datePublished\":\"2025-10-03T06:15:50+00:00\",\"dateModified\":\"2026-04-12T20:00:17+00:00\",\"breadcrumb\":{\"@id\":\"https:\\\/\\\/obender.eu\\\/en\\\/toode\\\/alpalium-battery-hr03-aaa-1100mah-bl2\\\/#breadcrumb\"},\"inLanguage\":\"en-US\",\"potentialAction\":[{\"@type\":\"ReadAction\",\"target\":[\"https:\\\/\\\/obender.eu\\\/en\\\/toode\\\/alpalium-battery-hr03-aaa-1100mah-bl2\\\/\"]}]},{\"@type\":\"ImageObject\",\"inLanguage\":\"en-US\",\"@id\":\"https:\\\/\\\/obender.eu\\\/en\\\/toode\\\/alpalium-battery-hr03-aaa-1100mah-bl2\\\/#primaryimage\",\"url\":\"https:\\\/\\\/obender.eu\\\/wp-content\\\/uploads\\\/2025\\\/10\\\/Alp-1100.jpg\",\"contentUrl\":\"https:\\\/\\\/obender.eu\\\/wp-content\\\/uploads\\\/2025\\\/10\\\/Alp-1100.jpg\",\"width\":1200,\"height\":1200},{\"@type\":\"BreadcrumbList\",\"@id\":\"https:\\\/\\\/obender.eu\\\/en\\\/toode\\\/alpalium-battery-hr03-aaa-1100mah-bl2\\\/#breadcrumb\",\"itemListElement\":[{\"@type\":\"ListItem\",\"position\":1,\"name\":\"Home\",\"item\":\"https:\\\/\\\/obender.eu\\\/en\\\/\"},{\"@type\":\"ListItem\",\"position\":2,\"name\":\"Tooted\",\"item\":\"https:\\\/\\\/www.obender.eu\\\/tooted\\\/\"},{\"@type\":\"ListItem\",\"position\":3,\"name\":\"Alpalium battery HR03 AAA 1100mAh BL2\"}]},{\"@type\":\"WebSite\",\"@id\":\"https:\\\/\\\/www.obender.eu\\\/#website\",\"url\":\"https:\\\/\\\/www.obender.eu\\\/\",\"name\":\"Obender\",\"description\":\"T\u00f6\u00f6stuskaupade hulgim\u00fc\u00fck\",\"potentialAction\":[{\"@type\":\"SearchAction\",\"target\":{\"@type\":\"EntryPoint\",\"urlTemplate\":\"https:\\\/\\\/www.obender.eu\\\/?s={search_term_string}\"},\"query-input\":{\"@type\":\"PropertyValueSpecification\",\"valueRequired\":true,\"valueName\":\"search_term_string\"}}],\"inLanguage\":\"en-US\"}]}<\/script>\n<!-- \/ Yoast SEO Premium plugin. -->","yoast_head_json":{"title":"Alpalium battery HR03 AAA 1100mAh BL2 alpalium hr03- Obender","robots":{"index":"index","follow":"follow","max-snippet":"max-snippet:-1","max-image-preview":"max-image-preview:large","max-video-preview":"max-video-preview:-1"},"canonical":"https:\/\/obender.eu\/en\/toode\/alpalium-battery-hr03-aaa-1100mah-bl2\/","og_locale":"en_US","og_type":"article","og_title":"Alpalium battery HR03 AAA 1100mAh BL2","og_description":"Alpalium battery HR03 1100mAh NiMH Product code: 18011203 EAN:4262420960494","og_url":"https:\/\/obender.eu\/en\/toode\/alpalium-battery-hr03-aaa-1100mah-bl2\/","og_site_name":"Obender","article_modified_time":"2026-04-12T20:00:17+00:00","og_image":[{"width":1200,"height":1200,"url":"https:\/\/obender.eu\/wp-content\/uploads\/2025\/10\/Alp-1100.jpg","type":"image\/jpeg"}],"twitter_card":"summary_large_image","twitter_misc":{"Est. reading time":"1 minute"},"schema":{"@context":"https:\/\/schema.org","@graph":[{"@type":"WebPage","@id":"https:\/\/obender.eu\/en\/toode\/alpalium-battery-hr03-aaa-1100mah-bl2\/","url":"https:\/\/obender.eu\/en\/toode\/alpalium-battery-hr03-aaa-1100mah-bl2\/","name":"Alpalium battery HR03 AAA 1100mAh BL2 alpalium hr03- Obender","isPartOf":{"@id":"https:\/\/www.obender.eu\/#website"},"primaryImageOfPage":{"@id":"https:\/\/obender.eu\/en\/toode\/alpalium-battery-hr03-aaa-1100mah-bl2\/#primaryimage"},"image":{"@id":"https:\/\/obender.eu\/en\/toode\/alpalium-battery-hr03-aaa-1100mah-bl2\/#primaryimage"},"thumbnailUrl":"https:\/\/obender.eu\/wp-content\/uploads\/2025\/10\/Alp-1100.jpg","datePublished":"2025-10-03T06:15:50+00:00","dateModified":"2026-04-12T20:00:17+00:00","breadcrumb":{"@id":"https:\/\/obender.eu\/en\/toode\/alpalium-battery-hr03-aaa-1100mah-bl2\/#breadcrumb"},"inLanguage":"en-US","potentialAction":[{"@type":"ReadAction","target":["https:\/\/obender.eu\/en\/toode\/alpalium-battery-hr03-aaa-1100mah-bl2\/"]}]},{"@type":"ImageObject","inLanguage":"en-US","@id":"https:\/\/obender.eu\/en\/toode\/alpalium-battery-hr03-aaa-1100mah-bl2\/#primaryimage","url":"https:\/\/obender.eu\/wp-content\/uploads\/2025\/10\/Alp-1100.jpg","contentUrl":"https:\/\/obender.eu\/wp-content\/uploads\/2025\/10\/Alp-1100.jpg","width":1200,"height":1200},{"@type":"BreadcrumbList","@id":"https:\/\/obender.eu\/en\/toode\/alpalium-battery-hr03-aaa-1100mah-bl2\/#breadcrumb","itemListElement":[{"@type":"ListItem","position":1,"name":"Home","item":"https:\/\/obender.eu\/en\/"},{"@type":"ListItem","position":2,"name":"Tooted","item":"https:\/\/www.obender.eu\/tooted\/"},{"@type":"ListItem","position":3,"name":"Alpalium battery HR03 AAA 1100mAh BL2"}]},{"@type":"WebSite","@id":"https:\/\/www.obender.eu\/#website","url":"https:\/\/www.obender.eu\/","name":"Obender","description":"T\u00f6\u00f6stuskaupade hulgim\u00fc\u00fck","potentialAction":[{"@type":"SearchAction","target":{"@type":"EntryPoint","urlTemplate":"https:\/\/www.obender.eu\/?s={search_term_string}"},"query-input":{"@type":"PropertyValueSpecification","valueRequired":true,"valueName":"search_term_string"}}],"inLanguage":"en-US"}]}},"_links":{"self":[{"href":"https:\/\/obender.eu\/en\/wp-json\/wp\/v2\/product\/31805","targetHints":{"allow":["GET"]}}],"collection":[{"href":"https:\/\/obender.eu\/en\/wp-json\/wp\/v2\/product"}],"about":[{"href":"https:\/\/obender.eu\/en\/wp-json\/wp\/v2\/types\/product"}],"version-history":[{"count":1,"href":"https:\/\/obender.eu\/en\/wp-json\/wp\/v2\/product\/31805\/revisions"}],"predecessor-version":[{"id":31806,"href":"https:\/\/obender.eu\/en\/wp-json\/wp\/v2\/product\/31805\/revisions\/31806"}],"wp:featuredmedia":[{"embeddable":true,"href":"https:\/\/obender.eu\/en\/wp-json\/wp\/v2\/media\/31803"}],"wp:attachment":[{"href":"https:\/\/obender.eu\/en\/wp-json\/wp\/v2\/media?parent=31805"}],"wp:term":[{"taxonomy":"product_brand","embeddable":true,"href":"https:\/\/obender.eu\/en\/wp-json\/wp\/v2\/product_brand?post=31805"},{"taxonomy":"product_cat","embeddable":true,"href":"https:\/\/obender.eu\/en\/wp-json\/wp\/v2\/product_cat?post=31805"},{"taxonomy":"product_tag","embeddable":true,"href":"https:\/\/obender.eu\/en\/wp-json\/wp\/v2\/product_tag?post=31805"}],"curies":[{"name":"wp","href":"https:\/\/api.w.org\/{rel}","templated":true}]}}