{"id":31908,"date":"2025-11-27T19:54:03","date_gmt":"2025-11-27T17:54:03","guid":{"rendered":"https:\/\/obender.eu\/toode\/camelion-cr2016-lithium-75mah-30v-bl5\/"},"modified":"2026-04-13T01:00:08","modified_gmt":"2026-04-12T22:00:08","slug":"camelion-cr2016-lithium-75mah-30v-bl5","status":"publish","type":"product","link":"https:\/\/obender.eu\/en\/toode\/camelion-cr2016-lithium-75mah-30v-bl5\/","title":{"rendered":"Camelion CR2016 Lithium battery 75mAh 3,0V BL5"},"content":{"rendered":"<p>Camelion CR2016 Lithium battery 75mAh 3,0V BL5<\/p>\n<p>Product code: 13005016<\/p>\n<p>EAN: 4260033152664<\/p>\n<p>Life time: up to 10 years<\/p>\n","protected":false},"excerpt":{"rendered":"<p>Camelion CR2016 Lithium battery 75mAh 3,0V BL5 Product code: 13005016 EAN: 4260033152664 Life time: up to 10 years<\/p>\n","protected":false},"featured_media":20136,"template":"","meta":[],"product_brand":[],"product_cat":[286,288,326],"product_tag":[873,631,859,1416,874],"class_list":{"0":"post-31908","1":"product","2":"type-product","3":"status-publish","4":"has-post-thumbnail","6":"product_cat-batteries","7":"product_cat-electronics-en","8":"product_cat-lithium-batteries","9":"product_tag-battery-en","10":"product_tag-camelion-en","11":"product_tag-cr2025-en","12":"product_tag-paristo-en","13":"product_tag-patarei-en","15":"first","16":"instock","17":"taxable","18":"shipping-taxable","19":"purchasable","20":"product-type-simple"},"yoast_head":"<!-- This site is optimized with the Yoast SEO Premium plugin v20.0 (Yoast SEO v27.3) - https:\/\/yoast.com\/product\/yoast-seo-premium-wordpress\/ -->\n<title>Camelion CR2016 Lithium battery 75mAh 3,0V BL5 camelion - Obender cr2016<\/title>\n<meta name=\"robots\" content=\"index, follow, max-snippet:-1, max-image-preview:large, max-video-preview:-1\" \/>\n<link rel=\"canonical\" href=\"https:\/\/obender.eu\/en\/toode\/camelion-cr2016-lithium-75mah-30v-bl5\/\" \/>\n<meta property=\"og:locale\" content=\"en_US\" \/>\n<meta property=\"og:type\" content=\"article\" \/>\n<meta property=\"og:title\" content=\"Camelion CR2016 Lithium battery 75mAh 3,0V BL5\" \/>\n<meta property=\"og:description\" content=\"Camelion CR2016 Lithium battery 75mAh 3,0V BL5 Product code: 13005016 EAN: 4260033152664 Life time: up to 10 years\" \/>\n<meta property=\"og:url\" content=\"https:\/\/obender.eu\/en\/toode\/camelion-cr2016-lithium-75mah-30v-bl5\/\" \/>\n<meta property=\"og:site_name\" content=\"Obender\" \/>\n<meta property=\"article:modified_time\" content=\"2026-04-12T22:00:08+00:00\" \/>\n<meta property=\"og:image\" content=\"https:\/\/obender.eu\/wp-content\/uploads\/2022\/11\/13005016.jpg\" \/>\n\t<meta property=\"og:image:width\" content=\"500\" \/>\n\t<meta property=\"og:image:height\" content=\"500\" \/>\n\t<meta property=\"og:image:type\" content=\"image\/jpeg\" \/>\n<meta name=\"twitter:card\" content=\"summary_large_image\" \/>\n<meta name=\"twitter:label1\" content=\"Est. reading time\" \/>\n\t<meta name=\"twitter:data1\" content=\"1 minute\" \/>\n<script type=\"application\/ld+json\" class=\"yoast-schema-graph\">{\"@context\":\"https:\\\/\\\/schema.org\",\"@graph\":[{\"@type\":\"WebPage\",\"@id\":\"https:\\\/\\\/obender.eu\\\/en\\\/toode\\\/camelion-cr2016-lithium-75mah-30v-bl5\\\/\",\"url\":\"https:\\\/\\\/obender.eu\\\/en\\\/toode\\\/camelion-cr2016-lithium-75mah-30v-bl5\\\/\",\"name\":\"Camelion CR2016 Lithium battery 75mAh 3,0V BL5 camelion - Obender cr2016\",\"isPartOf\":{\"@id\":\"https:\\\/\\\/www.obender.eu\\\/#website\"},\"primaryImageOfPage\":{\"@id\":\"https:\\\/\\\/obender.eu\\\/en\\\/toode\\\/camelion-cr2016-lithium-75mah-30v-bl5\\\/#primaryimage\"},\"image\":{\"@id\":\"https:\\\/\\\/obender.eu\\\/en\\\/toode\\\/camelion-cr2016-lithium-75mah-30v-bl5\\\/#primaryimage\"},\"thumbnailUrl\":\"https:\\\/\\\/obender.eu\\\/wp-content\\\/uploads\\\/2022\\\/11\\\/13005016.jpg\",\"datePublished\":\"2025-11-27T17:54:03+00:00\",\"dateModified\":\"2026-04-12T22:00:08+00:00\",\"breadcrumb\":{\"@id\":\"https:\\\/\\\/obender.eu\\\/en\\\/toode\\\/camelion-cr2016-lithium-75mah-30v-bl5\\\/#breadcrumb\"},\"inLanguage\":\"en-US\",\"potentialAction\":[{\"@type\":\"ReadAction\",\"target\":[\"https:\\\/\\\/obender.eu\\\/en\\\/toode\\\/camelion-cr2016-lithium-75mah-30v-bl5\\\/\"]}]},{\"@type\":\"ImageObject\",\"inLanguage\":\"en-US\",\"@id\":\"https:\\\/\\\/obender.eu\\\/en\\\/toode\\\/camelion-cr2016-lithium-75mah-30v-bl5\\\/#primaryimage\",\"url\":\"https:\\\/\\\/obender.eu\\\/wp-content\\\/uploads\\\/2022\\\/11\\\/13005016.jpg\",\"contentUrl\":\"https:\\\/\\\/obender.eu\\\/wp-content\\\/uploads\\\/2022\\\/11\\\/13005016.jpg\",\"width\":500,\"height\":500},{\"@type\":\"BreadcrumbList\",\"@id\":\"https:\\\/\\\/obender.eu\\\/en\\\/toode\\\/camelion-cr2016-lithium-75mah-30v-bl5\\\/#breadcrumb\",\"itemListElement\":[{\"@type\":\"ListItem\",\"position\":1,\"name\":\"Home\",\"item\":\"https:\\\/\\\/obender.eu\\\/en\\\/\"},{\"@type\":\"ListItem\",\"position\":2,\"name\":\"Tooted\",\"item\":\"https:\\\/\\\/www.obender.eu\\\/tooted\\\/\"},{\"@type\":\"ListItem\",\"position\":3,\"name\":\"Camelion CR2016 Lithium battery 75mAh 3,0V BL5\"}]},{\"@type\":\"WebSite\",\"@id\":\"https:\\\/\\\/www.obender.eu\\\/#website\",\"url\":\"https:\\\/\\\/www.obender.eu\\\/\",\"name\":\"Obender\",\"description\":\"T\u00f6\u00f6stuskaupade hulgim\u00fc\u00fck\",\"potentialAction\":[{\"@type\":\"SearchAction\",\"target\":{\"@type\":\"EntryPoint\",\"urlTemplate\":\"https:\\\/\\\/www.obender.eu\\\/?s={search_term_string}\"},\"query-input\":{\"@type\":\"PropertyValueSpecification\",\"valueRequired\":true,\"valueName\":\"search_term_string\"}}],\"inLanguage\":\"en-US\"}]}<\/script>\n<!-- \/ Yoast SEO Premium plugin. -->","yoast_head_json":{"title":"Camelion CR2016 Lithium battery 75mAh 3,0V BL5 camelion - Obender cr2016","robots":{"index":"index","follow":"follow","max-snippet":"max-snippet:-1","max-image-preview":"max-image-preview:large","max-video-preview":"max-video-preview:-1"},"canonical":"https:\/\/obender.eu\/en\/toode\/camelion-cr2016-lithium-75mah-30v-bl5\/","og_locale":"en_US","og_type":"article","og_title":"Camelion CR2016 Lithium battery 75mAh 3,0V BL5","og_description":"Camelion CR2016 Lithium battery 75mAh 3,0V BL5 Product code: 13005016 EAN: 4260033152664 Life time: up to 10 years","og_url":"https:\/\/obender.eu\/en\/toode\/camelion-cr2016-lithium-75mah-30v-bl5\/","og_site_name":"Obender","article_modified_time":"2026-04-12T22:00:08+00:00","og_image":[{"width":500,"height":500,"url":"https:\/\/obender.eu\/wp-content\/uploads\/2022\/11\/13005016.jpg","type":"image\/jpeg"}],"twitter_card":"summary_large_image","twitter_misc":{"Est. reading time":"1 minute"},"schema":{"@context":"https:\/\/schema.org","@graph":[{"@type":"WebPage","@id":"https:\/\/obender.eu\/en\/toode\/camelion-cr2016-lithium-75mah-30v-bl5\/","url":"https:\/\/obender.eu\/en\/toode\/camelion-cr2016-lithium-75mah-30v-bl5\/","name":"Camelion CR2016 Lithium battery 75mAh 3,0V BL5 camelion - Obender cr2016","isPartOf":{"@id":"https:\/\/www.obender.eu\/#website"},"primaryImageOfPage":{"@id":"https:\/\/obender.eu\/en\/toode\/camelion-cr2016-lithium-75mah-30v-bl5\/#primaryimage"},"image":{"@id":"https:\/\/obender.eu\/en\/toode\/camelion-cr2016-lithium-75mah-30v-bl5\/#primaryimage"},"thumbnailUrl":"https:\/\/obender.eu\/wp-content\/uploads\/2022\/11\/13005016.jpg","datePublished":"2025-11-27T17:54:03+00:00","dateModified":"2026-04-12T22:00:08+00:00","breadcrumb":{"@id":"https:\/\/obender.eu\/en\/toode\/camelion-cr2016-lithium-75mah-30v-bl5\/#breadcrumb"},"inLanguage":"en-US","potentialAction":[{"@type":"ReadAction","target":["https:\/\/obender.eu\/en\/toode\/camelion-cr2016-lithium-75mah-30v-bl5\/"]}]},{"@type":"ImageObject","inLanguage":"en-US","@id":"https:\/\/obender.eu\/en\/toode\/camelion-cr2016-lithium-75mah-30v-bl5\/#primaryimage","url":"https:\/\/obender.eu\/wp-content\/uploads\/2022\/11\/13005016.jpg","contentUrl":"https:\/\/obender.eu\/wp-content\/uploads\/2022\/11\/13005016.jpg","width":500,"height":500},{"@type":"BreadcrumbList","@id":"https:\/\/obender.eu\/en\/toode\/camelion-cr2016-lithium-75mah-30v-bl5\/#breadcrumb","itemListElement":[{"@type":"ListItem","position":1,"name":"Home","item":"https:\/\/obender.eu\/en\/"},{"@type":"ListItem","position":2,"name":"Tooted","item":"https:\/\/www.obender.eu\/tooted\/"},{"@type":"ListItem","position":3,"name":"Camelion CR2016 Lithium battery 75mAh 3,0V BL5"}]},{"@type":"WebSite","@id":"https:\/\/www.obender.eu\/#website","url":"https:\/\/www.obender.eu\/","name":"Obender","description":"T\u00f6\u00f6stuskaupade hulgim\u00fc\u00fck","potentialAction":[{"@type":"SearchAction","target":{"@type":"EntryPoint","urlTemplate":"https:\/\/www.obender.eu\/?s={search_term_string}"},"query-input":{"@type":"PropertyValueSpecification","valueRequired":true,"valueName":"search_term_string"}}],"inLanguage":"en-US"}]}},"_links":{"self":[{"href":"https:\/\/obender.eu\/en\/wp-json\/wp\/v2\/product\/31908","targetHints":{"allow":["GET"]}}],"collection":[{"href":"https:\/\/obender.eu\/en\/wp-json\/wp\/v2\/product"}],"about":[{"href":"https:\/\/obender.eu\/en\/wp-json\/wp\/v2\/types\/product"}],"version-history":[{"count":1,"href":"https:\/\/obender.eu\/en\/wp-json\/wp\/v2\/product\/31908\/revisions"}],"predecessor-version":[{"id":31910,"href":"https:\/\/obender.eu\/en\/wp-json\/wp\/v2\/product\/31908\/revisions\/31910"}],"wp:featuredmedia":[{"embeddable":true,"href":"https:\/\/obender.eu\/en\/wp-json\/wp\/v2\/media\/20136"}],"wp:attachment":[{"href":"https:\/\/obender.eu\/en\/wp-json\/wp\/v2\/media?parent=31908"}],"wp:term":[{"taxonomy":"product_brand","embeddable":true,"href":"https:\/\/obender.eu\/en\/wp-json\/wp\/v2\/product_brand?post=31908"},{"taxonomy":"product_cat","embeddable":true,"href":"https:\/\/obender.eu\/en\/wp-json\/wp\/v2\/product_cat?post=31908"},{"taxonomy":"product_tag","embeddable":true,"href":"https:\/\/obender.eu\/en\/wp-json\/wp\/v2\/product_tag?post=31908"}],"curies":[{"name":"wp","href":"https:\/\/api.w.org\/{rel}","templated":true}]}}